{"id":100,"date":"2012-02-29T11:40:41","date_gmt":"2012-02-29T14:40:41","guid":{"rendered":"https:\/\/www.infraestruturameioambiente.sp.gov.br\/institutogeologico\/?page_id=100"},"modified":"2023-04-27T12:34:27","modified_gmt":"2023-04-27T15:34:27","slug":"geologia-de-engenharia-e-ambiental","status":"publish","type":"page","link":"https:\/\/www.infraestruturameioambiente.sp.gov.br\/institutogeologico\/pesquisas-em-geociencias\/geologia-de-engenharia-e-ambiental\/","title":{"rendered":"Geologia de Engenharia e Ambiental"},"content":{"rendered":"<p style=\"text-align: justify\">O N\u00facleo de Geologia de Engenharia e Ambiental realiza pesquisas sobre processos geodin\u00e2micos, desastres naturais, riscos geol\u00f3gicos, monitoramento de indicadores geoambientais, degrada\u00e7\u00e3o ambiental, cartografia geot\u00e9cnica e geoambienta e cartografia de risco, desenvolvendo e aplicando m\u00e9todos e t\u00e9cnicas em geologia de engenharia e ambiental. Seus resultados voltam-se para a formula\u00e7\u00e3o e implementa\u00e7\u00e3o de pol\u00edticas p\u00fablicas voltadas \u00e0 gest\u00e3o ambiental e preven\u00e7\u00e3o de desastres naturais.<\/p>\n<p style=\"text-align: justify\">\n<p style=\"text-align: justify\"><strong>Linhas de Pesquisa:<\/strong><\/p>\n<ol style=\"text-align: justify\">\n<li>Tipologia de Processos Geodin\u00e2micos e Antr\u00f3picos<\/li>\n<li>Condicionantes e Indicadores Geoambientais de Processos e Eventos Perigosos<\/li>\n<li>An\u00e1lise de Risco<\/li>\n<li>Instrumentos de Gest\u00e3o de Risco<\/li>\n<li>Geotecnologias<\/li>\n<\/ol>\n<p style=\"text-align: justify\"><strong>A\u00e7\u00f5es em andamento:<\/strong><\/p>\n<p><strong><span style=\"text-align: justify\">Projetos:<\/span><\/strong><\/p>\n<ul style=\"text-align: justify\">\n<li>Aplica\u00e7\u00e3o de Geotecnologias na Orienta\u00e7\u00e3o do Uso da Terra com Base nos Impactos das Mudan\u00e7as Clim\u00e1ticas Globais: Sub-bacias Hidrogr\u00e1ficas Litor\u00e2neas do Estado de SP edo Estado do RJ (FAPESP-FAPERJ)<\/li>\n<li>Monitoramento da eros\u00e3o costeira no litoral do Estado.<\/li>\n<li>Monitoramento Praial para o Porto de Santos<\/li>\n<li>Caracteriza\u00e7\u00e3o de cost\u00f5es rochosos no litoral norte do Estadode S\u00e3o Paulo.<\/li>\n<li>Defini\u00e7\u00e3o de Unidades Territoriais B\u00e1sicas e Delimita\u00e7\u00e3o de Sub-Bacias Hidrogr\u00e1ficas para o Estado de S\u00e3o Paulo<\/li>\n<li>Estudo de campos experimentais de monitoramento de vari\u00e1veis clim\u00e1ticas e geot\u00e9cnicas para implanta\u00e7\u00e3o de sistemas de alerta para escorregamento no Estado de S\u00e3o Paulo<\/li>\n<li>Avalia\u00e7\u00e3o e Mapeamento de Risco de munic\u00edpios da Regi\u00e3o Metropolitana de S\u00e3o Paulo e Baixada santista<\/li>\n<li>Banco de dados de not\u00edcias de jornais referentes a desastres naturais<\/li>\n<li>Sistema Gerenciador de Informa\u00e7\u00f5es sobre riscos geol\u00f3gicos no Estado de S\u00e3o Paulo<\/li>\n<\/ul>\n<p><strong>Apoio a Pol\u00edticas P\u00fablicas:<\/strong><\/p>\n<ul>\n<li>Termo de Coopera\u00e7\u00e3o entre o Instituto Geol\u00f3gico e a Casa Militar, para presta\u00e7\u00e3o de servi\u00e7os de apoio t\u00e9cnico, assessoria e atendimento emergencial, relativo a situa\u00e7\u00f5es de riscos geol\u00f3gico-geot\u00e9cnicos em \u00e1reas abrangidas por Planos Preventivos e de Conting\u00eancia de Defesa Civil (129 munic\u00edpios), bem como em outras \u00e1reas afetadas por problemas desta natureza<\/li>\n<li>Secretaria Executiva do Programa Estadual de Preven\u00e7\u00e3o de Desastres Naturais e Redu\u00e7\u00e3o de Riscos Geol\u00f3gicos<\/li>\n<\/ul>\n","protected":false},"excerpt":{"rendered":"<p>O N\u00facleo de Geologia de Engenharia e Ambiental realiza pesquisas sobre processos geodin\u00e2micos, desastres naturais, riscos geol\u00f3gicos, monitoramento de indicadores geoambientais, degrada\u00e7\u00e3o ambiental, cartografia geot\u00e9cnica e geoambienta e cartografia de risco, desenvolvendo e aplicando m\u00e9todos e t\u00e9cnicas em geologia de engenharia e ambiental. Seus resultados voltam-se para a formula\u00e7\u00e3o e implementa\u00e7\u00e3o de pol\u00edticas p\u00fablicas voltadas [&hellip;]<\/p>\n","protected":false},"author":8,"featured_media":0,"parent":32,"menu_order":2,"comment_status":"open","ping_status":"open","template":"","meta":[],"_links":{"self":[{"href":"https:\/\/www.infraestruturameioambiente.sp.gov.br\/institutogeologico\/wp-json\/wp\/v2\/pages\/100"}],"collection":[{"href":"https:\/\/www.infraestruturameioambiente.sp.gov.br\/institutogeologico\/wp-json\/wp\/v2\/pages"}],"about":[{"href":"https:\/\/www.infraestruturameioambiente.sp.gov.br\/institutogeologico\/wp-json\/wp\/v2\/types\/page"}],"author":[{"embeddable":true,"href":"https:\/\/www.infraestruturameioambiente.sp.gov.br\/institutogeologico\/wp-json\/wp\/v2\/users\/8"}],"replies":[{"embeddable":true,"href":"https:\/\/www.infraestruturameioambiente.sp.gov.br\/institutogeologico\/wp-json\/wp\/v2\/comments?post=100"}],"version-history":[{"count":17,"href":"https:\/\/www.infraestruturameioambiente.sp.gov.br\/institutogeologico\/wp-json\/wp\/v2\/pages\/100\/revisions"}],"predecessor-version":[{"id":14053,"href":"https:\/\/www.infraestruturameioambiente.sp.gov.br\/institutogeologico\/wp-json\/wp\/v2\/pages\/100\/revisions\/14053"}],"up":[{"embeddable":true,"href":"https:\/\/www.infraestruturameioambiente.sp.gov.br\/institutogeologico\/wp-json\/wp\/v2\/pages\/32"}],"wp:attachment":[{"href":"https:\/\/www.infraestruturameioambiente.sp.gov.br\/institutogeologico\/wp-json\/wp\/v2\/media?parent=100"}],"curies":[{"name":"wp","href":"https:\/\/api.w.org\/{rel}","templated":true}]}}