{"id":8726,"date":"2015-01-30T10:47:01","date_gmt":"2015-01-30T12:47:01","guid":{"rendered":"https:\/\/www.infraestruturameioambiente.sp.gov.br\/institutoflorestal\/?page_id=8726"},"modified":"2015-06-16T12:31:17","modified_gmt":"2015-06-16T15:31:17","slug":"revista-v-26-no2","status":"publish","type":"page","link":"https:\/\/www.infraestruturameioambiente.sp.gov.br\/institutoflorestal\/publicacoes-if\/revista-do-if\/revista-v-26-no2\/","title":{"rendered":"Revista v.26, n\u00ba2"},"content":{"rendered":"<p><strong>REVISTA V. 26, N. 2- Dez. 2014 &#8211; Revista Completa (<a href=\"https:\/\/www.infraestruturameioambiente.sp.gov.br\/institutoflorestal\/wp-content\/uploads\/sites\/234\/2015\/05\/RIF26-2.pdf\" target=\"_blank\">PDF<\/a>) (<a href=\"https:\/\/www.infraestruturameioambiente.sp.gov.br\/institutoflorestal\/wp-content\/uploads\/sites\/234\/2015\/05\/RIF26-2.rar\">XML<\/a>)<\/strong><\/p>\n<p><strong>ARTIGOS CIENT\u00cdFICOS\/SCIENTIFIC ARTICLES<\/strong><\/p>\n<ul>\n<li><i>Pinus<\/i> tropical com potencial para uso em plantios comerciais no Brasil. Tropical pine for\u00a0commercial planting in Brazil. Marcos Silveira WREGE; Elenice FRITZSONS; Jarbas Yukio\u00a0SHIMIZU; Ananda Virg\u00ednia de AGUIAR; Paulo Henrique CARAMORI<br \/>\n<a href=\"http:\/\/dx.doi.org\/10.4322\/rif.2014.010\">http:\/\/dx.doi.org\/10.4322\/rif.2014.010<\/a><\/li>\n<\/ul>\n<p style=\"text-align: right\"><a href=\"https:\/\/www.infraestruturameioambiente.sp.gov.br\/institutoflorestal\/wp-content\/uploads\/sites\/234\/2015\/01\/RIF26-2_137-145.pdf\"><strong>137-145<\/strong><\/a><\/p>\n<ul>\n<li>Aspectos ambientais da disposi\u00e7\u00e3o de res\u00edduos s\u00f3lidos em aterro sanit\u00e1rio na zona de\u00a0amortecimento das unidades de conserva\u00e7\u00e3o do munic\u00edpio de Assis \u2013 SP. Environmental\u00a0aspects of solid waste disposition on landfill in buffer zone of protected areas of Assis\u00a0municipality \u2013 SP. Regiane Novais LEITE; Solange BONGIOVANNI<br \/>\n<a href=\"https:\/\/www.infraestruturameioambiente.sp.gov.br\/institutoflorestal\/wp-content\/uploads\/sites\/234\/2015\/05\/p.-147-159.pdf\">http:\/\/dx.doi.org\/10.4322\/rif.2014.011<\/a><\/li>\n<\/ul>\n<p style=\"text-align: right\"><a href=\"https:\/\/www.infraestruturameioambiente.sp.gov.br\/institutoflorestal\/wp-content\/uploads\/sites\/234\/2015\/01\/RIF26-2_147-159.pdf\"><strong>147-159<\/strong><\/a><\/p>\n<ul>\n<li>Varia\u00e7\u00e3o gen\u00e9tica para os teores dos macro e micronutrientes ap\u00f3s aplica\u00e7\u00e3o de 2,4-D em\u00a0prog\u00eanies de <em>Eucalyptus grandis<\/em>. Genetic variation in the levels of macro and micronutrients\u00a0after 2,4-D application on <em>Eucalyptus grandis<\/em> progenies. Alexandre Martins FRAGOSO;\u00a0Edson Seizo MORI; Mario Luiz Teixeira de MORAES<br \/>\n<a href=\"http:\/\/dx.doi.org\/10.4322\/rif.2014.012\">http:\/\/dx.doi.org\/10.4322\/rif.2014.012<\/a><\/li>\n<\/ul>\n<p style=\"text-align: right\"><a href=\"https:\/\/www.infraestruturameioambiente.sp.gov.br\/institutoflorestal\/wp-content\/uploads\/sites\/234\/2015\/01\/RIF26-2_161-167.pdf\"><strong>161-167<\/strong><\/a><\/p>\n<ul>\n<li>Compara\u00e7\u00e3o de aspectos fenol\u00f3gicos e de frugivoria entre a palmeira nativa Euterpe edulis\u00a0Mart. e a palmeira ex\u00f3tica<em> Phoenix roebelenii<\/em> O\u2019Brien (Arecaceae) no Sudeste do Brasil.\u00a0Comparative fruit phenology and frugivory between the native palm Euterpe edulis Mart.\u00a0and the exotic palm <em>Phoenix roebelenii<\/em> O\u2019Brien (Arecaceae) in southeastern Brazil.\u00a0Ta\u00eds OMOTE; Alexsander Zamorano ANTUNES; Ciro Koiti MATSUKUMA<br \/>\n<a href=\"http:\/\/dx.doi.org\/10.4322\/rif.2014.013\">http:\/\/dx.doi.org\/10.4322\/rif.2014.013<\/a><\/li>\n<\/ul>\n<p style=\"text-align: right\"><a href=\"https:\/\/www.infraestruturameioambiente.sp.gov.br\/institutoflorestal\/wp-content\/uploads\/sites\/234\/2015\/01\/RIF26-2_169-181.pdf\"><strong>169-181<\/strong><\/a><\/p>\n<ul>\n<li>Altera\u00e7\u00f5es da rela\u00e7\u00e3o C\/N de um Latossolo Vermelho-Amarelo sob diferentes coberturas\u00a0vegetais em Brasnorte \u2013 MT. Changes in C\/N relation of a Red-Yellow Latosol under different\u00a0plant cultivations in Brasnorte \u2013 MT. Cristiane Ramos VIEIRA; Oscarlina L\u00facia dos Santos\u00a0WEBER; Rafael Ferreira LIUTI; Jos\u00e9 Fernando SCARAMUZZA<br \/>\n<a href=\"http:\/\/dx.doi.org\/10.4322\/rif.2014.014\">http:\/\/dx.doi.org\/10.4322\/rif.2014.014<\/a><\/li>\n<\/ul>\n<p style=\"text-align: right\"><a href=\"https:\/\/www.infraestruturameioambiente.sp.gov.br\/institutoflorestal\/wp-content\/uploads\/sites\/234\/2015\/01\/RIF26-2_183-191.pdf\"><strong>183-191<\/strong><\/a><\/p>\n<ul>\n<li>Radial variation of wood anatomy and basic density of <em>Anadenanthera colubrina<\/em> (Vell.)\u00a0Brenan. Varia\u00e7\u00e3o radial da anatomia e densidade b\u00e1sica da madeira de <em>Anadenanthera colubrina<\/em>\u00a0(Vell.) Brenan. Eduardo Luiz LONGUI; Israel Luiz de LIMA; Osny Tadeu de AGUIAR;\u00a0Sandra Monteiro Borges FLORSHEIM; Itiber\u00ea Moura Sckerratt SUCKOW<br \/>\n<a href=\"http:\/\/dx.doi.org\/10.4322\/rif.2014.015\">http:\/\/dx.doi.org\/10.4322\/rif.2014.015<\/a><\/li>\n<\/ul>\n<p style=\"text-align: right\"><a href=\"https:\/\/www.infraestruturameioambiente.sp.gov.br\/institutoflorestal\/wp-content\/uploads\/sites\/234\/2015\/01\/RIF26-2_193-201.pdf\"><strong>193-201<\/strong><\/a><\/p>\n<ul>\n<li>The influence of abiotic factors on litter deposition in a semiarid area, northeastern Brazil.\u00a0Influ\u00eancia de fatores abi\u00f3ticos na deposi\u00e7\u00e3o de serapilheira em uma \u00e1rea semi\u00e1rida no\u00a0Nordeste brasileiro. Ivan Jeferson Sampaio DIOGO; Irlaine Rodrigues VIEIRA; Andr\u00e9a\u00a0Pereira SILVEIRA; Francisca Soares de ARA\u00daJO<br \/>\n<a href=\"http:\/\/dx.doi.org\/10.4322\/rif.2014.016\">http:\/\/dx.doi.org\/10.4322\/rif.2014.016<\/a><\/li>\n<\/ul>\n<p style=\"text-align: right\"><a href=\"https:\/\/www.infraestruturameioambiente.sp.gov.br\/institutoflorestal\/wp-content\/uploads\/sites\/234\/2015\/01\/RIF26-2_203-213.pdf\"><strong>203-213<\/strong><\/a><\/p>\n<ul>\n<li>Sobreviv\u00eancia de <em>Cyathea atrovirens<\/em> (Cyatheaceae; Pteridophyta) ap\u00f3s desmatamento.\u00a0Survival of <em>Cyathea atrovirens<\/em> (Cyatheaceae; Pteridophyta) after deforestation. V\u00edvian\u00a0TAMAKI; Catarina Carvalho NIEVOLA; Ivomar Aparecido MEDINA; Elisabete Aparecida\u00a0LOPES; Rog\u00e9rio Mamoru SUZUKI<br \/>\n<a href=\"http:\/\/dx.doi.org\/10.4322\/rif.2014.017\">http:\/\/dx.doi.org\/10.4322\/rif.2014.017<\/a><\/li>\n<\/ul>\n<p style=\"text-align: right\"><a href=\"https:\/\/www.infraestruturameioambiente.sp.gov.br\/institutoflorestal\/wp-content\/uploads\/sites\/234\/2015\/01\/RIF26-2_215-225.pdf\"><strong>215-225<\/strong><\/a><\/p>\n","protected":false},"excerpt":{"rendered":"<p>REVISTA V. 26, N. 2- Dez. 2014 &#8211; Revista Completa (PDF) (XML) ARTIGOS CIENT\u00cdFICOS\/SCIENTIFIC ARTICLES Pinus tropical com potencial para uso em plantios comerciais no Brasil. Tropical pine for\u00a0commercial planting in Brazil. Marcos Silveira WREGE; Elenice FRITZSONS; Jarbas Yukio\u00a0SHIMIZU; Ananda Virg\u00ednia de AGUIAR; Paulo Henrique CARAMORI http:\/\/dx.doi.org\/10.4322\/rif.2014.010 137-145 Aspectos ambientais da disposi\u00e7\u00e3o de res\u00edduos s\u00f3lidos [&hellip;]<\/p>\n","protected":false},"author":46,"featured_media":0,"parent":2998,"menu_order":0,"comment_status":"closed","ping_status":"open","template":"","meta":[],"_links":{"self":[{"href":"https:\/\/www.infraestruturameioambiente.sp.gov.br\/institutoflorestal\/wp-json\/wp\/v2\/pages\/8726"}],"collection":[{"href":"https:\/\/www.infraestruturameioambiente.sp.gov.br\/institutoflorestal\/wp-json\/wp\/v2\/pages"}],"about":[{"href":"https:\/\/www.infraestruturameioambiente.sp.gov.br\/institutoflorestal\/wp-json\/wp\/v2\/types\/page"}],"author":[{"embeddable":true,"href":"https:\/\/www.infraestruturameioambiente.sp.gov.br\/institutoflorestal\/wp-json\/wp\/v2\/users\/46"}],"replies":[{"embeddable":true,"href":"https:\/\/www.infraestruturameioambiente.sp.gov.br\/institutoflorestal\/wp-json\/wp\/v2\/comments?post=8726"}],"version-history":[{"count":17,"href":"https:\/\/www.infraestruturameioambiente.sp.gov.br\/institutoflorestal\/wp-json\/wp\/v2\/pages\/8726\/revisions"}],"predecessor-version":[{"id":9737,"href":"https:\/\/www.infraestruturameioambiente.sp.gov.br\/institutoflorestal\/wp-json\/wp\/v2\/pages\/8726\/revisions\/9737"}],"up":[{"embeddable":true,"href":"https:\/\/www.infraestruturameioambiente.sp.gov.br\/institutoflorestal\/wp-json\/wp\/v2\/pages\/2998"}],"wp:attachment":[{"href":"https:\/\/www.infraestruturameioambiente.sp.gov.br\/institutoflorestal\/wp-json\/wp\/v2\/media?parent=8726"}],"curies":[{"name":"wp","href":"https:\/\/api.w.org\/{rel}","templated":true}]}}