{"id":8697,"date":"2015-01-26T11:56:58","date_gmt":"2015-01-26T13:56:58","guid":{"rendered":"https:\/\/www.infraestruturameioambiente.sp.gov.br\/institutoflorestal\/?page_id=8697"},"modified":"2015-03-06T15:45:12","modified_gmt":"2015-03-06T18:45:12","slug":"sumario_n52","status":"publish","type":"page","link":"https:\/\/www.infraestruturameioambiente.sp.gov.br\/institutoflorestal\/publicacoes-if\/if-serie-registros\/sumario_n52\/","title":{"rendered":"IF S\u00e9rie Registros n\u00ba 52"},"content":{"rendered":"<p><strong>S\u00c9RIE REGISTROS N. 52, dez. 2014: <a href=\"https:\/\/www.infraestruturameioambiente.sp.gov.br\/institutoflorestal\/wp-content\/uploads\/sites\/234\/2015\/01\/IFSR52.pdf\">Revista Completa<\/a><\/strong><\/p>\n<p><strong>\u00a0<\/strong><\/p>\n<ul>\n<li>Diagn\u00f3stico do meio f\u00edsico da Fazenda Santa Carlota: solos. Physical environment diagnosis of the Santa Carlota farm: soil. Marcio ROSSI; Isabel Fernandes de Aguiar MATTOS; Marina Mitsue KANASHIRO; Lucas Gonzaga dos SANTOS; Julio Wilson Valcarcel VELLARDI<br \/>\n<a href=\"http:\/\/dx.doi.org\/10.4322\/ifsr.2014.006\">http:\/\/dx.doi.org\/10.4322\/ifsr.2014.006<\/a><\/li>\n<\/ul>\n<p style=\"text-align: right\"><strong><\/strong><strong><\/strong><strong><a href=\"https:\/\/www.infraestruturameioambiente.sp.gov.br\/institutoflorestal\/wp-content\/uploads\/sites\/234\/2015\/01\/IFSR52_7-27.pdf\" target=\"_blank\">7-27<\/a><\/strong><\/p>\n<ul>\n<li>Remanescentes naturais da Fazenda Santa Carlota, Cajuru-SP: fitofisionomias, riqueza de esp\u00e9cies e import\u00e2ncia para a conserva\u00e7\u00e3o da biodiversidade paulista. Natural remnants of Santa Carlota farm, Cajuru, SP: physiognomies, richness and importance for biodiversity conservation in S\u00e3o Paulo state. Nat\u00e1lia Macedo IVANAUSKAS; Daniela Fessel BERTANI; Isabel Fernandes de Aguiar MATTOS; Marina Mitsue KANASHIRO; Geraldo Ant\u00f4nio Daher Corr\u00eaa FRANCO; In\u00eas CORDEIRO, Lu\u00eds Carlos BERNACCI; Jo\u00e3o Augusto Alves MEIRA NETO<br \/>\n<a href=\"http:\/\/dx.doi.org\/10.4322\/ifsr.2014.005\">http:\/\/dx.doi.org\/10.4322\/ifsr.2014.005<\/a><\/li>\n<\/ul>\n<p style=\"text-align: right\"><strong><\/strong><strong><a href=\"https:\/\/www.infraestruturameioambiente.sp.gov.br\/institutoflorestal\/wp-content\/uploads\/sites\/234\/2015\/01\/IFSR52_29-50.pdf\">29-50<\/a><\/strong><\/p>\n<ul>\n<li>Aves da Fazenda Santa Carlota, Cajuru-SP. Birds from Santa Carlota farm, municipality of Cajuru, Sao Paulo state, southeastern Brazil. Alexsander Zamorano ANTUNES<br \/>\n<a href=\"http:\/\/dx.doi.org\/10.4322\/ifsr.2014.004\">http:\/\/dx.doi.org\/10.4322\/ifsr.2014.004<\/a><\/li>\n<\/ul>\n<p style=\"text-align: right\"><strong><\/strong><strong><a href=\"https:\/\/www.infraestruturameioambiente.sp.gov.br\/institutoflorestal\/wp-content\/uploads\/sites\/234\/2015\/01\/IFSR52_51-67.pdf\">51-67<\/a><\/strong><\/p>\n<ul>\n<li>Uso e ocupa\u00e7\u00e3o da terra na Fazenda Santa Carlota e em seu entorno. Land use in Santa Carlota farm and its surroundings. Dimas Ant\u00f4nio da SILVA; M\u00f4nica PAV\u00c3O; Ciro Koiti MATSUKUMA; Marina Mitsue KANASHIRO; Marcus Vinicius Chagas OLIVEIRA<br \/>\n<a href=\"http:\/\/dx.doi.org\/10.4322\/ifsr.2014.007\">http:\/\/dx.doi.org\/10.4322\/ifsr.2014.007<\/a><\/li>\n<\/ul>\n<p style=\"text-align: right\"><strong><\/strong><strong><a href=\"https:\/\/www.infraestruturameioambiente.sp.gov.br\/institutoflorestal\/wp-content\/uploads\/sites\/234\/2015\/01\/IFSR52_69-81.pdf\">69-81<\/a><\/strong><\/p>\n","protected":false},"excerpt":{"rendered":"<p>S\u00c9RIE REGISTROS N. 52, dez. 2014: Revista Completa \u00a0 Diagn\u00f3stico do meio f\u00edsico da Fazenda Santa Carlota: solos. Physical environment diagnosis of the Santa Carlota farm: soil. Marcio ROSSI; Isabel Fernandes de Aguiar MATTOS; Marina Mitsue KANASHIRO; Lucas Gonzaga dos SANTOS; Julio Wilson Valcarcel VELLARDI http:\/\/dx.doi.org\/10.4322\/ifsr.2014.006 7-27 Remanescentes naturais da Fazenda Santa Carlota, Cajuru-SP: fitofisionomias, [&hellip;]<\/p>\n","protected":false},"author":46,"featured_media":0,"parent":2992,"menu_order":0,"comment_status":"closed","ping_status":"open","template":"","meta":[],"_links":{"self":[{"href":"https:\/\/www.infraestruturameioambiente.sp.gov.br\/institutoflorestal\/wp-json\/wp\/v2\/pages\/8697"}],"collection":[{"href":"https:\/\/www.infraestruturameioambiente.sp.gov.br\/institutoflorestal\/wp-json\/wp\/v2\/pages"}],"about":[{"href":"https:\/\/www.infraestruturameioambiente.sp.gov.br\/institutoflorestal\/wp-json\/wp\/v2\/types\/page"}],"author":[{"embeddable":true,"href":"https:\/\/www.infraestruturameioambiente.sp.gov.br\/institutoflorestal\/wp-json\/wp\/v2\/users\/46"}],"replies":[{"embeddable":true,"href":"https:\/\/www.infraestruturameioambiente.sp.gov.br\/institutoflorestal\/wp-json\/wp\/v2\/comments?post=8697"}],"version-history":[{"count":3,"href":"https:\/\/www.infraestruturameioambiente.sp.gov.br\/institutoflorestal\/wp-json\/wp\/v2\/pages\/8697\/revisions"}],"predecessor-version":[{"id":9047,"href":"https:\/\/www.infraestruturameioambiente.sp.gov.br\/institutoflorestal\/wp-json\/wp\/v2\/pages\/8697\/revisions\/9047"}],"up":[{"embeddable":true,"href":"https:\/\/www.infraestruturameioambiente.sp.gov.br\/institutoflorestal\/wp-json\/wp\/v2\/pages\/2992"}],"wp:attachment":[{"href":"https:\/\/www.infraestruturameioambiente.sp.gov.br\/institutoflorestal\/wp-json\/wp\/v2\/media?parent=8697"}],"curies":[{"name":"wp","href":"https:\/\/api.w.org\/{rel}","templated":true}]}}