{"id":8609,"date":"2014-11-28T09:55:34","date_gmt":"2014-11-28T11:55:34","guid":{"rendered":"https:\/\/www.infraestruturameioambiente.sp.gov.br\/institutoflorestal\/?page_id=8609"},"modified":"2015-12-23T14:53:24","modified_gmt":"2015-12-23T16:53:24","slug":"eventos-de-2015","status":"publish","type":"page","link":"https:\/\/www.infraestruturameioambiente.sp.gov.br\/institutoflorestal\/inicio\/eventos-de-2015\/","title":{"rendered":"Eventos de 2015"},"content":{"rendered":"<h1><\/h1>\n<ul>\n<li><strong>Janeiro<\/strong><br \/>\n<strong>&#8212;\u00a0<\/strong><\/li>\n<\/ul>\n<div>&#8212;&#8212;&#8212;&#8212;&#8212;&#8212;&#8212;&#8212;&#8212;&#8212;&#8212;&#8212;&#8212;&#8212;&#8212;&#8212;&#8212;&#8212;&#8212;&#8212;&#8212;&#8212;&#8212;&#8212;&#8212;&#8212;&#8212;&#8212;&#8212;&#8212;&#8212;&#8212;&#8212;&#8212;&#8212;&#8212;&#8212;&#8212;&#8212;&#8212;&#8212;&#8212;&#8212;&#8212;&#8212;&#8212;&#8212;&#8212;&#8212;&#8212;&#8211;<\/div>\n<ul>\n<li><strong>Fevereiro<\/strong><br \/>\n<strong>&#8212; 23 a 26:<\/strong>\u00a0III Curso Ornitologia Aplicada \u00e0 Conserva\u00e7\u00e3o &#8211; Ci\u00eancia Cidad\u00e3 &#8211;\u00a0<a href=\"https:\/\/www.infraestruturameioambiente.sp.gov.br\/institutoflorestal\/wp-content\/uploads\/sites\/234\/2015\/02\/sctc_informa_2_2015.jpg\">ver programa\u00e7\u00e3o<\/a>.<\/li>\n<\/ul>\n<div>&#8212;&#8212;&#8212;&#8212;&#8212;&#8212;&#8212;&#8212;&#8212;&#8212;&#8212;&#8212;&#8212;&#8212;&#8212;&#8212;&#8212;&#8212;&#8212;&#8212;&#8212;&#8212;&#8212;&#8212;&#8212;&#8212;&#8212;&#8212;&#8212;&#8212;&#8212;&#8212;&#8212;&#8212;&#8212;&#8212;&#8212;&#8212;&#8212;&#8212;&#8212;&#8212;&#8212;&#8212;&#8212;&#8212;&#8212;&#8212;&#8212;&#8212;&#8211;<\/div>\n<ul>\n<li><strong>Mar\u00e7o<br \/>\n<\/strong> <strong>&#8212; 12:<\/strong>\u00a02\u00ba Evento de integra\u00e7\u00e3o para estagi\u00e1rios do IF &#8211; Estagiando no Instituto Florestal &#8211; <a href=\"https:\/\/www.infraestruturameioambiente.sp.gov.br\/institutoflorestal\/wp-content\/uploads\/sites\/234\/2015\/03\/sctc_informa_3_2015.jpg\">ver programa\u00e7\u00e3o<\/a>.<br \/>\n<strong>&#8212; 24:<\/strong> Falando de \u00e1gua nas \u00e1reas protegidas do estado S\u00e3o Paulo &#8211; <a href=\"https:\/\/www.infraestruturameioambiente.sp.gov.br\/institutoflorestal\/wp-content\/uploads\/sites\/234\/2015\/03\/sctc_informa_4_2015.jpg\">ver programa\u00e7\u00e3o<\/a>.<br \/>\n<strong>&#8212; 26 e 27:<\/strong>\u00a02\u00ba Workshop de Pesquisas Cient\u00edficas do N\u00facleo Picinguaba &#8211; <a href=\"https:\/\/www.infraestruturameioambiente.sp.gov.br\/institutoflorestal\/wp-content\/uploads\/sites\/234\/2015\/03\/sctc_informa_5_2015.jpg\">ver convite<\/a>.<br \/>\n<strong>&#8212; 30, 31 e 01\/04:\u00a0<\/strong>2\u00ba Encontro do Curso de Produ\u00e7\u00e3o de Sementes Florestais. Local: Parque Estadual da Serra do Mar &#8211; N\u00facleo Picinguaba, Ubatuba.<\/li>\n<\/ul>\n<div>&#8212;&#8212;&#8212;&#8212;&#8212;&#8212;&#8212;&#8212;&#8212;&#8212;&#8212;&#8212;&#8212;&#8212;&#8212;&#8212;&#8212;&#8212;&#8212;&#8212;&#8212;&#8212;&#8212;&#8212;&#8212;&#8212;&#8212;&#8212;&#8212;&#8212;&#8212;&#8212;&#8212;&#8212;&#8212;&#8212;&#8212;&#8212;&#8212;&#8212;&#8212;&#8212;&#8212;&#8212;&#8212;&#8212;&#8212;&#8212;&#8212;&#8212;&#8211;<\/div>\n<ul>\n<li><strong>Abril<br \/>\n&#8212; 14: <\/strong>3\u00ba Encontro sobre Tecnologia em Silvicultura com alunos da Fatec\/Cap\u00e3o Bonito &#8211; Local: Sede do IF, S\u00e3o Paulo &#8211; <a href=\"https:\/\/www.infraestruturameioambiente.sp.gov.br\/institutoflorestal\/wp-content\/uploads\/sites\/234\/2014\/11\/sctc_informa_9_2015.jpg\">ver programa\u00e7\u00e3o<\/a>.<br \/>\n<strong>&#8212; 16 a 30:<\/strong> Exposi\u00e7\u00e3o Itinerante &#8220;Bicho! Quem te viu, quem te v\u00ea!&#8221; &#8211; \u00a0Local: C\u00e2mara Municipal de Itirapina &#8211; <a href=\"https:\/\/www.infraestruturameioambiente.sp.gov.br\/institutoflorestal\/wp-content\/uploads\/sites\/234\/2015\/04\/sctc_informa_12_2015.jpg\">ver convite<\/a>.<br \/>\n<strong>&#8212; 23:<\/strong>\u00a0Educatrilha: processo de forma\u00e7\u00e3o continuada de docentes em educa\u00e7\u00e3o ambiental em \u00e1reas naturais &#8211; Piracibaba\/SP &#8211; <a href=\"https:\/\/www.infraestruturameioambiente.sp.gov.br\/institutoflorestal\/wp-content\/uploads\/sites\/234\/2014\/11\/sctc_informa_11_2015.jpg\">ver programa\u00e7\u00e3o<\/a>.<\/li>\n<\/ul>\n<div>&#8212;&#8212;&#8212;&#8212;&#8212;&#8212;&#8212;&#8212;&#8212;&#8212;&#8212;&#8212;&#8212;&#8212;&#8212;&#8212;&#8212;&#8212;&#8212;&#8212;&#8212;&#8212;&#8212;&#8212;&#8212;&#8212;&#8212;&#8212;&#8212;&#8212;&#8212;&#8212;&#8212;&#8212;&#8212;&#8212;&#8212;&#8212;&#8212;&#8212;&#8212;&#8212;&#8212;&#8212;&#8212;&#8212;&#8212;&#8212;&#8212;&#8212;&#8211;<\/div>\n<ul>\n<li><strong>Maio<br \/>\n<\/strong><strong>&#8212; 12: <\/strong>Semin\u00e1rio Pr\u00f3-Primatas Paulistas. Local: IEA\/USP.<br \/>\n<strong>&#8212; 11:\u00a0<\/strong>A\u00e7\u00f5es de Integra\u00e7\u00e3o e alinhamentos para conserva\u00e7\u00e3o do sag\u00fci-serra-escuro \u00a0e resolu\u00e7\u00e3o da problem\u00e1tica de seus cong\u00eaneres invasores: propostas e alternativas. Local: Reserva da Biosfera do Cintur\u00e3o Verde da Cidade de S\u00e3o Paulo.<strong><br \/>\n&#8212; 18 a 25:<\/strong> 13\u00aa Semana Nacional de Museus &#8211; Museus para uma sociedade sustent\u00e1vel. Local: Museu Florestal Oct\u00e1vio Vecchi, S\u00e3o Paulo\/SP &#8211; <a href=\"https:\/\/www.infraestruturameioambiente.sp.gov.br\/institutoflorestal\/wp-content\/uploads\/sites\/234\/2015\/04\/sctc_informa_14_2015.jpg\">ver programa\u00e7\u00e3o<\/a>.<br \/>\n<strong>&#8212; 25 a 27:\u00a0<\/strong>8\u00ba Curso de Hidrologia Florestal. Local: Laborat\u00f3rio de Hidrologia Florestal Eng. Agr. Walter Emmerich &#8211; Parque Estadual da Serra do Mar\/N\u00facleo Cunha.<br \/>\n<strong style=\"line-height: 1.5em\">&#8212; 27<\/strong><span style=\"line-height: 1.5em\">:\u00a0Aula demonstrativa &#8220;Orqu\u00eddeas da Serra da Cantareira&#8221;. \u00a0Audit\u00f3rio IF &#8211; S\u00e3o Paulo\/SP &#8211;<\/span><a style=\"line-height: 1.5em\" href=\"https:\/\/www.infraestruturameioambiente.sp.gov.br\/institutoflorestal\/wp-content\/uploads\/sites\/234\/2015\/05\/sctc_informa_17_2015.jpg\">\u00a0ver programa\u00e7\u00e3o.<br \/>\n<\/a><strong>&#8212; 28:<\/strong>\u00a0Visita \u00e0 Esta\u00e7\u00e3o de Tratamento ETA Guara\u00fa\/Sabesp. \u00a0S\u00e3o Paulo\/SP &#8211;\u00a0<a href=\"https:\/\/www.infraestruturameioambiente.sp.gov.br\/institutoflorestal\/wp-content\/uploads\/sites\/234\/2015\/05\/sctc_informa_15_2015.jpg\">ver programa\u00e7\u00e3o<\/a>.<\/li>\n<\/ul>\n<div>&#8212;&#8212;&#8212;&#8212;&#8212;&#8212;&#8212;&#8212;&#8212;&#8212;&#8212;&#8212;&#8212;&#8212;&#8212;&#8212;&#8212;&#8212;&#8212;&#8212;&#8212;&#8212;&#8212;&#8212;&#8212;&#8212;&#8212;&#8212;&#8212;&#8212;&#8212;&#8212;&#8212;&#8212;&#8212;&#8212;&#8212;&#8212;&#8212;&#8212;&#8212;&#8212;&#8212;&#8212;&#8212;&#8212;&#8212;&#8212;&#8212;&#8212;&#8211;<\/div>\n<ul>\n<li><strong>Junho<\/strong><br \/>\n<strong>&#8212; 03:<\/strong> Falando de Meio Ambiente\u00a0&#8211;\u00a0<a href=\"https:\/\/www.infraestruturameioambiente.sp.gov.br\/institutoflorestal\/wp-content\/uploads\/sites\/234\/2015\/05\/sctc_informa_16_2015.jpg\">ver programa\u00e7\u00e3o.<br \/>\n<\/a><strong>&#8211;11: <\/strong>3\u00ba Encontro sobre Engenharia Industrial Madeireira Unesp\/Itapeva. Local: Sede do IF, em S\u00e3o Paulo.<strong><br \/>\n&#8212; 22 a 26:\u00a0<\/strong>3\u00aa Reuni\u00e3o do Dimensions US-Biota S\u00e3o Paulo: integrando disciplinas para a preserva\u00e7\u00e3o de biodiversidade da Floresta Atl\u00e2ntica no Brasil<br \/>\n&#8212;&#8212;&#8212;&#8212;&#8212;&#8212;&#8212;&#8212;&#8212;&#8212;&#8212;&#8212;&#8212;&#8212;&#8212;&#8212;&#8212;&#8212;&#8212;&#8212;&#8212;&#8212;&#8212;&#8212;&#8212;&#8212;&#8212;&#8212;&#8212;&#8212;&#8212;&#8212;&#8212;&#8212;&#8212;&#8212;&#8212;&#8212;&#8212;&#8212;&#8212;&#8212;&#8212;&#8212;&#8212;&#8212;&#8212;&#8212;&#8212;&#8212;&#8211;<\/li>\n<li><strong>Julho<br \/>\n<\/strong><strong>&#8212; 29:\u00a0<\/strong>Educatrilha: processo de forma\u00e7\u00e3o continuada de docentes em educa\u00e7\u00e3o ambiental em \u00e1reas naturais &#8211; Luiz Antonio\/SP &#8211; <a href=\"https:\/\/www.infraestruturameioambiente.sp.gov.br\/institutoflorestal\/wp-content\/uploads\/sites\/234\/2015\/07\/sctc_informa_24_2015.jpg\">ver programa\u00e7\u00e3o<\/a>.<br \/>\n<strong>&#8212; 29:<\/strong> Abertura da exposi\u00e7\u00e3o itinerante Bicho: quem te viu, quem te v\u00ea&#8221;. Local:\u00a0Anfiteatro Municipal &#8220;Luiz Penha (Didi)&#8221; da Pref. Mun. Luiz Ant\u00f4nio &#8211; SP.<\/li>\n<\/ul>\n<p>&#8212;&#8212;&#8212;&#8212;&#8212;&#8212;&#8212;&#8212;&#8212;&#8212;&#8212;&#8212;&#8212;&#8212;&#8212;&#8212;&#8212;&#8212;&#8212;&#8212;&#8212;&#8212;&#8212;&#8212;&#8212;&#8212;&#8212;&#8212;&#8212;&#8212;&#8212;&#8212;&#8212;&#8212;&#8212;&#8212;&#8212;&#8212;&#8212;&#8212;&#8212;&#8212;&#8212;&#8212;&#8212;&#8212;&#8212;&#8212;&#8212;&#8212;&#8211;<\/p>\n<ul>\n<li><strong>Agosto<\/strong><br \/>\n<strong>&#8212; 04 a 06: <\/strong>9\u00ba Semin\u00e1rio de Inicia\u00e7\u00e3o Cient\u00edfica do Instituto Florestal &#8211; <a href=\"https:\/\/www.infraestruturameioambiente.sp.gov.br\/institutoflorestal\/wp-content\/uploads\/sites\/234\/2015\/06\/Programa%C3%A7%C3%A3o_9_Semin%C3%A1rio_Inici%C3%A7%C3%A3o_Cient%C3%ADfica.pdf\">ver programa\u00e7\u00e3o<\/a>.<br \/>\n<strong>&#8212; 24 a 28: <\/strong>II Curso de introdu\u00e7\u00e3o ao Manejo de Unidades de Conserva\u00e7\u00e3o &#8211; M\u00f3dulo I &#8211;\u00a0<a href=\"https:\/\/www.infraestruturameioambiente.sp.gov.br\/institutoflorestal\/wp-content\/uploads\/sites\/234\/2015\/08\/sctc_informa_25_2015.jpg\">ver programa\u00e7\u00e3o<\/a>.<br \/>\n<strong>&#8212; 26:<\/strong>\u00a0Workshop sobre a vegeta\u00e7\u00e3o de Cerrado e Mata Atl\u00e2ntica, \u00e1gua subterr\u00e2nea e palinologia. Local:\u00a0Esta\u00e7\u00e3o Experimental de Mogi-Gua\u00e7u.<\/li>\n<\/ul>\n<p>&#8212;&#8212;&#8212;&#8212;&#8212;&#8212;&#8212;&#8212;&#8212;&#8212;&#8212;&#8212;&#8212;&#8212;&#8212;&#8212;&#8212;&#8212;&#8212;&#8212;&#8212;&#8212;&#8212;&#8212;&#8212;&#8212;&#8212;&#8212;&#8212;&#8212;&#8212;&#8212;&#8212;&#8212;&#8212;&#8212;&#8212;&#8212;&#8212;&#8212;&#8212;&#8212;&#8212;&#8212;&#8212;&#8212;&#8212;&#8212;&#8212;&#8212;&#8211;<\/p>\n<ul>\n<li><strong>Setembro<\/strong><br \/>\n<strong>&#8212; 11: <\/strong>Palestras<strong>\u00a0<\/strong>&#8220;Cerrado: hotspot amea\u00e7ado &#8211; contribui\u00e7\u00f5es para sua conserva\u00e7\u00e3o&#8221;. Local: Parque Estadual do Juquery &#8211; <a href=\"https:\/\/www.infraestruturameioambiente.sp.gov.br\/institutoflorestal\/wp-content\/uploads\/sites\/234\/2015\/09\/sctc_informa_29_2015.jpg\">ver programa\u00e7\u00e3o<\/a>.<br \/>\n<strong>&#8212; 15:<\/strong> Falando do Cerrado. \u00a0Local: Audit\u00f3rio da Secretaria do Meio Ambiente, S\u00e3o Paulo\/SP.<br \/>\n<strong>&#8212; 17:<\/strong> Encontro de Gestores de Unidades de Conserva\u00e7\u00e3o com remanescentes de cerrado. \u00a0Local:\u00a0<span style=\"line-height: 1.5em\">Anfiteatro da Secretaria Municipal de Educa\u00e7\u00e3o de Luiz Antonio e\u00a0<\/span>Esta\u00e7\u00e3o Ecol\u00f3gica Jata\u00ed.<br \/>\n<strong>&#8212; 20:<\/strong> Hora Verde &#8211; plantio comemorativo de mudas. Local: \u00c1rea Administrativa do Parque Estadual Alberto L\u00f6fgren &#8211; <a href=\"https:\/\/www.infraestruturameioambiente.sp.gov.br\/institutoflorestal\/wp-content\/uploads\/sites\/234\/2015\/09\/sctc_informa_33_2015.jpg\">ver convite<\/a>.<br \/>\n<strong>&#8212; 21:<\/strong>\u00a0Dia da \u00e1rvore &#8211;\u00a0palestras e plantios comemorativos. Local: Viveiro Florestal de Pindamonhangaba.<br \/>\n<strong>&#8212; 21:<\/strong>\u00a0Dia da \u00e1rvore &#8211; Visita monitorada de escolas da comunidade, visitando o viveiro de mudas, percorrendo trilhas e realizando gincana ecol\u00f3gica e plantio de mudas.\u00a0Local: Viveiro Florestal de Taubat\u00e9.<br \/>\n<strong>&#8212; 21:<\/strong>\u00a0Palestra &#8220;A import\u00e2ncia da identifica\u00e7\u00e3o da madeira&#8221; &#8211; Local: Museu Florestal Oct\u00e1vio Vecchi, S\u00e3o Paulo\/SP &#8211; <a href=\"https:\/\/www.infraestruturameioambiente.sp.gov.br\/institutoflorestal\/wp-content\/uploads\/sites\/234\/2015\/09\/sctc_informa_30_2015.jpg\">ver convite<\/a>.<br \/>\n<strong>&#8212; 21 a 25: <\/strong>Semana da \u00e1rvore:<strong>\u00a0<\/strong>conta\u00e7\u00e3o de hist\u00f3rias com confec\u00e7\u00e3o de dobradura. Atividades de educa\u00e7\u00e3o ambiental com plantio de \u00e1rvores no Parque Estadual Alberto L\u00f6fgren, com crian\u00e7as da comunidade do entorno. Local: Museu Florestal Oct\u00e1vio Vecchi, S\u00e3o paulo\/SP.<strong><br \/>\n&#8212; 28\/09 a 02\/10:\u00a0<\/strong>II Curso de introdu\u00e7\u00e3o ao Manejo de Unidades de Conserva\u00e7\u00e3o &#8211; M\u00f3dulo II &#8211; <a href=\"https:\/\/www.infraestruturameioambiente.sp.gov.br\/institutoflorestal\/wp-content\/uploads\/sites\/234\/2015\/09\/sctc_informa_26_2015.jpg\">ver programa\u00e7\u00e3o<\/a>.<strong><br \/>\n<\/strong><\/li>\n<\/ul>\n<p>&#8212;&#8212;&#8212;&#8212;&#8212;&#8212;&#8212;&#8212;&#8212;&#8212;&#8212;&#8212;&#8212;&#8212;&#8212;&#8212;&#8212;&#8212;&#8212;&#8212;&#8212;&#8212;&#8212;&#8212;&#8212;&#8212;&#8212;&#8212;&#8212;&#8212;&#8212;&#8212;&#8212;&#8212;&#8212;&#8212;&#8212;&#8212;&#8212;&#8212;&#8212;&#8212;&#8212;&#8212;&#8212;&#8212;&#8212;&#8212;&#8212;&#8212;&#8211;<\/p>\n<ul>\n<li><strong>Outubro<br \/>\n&#8212; 14 e 15: <\/strong>IV Curso de Ornitologia aplicada \u00e0 conserva\u00e7\u00e3o: Introdu\u00e7\u00e3o \u00e0 observa\u00e7\u00e3o de aves &#8211; Local: Canan\u00e9ia &#8211; <a href=\"https:\/\/www.infraestruturameioambiente.sp.gov.br\/institutoflorestal\/wp-content\/uploads\/sites\/234\/2015\/10\/sctc_informa_40_2015.jpg\">ver programa\u00e7\u00e3o<\/a>.<strong><br \/>\n&#8212; 22:\u00a0<\/strong><strong><span style=\"font-weight: normal\">4\u00ba Semin\u00e1rio Frutos da Mata Atl\u00e2ntica &#8211; Local: Audit\u00f3rio do IF, S\u00e3o Paulo\/SP &#8211; <a href=\"https:\/\/www.infraestruturameioambiente.sp.gov.br\/institutoflorestal\/wp-content\/uploads\/sites\/234\/2015\/10\/sctc_informa_38_2015.jpg\">ver programa\u00e7\u00e3o<\/a>.<br \/>\n<strong>&#8212; 23:<\/strong> Evento de encerramento do Projeto Educatrilha: processo de forma\u00e7\u00e3o continuada de docentes em Educa\u00e7\u00e3o Ambiental em \u00e1reas naturais &#8211; edi\u00e7\u00e3o Tupi. Local: Piracicaba\/SP &#8211; <a href=\"https:\/\/www.infraestruturameioambiente.sp.gov.br\/institutoflorestal\/wp-content\/uploads\/sites\/234\/2015\/10\/sctc_informa_41_2015.jpg\">ver programa\u00e7\u00e3o<\/a>.<\/span><\/strong><\/li>\n<\/ul>\n<p>&#8212;&#8212;&#8212;&#8212;&#8212;&#8212;&#8212;&#8212;&#8212;&#8212;&#8212;&#8212;&#8212;&#8212;&#8212;&#8212;&#8212;&#8212;&#8212;&#8212;&#8212;&#8212;&#8212;&#8212;&#8212;&#8212;&#8212;&#8212;&#8212;&#8212;&#8212;&#8212;&#8212;&#8212;&#8212;&#8212;&#8212;&#8212;&#8212;&#8212;&#8212;&#8212;&#8212;&#8212;&#8212;&#8212;&#8212;&#8212;&#8212;&#8212;&#8211;<\/p>\n<ul>\n<li><strong>Novembro<br \/>\n<\/strong><strong>&#8212; 05: <\/strong>Ciclo de Palestras: &#8220;Governan\u00e7a dos recursos florestais e h\u00eddricos: Bosque Modelo Reventaz\u00f3n (Costa rica), Territ\u00f3rio ind\u00edgena Na\u00e7\u00e3o Haida (Vancouver) Red ASA (Nordeste do Brasil) &#8211; Ph.D. Nathalie Gravel &#8211; Local: audit\u00f3rio do Instituto Florestal, S\u00e3o Paulo\/SP. &#8211; <a href=\"https:\/\/www.infraestruturameioambiente.sp.gov.br\/institutoflorestal\/wp-content\/uploads\/sites\/234\/2015\/11\/sctc_informa_42_2015.jpg\">ver convite<\/a><strong><br \/>\n<\/strong><strong>&#8212; 09 a 13: <\/strong>VI Simp\u00f3sio de Restaura\u00e7\u00e3o Ecol\u00f3gica. Local: Instituto de Bot\u00e2nica.<br \/>\n<strong>&#8212; 09 a 13:<\/strong> III Curso de introdu\u00e7\u00e3o ao Manejo de Unidades de Conserva\u00e7\u00e3o &#8211; M\u00f3dulo I &#8211;\u00a0<a href=\"https:\/\/www.infraestruturameioambiente.sp.gov.br\/institutoflorestal\/wp-content\/uploads\/sites\/234\/2015\/10\/3_curso_de_manejo_de_UCs_modulo_I.pdf\">ver programa\u00e7\u00e3o<\/a><br \/>\n<strong>&#8212; 23 a 27:<\/strong>\u00a0III Curso de introdu\u00e7\u00e3o ao Manejo de Unidades de Conserva\u00e7\u00e3o &#8211; M\u00f3dulo II &#8211; <a href=\"https:\/\/www.infraestruturameioambiente.sp.gov.br\/institutoflorestal\/wp-content\/uploads\/sites\/234\/2015\/10\/3_curso_de_manejo_de_UCs_modulo_II.pdf\">ver programa\u00e7\u00e3o<\/a><br \/>\n<strong>&#8212; 30\/11 e 01\/12:\u00a0<\/strong>\u00a0Curso de Forma\u00e7\u00e3o de Monitores para exposi\u00e7\u00e3o &#8220;Bicho: quem te viu, quem te v\u00ea&#8221;. Local: S\u00e3o Paulo\/SP &#8211;<a href=\"https:\/\/www.infraestruturameioambiente.sp.gov.br\/institutoflorestal\/wp-content\/uploads\/sites\/234\/2015\/12\/sctc_informa_43_2015.jpg\"> ver programa\u00e7\u00e3o<\/a><br \/>\n<strong>&#8212; 26:<\/strong> Inaugura\u00e7\u00e3o &#8211; Casinha do Horto: Espa\u00e7o Eco Artes &#8211; Viveiro Florestal de Taubat\u00e9 &#8211; <a href=\"https:\/\/www.infraestruturameioambiente.sp.gov.br\/institutoflorestal\/wp-content\/uploads\/sites\/234\/2015\/11\/sctc_informa_43_2015.jpg\">ver convite\/programa\u00e7\u00e3o<\/a><\/li>\n<\/ul>\n<p>&#8212;&#8212;&#8212;&#8212;&#8212;&#8212;&#8212;&#8212;&#8212;&#8212;&#8212;&#8212;&#8212;&#8212;&#8212;&#8212;&#8212;&#8212;&#8212;&#8212;&#8212;&#8212;&#8212;&#8212;&#8212;&#8212;&#8212;&#8212;&#8212;&#8212;&#8212;&#8212;&#8212;&#8212;&#8212;&#8212;&#8212;&#8212;&#8212;&#8212;&#8212;&#8212;&#8212;&#8212;&#8212;&#8212;&#8212;&#8212;&#8212;&#8212;&#8211;<\/p>\n<ul>\n<li><strong>Dezembro<br \/>\n<\/strong><strong>&#8212;<\/strong>\u00a0<strong>03\/12 a 06\/03\/2016:<\/strong> Exposi\u00e7\u00e3o itinerante Bicho: quem te viu, quem te v\u00ea! &#8211; Local: Museu Florestal Oct\u00e1vio Vecchi &#8211; S\u00e3o Paulo\/SP.<\/li>\n<\/ul>\n","protected":false},"excerpt":{"rendered":"<p>Janeiro &#8212;\u00a0 &#8212;&#8212;&#8212;&#8212;&#8212;&#8212;&#8212;&#8212;&#8212;&#8212;&#8212;&#8212;&#8212;&#8212;&#8212;&#8212;&#8212;&#8212;&#8212;&#8212;&#8212;&#8212;&#8212;&#8212;&#8212;&#8212;&#8212;&#8212;&#8212;&#8212;&#8212;&#8212;&#8212;&#8212;&#8212;&#8212;&#8212;&#8212;&#8212;&#8212;&#8212;&#8212;&#8212;&#8212;&#8212;&#8212;&#8212;&#8212;&#8212;&#8212;&#8211; Fevereiro &#8212; 23 a 26:\u00a0III Curso Ornitologia Aplicada \u00e0 Conserva\u00e7\u00e3o &#8211; Ci\u00eancia Cidad\u00e3 &#8211;\u00a0ver programa\u00e7\u00e3o. &#8212;&#8212;&#8212;&#8212;&#8212;&#8212;&#8212;&#8212;&#8212;&#8212;&#8212;&#8212;&#8212;&#8212;&#8212;&#8212;&#8212;&#8212;&#8212;&#8212;&#8212;&#8212;&#8212;&#8212;&#8212;&#8212;&#8212;&#8212;&#8212;&#8212;&#8212;&#8212;&#8212;&#8212;&#8212;&#8212;&#8212;&#8212;&#8212;&#8212;&#8212;&#8212;&#8212;&#8212;&#8212;&#8212;&#8212;&#8212;&#8212;&#8212;&#8211; Mar\u00e7o &#8212; 12:\u00a02\u00ba Evento de integra\u00e7\u00e3o para estagi\u00e1rios do IF &#8211; Estagiando no Instituto Florestal &#8211; ver programa\u00e7\u00e3o. &#8212; 24: Falando de \u00e1gua nas \u00e1reas protegidas do estado S\u00e3o Paulo &#8211; ver programa\u00e7\u00e3o. &#8212; 26 e [&hellip;]<\/p>\n","protected":false},"author":46,"featured_media":0,"parent":2236,"menu_order":0,"comment_status":"closed","ping_status":"open","template":"","meta":[],"_links":{"self":[{"href":"https:\/\/www.infraestruturameioambiente.sp.gov.br\/institutoflorestal\/wp-json\/wp\/v2\/pages\/8609"}],"collection":[{"href":"https:\/\/www.infraestruturameioambiente.sp.gov.br\/institutoflorestal\/wp-json\/wp\/v2\/pages"}],"about":[{"href":"https:\/\/www.infraestruturameioambiente.sp.gov.br\/institutoflorestal\/wp-json\/wp\/v2\/types\/page"}],"author":[{"embeddable":true,"href":"https:\/\/www.infraestruturameioambiente.sp.gov.br\/institutoflorestal\/wp-json\/wp\/v2\/users\/46"}],"replies":[{"embeddable":true,"href":"https:\/\/www.infraestruturameioambiente.sp.gov.br\/institutoflorestal\/wp-json\/wp\/v2\/comments?post=8609"}],"version-history":[{"count":86,"href":"https:\/\/www.infraestruturameioambiente.sp.gov.br\/institutoflorestal\/wp-json\/wp\/v2\/pages\/8609\/revisions"}],"predecessor-version":[{"id":10803,"href":"https:\/\/www.infraestruturameioambiente.sp.gov.br\/institutoflorestal\/wp-json\/wp\/v2\/pages\/8609\/revisions\/10803"}],"up":[{"embeddable":true,"href":"https:\/\/www.infraestruturameioambiente.sp.gov.br\/institutoflorestal\/wp-json\/wp\/v2\/pages\/2236"}],"wp:attachment":[{"href":"https:\/\/www.infraestruturameioambiente.sp.gov.br\/institutoflorestal\/wp-json\/wp\/v2\/media?parent=8609"}],"curies":[{"name":"wp","href":"https:\/\/api.w.org\/{rel}","templated":true}]}}