{"id":8174,"date":"2014-10-01T12:40:14","date_gmt":"2014-10-01T15:40:14","guid":{"rendered":"https:\/\/www.infraestruturameioambiente.sp.gov.br\/institutoflorestal\/?page_id=8174"},"modified":"2015-01-28T10:08:07","modified_gmt":"2015-01-28T12:08:07","slug":"revista-v-26-no1","status":"publish","type":"page","link":"https:\/\/www.infraestruturameioambiente.sp.gov.br\/institutoflorestal\/publicacoes-if\/revista-do-if\/revista-v-26-no1\/","title":{"rendered":"Revista v.26, n\u00ba1"},"content":{"rendered":"<p><strong>REVISTA V. 26, N. 1- Jun. 2014 &#8211; Revista Completa (<a href=\"https:\/\/www.infraestruturameioambiente.sp.gov.br\/institutoflorestal\/wp-content\/uploads\/sites\/234\/2014\/10\/RIF26-1_DOI.pdf\">PDF<\/a>) (<a href=\"https:\/\/www.infraestruturameioambiente.sp.gov.br\/institutoflorestal\/wp-content\/uploads\/sites\/234\/2014\/10\/RIF26-1_DOI.rar\">XML<\/a>)<\/strong><\/p>\n<p><strong>ARTIGOS CIENT\u00cdFICOS\/SCIENTIFIC ARTICLES<\/strong><\/p>\n<ul>\n<li>Retenci\u00f3n de carbono en rodales para la producci\u00f3n de madera en <em>Pinus caribaea<\/em> Morelet var.\u00a0<em>caribaea<\/em> B. &amp; G., en la regi\u00f3n de Tope de Collantes, Guamuhaya, Provincia Sancti Spiritus.\u00a0Carbon retention in forest stands in <em>Pinus caribaea<\/em> Morelet var. <em>caribaea<\/em> B. &amp; G. for wood\u00a0production in the region of Tope de Collantes, Guamuhaya, Sancti Spiritus Province. Alicia\u00a0MERCADET; Arnaldo \u00c1LVAREZ; Yolanis RODR\u00cdGUEZ; Luis M. G\u00d3MEZ; Manuel VALLE;\u00a0Roberto RAMOS; Dariel MORALES; Jes\u00fas TOLEDO; Jorge LE\u00d3N\u00a0<a style=\"line-height: 1.5em\" href=\"http:\/\/dx.doi.org\/10.4322\/rif.2014.001\">http:\/\/dx.doi.org\/10.4322\/rif.2014.001<\/a><\/li>\n<\/ul>\n<p style=\"text-align: right\"><a href=\"https:\/\/www.infraestruturameioambiente.sp.gov.br\/institutoflorestal\/wp-content\/uploads\/sites\/234\/2014\/10\/RIF26-1_7-15_DOI.pdf\"><strong>7-15<\/strong><\/a><\/p>\n<ul>\n<li>Composi\u00e7\u00e3o e estrutura da vegeta\u00e7\u00e3o rip\u00e1ria na sub-bacia do c\u00f3rrego do Cintra (Botucatu\u2013SP).\u00a0Composition and structure of the riparian forest in the sub-watershed of Cintra stream\u00a0(Botucatu\u2013SP). Ivalde BELLUTA; Jos\u00e9 Pedro Serra VALENTE; L\u00eddia Raquel de CARVALHO;\u00a0Assunta Maria Marques da SILVA; Vera Lex ENGEL<a href=\"http:\/\/dx.doi.org\/10.4322\/rif.2014.002\">http:\/\/dx.doi.org\/10.4322\/rif.2014.002<\/a><\/li>\n<\/ul>\n<p style=\"text-align: right\"><a href=\"https:\/\/www.infraestruturameioambiente.sp.gov.br\/institutoflorestal\/wp-content\/uploads\/sites\/234\/2014\/10\/RIF26-1_17-41_DOI.pdf\"><strong>17-41<\/strong><\/a><\/p>\n<ul>\n<li>Viveiros educadores como ferramenta de educa\u00e7\u00e3o ambiental no Brasil e suas quest\u00f5es jur\u00eddicas.\u00a0Educational plant nurseries as a tool for environmental education in Brazil and its legal issues.\u00a0Andr\u00e9 Gomes da ROCHA ; Paulo Henrique Peira RUFFINO; Matheus Gon\u00e7alves dos REIS\u00a0<a href=\"http:\/\/dx.doi.org\/10.4322\/rif.2014.003\">http:\/\/dx.doi.org\/10.4322\/rif.2014.003<\/a><\/li>\n<\/ul>\n<p style=\"text-align: right\"><a href=\"https:\/\/www.infraestruturameioambiente.sp.gov.br\/institutoflorestal\/wp-content\/uploads\/sites\/234\/2014\/10\/RIF26-1_43-53_DOI.pdf\"><strong>43-53<\/strong><\/a><\/p>\n<ul>\n<li>Educa\u00e7\u00e3o ambiental e a conserva\u00e7\u00e3o da on\u00e7a parda: potenciais das unidades de conserva\u00e7\u00e3o\u00a0do nordeste paulista. Environmental education and puma conservation: potentials of the\u00a0protected areas of northeastern S\u00e3o Paulo state (Brazil). Mayla Willk VALENTI; Sara Monise de\u00a0OLIVEIRA; Renata Alonso MIOTTO; Hayd\u00e9e Torres de OLIVEIRA\u00a0<a href=\"http:\/\/dx.doi.org\/10.4322\/rif.2014.004\">http:\/\/dx.doi.org\/10.4322\/rif.2014.004<\/a><\/li>\n<\/ul>\n<p style=\"text-align: right\"><a href=\"https:\/\/www.infraestruturameioambiente.sp.gov.br\/institutoflorestal\/wp-content\/uploads\/sites\/234\/2014\/10\/RIF26-1_55-69_DOI.pdf\"><strong>55-69<\/strong><\/a><\/p>\n<ul>\n<li>Estudo flor\u00edstico de segmentos de Mata Atl\u00e2ntica em Parelheiros, S\u00e3o Paulo, SP, para soltura de bugio-ruivo <em>Alouatta clamitans<\/em> (Cabrera, 1940). Floristic survey of Atlantic Rain Forest in\u00a0the District of Parelheiros, S\u00e3o Paulo, southeastern Brazil, for reintroduction of the Brown\u00a0Howler Monkey, <em>Alouatta clamitans<\/em> (Cabrera, 1940). Ricardo Jos\u00e9 Francischetti GARCIA;\u00a0Sumiko HONDA; Br\u00edgida Gomes FRIES\u00a0<a href=\"http:\/\/dx.doi.org\/10.4322\/rif.2014.005\">http:\/\/dx.doi.org\/10.4322\/rif.2014.005<\/a><\/li>\n<\/ul>\n<p style=\"text-align: right\"><a href=\"https:\/\/www.infraestruturameioambiente.sp.gov.br\/institutoflorestal\/wp-content\/uploads\/sites\/234\/2014\/10\/RIF26-1_71-87_DOI.pdf\"><strong>71-87<\/strong><\/a><\/p>\n<ul>\n<li>Meliaceae Juss. no N\u00facleo Curucutu, Parque Estadual da Serra do Mar, S\u00e3o Paulo \u2013 SP.\u00a0Meliaceae Juss. in Curucutu Nucleus, Serra do Mar State Park, S\u00e3o Paulo \u2013 SP. B\u00e1rbara\u00a0Fernandes MELLADO; Ricardo Jos\u00e9 Francischetti GARCIA\u00a0<a href=\"http:\/\/dx.doi.org\/10.4322\/rif.2014.006\"><span style=\"line-height: 1.5em\">http:\/\/dx.doi.org\/10.4322\/rif.2014.006<\/span><\/a><\/li>\n<\/ul>\n<p style=\"text-align: right\"><a href=\"https:\/\/www.infraestruturameioambiente.sp.gov.br\/institutoflorestal\/wp-content\/uploads\/sites\/234\/2014\/10\/RIF26-1_89-99_DOI.pdf\"><strong>89-99<\/strong><\/a><\/p>\n<ul>\n<li>Flora pteridof\u00edtica de fragmentos florestais do Parque Estadual de Vassununga \u2013 Santa Rita do\u00a0Passa Quatro, SP. Pteridophyte flora of forest fragments in Vassununga State Park \u2013 Santa Rita\u00a0do Passa Quatro, S\u00e3o Paulo, Brazil. \u00c1urea Maria Therezinha COLLI; Sonia Aparecida\u00a0de SOUZA-EVANGELISTA; Andr\u00e9 Lu\u00eds Teixeira de LUCCA<a href=\"http:\/\/dx.doi.org\/10.4322\/rif.2014.007\">http:\/\/dx.doi.org\/10.4322\/rif.2014.007<\/a><\/li>\n<\/ul>\n<p style=\"text-align: right\"><a href=\"https:\/\/www.infraestruturameioambiente.sp.gov.br\/institutoflorestal\/wp-content\/uploads\/sites\/234\/2014\/10\/RIF26-1_101-109_DOI.pdf\"><strong>101-109<\/strong><\/a><\/p>\n<p><strong>NOTA CIENT\u00cdFICA\/SCIENTIFIC NOTE<\/strong><\/p>\n<ul>\n<li>A new record of the Restinga Tyrannulet <em>Phylloscartes kronei<\/em> (Aves, Rynchocyclidae) at Ilha\u00a0do Cardoso State Park, southeastern Brazil (Scientific Note). Novo registro de maria-da-restinga, <em>Phylloscartes\u00a0kronei<\/em> (Aves, Rynchocyclidae) no Parque Estadual Ilha do Cardoso, Sudeste do Brasil (Nota Cient\u00edfica).\u00a0Augusto Jo\u00e3o PIRATELLI; Gabriela Rodrigues FAVORETTO\u00a0<a href=\"http:\/\/dx.doi.org\/10.4322\/rif.2014.008\">http:\/\/dx.doi.org\/10.4322\/rif.2014.008<\/a><\/li>\n<\/ul>\n<p style=\"text-align: right\"><a href=\"https:\/\/www.infraestruturameioambiente.sp.gov.br\/institutoflorestal\/wp-content\/uploads\/sites\/234\/2014\/10\/RIF26-1_111-115_DOI.pdf\"><strong>111-115<\/strong><\/a><\/p>\n<ul>\n<li>Proposta de certifica\u00e7\u00e3o de produtos em madeira laminada colada (Nota Cient\u00edfica). Certification in glued\u00a0laminated (Scientific Note). Francisco Raphael Cabral FURTADO; Rodrigo Figueiredo TEREZO\u00a0<a href=\"http:\/\/dx.doi.org\/10.4322\/rif.2014.009\"><span style=\"line-height: 1.5em\">http:\/\/dx.doi.org\/10.4322\/rif.2014.009<\/span><\/a><\/li>\n<\/ul>\n<p style=\"text-align: right\"><a href=\"https:\/\/www.infraestruturameioambiente.sp.gov.br\/institutoflorestal\/wp-content\/uploads\/sites\/234\/2014\/10\/RIF26-1_117-125_DOI.pdf\"><strong>117-125<\/strong><\/a><\/p>\n","protected":false},"excerpt":{"rendered":"<p>REVISTA V. 26, N. 1- Jun. 2014 &#8211; Revista Completa (PDF) (XML) ARTIGOS CIENT\u00cdFICOS\/SCIENTIFIC ARTICLES Retenci\u00f3n de carbono en rodales para la producci\u00f3n de madera en Pinus caribaea Morelet var.\u00a0caribaea B. &amp; G., en la regi\u00f3n de Tope de Collantes, Guamuhaya, Provincia Sancti Spiritus.\u00a0Carbon retention in forest stands in Pinus caribaea Morelet var. caribaea B. [&hellip;]<\/p>\n","protected":false},"author":46,"featured_media":0,"parent":2998,"menu_order":0,"comment_status":"closed","ping_status":"open","template":"","meta":[],"_links":{"self":[{"href":"https:\/\/www.infraestruturameioambiente.sp.gov.br\/institutoflorestal\/wp-json\/wp\/v2\/pages\/8174"}],"collection":[{"href":"https:\/\/www.infraestruturameioambiente.sp.gov.br\/institutoflorestal\/wp-json\/wp\/v2\/pages"}],"about":[{"href":"https:\/\/www.infraestruturameioambiente.sp.gov.br\/institutoflorestal\/wp-json\/wp\/v2\/types\/page"}],"author":[{"embeddable":true,"href":"https:\/\/www.infraestruturameioambiente.sp.gov.br\/institutoflorestal\/wp-json\/wp\/v2\/users\/46"}],"replies":[{"embeddable":true,"href":"https:\/\/www.infraestruturameioambiente.sp.gov.br\/institutoflorestal\/wp-json\/wp\/v2\/comments?post=8174"}],"version-history":[{"count":13,"href":"https:\/\/www.infraestruturameioambiente.sp.gov.br\/institutoflorestal\/wp-json\/wp\/v2\/pages\/8174\/revisions"}],"predecessor-version":[{"id":8710,"href":"https:\/\/www.infraestruturameioambiente.sp.gov.br\/institutoflorestal\/wp-json\/wp\/v2\/pages\/8174\/revisions\/8710"}],"up":[{"embeddable":true,"href":"https:\/\/www.infraestruturameioambiente.sp.gov.br\/institutoflorestal\/wp-json\/wp\/v2\/pages\/2998"}],"wp:attachment":[{"href":"https:\/\/www.infraestruturameioambiente.sp.gov.br\/institutoflorestal\/wp-json\/wp\/v2\/media?parent=8174"}],"curies":[{"name":"wp","href":"https:\/\/api.w.org\/{rel}","templated":true}]}}