{"id":7434,"date":"2014-04-11T11:36:04","date_gmt":"2014-04-11T14:36:04","guid":{"rendered":"https:\/\/www.infraestruturameioambiente.sp.gov.br\/institutoflorestal\/?page_id=7434"},"modified":"2014-05-07T09:51:40","modified_gmt":"2014-05-07T12:51:40","slug":"serelepe","status":"publish","type":"page","link":"https:\/\/www.infraestruturameioambiente.sp.gov.br\/institutoflorestal\/serelepe\/","title":{"rendered":"Serelepe"},"content":{"rendered":"<p><strong>O serelepe \u00e9 um encantador morador do Parque Estadual Alberto L\u00f6fgren. Pode ser encontrado do sudeste da Bahia ao norte do Rio Grande do Sul e possui h\u00e1bito diurno e arbor\u00edcola, preferindo estratos baixos e intermedi\u00e1rios de Mata Atl\u00e2ntica.<\/strong><\/p>\n<p><strong>Os esquilos possuem um importante papel na dispers\u00e3o de sementes em regi\u00f5es tropicais. Como outros mam\u00edferos de pequeno porte, s\u00e3o menos afetados pelos impactos da ca\u00e7a do que mam\u00edferos de m\u00e9dio e grande porte. Desta forma, deve ter importante fun\u00e7\u00e3o na recupera\u00e7\u00e3o de ambientes degradados e fragmentados. Embora bastante \u00e1geis, j\u00e1 foi registrado atropelamento de serelepe na \u00e1rea administrativa do Instituto Florestal.<\/strong><\/p>\n<p>&nbsp;<\/p>\n<div id=\"attachment_4401\" style=\"width: 610px\" class=\"wp-caption alignnone\"><a href=\"https:\/\/www.infraestruturameioambiente.sp.gov.br\/institutoflorestal\/wp-content\/uploads\/sites\/234\/2013\/09\/foto_news319_3.jpg\"><img aria-describedby=\"caption-attachment-4401\" decoding=\"async\" loading=\"lazy\" class=\"size-large wp-image-4401\" alt=\"serelepe ou esquilo\" src=\"https:\/\/www.infraestruturameioambiente.sp.gov.br\/institutoflorestal\/wp-content\/uploads\/sites\/234\/2013\/09\/foto_news319_3-600x667.jpg\" width=\"600\" height=\"667\" \/><\/a><p id=\"caption-attachment-4401\" class=\"wp-caption-text\">serelepe ou esquilo<\/p><\/div>\n<p>Foto: Paulo A. Muzio<em><\/em><\/p>\n","protected":false},"excerpt":{"rendered":"<p>O serelepe \u00e9 um encantador morador do Parque Estadual Alberto L\u00f6fgren. Pode ser encontrado do sudeste da Bahia ao norte do Rio Grande do Sul e possui h\u00e1bito diurno e arbor\u00edcola, preferindo estratos baixos e intermedi\u00e1rios de Mata Atl\u00e2ntica. Os esquilos possuem um importante papel na dispers\u00e3o de sementes em regi\u00f5es tropicais. Como outros mam\u00edferos [&hellip;]<\/p>\n","protected":false},"author":46,"featured_media":0,"parent":0,"menu_order":0,"comment_status":"closed","ping_status":"open","template":"","meta":[],"_links":{"self":[{"href":"https:\/\/www.infraestruturameioambiente.sp.gov.br\/institutoflorestal\/wp-json\/wp\/v2\/pages\/7434"}],"collection":[{"href":"https:\/\/www.infraestruturameioambiente.sp.gov.br\/institutoflorestal\/wp-json\/wp\/v2\/pages"}],"about":[{"href":"https:\/\/www.infraestruturameioambiente.sp.gov.br\/institutoflorestal\/wp-json\/wp\/v2\/types\/page"}],"author":[{"embeddable":true,"href":"https:\/\/www.infraestruturameioambiente.sp.gov.br\/institutoflorestal\/wp-json\/wp\/v2\/users\/46"}],"replies":[{"embeddable":true,"href":"https:\/\/www.infraestruturameioambiente.sp.gov.br\/institutoflorestal\/wp-json\/wp\/v2\/comments?post=7434"}],"version-history":[{"count":4,"href":"https:\/\/www.infraestruturameioambiente.sp.gov.br\/institutoflorestal\/wp-json\/wp\/v2\/pages\/7434\/revisions"}],"predecessor-version":[{"id":7654,"href":"https:\/\/www.infraestruturameioambiente.sp.gov.br\/institutoflorestal\/wp-json\/wp\/v2\/pages\/7434\/revisions\/7654"}],"wp:attachment":[{"href":"https:\/\/www.infraestruturameioambiente.sp.gov.br\/institutoflorestal\/wp-json\/wp\/v2\/media?parent=7434"}],"curies":[{"name":"wp","href":"https:\/\/api.w.org\/{rel}","templated":true}]}}