{"id":6404,"date":"2014-01-07T09:35:07","date_gmt":"2014-01-07T11:35:07","guid":{"rendered":"https:\/\/www.infraestruturameioambiente.sp.gov.br\/institutoflorestal\/?page_id=6404"},"modified":"2016-01-04T17:01:39","modified_gmt":"2016-01-04T19:01:39","slug":"eventos-2014","status":"publish","type":"page","link":"https:\/\/www.infraestruturameioambiente.sp.gov.br\/institutoflorestal\/inicio\/eventos-2014\/","title":{"rendered":"Eventos de 2014"},"content":{"rendered":"<h1><span style=\"font-size: 14px;line-height: 1.5em\">\u00a0<\/span><\/h1>\n<ul>\n<li><strong>Janeiro<\/strong><br \/>\n<strong>&#8212; 01\u00b0 de dezembro a 14 de mar\u00e7o:<\/strong> Exposi\u00e7\u00e3o\u00a0Arte pelo Patrim\u00f4nio Hist\u00f3rico do Meu Pa\u00eds &#8211; Local: Museu Florestal Oct\u00e1vio Vecchi, S\u00e3o Paulo.<br \/>\n<strong>&#8212; 27 a 29:<\/strong> 7\u00ba Curso de Hidrologia Florestal &#8211; Local:\u00a0Laborat\u00f3rio de Hidrologia Florestal Eng. Walter Emmerich, Cunha.<br \/>\n<strong>&#8212; 30 e 31:<\/strong>\u00a0Forma\u00e7\u00e3o de Formadores do Programa de Jovens \u2013 Meio Ambiente e Integra\u00e7\u00e3o Social (PJ-MAIS) &#8211; Local: RBCV, S\u00e3o Paulo.<\/li>\n<\/ul>\n<div>&#8212;&#8212;&#8212;&#8212;&#8212;&#8212;&#8212;&#8212;&#8212;&#8212;&#8212;&#8212;&#8212;&#8212;&#8212;&#8212;&#8212;&#8212;&#8212;&#8212;&#8212;&#8212;&#8212;&#8212;&#8212;&#8212;&#8212;&#8212;&#8212;&#8212;&#8212;&#8212;&#8212;&#8212;&#8212;&#8212;&#8212;&#8212;&#8212;&#8212;&#8212;&#8212;&#8212;&#8212;&#8212;&#8212;&#8212;&#8212;&#8212;&#8212;&#8211;<\/div>\n<ul>\n<li><strong>Fevereiro<\/strong><br \/>\n<strong>&#8212; 06 e 07:\u00a0<\/strong>Forma\u00e7\u00e3o de Formadores do Programa de Jovens \u2013 Meio Ambiente e Integra\u00e7\u00e3o Social (PJ-MAIS) &#8211; Local: RBCV, S\u00e3o Paulo.<br \/>\n<strong>&#8212; 10:<\/strong>\u00a0Workshop Dimensions US Biota S\u00e3o Paulo: integrando disciplinas para a medi\u00e7\u00e3o da biodiversidade da Floresta Atl\u00e2ntica no Brasil &#8211; Local: Fapesp &#8211;\u00a0<a href=\"https:\/\/www.infraestruturameioambiente.sp.gov.br\/institutoflorestal\/wp-content\/uploads\/sites\/234\/2014\/01\/sctc_informa_180.jpg\">pr\u00e9-inscri\u00e7\u00f5es<\/a>.<br \/>\n<strong>&#8212;<\/strong> <strong>11 a 14:<\/strong>\u00a0Workshop Dimensions US Biota S\u00e3o Paulo: integrando disciplinas para a medi\u00e7\u00e3o da biodiversidade da Floresta Atl\u00e2ntica no Brasil &#8211; Local:\u00a0Instituto Florestal, S\u00e3o Paulo.<br \/>\n<strong>&#8212; 10 a 22:\u00a0<\/strong>Curso de Ornitologia aplicada \u00e0 conserva\u00e7\u00e3o: t\u00e9cnicas para o diagn\u00f3stico, avalia\u00e7\u00e3o e monitoramento de assembleias de aves &#8211; Local: Instituto Florestal, S\u00e3o Paulo &#8211; <a href=\"https:\/\/www.infraestruturameioambiente.sp.gov.br\/institutoflorestal\/wp-content\/uploads\/sites\/234\/2014\/01\/sctc_informa_176.jpg\">programa\u00e7\u00e3o<\/a>.<\/li>\n<\/ul>\n<div>&#8212;&#8212;&#8212;&#8212;&#8212;&#8212;&#8212;&#8212;&#8212;&#8212;&#8212;&#8212;&#8212;&#8212;&#8212;&#8212;&#8212;&#8212;&#8212;&#8212;&#8212;&#8212;&#8212;&#8212;&#8212;&#8212;&#8212;&#8212;&#8212;&#8212;&#8212;&#8212;&#8212;&#8212;&#8212;&#8212;&#8212;&#8212;&#8212;&#8212;&#8212;&#8212;&#8212;&#8212;&#8212;&#8212;&#8212;&#8212;&#8212;&#8212;&#8211;<\/div>\n<ul>\n<li><strong>Mar\u00e7o<br \/>\n&#8211;14:<\/strong> Sa\u00fade da Mulher &#8211; A\u00e7\u00e3o Preventiva contra o c\u00e2ncer de colo de \u00fatero e c\u00e2ncer de mama. Local: Audit\u00f3rio do IF, S\u00e3o Paulo &#8211; <a href=\"https:\/\/www.infraestruturameioambiente.sp.gov.br\/institutoflorestal\/wp-content\/uploads\/sites\/234\/2014\/03\/sctc_informa_04_2014.jpg\">ver convite<\/a>.<strong><br \/>\n<\/strong><strong>&#8211;16\/03 a 20\/04: <\/strong>Cores d&#8217;\u00e1gua, grupo de aquarelistas, exposi\u00e7\u00e3o em comemora\u00e7\u00e3o ao dia da \u00e1gua (22\/03). Local: Museu Florestal Oct\u00e1vio Vecchi, S\u00e3o Paulo.<br \/>\n<strong>&#8212; 24: <\/strong>Curso de Forma\u00e7\u00e3o em Cria\u00e7\u00e3o de UCs &#8211; M\u00f3dulo 1 &#8211; Fundamentos para cria\u00e7\u00e3o de UCs &#8211; Local: S\u00e3o Paulo &#8211; <a href=\"https:\/\/www.infraestruturameioambiente.sp.gov.br\/institutoflorestal\/wp-content\/uploads\/sites\/234\/2014\/03\/sctc_informa_05_2014.jpg\">ver convite<\/a>.<br \/>\n<strong>&#8212; 24 a 28:<\/strong> Curso de identifica\u00e7\u00e3o Macrosc\u00f3pica de Madeira para a Pol\u00edcia Rodovi\u00e1ria Federal.<\/li>\n<\/ul>\n<div>&#8212;&#8212;&#8212;&#8212;&#8212;&#8212;&#8212;&#8212;&#8212;&#8212;&#8212;&#8212;&#8212;&#8212;&#8212;&#8212;&#8212;&#8212;&#8212;&#8212;&#8212;&#8212;&#8212;&#8212;&#8212;&#8212;&#8212;&#8212;&#8212;&#8212;&#8212;&#8212;&#8212;&#8212;&#8212;&#8212;&#8212;&#8212;&#8212;&#8212;&#8212;&#8212;&#8212;&#8212;&#8212;&#8212;&#8212;&#8212;&#8212;&#8212;&#8211;<\/div>\n<ul>\n<li><strong>Abril<br \/>\n&#8212; 16: <\/strong>Estagiando no Instituto Florestal. Local: Audit\u00f3rio do IF, S\u00e3o Paulo &#8211; <a href=\"https:\/\/www.infraestruturameioambiente.sp.gov.br\/institutoflorestal\/wp-content\/uploads\/sites\/234\/2014\/04\/sctc_informa_14_2014.jpg\">ver programa\u00e7\u00e3o<\/a>.<br \/>\n<strong>&#8212; 28:\u00a0<\/strong>Curso de Forma\u00e7\u00e3o em Cria\u00e7\u00e3o de UCs &#8211; M\u00f3dulo 2 &#8211; Identifica\u00e7\u00e3o de \u00e1reas potenciais e estudos de viabilidade para cria\u00e7\u00e3o de UCs &#8211; Local: S\u00e3o Paulo &#8211;\u00a0<a href=\"https:\/\/www.infraestruturameioambiente.sp.gov.br\/institutoflorestal\/wp-content\/uploads\/sites\/234\/2014\/03\/sctc_informa_05_2014.jpg\">ver convite<\/a>.<\/li>\n<\/ul>\n<div>&#8212;&#8212;&#8212;&#8212;&#8212;&#8212;&#8212;&#8212;&#8212;&#8212;&#8212;&#8212;&#8212;&#8212;&#8212;&#8212;&#8212;&#8212;&#8212;&#8212;&#8212;&#8212;&#8212;&#8212;&#8212;&#8212;&#8212;&#8212;&#8212;&#8212;&#8212;&#8212;&#8212;&#8212;&#8212;&#8212;&#8212;&#8212;&#8212;&#8212;&#8212;&#8212;&#8212;&#8212;&#8212;&#8212;&#8212;&#8212;&#8212;&#8212;&#8211;<\/div>\n<ul>\n<li><strong>Maio<br \/>\n<\/strong><strong>&#8212; 05 a 09:<\/strong><span style=\"font-weight: normal\">\u00a0Curso de identifica\u00e7\u00e3o Macrosc\u00f3pica de Madeira para a Pol\u00edcia Ambiental.<\/span><br \/>\n<strong>&#8212; 12 a 15:<\/strong> 21\u00ba Workshop em Manejo de Bacias Hidrogr\u00e1ficas &#8211; Local: Laborat\u00f3rio de Hidrologia Florestal Walter Emmerich, Parque Estadual da Serra do Mar &#8211; N\u00facleo Cunha, SP.<strong><br \/>\n&#8212; 15: <\/strong>2\u00ba Encontro sobre tecnologia em Silvicultura &#8211; FATEC\/Cap\u00e3o Bonito. Local: Museu Florestal Oct\u00e1vio Vecchi, S\u00e3o Paulo.<br \/>\n<strong>&#8212; 15 a 18: <\/strong>Exposi\u00e7\u00e3o sobre a conserva\u00e7\u00e3o da fauna silvestre paulista. Local: Shopping Center Iguatemi, S\u00e3o Carlos.<strong><br \/>\n<\/strong><strong>&#8212; 19:\u00a0<\/strong>Curso de Forma\u00e7\u00e3o em Cria\u00e7\u00e3o de UCs &#8211; M\u00f3dulo 3 &#8211; Proposi\u00e7\u00e3o de cen\u00e1rios e viabilidade pol\u00edtica institucional para cria\u00e7\u00e3o de UCs &#8211; Local: S\u00e3o Paulo &#8211;\u00a0<a href=\"https:\/\/www.infraestruturameioambiente.sp.gov.br\/institutoflorestal\/wp-content\/uploads\/sites\/234\/2014\/03\/sctc_informa_05_2014.jpg\">ver convite<\/a>.<br \/>\n<strong>&#8212; 27 e 28:<\/strong>\u00a02\u00ba curso \u201cAnimais Pe\u00e7onhentos \u2013 Esp\u00e9cies, preven\u00e7\u00e3o de acidentes e primeiros socorros\u201d. Local: Esta\u00e7\u00e3o Ecol\u00f3gica de Angatuba.<br \/>\n<strong>&#8212; 31:<\/strong> Palestra \u201cIntrodu\u00e7\u00e3o ao conhecimento das madeiras e suas caracter\u00edsticas\u201d\u00a0aos estudantes\u00a0e profissionais\u00a0do curso de extens\u00e3o &#8220;Zeladoria do Patrim\u00f4nio Hist\u00f3rico Edificado Paulista&#8221;, realizado pelo Museu de Arte Sacra, Faculdade S\u00e3o Bento e Est\u00fadio Saras\u00e1. Local: Museu Florestal Oct\u00e1vio (ap\u00f3s a palestra haver\u00e1 monitoria no laborat\u00f3rio de madeira).<\/li>\n<\/ul>\n<div>&#8212;&#8212;&#8212;&#8212;&#8212;&#8212;&#8212;&#8212;&#8212;&#8212;&#8212;&#8212;&#8212;&#8212;&#8212;&#8212;&#8212;&#8212;&#8212;&#8212;&#8212;&#8212;&#8212;&#8212;&#8212;&#8212;&#8212;&#8212;&#8212;&#8212;&#8212;&#8212;&#8212;&#8212;&#8212;&#8212;&#8212;&#8212;&#8212;&#8212;&#8212;&#8212;&#8212;&#8212;&#8212;&#8212;&#8212;&#8212;&#8212;&#8212;&#8211;<\/div>\n<ul>\n<li><strong>Junho<\/strong><br \/>\n<strong>&#8212; 05<\/strong>: Hist\u00f3ria Dobrada: Conta\u00e7\u00e3o de hist\u00f3ria com oficina de origami. Local: Museu Florestal Oct\u00e1vio Vecchi &#8211; <a href=\"https:\/\/www.infraestruturameioambiente.sp.gov.br\/institutoflorestal\/wp-content\/uploads\/sites\/234\/2014\/06\/sctc_informa_25_2014.jpg\">ver convite<\/a>.<br \/>\n<strong>&#8212; 09:<\/strong> Cerim\u00f4nia de Comemora\u00e7\u00e3o: 20 anos da Declara\u00e7\u00e3o da Reserva da Biosfera do Cintur\u00e3o Verde da Cidade de S\u00e3o Paulo. Local: Audit\u00f3rio do Instituto Florestal, S\u00e3o Paulo &#8211; <a href=\"https:\/\/www.infraestruturameioambiente.sp.gov.br\/institutoflorestal\/wp-content\/uploads\/sites\/234\/2014\/06\/sctc_informa_27_2014.jpg\">ver convite<\/a>.<br \/>\n<strong><\/strong><strong>&#8212; 11: <\/strong>2\u00ba Encontro sobre Engenharia Industrial Madeireira UNESP\/Itapeva &#8211; Instituto Florestal. Local: Audit\u00f3rio do Museu Florestal Oct\u00e1vio &#8211; <a href=\"https:\/\/www.infraestruturameioambiente.sp.gov.br\/institutoflorestal\/wp-content\/uploads\/sites\/234\/2014\/06\/sctc_informa_28_2014.jpg\">ver programa\u00e7\u00e3o<\/a>.<strong><br \/>\n<\/strong><strong>&#8212; 16:<\/strong>\u00a0Palestra: Orienta\u00e7\u00f5es, Preven\u00e7\u00f5es e Controle sobre a Dengue. Local: Audit\u00f3rio do Instituto Florestal, S\u00e3o Paulo &#8211; <a href=\"https:\/\/www.infraestruturameioambiente.sp.gov.br\/institutoflorestal\/wp-content\/uploads\/sites\/234\/2014\/06\/sctc_informa_26_2014.jpg\">ver convite<\/a>.<br \/>\n<strong><\/strong><br \/>\n&#8212;&#8212;&#8212;&#8212;&#8212;&#8212;&#8212;&#8212;&#8212;&#8212;&#8212;&#8212;&#8212;&#8212;&#8212;&#8212;&#8212;&#8212;&#8212;&#8212;&#8212;&#8212;&#8212;&#8212;&#8212;&#8212;&#8212;&#8212;&#8212;&#8212;&#8212;&#8212;&#8212;&#8212;&#8212;&#8212;&#8212;&#8212;&#8212;&#8212;&#8212;&#8212;&#8212;&#8212;&#8212;&#8212;&#8212;&#8212;&#8212;&#8212;&#8211;<\/li>\n<li><strong>Julho<br \/>\n<\/strong><strong>&#8212; 22 e 23: <\/strong>Semana de Capacita\u00e7\u00e3o T\u00e9cnica do Programa de Jovens &#8211; Meio Ambiente e Integra\u00e7\u00e3o Social (PJ-Mais)<br \/>\n<strong>&#8212; 24 a 28:<\/strong> Exposi\u00e7\u00e3o Olha o Bicho! &#8211; Local: Porto Ferreira, SP.<br \/>\n<strong>&#8212; 29:<\/strong>\u00a0Campanha be-a-ba das hepatites virais &#8211; bate-papo sobre hepatite e hipertens\u00e3o &#8211; UBS Mariquinha. Local: Audit\u00f3rio do IF, S\u00e3o Paulo.<\/li>\n<\/ul>\n<p>&#8212;&#8212;&#8212;&#8212;&#8212;&#8212;&#8212;&#8212;&#8212;&#8212;&#8212;&#8212;&#8212;&#8212;&#8212;&#8212;&#8212;&#8212;&#8212;&#8212;&#8212;&#8212;&#8212;&#8212;&#8212;&#8212;&#8212;&#8212;&#8212;&#8212;&#8212;&#8212;&#8212;&#8212;&#8212;&#8212;&#8212;&#8212;&#8212;&#8212;&#8212;&#8212;&#8212;&#8212;&#8212;&#8212;&#8212;&#8212;&#8212;&#8212;&#8211;<\/p>\n<ul>\n<li><strong>Agosto<\/strong><br \/>\n<strong>&#8212; 05 a 07:\u00a0<\/strong>8\u00ba Semin\u00e1rio de Inicia\u00e7\u00e3o Cient\u00edfica, PIBIC 2014 &#8211; Local: Audit\u00f3rio do IF, S\u00e3o Paulo.<br \/>\n<strong>&#8212; 22\/08 a 21\/09<\/strong>: Exposi\u00e7\u00e3o &#8216;Olha o bicho&#8217;. Local: Museu Florestal Oct\u00e1vio Vecchi, S\u00e3o Paulo.<br \/>\n<strong>&#8212; 14:<\/strong>\u00a0Ciclo de Palestras &#8211; &#8220;Medidas de mitiga\u00e7\u00e3o para o atropelamento de animais silvestres em Rodovias&#8221; &#8211; Msc. Fernanda D. Abra. Local: Audit\u00f3rio do IF, S\u00e3o Paulo &#8211; <a href=\"https:\/\/www.infraestruturameioambiente.sp.gov.br\/institutoflorestal\/wp-content\/uploads\/sites\/234\/2014\/08\/sctc_informa_32_2014.jpg\">ver convite<\/a>.<br \/>\n<strong>&#8212; 28:<\/strong> Audi\u00eancia P\u00fablica para cria\u00e7\u00e3o da Floresta Estadual do Noroeste Paulista. Local: \u00a0S\u00e3o Jos\u00e9 do Rio Preto.<strong><br \/>\n<\/strong><\/li>\n<\/ul>\n<p>&#8212;&#8212;&#8212;&#8212;&#8212;&#8212;&#8212;&#8212;&#8212;&#8212;&#8212;&#8212;&#8212;&#8212;&#8212;&#8212;&#8212;&#8212;&#8212;&#8212;&#8212;&#8212;&#8212;&#8212;&#8212;&#8212;&#8212;&#8212;&#8212;&#8212;&#8212;&#8212;&#8212;&#8212;&#8212;&#8212;&#8212;&#8212;&#8212;&#8212;&#8212;&#8212;&#8212;&#8212;&#8212;&#8212;&#8212;&#8212;&#8212;&#8212;&#8211;<\/p>\n<ul>\n<li><strong>Setembro<\/strong><br \/>\n<strong>&#8212; 19: <\/strong>Palestra de Comemora\u00e7\u00e3o do dia da \u00e1rvore &#8220;Conversando sobre a hist\u00f3ria da prote\u00e7\u00e3o das florestas no estado de S\u00e3o Paulo&#8221;. Local: Museu Florestal Oct\u00e1vio Vecchi, S\u00e3o Paulo &#8211; <a href=\"https:\/\/www.infraestruturameioambiente.sp.gov.br\/institutoflorestal\/wp-content\/uploads\/sites\/234\/2014\/09\/sctc_informa_34_2014.jpg\">ver convite<\/a>.<br \/>\n<strong>&#8212; 19 e 20:<\/strong> 8\u00ba Col\u00f3quio sobre Engenharia Florestal &#8211; <a href=\"https:\/\/www.infraestruturameioambiente.sp.gov.br\/institutoflorestal\/wp-content\/uploads\/sites\/234\/2014\/10\/sctc_informa_35_2014.jpg\">ver programa\u00e7\u00e3o<\/a>.<\/li>\n<\/ul>\n<p>&#8212;&#8212;&#8212;&#8212;&#8212;&#8212;&#8212;&#8212;&#8212;&#8212;&#8212;&#8212;&#8212;&#8212;&#8212;&#8212;&#8212;&#8212;&#8212;&#8212;&#8212;&#8212;&#8212;&#8212;&#8212;&#8212;&#8212;&#8212;&#8212;&#8212;&#8212;&#8212;&#8212;&#8212;&#8212;&#8212;&#8212;&#8212;&#8212;&#8212;&#8212;&#8212;&#8212;&#8212;&#8212;&#8212;&#8212;&#8212;&#8212;&#8212;&#8211;<\/p>\n<ul>\n<li><strong>Outubro<br \/>\n&#8212; 30: <\/strong>Florestas Sustent\u00e1veis no S\u00e9culo XXI: Desafios e Oportunidades &#8211; Dr. PhD Janaki Alavalapati &#8211; Faculdade de Recursos Naturais da Virginia Tech &#8211; <a href=\"https:\/\/www.infraestruturameioambiente.sp.gov.br\/institutoflorestal\/wp-content\/uploads\/sites\/234\/2014\/10\/sctc_informa_40_2014.jpg\">ver convite<\/a>.<strong><br \/>\n<\/strong><\/li>\n<\/ul>\n<p>&#8212;&#8212;&#8212;&#8212;&#8212;&#8212;&#8212;&#8212;&#8212;&#8212;&#8212;&#8212;&#8212;&#8212;&#8212;&#8212;&#8212;&#8212;&#8212;&#8212;&#8212;&#8212;&#8212;&#8212;&#8212;&#8212;&#8212;&#8212;&#8212;&#8212;&#8212;&#8212;&#8212;&#8212;&#8212;&#8212;&#8212;&#8212;&#8212;&#8212;&#8212;&#8212;&#8212;&#8212;&#8212;&#8212;&#8212;&#8212;&#8212;&#8212;&#8211;<\/p>\n<ul>\n<li><strong>Novembro<br \/>\n<\/strong><strong>&#8212; 11:<\/strong> 3\u00ba Semin\u00e1rio Frutos da Mata Atl\u00e2ntica: o sabor da biodiversidade. Local: S\u00e3o Paulo &#8211; <a href=\"https:\/\/www.infraestruturameioambiente.sp.gov.br\/institutoflorestal\/wp-content\/uploads\/sites\/234\/2014\/10\/sctc_informa_36_2014.jpg\">ver programa\u00e7\u00e3o<\/a>.<\/li>\n<\/ul>\n<p>&#8212;&#8212;&#8212;&#8212;&#8212;&#8212;&#8212;&#8212;&#8212;&#8212;&#8212;&#8212;&#8212;&#8212;&#8212;&#8212;&#8212;&#8212;&#8212;&#8212;&#8212;&#8212;&#8212;&#8212;&#8212;&#8212;&#8212;&#8212;&#8212;&#8212;&#8212;&#8212;&#8212;&#8212;&#8212;&#8212;&#8212;&#8212;&#8212;&#8212;&#8212;&#8212;&#8212;&#8212;&#8212;&#8212;&#8212;&#8212;&#8212;&#8212;&#8211;<\/p>\n<ul>\n<li><strong>Dezembro<br \/>\n<\/strong><strong>&#8212; 09 a 22\/02\/2014: \u00a0<\/strong>Arte pela Paz &#8211; Local: Museu Florestal Oct\u00e1vio Vecchi &#8211; <a href=\"https:\/\/www.infraestruturameioambiente.sp.gov.br\/institutoflorestal\/wp-content\/uploads\/sites\/234\/2014\/11\/sctc_informa_44_2014.jpg\">ver convite<\/a>.<\/li>\n<\/ul>\n","protected":false},"excerpt":{"rendered":"<p>\u00a0 Janeiro &#8212; 01\u00b0 de dezembro a 14 de mar\u00e7o: Exposi\u00e7\u00e3o\u00a0Arte pelo Patrim\u00f4nio Hist\u00f3rico do Meu Pa\u00eds &#8211; Local: Museu Florestal Oct\u00e1vio Vecchi, S\u00e3o Paulo. &#8212; 27 a 29: 7\u00ba Curso de Hidrologia Florestal &#8211; Local:\u00a0Laborat\u00f3rio de Hidrologia Florestal Eng. Walter Emmerich, Cunha. &#8212; 30 e 31:\u00a0Forma\u00e7\u00e3o de Formadores do Programa de Jovens \u2013 Meio [&hellip;]<\/p>\n","protected":false},"author":46,"featured_media":0,"parent":2236,"menu_order":2,"comment_status":"closed","ping_status":"open","template":"","meta":[],"_links":{"self":[{"href":"https:\/\/www.infraestruturameioambiente.sp.gov.br\/institutoflorestal\/wp-json\/wp\/v2\/pages\/6404"}],"collection":[{"href":"https:\/\/www.infraestruturameioambiente.sp.gov.br\/institutoflorestal\/wp-json\/wp\/v2\/pages"}],"about":[{"href":"https:\/\/www.infraestruturameioambiente.sp.gov.br\/institutoflorestal\/wp-json\/wp\/v2\/types\/page"}],"author":[{"embeddable":true,"href":"https:\/\/www.infraestruturameioambiente.sp.gov.br\/institutoflorestal\/wp-json\/wp\/v2\/users\/46"}],"replies":[{"embeddable":true,"href":"https:\/\/www.infraestruturameioambiente.sp.gov.br\/institutoflorestal\/wp-json\/wp\/v2\/comments?post=6404"}],"version-history":[{"count":59,"href":"https:\/\/www.infraestruturameioambiente.sp.gov.br\/institutoflorestal\/wp-json\/wp\/v2\/pages\/6404\/revisions"}],"predecessor-version":[{"id":10802,"href":"https:\/\/www.infraestruturameioambiente.sp.gov.br\/institutoflorestal\/wp-json\/wp\/v2\/pages\/6404\/revisions\/10802"}],"up":[{"embeddable":true,"href":"https:\/\/www.infraestruturameioambiente.sp.gov.br\/institutoflorestal\/wp-json\/wp\/v2\/pages\/2236"}],"wp:attachment":[{"href":"https:\/\/www.infraestruturameioambiente.sp.gov.br\/institutoflorestal\/wp-json\/wp\/v2\/media?parent=6404"}],"curies":[{"name":"wp","href":"https:\/\/api.w.org\/{rel}","templated":true}]}}