{"id":6228,"date":"2014-01-02T16:32:55","date_gmt":"2014-01-02T18:32:55","guid":{"rendered":"https:\/\/www.infraestruturameioambiente.sp.gov.br\/institutoflorestal\/?page_id=6228"},"modified":"2014-01-27T14:47:56","modified_gmt":"2014-01-27T16:47:56","slug":"bancos-de-germoplasma","status":"publish","type":"page","link":"https:\/\/www.infraestruturameioambiente.sp.gov.br\/institutoflorestal\/colecoes-e-acervos\/bancos-de-germoplasma\/","title":{"rendered":"Bancos de Germoplasma"},"content":{"rendered":"<p>&nbsp;<\/p>\n<div class=\"wc-gallery\"><div id='gallery-1' data-gutter-width='5' data-columns='3' class='gallery wc-gallery-captions-onhover gallery-link-file gallery-masonry galleryid-6228 gallery-columns-3 gallery-size-thumbnail wc-gallery-bottomspace-default wc-gallery-clear'><div class='gallery-item gallery-item-position-1 gallery-item-attachment-7036'>\n\t\t\t\t<div class='gallery-icon landscape'>\n\t\t\t\t\t<a href='https:\/\/www.infraestruturameioambiente.sp.gov.br\/institutoflorestal\/wp-content\/uploads\/sites\/234\/2014\/01\/Pinus-caribaea-bahamensis02_by-Genivaldo-Carvalho-600x666.jpg' title='Pinus-caribaea-bahamensis02_by-Genivaldo-Carvalho' target='_self'><img width=\"150\" height=\"150\" src=\"https:\/\/www.infraestruturameioambiente.sp.gov.br\/institutoflorestal\/wp-content\/uploads\/sites\/234\/2014\/01\/Pinus-caribaea-bahamensis02_by-Genivaldo-Carvalho-150x150.jpg\" class=\"attachment-thumbnail size-thumbnail\" alt=\"\" decoding=\"async\" loading=\"lazy\" \/><\/a>\n\t\t\t\t<\/div><\/div><div class='gallery-item gallery-item-position-2 gallery-item-attachment-7035'>\n\t\t\t\t<div class='gallery-icon landscape'>\n\t\t\t\t\t<a href='https:\/\/www.infraestruturameioambiente.sp.gov.br\/institutoflorestal\/wp-content\/uploads\/sites\/234\/2014\/01\/Pau-Marfim03_by-Genivaldo-Carvalho-600x667.jpg' title='Pau-Marfim03_by-Genivaldo-Carvalho' target='_self'><img width=\"150\" height=\"150\" src=\"https:\/\/www.infraestruturameioambiente.sp.gov.br\/institutoflorestal\/wp-content\/uploads\/sites\/234\/2014\/01\/Pau-Marfim03_by-Genivaldo-Carvalho-150x150.jpg\" class=\"attachment-thumbnail size-thumbnail\" alt=\"\" decoding=\"async\" loading=\"lazy\" \/><\/a>\n\t\t\t\t<\/div><\/div><div class='gallery-item gallery-item-position-3 gallery-item-attachment-1053'>\n\t\t\t\t<div class='gallery-icon landscape'>\n\t\t\t\t\t<a href='https:\/\/www.infraestruturameioambiente.sp.gov.br\/institutoflorestal\/wp-content\/uploads\/sites\/234\/2011\/07\/foto_news131_1.jpg' title='Cole\u00e7\u00e3o de germoplasma de Pinus oocarpa, na Floresta Estadual de Angatuba - Jarbas Shimizu' target='_self'><img width=\"150\" height=\"150\" src=\"https:\/\/www.infraestruturameioambiente.sp.gov.br\/institutoflorestal\/wp-content\/uploads\/sites\/234\/2011\/07\/foto_news131_1-150x150.jpg\" class=\"attachment-thumbnail size-thumbnail\" alt=\"\" decoding=\"async\" loading=\"lazy\" \/><\/a>\n\t\t\t\t<\/div><\/div><\/div>\n<\/div>\n<p>Instituto Florestal cria bancos de germoplasma e pesquisa esp\u00e9cies florestais desde 1962, com foco na prote\u00e7\u00e3o e no melhoramento gen\u00e9tico.<\/p>\n<p>O Instituto Florestal vem pesquisando a introdu\u00e7\u00e3o de esp\u00e9cies florestais\u00a0desde 1962. O Programa de Melhoramento Gen\u00e9tico Florestal foi formalizado em 12 de\u00a0abril de 1978, com a finalidade de definir prioridades para o melhoramento gen\u00e9tico,\u00a0estabelecer \u00e1reas de atua\u00e7\u00e3o e implanta\u00e7\u00e3o de sementes, bancos clonais, testes de\u00a0prog\u00eanies, \u00e1reas de produ\u00e7\u00e3o de sementes, testes de proced\u00eancia e outras atividades\u00a0referentes ao Melhoramento Florestal das esp\u00e9cies de interesse atual ou potencial.\u00a0A partir de 1987, com as primeiras prioridades atendidas, o programa passou\u00a0a ter outros objetivos como a obten\u00e7\u00e3o de sementes melhoradas a curto prazo para\u00a0atendimento da demanda interna.<\/p>\n<p>O Programa comp\u00f5e-se de dois subprogramas: Ess\u00eancias Nativas e Ess\u00eancias Ex\u00f3ticas, ambos baseados em coleta de sementes de \u00e1reas naturais para compor o Banco Ativo de Germoplasma. O trabalho do programa com esp\u00e9cies nativas tem como objetivo a conserva\u00e7\u00e3o de esp\u00e9cies, cujo n\u00famero de indiv\u00edduos em popula\u00e7\u00f5es naturais vem sendo reduzido, tendo como consequ\u00eancia o estreitamento da sua base gen\u00e9tica. Foram instalados ensaios diversos com 30 esp\u00e9cies consideradas priorit\u00e1rias. Entre elas: o ip\u00ea-amarelo, o jatob\u00e1, o jequitib\u00e1-rosa e o timburi. A propaga\u00e7\u00e3o vegetativa constitui instrumento imprescind\u00edvel para o subprograma de Ess\u00eancias Ex\u00f3ticas, objetivando a conserva\u00e7\u00e3o e o melhoramento gen\u00e9tico, bem como a forma\u00e7\u00e3o de bancos e pomares clonais.<\/p>\n","protected":false},"excerpt":{"rendered":"<p>&nbsp; Instituto Florestal cria bancos de germoplasma e pesquisa esp\u00e9cies florestais desde 1962, com foco na prote\u00e7\u00e3o e no melhoramento gen\u00e9tico. O Instituto Florestal vem pesquisando a introdu\u00e7\u00e3o de esp\u00e9cies florestais\u00a0desde 1962. O Programa de Melhoramento Gen\u00e9tico Florestal foi formalizado em 12 de\u00a0abril de 1978, com a finalidade de definir prioridades para o melhoramento gen\u00e9tico,\u00a0estabelecer [&hellip;]<\/p>\n","protected":false},"author":46,"featured_media":0,"parent":1785,"menu_order":0,"comment_status":"closed","ping_status":"open","template":"","meta":[],"_links":{"self":[{"href":"https:\/\/www.infraestruturameioambiente.sp.gov.br\/institutoflorestal\/wp-json\/wp\/v2\/pages\/6228"}],"collection":[{"href":"https:\/\/www.infraestruturameioambiente.sp.gov.br\/institutoflorestal\/wp-json\/wp\/v2\/pages"}],"about":[{"href":"https:\/\/www.infraestruturameioambiente.sp.gov.br\/institutoflorestal\/wp-json\/wp\/v2\/types\/page"}],"author":[{"embeddable":true,"href":"https:\/\/www.infraestruturameioambiente.sp.gov.br\/institutoflorestal\/wp-json\/wp\/v2\/users\/46"}],"replies":[{"embeddable":true,"href":"https:\/\/www.infraestruturameioambiente.sp.gov.br\/institutoflorestal\/wp-json\/wp\/v2\/comments?post=6228"}],"version-history":[{"count":8,"href":"https:\/\/www.infraestruturameioambiente.sp.gov.br\/institutoflorestal\/wp-json\/wp\/v2\/pages\/6228\/revisions"}],"predecessor-version":[{"id":7037,"href":"https:\/\/www.infraestruturameioambiente.sp.gov.br\/institutoflorestal\/wp-json\/wp\/v2\/pages\/6228\/revisions\/7037"}],"up":[{"embeddable":true,"href":"https:\/\/www.infraestruturameioambiente.sp.gov.br\/institutoflorestal\/wp-json\/wp\/v2\/pages\/1785"}],"wp:attachment":[{"href":"https:\/\/www.infraestruturameioambiente.sp.gov.br\/institutoflorestal\/wp-json\/wp\/v2\/media?parent=6228"}],"curies":[{"name":"wp","href":"https:\/\/api.w.org\/{rel}","templated":true}]}}