{"id":5944,"date":"2013-12-17T14:39:27","date_gmt":"2013-12-17T16:39:27","guid":{"rendered":"https:\/\/www.infraestruturameioambiente.sp.gov.br\/institutoflorestal\/?page_id=5944"},"modified":"2020-08-12T12:38:50","modified_gmt":"2020-08-12T15:38:50","slug":"sumario_n31","status":"publish","type":"page","link":"https:\/\/www.infraestruturameioambiente.sp.gov.br\/institutoflorestal\/publicacoes-if\/if-serie-registros\/sumario_n31\/","title":{"rendered":"IF S\u00e9rie Registros n\u00ba 31"},"content":{"rendered":"<p><strong>S\u00c9RIE REGISTROS N. 31, Jul. 2007: <a href=\"https:\/\/smastr20.blob.core.windows.net\/institutoflorestal\/serieregistros\/IFSR31\/IFSR31_IFSR31.pdf\" target=\"_blank\" rel=\"noopener noreferrer\">Revista Completa<\/a><\/strong><\/p>\n<p><strong>CONTE\u00daDO<\/strong><\/p>\n<ul>\n<li>Caracter\u00edsticas biom\u00e9tricas de mudas de ip\u00ea-felpudo (<em>Zeyheria tuberculosa<\/em>\u00a0(Vell.) Bureau) produzidas em diferentes solu\u00e7\u00f5es de fertirriga\u00e7\u00e3o. Ariana Mika INOUE; Isabele SARZI<\/li>\n<\/ul>\n<p style=\"text-align: right;\"><strong><a href=\"http:\/\/www.iflorestal.sp.gov.br\/RIF\/SerieRegistros\/IFSR31\/IFSR31_9-13.pdf\" target=\"_blank\" rel=\"noopener noreferrer\">9-13<\/a><\/strong><\/p>\n<ul>\n<li>Efeito da aplica\u00e7\u00e3o do extrato pirolenhoso na germina\u00e7\u00e3o e no desenvolvimento de mudas de<em>Pinus elliottii<\/em>\u00a0var.\u00a0<em>elliotti<\/em>i. Paulo Ramazzotti PORTO; Andr\u00e9 Eidi Nakaoka SAKITA; Massako NAKAOKASAKITA<\/li>\n<\/ul>\n<p style=\"text-align: right;\"><strong><a href=\"http:\/\/www.iflorestal.sp.gov.br\/RIF\/SerieRegistros\/IFSR31\/IFSR31_15-19.pdf\">15-19<\/a><\/strong><\/p>\n<ul>\n<li>Efeito da fertiliza\u00e7\u00e3o na varia\u00e7\u00e3o da densidade b\u00e1sica e densidade aparente em fun\u00e7\u00e3o da posi\u00e7\u00e3o radial na \u00e1rvore de\u00a0<em>Eucalyptus grandis<\/em>. Marcelo F\u00e1vero PAES; Israel Luiz de LIMA; Jos\u00e9 Nivaldo GARCIA; Sandra Monteiro Borges FLORSHEIM<\/li>\n<\/ul>\n<p style=\"text-align: right;\"><strong><a href=\"http:\/\/www.iflorestal.sp.gov.br\/RIF\/SerieRegistros\/IFSR31\/IFSR31_21-25.pdf\">21-25<\/a><\/strong><\/p>\n<ul>\n<li>Influ\u00eancia da idade e da posi\u00e7\u00e3o radial na densidade b\u00e1sica da madeira e dimens\u00f5es dos traque\u00eddeos em\u00a0<em>Pinus taeda<\/em>\u00a0L. Rita de C\u00e1ssia SOUSA; \u00c9rika Pinheiro GIOVANINI; Israel Luiz de LIMA; Sandra Monteiro Borges FLORSHEIM; Jos\u00e9 Nivaldo GARCIA<\/li>\n<\/ul>\n<p style=\"text-align: right;\"><strong><a href=\"http:\/\/www.iflorestal.sp.gov.br\/RIF\/SerieRegistros\/IFSR31\/IFSR31_27-32.pdf\">27-32<\/a><\/strong><\/p>\n<ul>\n<li>Influ\u00eancia do reflorestamento com ess\u00eancias nativas sobre a infiltra\u00e7\u00e3o da \u00e1gua e a velocidade do escoamento superficial. Alan LOUREN\u00c7\u00c3O; Eliane Akiko HONDA<\/li>\n<\/ul>\n<p style=\"text-align: right;\"><strong><a href=\"http:\/\/www.iflorestal.sp.gov.br\/RIF\/SerieRegistros\/IFSR31\/IFSR31_33-37.pdf\">33-37<\/a><\/strong><\/p>\n<ul>\n<li>Invent\u00e1rio dos povoamentos da Floresta Estadual de Assis. Rafael Manente BOIAGO; Mauricio Romero GORENSTEIN; Osmar VILAS B\u00d4AS; Jos\u00e9bio Esteves GOMES; Jos\u00e9 Carlos Molina MAX<\/li>\n<\/ul>\n<p style=\"text-align: right;\"><strong><a href=\"http:\/\/www.iflorestal.sp.gov.br\/RIF\/SerieRegistros\/IFSR31\/IFSR31_39-43.pdf\">39-43<\/a><\/strong><\/p>\n<ul>\n<li>Morfologia, anatomia do lenho e densidade b\u00e1sica de\u00a0<em>Croton floribundus<\/em>\u00a0Spreng e\u00a0<em>Croton macrobothrys<\/em>\u00a0Baillon. Tatiana Cestini GOUVEIA; Sandra Monteiro Borges FLORSHEIM; Jo\u00e3o Aur\u00e9lio PASTORE; Osny Tadeu deAGUIAR; Israel Luiz de LIMA<\/li>\n<\/ul>\n<p style=\"text-align: right;\"><strong><a href=\"http:\/\/www.iflorestal.sp.gov.br\/RIF\/SerieRegistros\/IFSR31\/IFSR31_45-49.pdf\">45-49<\/a><\/strong><\/p>\n<ul>\n<li>Produ\u00e7\u00e3o de mudas de ip\u00ea-roxo-de-bola (<em>Tabebuia impetiginosa<\/em>\u00a0(Mart.) Standley)) variando as solu\u00e7\u00f5es de fertirriga\u00e7\u00e3o. Ariana Mika INOUE; Isabele SARZI<\/li>\n<\/ul>\n<p style=\"text-align: right;\"><strong><a href=\"http:\/\/www.iflorestal.sp.gov.br\/RIF\/SerieRegistros\/IFSR31\/IFSR31_51-55.pdf\">51-55<\/a><\/strong><\/p>\n<ul>\n<li>Utiliza\u00e7\u00e3o do extrato pirolenhoso na germina\u00e7\u00e3o e no desenvolvimento inicial de mudas de<em>Anadenanthera macrocarpa<\/em>\u00a0(Benth.) Brenan. Andr\u00e9 Eidi Nakaoka SAKITA; Paulo Ramazzotti PORTO; Massako NAKAOKA SAKITA<\/li>\n<\/ul>\n<p style=\"text-align: right;\"><strong><a href=\"http:\/\/www.iflorestal.sp.gov.br\/RIF\/SerieRegistros\/IFSR31\/IFSR31_57-61.pdf\">57-61<\/a><\/strong><\/p>\n<p style=\"text-align: left;\">CI\u00caNCIAS AMBIENTAIS<\/p>\n<ul>\n<li>A\u00e7\u00f5es de educa\u00e7\u00e3o ambiental no Museu Oct\u00e1vio Vecchi. J\u00e9ssica do Nascimento SOUZA; Elaine Aparecida RODRIGUES; Rejane ESTEVES<\/li>\n<\/ul>\n<p style=\"text-align: right;\"><strong><a href=\"http:\/\/www.iflorestal.sp.gov.br\/RIF\/SerieRegistros\/IFSR31\/IFSR31_65-69.pdf\">65-69<\/a><\/strong><\/p>\n<ul>\n<li>Compara\u00e7\u00e3o da composi\u00e7\u00e3o e estrutura de duas florestas secund\u00e1rias sob diferentes condi\u00e7\u00f5es ambientais, Juquitiba!SP. RodrigoTrassi POLISEL ;Geraldo Ant\u00f4nio Daher Corr\u00eaa FRANCO<\/li>\n<\/ul>\n<p style=\"text-align: right;\"><strong><a href=\"http:\/\/www.iflorestal.sp.gov.br\/RIF\/SerieRegistros\/IFSR31\/IFSR31_71-75.pdf\">71-75<\/a><\/strong><\/p>\n<ul>\n<li>O C\u00f3rrego Trememb\u00e9 pede ajuda: possibilidades e limites da renaturaliza\u00e7\u00e3o de rios urbanos. Larissa da Silva AUGUSTO; Anderson Dantas dos SANTOS; Danielle Abrah\u00e3o CHAGAS; Elaine Aparecida RODRIGUES<\/li>\n<\/ul>\n<p style=\"text-align: right;\"><strong><a href=\"http:\/\/www.iflorestal.sp.gov.br\/RIF\/SerieRegistros\/IFSR31\/IFSR31_77-81.pdf\">77-81<\/a><\/strong><\/p>\n<ul>\n<li>Implanta\u00e7\u00e3o de trilha ecol\u00f3gica para educa\u00e7\u00e3o ambiental em \u00e1rea de mata ciliar na Floresta Estadual de Assis, Instituto Florestal, SP. Viviane Soares RAMOS; Wilson Aparecido CONTI\u00c9RI; Cristiano BRAGA;Alessandra TeixeiraMARIANO; Luana de Tilio CHIQUETO; Eur\u00edpedes Garcia dos SANTOS<\/li>\n<\/ul>\n<p style=\"text-align: right;\"><strong><a href=\"http:\/\/www.iflorestal.sp.gov.br\/RIF\/SerieRegistros\/IFSR31\/IFSR31_83-87.pdf\">83-87<\/a><\/strong><\/p>\n<ul>\n<li>Invent\u00e1rio florestal do Estado de S\u00e3o Paulo !MataAtl\u00e2ntica da regi\u00e3o do Litoral eVale do Ribeira. Lucas Fernandes Pereira DIAS; Ciro Koiti MATSUKUMA<\/li>\n<\/ul>\n<p style=\"text-align: right;\"><strong><a href=\"http:\/\/www.iflorestal.sp.gov.br\/RIF\/SerieRegistros\/IFSR31\/IFSR31_89-92.pdf\">89-92<\/a><\/strong><\/p>\n<ul>\n<li>Invent\u00e1rio florestal do Estado de S\u00e3o Paulo &#8211; Monitoramento da cobertura vegetal natural da Regi\u00e3o Administrativa do Vale do Para\u00edba. M\u00f4nica PAV\u00c3O; Ewerton TALPO<\/li>\n<\/ul>\n<p style=\"text-align: right;\"><strong><a href=\"http:\/\/www.iflorestal.sp.gov.br\/RIF\/SerieRegistros\/IFSR31\/IFSR31_93-96.pdf\">93-96<\/a><\/strong><\/p>\n<ul>\n<li>Mapeamento e quantifica\u00e7\u00e3o da vegeta\u00e7\u00e3o natural das \u00e1reas de preserva\u00e7\u00e3o permanente da Unidade de Gerenciamento de Recursos H\u00eddricos do Alto Paranapanema. Marina Mitsue KANASHIRO; Bruno Oliveira e SOUZA<\/li>\n<\/ul>\n<p style=\"text-align: right;\"><strong><a href=\"http:\/\/www.iflorestal.sp.gov.br\/RIF\/SerieRegistros\/IFSR31\/IFSR31_97-102.pdf\">97-102<\/a><\/strong><\/p>\n<ul>\n<li>N\u00facleo de Treinamento Jovens Viveiristas um segmento de inclus\u00e3o social em Pindamonhangaba. Jo\u00e3o Bosco da SILVA; La\u00e9rcio Toledo CORT\u00caZ<\/li>\n<\/ul>\n<p style=\"text-align: right;\"><strong><a href=\"http:\/\/www.iflorestal.sp.gov.br\/RIF\/SerieRegistros\/IFSR31\/IFSR31_103-106.pdf\">103-106<\/a><\/strong><\/p>\n<ul>\n<li>Percep\u00e7\u00e3o dos funcion\u00e1rios residentes no Parque Estadual Alberto L\u00f6fgren sobre o conceito de posse respons\u00e1vel. \u00c1gata Cobos SALGADO; Lenon Candido SALES;Daniela Alves Pereira deANDRADE; Elaine Aparecida RODRIGUES<\/li>\n<\/ul>\n<p style=\"text-align: right;\"><strong><a href=\"http:\/\/www.iflorestal.sp.gov.br\/RIF\/SerieRegistros\/IFSR31\/IFSR31_107-111.pdf\">107-111<\/a><\/strong><\/p>\n<ul>\n<li>O perfil dos visitantes do Parque Estadual do Morro do Diabo (PEMD &#8211; SP). Juliana Ferreira de CASTRO; Helder Henrique de FARIA; Andr\u00e9a Soares PIRES; Felipe Augusto Santos SILVA<\/li>\n<\/ul>\n<p style=\"text-align: right;\"><strong><a href=\"http:\/\/www.iflorestal.sp.gov.br\/RIF\/SerieRegistros\/IFSR31\/IFSR31_113-116.pdf\">113-116<\/a><\/strong><\/p>\n<ul>\n<li>Programa de Uso P\u00fablico do Parque Estadual de Porto Ferreira. Patr\u00edcia CARREIRO; Maisa Iandra Marciano dos SANTOS; Paulo Roberto de OLIVEIRA; Sonia Aparecida de SOUZA<\/li>\n<\/ul>\n<p style=\"text-align: right;\"><strong><a href=\"http:\/\/www.iflorestal.sp.gov.br\/RIF\/SerieRegistros\/IFSR31\/IFSR31_117-121.pdf\">117-121<\/a><\/strong><\/p>\n<ul>\n<li>As reservas da biosfera urbanas na promo\u00e7\u00e3o do protagonismo juvenil e da conserva\u00e7\u00e3o ambiental: o caso da Reserva da Biosfera do Cintur\u00e3o Verde da Cidade de S\u00e3o Paulo. Daniela Alves Pereira de ANDRADE; Elaine Aparecida RODRIGUES<\/li>\n<\/ul>\n<p style=\"text-align: right;\"><strong><a href=\"http:\/\/www.iflorestal.sp.gov.br\/RIF\/SerieRegistros\/IFSR31\/IFSR31_123-128.pdf\">123-128<\/a><\/strong><\/p>\n<ul>\n<li>Os servi\u00e7os ecossist\u00eamicos e a import\u00e2ncia das florestas urbanas. Rochelle Lima Ramos dos SANTOS; Andressa Albuquerque Nunes RIBEIRO; Ana Carolina de Freitas Miura SANTOS; Thais Soares NEVES; Elaine Aparecida RODRIGUES; Geraldo Ant\u00f4nio Daher Corr\u00eaa FRANCO<\/li>\n<\/ul>\n<p style=\"text-align: right;\"><strong><a href=\"http:\/\/www.iflorestal.sp.gov.br\/RIF\/SerieRegistros\/IFSR31\/IFSR31_129-134.pdf\">129-134<\/a><\/strong><\/p>\n<p style=\"text-align: left;\">CI\u00caNCIAS BIOL\u00d3GICAS<\/p>\n<ul>\n<li>\u00c1rvores da Floresta Estacional Semidecidual: guia de identifica\u00e7\u00e3o. Viviane Soares RAMOS; Giselda DURIGAN; Geraldo Ant\u00f4nio Daher Corr\u00eaa FRANCO; Marinez Ferrreira de SIQUEIRA; Ricardo Ribeiro RODRIGUES<\/li>\n<\/ul>\n<p style=\"text-align: right;\"><strong><a href=\"http:\/\/www.iflorestal.sp.gov.br\/RIF\/SerieRegistros\/IFSR31\/IFSR31_137-141.pdf\">137-141<\/a><\/strong><\/p>\n<ul>\n<li>Avalia\u00e7\u00e3o do desenvolvimento de algumas esp\u00e9cies do Arboreto Comemorativo dos 500 Anos do Brasil. Marcelo Augusto BONUCCI; Anderson NIENISKIS; Lu\u00eds Alberto BUCCI; Guenji YAMAZOE; Douglas J\u00fanior HYDE<\/li>\n<\/ul>\n<p style=\"text-align: right;\"><strong><a href=\"http:\/\/www.iflorestal.sp.gov.br\/RIF\/SerieRegistros\/IFSR31\/IFSR31_143-146.pdf\">143-146<\/a><\/strong><\/p>\n<ul>\n<li>Avalia\u00e7\u00e3o do potencial de bugios (<em>Alouatta clamitans<\/em>\u00a0, Cabrera, 1940) (Primates: Atelidae) como dispersores de sementes no Parque Estadual da Cantareira. Adriano Peres RIBEIRO; Marcio PORT-CARVALHO; Osny Tadeu deAGUIAR; Isabele SARZI<\/li>\n<\/ul>\n<p style=\"text-align: right;\"><strong><a href=\"http:\/\/www.iflorestal.sp.gov.br\/RIF\/SerieRegistros\/IFSR31\/IFSR31_147-151.pdf\">147-151<\/a><\/strong><\/p>\n<ul>\n<li>Biomassa a\u00e9rea e de ra\u00edzes em \u00e1rvores de reflorestamentos heterog\u00eaneos no Vale do Paranapanema, SP. HelmutWerner FORSTER;Antonio Carlos Galv\u00e3o de MELO<\/li>\n<\/ul>\n<p style=\"text-align: right;\"><strong><a href=\"http:\/\/www.iflorestal.sp.gov.br\/RIF\/SerieRegistros\/IFSR31\/IFSR31_153-157.pdf\">153-157<\/a><\/strong><\/p>\n<ul>\n<li>Carpoteca do Herb\u00e1rio D. Bento Pickel: organiza\u00e7\u00e3o e incremento. Rita de C\u00e1ssia SOUSA; Rejane ESTEVES; Jo\u00e3o Aur\u00e9lio PASTORE<\/li>\n<\/ul>\n<p style=\"text-align: right;\"><strong><a href=\"http:\/\/www.iflorestal.sp.gov.br\/RIF\/SerieRegistros\/IFSR31\/IFSR31_159-162.pdf\">159-162<\/a><\/strong><\/p>\n<ul>\n<li>Composi\u00e7\u00e3o flor\u00edstica do estrato arb\u00f3reo de trecho de Floresta Ombr\u00f3fila Densa Montana Secund\u00e1ria, Parque Estadual da Cantareira, S\u00e3o Paulo, SP. Frederico Alexandre Roccia Dal Pozzo ARZOLLA; Francisco Eduardo Silva Pinto VILELA; Gl\u00e1ucia Cortez Ramos de PAULA; George John SHEPHERD; Victor GREGORATO; Camila da Silva NUNES<\/li>\n<\/ul>\n<p style=\"text-align: right;\"><strong><a href=\"http:\/\/www.iflorestal.sp.gov.br\/RIF\/SerieRegistros\/IFSR31\/IFSR31_163-166.pdf\">163-166<\/a><\/strong><\/p>\n<ul>\n<li>Consumo de frutos de\u00a0<em>Euterpe edulis<\/em>\u00a0Martius (Arecaceae) por vertebrados no Parque Estadual Alberto L\u00f6fgren, S\u00e3o Paulo, Sudeste do Brasil. Carolina M. CERISOLA; Alexsander Zamorano ANTUNES; Marcio PORT-CARVALHO<\/li>\n<\/ul>\n<p style=\"text-align: right;\"><strong><a href=\"http:\/\/www.iflorestal.sp.gov.br\/RIF\/SerieRegistros\/IFSR31\/IFSR31_167-171.pdf\">167-171<\/a><\/strong><\/p>\n<ul>\n<li>Ecofisiologia da germina\u00e7\u00e3o de sementes de\u00a0<em>Calophyllum brasiliensis<\/em>\u00a0Camb. CharlesAdriano da Rosa FERREIRA; M\u00e1rcia Balistiero FIGLIOLIA; Leonice Pereira da Cruz ROBERTO<\/li>\n<\/ul>\n<p style=\"text-align: right;\"><strong><a href=\"http:\/\/www.iflorestal.sp.gov.br\/RIF\/SerieRegistros\/IFSR31\/IFSR31_173-178.pdf\">173-178<\/a><\/strong><\/p>\n<ul>\n<li>Ecofisiologia da germina\u00e7\u00e3o de sementes de\u00a0<em>Lonchocarpus guillemineanus<\/em>\u00a0(Tull.) Malme. Paulo Roberto dos SANTOS; Edson HAUAUINI; M\u00e1rcia Balistiero FIGLIOLIA; Leonice Pereira da Cruz ROBERTO<\/li>\n<\/ul>\n<p style=\"text-align: right;\"><strong><a href=\"http:\/\/www.iflorestal.sp.gov.br\/RIF\/SerieRegistros\/IFSR31\/IFSR31_179-183.pdf\">179-183<\/a><\/strong><\/p>\n<ul>\n<li>Estrutura populacional de pl\u00e2ntulas de\u00a0<em>Platymiscium floribundum<\/em>\u00a0Vog. no Parque Estadual da Cantareira, S\u00e3o Paulo &#8211; SP. Reynaldo NAKASHIMA; M\u00e1rcia Balistiero FIGLIOLIA<\/li>\n<\/ul>\n<p style=\"text-align: right;\"><strong><a href=\"http:\/\/www.iflorestal.sp.gov.br\/RIF\/SerieRegistros\/IFSR31\/IFSR31_185-189.pdf\">185-189<\/a><\/strong><\/p>\n<ul>\n<li>Estudo de matura\u00e7\u00e3o de uma esp\u00e9cie de restinga,\u00a0<em>Tibouchina pulchra<\/em>\u00a0(manac\u00e1-da-praia). S\u00e9rgio Roberto Garcia dos SANTOS; Daniele Coutinho dos SANTOS<\/li>\n<\/ul>\n<p style=\"text-align: right;\"><strong><a href=\"http:\/\/www.iflorestal.sp.gov.br\/RIF\/SerieRegistros\/IFSR31\/IFSR31_191-195.pdf\">191-195<\/a><\/strong><\/p>\n<ul>\n<li>Frugivoria e preda\u00e7\u00e3o de sementes por aves no Parque Estadual Alberto L\u00f6fgren, S\u00e3o Paulo, SP. Felipe Yamada FONSECA; Alexsander Zamorano ANTUNES<\/li>\n<\/ul>\n<p style=\"text-align: right;\"><strong><a href=\"http:\/\/www.iflorestal.sp.gov.br\/RIF\/SerieRegistros\/IFSR31\/IFSR31_197-201.pdf\">197-201<\/a><\/strong><\/p>\n<ul>\n<li>Germina\u00e7\u00e3o de sementes de\u00a0<em>Aspidosperma polyneuron<\/em>\u00a0M. Arg. (peroba rosa) sob diferentes condi\u00e7\u00f5es de qualidades de luz e temperatura. Andr\u00e9 Eidi Nakaoka SAKITA; Ant\u00f4nio da SILVA; Rinaldo Cesar de PAULA<\/li>\n<\/ul>\n<p style=\"text-align: right;\"><strong><a href=\"http:\/\/www.iflorestal.sp.gov.br\/RIF\/SerieRegistros\/IFSR31\/IFSR31_203-207.pdf\">203-207<\/a><\/strong><\/p>\n<ul>\n<li>Levantamento do acervo da Cole\u00e7\u00e3o Bot\u00e2nica da Floresta Estadual de Assis. Tarita Kelly da Silva HOMSE; Silvana Cristina Pereira Muniz de SOUZA; Giselda DURIGAN<\/li>\n<\/ul>\n<p style=\"text-align: right;\"><strong><a href=\"http:\/\/www.iflorestal.sp.gov.br\/RIF\/SerieRegistros\/IFSR31\/IFSR31_209-211.pdf\">209-211<\/a><\/strong><\/p>\n<ul>\n<li>Monitoramento da anurofauna de serrapilheira na \u00e1rea de influ\u00eancia da Linha de Transmiss\u00e3o Guarulhos-Anhanguera, no interior do Parque Estadual da Cantareira, S\u00e3o Paulo, SP. Gl\u00e1ucia Cortez Ramos de PAULA; Frederico Alexandre Roccia Dal Pozzo ARZOLLA; Francisco Eduardo Silva Pinto VILELA; Camila da Silva NUNES;Victor GREGORATO<\/li>\n<\/ul>\n<p style=\"text-align: right;\"><strong><a href=\"http:\/\/www.iflorestal.sp.gov.br\/RIF\/SerieRegistros\/IFSR31\/IFSR31_213-217.pdf\">213-217<\/a><\/strong><\/p>\n<ul>\n<li>Monitoramento de plantios de restaura\u00e7\u00e3o de florestas ciliares: Microbacia do Ribeir\u00e3o S\u00e3o Jo\u00e3o, Mineiros do Tiet\u00ea, SP. \u00c9rica Danila IGN\u00c1CIO; Cl\u00e1udia Mira ATTANASIO; Maria Teresa Zugliani TONIATO<\/li>\n<\/ul>\n<p style=\"text-align: right;\"><strong><a href=\"http:\/\/www.iflorestal.sp.gov.br\/RIF\/SerieRegistros\/IFSR31\/IFSR31_219-223.pdf\">219-223<\/a><\/strong><\/p>\n<ul>\n<li>Regenera\u00e7\u00e3o natural sob diferentes modelos de plantio de mata ciliar em regi\u00e3o de cerrado, no munic\u00edpio de Assis (SP). Francisco Ferreira de Miranda SANTOS; Antonio Carlos Galv\u00e3o de MELO; Giselda DURIGAN<\/li>\n<\/ul>\n<p style=\"text-align: right;\"><strong><a href=\"http:\/\/www.iflorestal.sp.gov.br\/RIF\/SerieRegistros\/IFSR31\/IFSR31_225-228.pdf\">225-228<\/a><\/strong><\/p>\n<ul>\n<li>Varia\u00e7\u00e3o gen\u00e9tica para caracteres silviculturais em prog\u00eanies de\u00a0<em>Eucalyptus camaldulensis<\/em>procedentes de Victoria River, Austr\u00e1lia. Marcela Aparecida de MORAES; Antonio Carlos Scatena ZANATTO; Miguel Luiz Menezes FREITAS<\/li>\n<\/ul>\n<p style=\"text-align: right;\"><strong><a href=\"http:\/\/www.iflorestal.sp.gov.br\/RIF\/SerieRegistros\/IFSR31\/IFSR31_229-232.pdf\">229-232<\/a><\/strong><\/p>\n<ul>\n<li>A vegeta\u00e7\u00e3o do Parque Estadual de Furnas do Bom Jesus (Pedregulho, SP): lacunas do conhecimento e \u00e1reas priorit\u00e1rias para pesquisa. Natalia GUERIN; Amanda de F\u00e1tima Martin CATARUCCI; Isabel Fernandes de AguiarMATTOS; Nat\u00e1lia Macedo IVANAUSKAS<\/li>\n<\/ul>\n<p style=\"text-align: right;\"><strong><a href=\"http:\/\/www.iflorestal.sp.gov.br\/RIF\/SerieRegistros\/IFSR31\/IFSR31_233-237.pdf\">233-237<\/a><\/strong><\/p>\n<ul>\n<li>Balan\u00e7o de massa em microbacia experimental com Mata Atl\u00e2ntica, na Serra do Mar, Cunha-SP. C\u00edntia Ferreira DONATO; Maur\u00edcio RANZINI; Valdir de CICCO; Francisco Carlos Soriano ARCOVA; L\u00edvia Fagnani Sanchez de SOUZA<\/li>\n<\/ul>\n<p style=\"text-align: right;\"><strong><a href=\"http:\/\/www.iflorestal.sp.gov.br\/RIF\/SerieRegistros\/IFSR31\/IFSR31_241-246.pdf\">241-246<\/a><\/strong><\/p>\n<ul>\n<li>Caracteriza\u00e7\u00e3o f\u00edsico-qu\u00edmica da \u00e1gua em reservat\u00f3rio situado em bacia hidrogr\u00e1fica florestada. Victor Lopes BRACCIALLI; Eliane Akiko HONDA; Erico Casare NIZOLI; Karine Baldo de G\u00caNOVA<\/li>\n<\/ul>\n<p style=\"text-align: right;\"><strong><a href=\"http:\/\/www.iflorestal.sp.gov.br\/RIF\/SerieRegistros\/IFSR31\/IFSR31_247-251.pdf\">247-251<\/a><\/strong><\/p>\n<ul>\n<li>Caracteriza\u00e7\u00e3o hipsom\u00e9trica e clinigr\u00e1fica da Esta\u00e7\u00e3o Ecol\u00f3gica de Ibicatu (SP). Carla M. de ARRUDA; Amanda de F\u00e1tima Martin CATARUCCI; Inaya Fukai MODLER; Rui Marconi PFEIFER<\/li>\n<\/ul>\n<p style=\"text-align: right;\"><strong><a href=\"http:\/\/www.iflorestal.sp.gov.br\/RIF\/SerieRegistros\/IFSR31\/IFSR31_253-257.pdf\">253-257<\/a><\/strong><\/p>\n<ul>\n<li>Detec\u00e7\u00e3o de\u00a0<em>Tibouchina<\/em>\u00a0em ortofotos digitais munic\u00edpios de Campos do Jord\u00e3o e S\u00e3o Bento do Sapuca\u00ed. Aion Angelu Ferraz SILVA; Ciro Koiti MATSUKUMA<\/li>\n<\/ul>\n<p style=\"text-align: right;\"><strong><a href=\"http:\/\/www.iflorestal.sp.gov.br\/RIF\/SerieRegistros\/IFSR31\/IFSR31_259-262.pdf\">259-262<\/a><\/strong><\/p>\n<ul>\n<li>Diagn\u00f3stico da hidrologia superficial da Esta\u00e7\u00e3o Ecol\u00f3gica de Ribeir\u00e3o Preto como contribui\u00e7\u00e3o \u00e0 elabora\u00e7\u00e3o de seu plano de manejo. L\u00edvia Fagnani Sanchez de SOUZA; Francisco Carlos Soriano ARCOVA; Maur\u00edcio RANZINI; Valdir de CICCO; Cristina F. P.<\/li>\n<\/ul>\n<p style=\"text-align: right;\"><strong><a href=\"http:\/\/www.iflorestal.sp.gov.br\/RIF\/SerieRegistros\/IFSR31\/IFSR31_263-268.pdf\">263-268<\/a><\/strong><\/p>\n<ul>\n<li>Estudos pluviom\u00e9tricos na regi\u00e3o do Parque Estadual das Furnas do Bom Jesus, SP. Alexandre VIOTTO; Valdir de CICCO; Francisco Carlos Soriano ARCOVA; Maur\u00edcio RANZINI; Jo\u00e3o Batista Amaro dos SANTOS<\/li>\n<\/ul>\n<p style=\"text-align: right;\"><strong><a href=\"http:\/\/www.iflorestal.sp.gov.br\/RIF\/SerieRegistros\/IFSR31\/IFSR31_269-273.pdf\">269-273<\/a><\/strong><\/p>\n<ul>\n<li>Influ\u00eancia dos elementos do meio f\u00edsico geologia, geomorfologia e solos na distribui\u00e7\u00e3o de Cerrado e Floresta Estacional Semidecidual na Esta\u00e7\u00e3o Ecol\u00f3gica de Angatuba, SP. Inaya Fukai MODLER; Isabel Fernandes de Aguiar MATTOS; Marcio ROSSI<\/li>\n<\/ul>\n<p style=\"text-align: right;\"><strong><a href=\"http:\/\/www.iflorestal.sp.gov.br\/RIF\/SerieRegistros\/IFSR31\/IFSR31_275-280.pdf\">275-280<\/a><\/strong><\/p>\n<ul>\n<li>Intercepta\u00e7\u00e3o da chuva em diferentes modelos de plantio de restaura\u00e7\u00e3o de mata ciliar em regi\u00e3o de cerrado. Karine Baldo de G\u00caNOVA; Eliane Akiko HONDA;Giselda DURIGAN<\/li>\n<\/ul>\n<p style=\"text-align: right;\"><strong><a href=\"http:\/\/www.iflorestal.sp.gov.br\/RIF\/SerieRegistros\/IFSR31\/IFSR31_281-285.pdf\">281-285<\/a><\/strong><\/p>\n<ul>\n<li>Rela\u00e7\u00e3o solo-vegeta\u00e7\u00e3o na Esta\u00e7\u00e3o Ecol\u00f3gica de Paulo de Faria. Amanda de F\u00e1tima Martin CATARUCCI; Isabel Fernandes de Aguiar MATTOS; Marcio ROSSI; Rui Marconi PFEIFER<\/li>\n<\/ul>\n<p style=\"text-align: right;\"><strong><a href=\"http:\/\/www.iflorestal.sp.gov.br\/RIF\/SerieRegistros\/IFSR31\/IFSR31_287-291.pdf\">287-291<\/a><\/strong><\/p>\n<ul>\n<li>T\u00e9cnicas de an\u00e1lise paisag\u00edstica e sistema de informa\u00e7\u00f5es geogr\u00e1ficas: subs\u00eddios para o planejamento ecotur\u00edstico no Parque Estadual do Morro do Diabo, S\u00e3o Paulo, Brasil. Felipe Augusto Santos SILVA; Helder Henrique de FARIA; Andr\u00e9a Soares PIRES; Juliana Ferreira de CASTRO<\/li>\n<\/ul>\n<p style=\"text-align: right;\"><strong><a href=\"http:\/\/www.iflorestal.sp.gov.br\/RIF\/SerieRegistros\/IFSR31\/IFSR31_293-296.pdf\">293-296<\/a><\/strong><\/p>\n","protected":false},"excerpt":{"rendered":"<p>S\u00c9RIE REGISTROS N. 31, Jul. 2007: Revista Completa CONTE\u00daDO Caracter\u00edsticas biom\u00e9tricas de mudas de ip\u00ea-felpudo (Zeyheria tuberculosa\u00a0(Vell.) Bureau) produzidas em diferentes solu\u00e7\u00f5es de fertirriga\u00e7\u00e3o. Ariana Mika INOUE; Isabele SARZI 9-13 Efeito da aplica\u00e7\u00e3o do extrato pirolenhoso na germina\u00e7\u00e3o e no desenvolvimento de mudas dePinus elliottii\u00a0var.\u00a0elliottii. Paulo Ramazzotti PORTO; Andr\u00e9 Eidi Nakaoka SAKITA; Massako NAKAOKASAKITA 15-19 [&hellip;]<\/p>\n","protected":false},"author":102,"featured_media":0,"parent":2992,"menu_order":0,"comment_status":"closed","ping_status":"open","template":"","meta":[],"_links":{"self":[{"href":"https:\/\/www.infraestruturameioambiente.sp.gov.br\/institutoflorestal\/wp-json\/wp\/v2\/pages\/5944"}],"collection":[{"href":"https:\/\/www.infraestruturameioambiente.sp.gov.br\/institutoflorestal\/wp-json\/wp\/v2\/pages"}],"about":[{"href":"https:\/\/www.infraestruturameioambiente.sp.gov.br\/institutoflorestal\/wp-json\/wp\/v2\/types\/page"}],"author":[{"embeddable":true,"href":"https:\/\/www.infraestruturameioambiente.sp.gov.br\/institutoflorestal\/wp-json\/wp\/v2\/users\/102"}],"replies":[{"embeddable":true,"href":"https:\/\/www.infraestruturameioambiente.sp.gov.br\/institutoflorestal\/wp-json\/wp\/v2\/comments?post=5944"}],"version-history":[{"count":7,"href":"https:\/\/www.infraestruturameioambiente.sp.gov.br\/institutoflorestal\/wp-json\/wp\/v2\/pages\/5944\/revisions"}],"predecessor-version":[{"id":19633,"href":"https:\/\/www.infraestruturameioambiente.sp.gov.br\/institutoflorestal\/wp-json\/wp\/v2\/pages\/5944\/revisions\/19633"}],"up":[{"embeddable":true,"href":"https:\/\/www.infraestruturameioambiente.sp.gov.br\/institutoflorestal\/wp-json\/wp\/v2\/pages\/2992"}],"wp:attachment":[{"href":"https:\/\/www.infraestruturameioambiente.sp.gov.br\/institutoflorestal\/wp-json\/wp\/v2\/media?parent=5944"}],"curies":[{"name":"wp","href":"https:\/\/api.w.org\/{rel}","templated":true}]}}