{"id":56,"date":"2012-01-24T17:11:53","date_gmt":"2012-01-24T19:11:53","guid":{"rendered":"https:\/\/www.infraestruturameioambiente.sp.gov.br\/institutoflorestal\/?page_id=56"},"modified":"2023-08-17T13:33:05","modified_gmt":"2023-08-17T16:33:05","slug":"animais-silvestres","status":"publish","type":"page","link":"https:\/\/www.infraestruturameioambiente.sp.gov.br\/institutoflorestal\/pesquisa\/animais-silvestres\/","title":{"rendered":"Animais Silvestres"},"content":{"rendered":"<div class=\"wc-gallery\"><div id='gallery-1' data-gutter-width='5' data-columns='3' class='gallery wc-gallery-captions-onhover gallery-link-file gallery-masonry galleryid-56 gallery-columns-3 gallery-size-thumbnail wc-gallery-bottomspace-default wc-gallery-clear'><div class='gallery-item gallery-item-position-1 gallery-item-attachment-57'>\n\t\t\t\t<div class='gallery-icon landscape'>\n\t\t\t\t\t<a href='https:\/\/www.infraestruturameioambiente.sp.gov.br\/institutoflorestal\/wp-content\/uploads\/sites\/234\/2012\/01\/animais_silvestres2.jpg' title='animais_silvestres2' target='_self'><img width=\"150\" height=\"131\" src=\"https:\/\/www.infraestruturameioambiente.sp.gov.br\/institutoflorestal\/wp-content\/uploads\/sites\/234\/2012\/01\/animais_silvestres2-150x131.jpg\" class=\"attachment-thumbnail size-thumbnail\" alt=\"\" decoding=\"async\" loading=\"lazy\" \/><\/a>\n\t\t\t\t<\/div>\n\t\t\t\t\t<div class='wp-caption-text gallery-caption'>\n\t\t\t\t\t\t<p>\n\t\t\t\t\t\tGrupo de quatis (Nasua nasua) forrageando em ambiente alterado. Foto: Eduardo Morell\n\t\t\t\t\t\t<\/p>\n\t\t\t\t\t<\/div><\/div><div class='gallery-item gallery-item-position-2 gallery-item-attachment-58'>\n\t\t\t\t<div class='gallery-icon landscape'>\n\t\t\t\t\t<a href='https:\/\/www.infraestruturameioambiente.sp.gov.br\/institutoflorestal\/wp-content\/uploads\/sites\/234\/2012\/01\/intinerantes.jpg' title='intinerantes' target='_self'><img width=\"150\" height=\"127\" src=\"https:\/\/www.infraestruturameioambiente.sp.gov.br\/institutoflorestal\/wp-content\/uploads\/sites\/234\/2012\/01\/intinerantes-150x127.jpg\" class=\"attachment-thumbnail size-thumbnail\" alt=\"\" decoding=\"async\" loading=\"lazy\" \/><\/a>\n\t\t\t\t<\/div>\n\t\t\t\t\t<div class='wp-caption-text gallery-caption'>\n\t\t\t\t\t\t<p>\n\t\t\t\t\t\tSa\u00ed-azul (Dacnis cayana), ave on\u00edvora, que ocorre tanto nas copas quanto nas bordas das matas. Foto: Marcio Port-Carvalho\n\t\t\t\t\t\t<\/p>\n\t\t\t\t\t<\/div><\/div><div class='gallery-item gallery-item-position-3 gallery-item-attachment-7117'>\n\t\t\t\t<div class='gallery-icon landscape'>\n\t\t\t\t\t<a href='https:\/\/www.infraestruturameioambiente.sp.gov.br\/institutoflorestal\/wp-content\/uploads\/sites\/234\/2012\/01\/MG_1523-600x667.jpg' title='' target='_self'><img width=\"150\" height=\"150\" src=\"https:\/\/www.infraestruturameioambiente.sp.gov.br\/institutoflorestal\/wp-content\/uploads\/sites\/234\/2012\/01\/MG_1523-150x150.jpg\" class=\"attachment-thumbnail size-thumbnail\" alt=\"\" decoding=\"async\" loading=\"lazy\" \/><\/a>\n\t\t\t\t<\/div><\/div><\/div>\n<\/div>\n<p><strong>LINHAS DE PESQUISA<\/strong><\/p>\n<ul>\n<li>Diagn\u00f3stico e monitoramento da fauna de vertebrados terrestres em \u00e1reas de vegeta\u00e7\u00e3o nativa e plantios florestais<\/li>\n<li>Ecologia e distribui\u00e7\u00e3o de esp\u00e9cies<\/li>\n<li>Ecologia de comunidades<\/li>\n<li>Intera\u00e7\u00f5es animais e vegetais<\/li>\n<li>Comportamento animal<\/li>\n<li>Conserva\u00e7\u00e3o da fauna<\/li>\n<\/ul>\n<p><strong>ATIVIDADES<\/strong><\/p>\n<ul>\n<li>Levantamento e monitoramento da fauna em Unidades de Conserva\u00e7\u00e3o;<\/li>\n<li>Avalia\u00e7\u00e3o da fauna em Planos de Manejo de Unidades de Conserva\u00e7\u00e3o;<\/li>\n<li>Pesquisas sobre ecologia de comunidades de aves;<\/li>\n<li>Avalia\u00e7\u00e3o de impacto ambiental e elabora\u00e7\u00e3o de laudos e pareceres para mitiga\u00e7\u00e3o e compensa\u00e7\u00e3o;<\/li>\n<\/ul>\n<p>&nbsp;<\/p>\n<p>O Laborat\u00f3rio da Se\u00e7\u00e3o de Animais Silvestres desenvolve, nas Unidades de Conserva\u00e7\u00e3o, levantamentos, estudos do comportamento das esp\u00e9cies da fauna, visando sua melhor conserva\u00e7\u00e3o.<\/p>\n","protected":false},"excerpt":{"rendered":"<p>LINHAS DE PESQUISA Diagn\u00f3stico e monitoramento da fauna de vertebrados terrestres em \u00e1reas de vegeta\u00e7\u00e3o nativa e plantios florestais Ecologia e distribui\u00e7\u00e3o de esp\u00e9cies Ecologia de comunidades Intera\u00e7\u00f5es animais e vegetais Comportamento animal Conserva\u00e7\u00e3o da fauna ATIVIDADES Levantamento e monitoramento da fauna em Unidades de Conserva\u00e7\u00e3o; Avalia\u00e7\u00e3o da fauna em Planos de Manejo de Unidades [&hellip;]<\/p>\n","protected":false},"author":1,"featured_media":0,"parent":1751,"menu_order":1,"comment_status":"closed","ping_status":"closed","template":"","meta":[],"_links":{"self":[{"href":"https:\/\/www.infraestruturameioambiente.sp.gov.br\/institutoflorestal\/wp-json\/wp\/v2\/pages\/56"}],"collection":[{"href":"https:\/\/www.infraestruturameioambiente.sp.gov.br\/institutoflorestal\/wp-json\/wp\/v2\/pages"}],"about":[{"href":"https:\/\/www.infraestruturameioambiente.sp.gov.br\/institutoflorestal\/wp-json\/wp\/v2\/types\/page"}],"author":[{"embeddable":true,"href":"https:\/\/www.infraestruturameioambiente.sp.gov.br\/institutoflorestal\/wp-json\/wp\/v2\/users\/1"}],"replies":[{"embeddable":true,"href":"https:\/\/www.infraestruturameioambiente.sp.gov.br\/institutoflorestal\/wp-json\/wp\/v2\/comments?post=56"}],"version-history":[{"count":27,"href":"https:\/\/www.infraestruturameioambiente.sp.gov.br\/institutoflorestal\/wp-json\/wp\/v2\/pages\/56\/revisions"}],"predecessor-version":[{"id":21045,"href":"https:\/\/www.infraestruturameioambiente.sp.gov.br\/institutoflorestal\/wp-json\/wp\/v2\/pages\/56\/revisions\/21045"}],"up":[{"embeddable":true,"href":"https:\/\/www.infraestruturameioambiente.sp.gov.br\/institutoflorestal\/wp-json\/wp\/v2\/pages\/1751"}],"wp:attachment":[{"href":"https:\/\/www.infraestruturameioambiente.sp.gov.br\/institutoflorestal\/wp-json\/wp\/v2\/media?parent=56"}],"curies":[{"name":"wp","href":"https:\/\/api.w.org\/{rel}","templated":true}]}}