{"id":5,"date":"2012-01-24T16:05:08","date_gmt":"2012-01-24T18:05:08","guid":{"rendered":"https:\/\/www.infraestruturameioambiente.sp.gov.br\/institutoflorestal\/?page_id=5"},"modified":"2021-03-23T10:34:52","modified_gmt":"2021-03-23T13:34:52","slug":"corpo-tecnico","status":"publish","type":"page","link":"https:\/\/www.infraestruturameioambiente.sp.gov.br\/institutoflorestal\/o-instituto\/corpo-tecnico\/","title":{"rendered":"Corpo T\u00e9cnico"},"content":{"rendered":"<p>Clique no nome para visualizar o curr\u00edculo na Plataforma Lattes<\/p>\n<ul>\n<li><strong><a href=\"http:\/\/lattes.cnpq.br\/6045239883609764\">Aida Sanae Sato<\/a><\/strong><br \/>\nAssistente T\u00e9cnico de Pesquisa Cient\u00edfica e Tecnol\u00f3gica (SEMENTES)<\/li>\n<li><a href=\"http:\/\/lattes.cnpq.br\/0117991430017777\"><strong>Alcinea Guimar\u00e3es de Castro<\/strong><\/a><br \/>\nDoutora em Engenharia Mec\u00e2nica: \u00c1rea de Meio Ambiente e Agr\u00e1ria<\/li>\n<li><a href=\"http:\/\/lattes.cnpq.br\/5727620465127101\"><strong>Alexandre Magno Sebbenn<\/strong><br \/>\n<\/a>Pesquisador Cient\u00edfico (CONSERVA\u00c7\u00c3O GEN\u00c9TICA E MELHORAMENTO FLORESTAL)<\/li>\n<li><strong><a href=\"http:\/\/lattes.cnpq.br\/1026927557754161\">Alexsander Zamorano Antunes<\/a><\/strong><br \/>\nPesquisador Cient\u00edfico (ECOLOGIA DE AVES E BIOLOGIA DA CONSERVA\u00c7\u00c3O)<\/li>\n<li><strong>Ananias de Almeida Saraiva Pontinha<\/strong><br \/>\nPesquisador Cient\u00edfico (RECURSOS ENERG\u00c9TICOS FLORESTAIS)<\/li>\n<li><strong>Andr\u00e9 Luiz Teixeira de Lucca<\/strong><br \/>\nAssistente T\u00e9cnico de Pesquisa Cient\u00edfica e Tecnol\u00f3gica<\/li>\n<li><a href=\"http:\/\/lattes.cnpq.br\/3085982200828146\"><strong>Andr\u00e9a Soares Pires<\/strong><br \/>\n<\/a>Pesquisador Cient\u00edfico (GEOTECNOLOGIAS E GEST\u00c3O DE UCs)<\/li>\n<li><a href=\"http:\/\/lattes.cnpq.br\/9761063757749056\"><strong>Ant\u00f4nio Carlos Galv\u00e3o de Melo<\/strong><br \/>\n<\/a>Analista de Recursos Ambientais (RESTAURA\u00c7\u00c3O ECOL\u00d3GICA)<\/li>\n<li><a href=\"http:\/\/lattes.cnpq.br\/8280273769534790\"><strong>Antonio da Silva<\/strong><br \/>\n<\/a>Pesquisador Cient\u00edfico (SEMENTES)<\/li>\n<li><strong>Antonio Orlando da Luz Freire Neto<\/strong><br \/>\nPesquisador Cient\u00edfico<\/li>\n<li><strong><a href=\"http:\/\/lattes.cnpq.br\/6657268480933827\">Ciro Koiti Matsukuma<\/a><\/strong><br \/>\nPesquisador Cient\u00edfico (INVENT\u00c1RIO FLORESTAL)<\/li>\n<li><strong><a href=\"http:\/\/lattes.cnpq.br\/0330399026603370\">Claudio de Moura<\/a><\/strong><br \/>\nPesquisador Cient\u00edfico (CONSERVA\u00c7\u00c3O DA BIODIVERSIDADE)<\/li>\n<li><strong><a href=\"http:\/\/lattes.cnpq.br\/4232650628308832\">Cristina de Marco Santiago<\/a><\/strong><br \/>\nPesquisador Cient\u00edfico (MANEJO DE \u00c1REAS SILVESTRES)<\/li>\n<li><strong><a href=\"http:\/\/lattes.cnpq.br\/1158708971730133\">Cybele de Oliveira Araujo<\/a><\/strong><br \/>\nPesquisador Cient\u00edfico (AVALIA\u00c7\u00c3O DE IMPACTOS AMBIENTAIS. ECOLOGIA E CONSERVA\u00c7\u00c3O DE ANF\u00cdBIOS E R\u00c9PTEIS)<\/li>\n<li><strong><a href=\"http:\/\/lattes.cnpq.br\/1132905402951897\">Daniela Fessel Bertani<\/a><\/strong><br \/>\nPesquisador Cient\u00edfico (POPULA\u00c7\u00d5ES VEGETAIS)<\/li>\n<li><a href=\"http:\/\/lattes.cnpq.br\/2138490440065664\"><strong>Denise Zanchetta<\/strong><br \/>\n<\/a>Pesquisador Cient\u00edfico (MANEJO DE \u00c1REAS SILVESTRES)<\/li>\n<li><a href=\"http:\/\/lattes.cnpq.br\/1345752657394694\"><strong>Dimas Ant\u00f4nio da Silva<\/strong><br \/>\n<\/a>Pesquisador Cient\u00edfico (PLANEJAMENTO DE UCs)<\/li>\n<li><a href=\"http:\/\/lattes.cnpq.br\/1411803946391084\"><strong>Edgar Fernando de Luca<\/strong><br \/>\n<\/a>Pesquisador Cient\u00edfico (MANEJO FLORESTAL E SOLOS)<\/li>\n<li><a href=\"http:\/\/lattes.cnpq.br\/9268347207438461\"><strong>Eduardo Luiz Longui<\/strong><br \/>\n<\/a>Pesquisador Cient\u00edfico (ANATOMIA E PROPRIEDADES DA MADEIRA)<\/li>\n<li><a href=\"http:\/\/lattes.cnpq.br\/2127987150663678\"><strong>Elaine Aparecida Rodrigues<\/strong><br \/>\n<\/a>Pesquisador Cient\u00edfico (ECONOMIA DOS RECURSOS NATURAIS E POPULARIZA\u00c7\u00c3O DA CI\u00caNCIA)<\/li>\n<li><strong>Eliana M. Rangel de Almeida<\/strong><br \/>\nAnalista de Recursos Ambientais<\/li>\n<li><a href=\"http:\/\/lattes.cnpq.br\/7917504920169972\"><strong>Eliane Akiko Honda<\/strong><br \/>\n<\/a>Pesquisador Cient\u00edfico (USO DO SOLO E HIDROLOGIA)<\/li>\n<li><strong><a href=\"http:\/\/lattes.cnpq.br\/5265115061722867\">Fausto Pires de Campos<\/a><\/strong><br \/>\nAnalista Ambiental (CONSERVA\u00c7\u00c3O DE \u00c1REAS PROTEGIDAS: PESQUISA DE AVES MARINHAS INSULARES)<\/li>\n<li><a href=\"http:\/\/lattes.cnpq.br\/5812436388092429\"><strong>Fernando D\u00e9scio<\/strong><\/a><br \/>\nPesquisador Cient\u00edfico<\/li>\n<li><a href=\"http:\/\/lattes.cnpq.br\/7063938667576676\"><strong>Francisco Carlos Soriano Arcova<\/strong><br \/>\n<\/a>Pesquisador Cient\u00edfico (HIDROLOGIA FLORESTAL)<\/li>\n<li><strong>Francisco de Souza Fernandes<\/strong><br \/>\nAssistente T\u00e9cnico de Pesquisa Cient\u00edfica e Tecnol\u00f3gica<\/li>\n<li><a href=\"http:\/\/lattes.cnpq.br\/3225634362465818\"><strong>Francisco Eduardo Silva Pinto Vilela<\/strong><br \/>\n<\/a>Pesquisador Cient\u00edfico (RECURSOS E ENGENHARIAS FLORESTAIS, CONSERVA\u00c7\u00c3O DA NATUREZA)<\/li>\n<li><a href=\"http:\/\/lattes.cnpq.br\/4406424754694144\"><strong>Frederico Alexandre Roccia Dal Pozzo Arzolla<\/strong><br \/>\n<\/a>Pesquisador Cient\u00edfico (MANEJO E CONSERVA\u00c7\u00c3O DE \u00c1REAS SILVESTRES, FLOR\u00cdSTICA E FITOSSOCIOLOGIA DE FLORESTAS)<\/li>\n<li><a href=\"http:\/\/lattes.cnpq.br\/9457977306535550\"><strong>Geraldo Antonio Daher Corr\u00eaa Franco<\/strong><br \/>\n<\/a>Pesquisador Cient\u00edfico (FITOSSOCIOLOGIA, FLOR\u00cdSTICA, CHAVE DE IDENTIFICA\u00c7\u00c3O, FLORESTA ESTACIONAL SEMIDECIDUAL, SIMILARIDADE FLOR\u00cdSTICA E ESTRATIFICA\u00c7\u00c3O)<\/li>\n<li><a href=\"http:\/\/lattes.cnpq.br\/6907261164017372\"><strong>Giselda Durigan<\/strong><br \/>\n<\/a>Pesquisador Cient\u00edfico (ECOLOGIA &#8211; CONSERVA\u00c7\u00c3O E RESTAURA\u00c7\u00c3O DE CERRADO, MATA CILIAR E FLORESTAL ESTACIONAL SEMIDECIDUAL)<\/li>\n<li><a href=\"http:\/\/lattes.cnpq.br\/0914015195585878\"><strong>Gl\u00e1ucia Cortez Ramos de Paula<\/strong><br \/>\n<\/a>Pesquisador Cient\u00edfico (RECURSOS E ENGENHARIA FLORESTAIS COM \u00caNFASE EM CONSERVA\u00c7\u00c3O DA NATUREZA)<\/li>\n<li><a href=\"http:\/\/lattes.cnpq.br\/3962944134870684\"><strong>Helder Henrique de Faria<\/strong><br \/>\n<\/a>Pesquisador Cient\u00edfico (GEST\u00c3O DE UCs, PLANEJAMENTO AMBIENTAL, SILVICULTURA DE ESS\u00caNCIAS NATIVAS E RECUPERA\u00c7\u00c3O DE \u00c1REAS DEGRADADAS)<\/li>\n<li><a href=\"http:\/\/lattes.cnpq.br\/0597896011849889\"><strong>Helena Dutra Lutgens<\/strong><br \/>\n<\/a>Pesquisador Cient\u00edfico (ECOLOGIA)<\/li>\n<li><strong><a href=\"http:\/\/lattes.cnpq.br\/9426399550803405\">Humberto Gallo Junior<\/a><\/strong><br \/>\nPesquisador Cient\u00edfico (MANEJO DE UCs)<\/li>\n<li><a href=\"http:\/\/lattes.cnpq.br\/0285299583699735\"><strong>Israel Luiz de Lima<\/strong><br \/>\n<\/a>Pesquisador Cient\u00edfico (PROPRIEDADES F\u00cdSICAS DA MADEIRA)<\/li>\n<li><a href=\"http:\/\/lattes.cnpq.br\/0875327437304607\"><strong>Ivan Suarez da Mota<\/strong><br \/>\n<\/a>Pesquisador Cient\u00edfico (GEOCI\u00caNCIAS)<\/li>\n<li><strong><a href=\"http:\/\/lattes.cnpq.br\/2011798051420211\">Jo\u00e3o Batista Baitello<\/a><\/strong><br \/>\nPesquisador Cient\u00edfico (FLOR\u00cdSTICA E FITOSSOSIOLOGIA FLORESTAL; TAXONOMIA DE LAURACEAE)<\/li>\n<li><strong>Jo\u00e3o Henrique Lara<\/strong><br \/>\nEngenheiro<\/li>\n<li><strong><a href=\"http:\/\/lattes.cnpq.br\/9543054864341116\" target=\"_blank\" rel=\"noopener noreferrer\">Jo\u00e3o Jos\u00e9 Dias Parisi<\/a>\u00a0<\/strong><br \/>\nPesquisador Cient\u00edfico (FITOPATOLOGIA, PATOLOGIA E TECNOLOGIA DE SEMENTES AGR\u00cdCOLAS E FLORESTAIS)<\/li>\n<li><a href=\"http:\/\/lattes.cnpq.br\/3039544448067551\"><strong>Jos\u00e9 Arimat\u00e9ia Rabelo Machado<\/strong><br \/>\n<\/a>Pesquisador Cient\u00edfico (ECONOMIA FLORESTAL)<\/li>\n<li><a href=\"http:\/\/lattes.cnpq.br\/1017770147953886\"><strong>Jos\u00e9 Luiz de Carvalho<\/strong><br \/>\n<\/a>Pesquisador Cient\u00edfico (HIDROLOGIA FLORESTAL)<\/li>\n<li><strong>J\u00falio Wilson Valcarel Vellardi<\/strong><br \/>\nEngenheiro<\/li>\n<li><strong><a href=\"http:\/\/lattes.cnpq.br\/3974324265896978\">Leni Meire Pereira Ribeiro Lima<\/a><\/strong><br \/>\nAssistente T\u00e9cnico de Pesquisa Cient\u00edfica e Tecnol\u00f3gica (COMUNICA\u00c7\u00c3O)<\/li>\n<li><strong><a href=\"http:\/\/lattes.cnpq.br\/1845135635552371\">Luis Alberto Bucci<\/a><\/strong><br \/>\nPesquisador Cient\u00edfico (SILVICULTURA)<\/li>\n<li><strong><a href=\"http:\/\/lattes.cnpq.br\/2679501421960303\">Marcelo Zanata<\/a><\/strong><br \/>\nPesquisador Cient\u00edfico (SILVICULTURA, MELHORAMENTO FLORESTAL, CONSERVA\u00c7\u00c3O DO SOLO E DA \u00c1GUA, MANEJO DE BACIAS HIDROGR\u00c1FICAS, HIDROLOGIA)<\/li>\n<li><strong><a href=\"http:\/\/lattes.cnpq.br\/9711778948603790\">Marcio Port Carvalho<\/a><\/strong><br \/>\nPesquisador Cient\u00edfico (ECOLOGIA E COMPORTAMENTO ANIMAL)<\/li>\n<li><a href=\"http:\/\/lattes.cnpq.br\/2680416165514643\"><strong>Marcio Rossi<\/strong><br \/>\n<\/a>Pesquisador Cient\u00edfico (G\u00caNESE, MORFOLOGIA E CLASSIFICA\u00c7\u00c3O DOS SOLOS)<\/li>\n<li><strong><a href=\"http:\/\/lattes.cnpq.br\/8956075884283234\">Marco Aur\u00e9lio Nalon<\/a><\/strong><br \/>\nPesquisador Cient\u00edfico (GEOPROCESSAMENTO)<\/li>\n<li><strong><a href=\"http:\/\/lattes.cnpq.br\/6754842144588794\">Marcos Buhrer Campolim<\/a><\/strong><br \/>\nPesquisador Cient\u00edfico (ORDENAMENTO PESQUEIRO E PLANEJAMENTO COSTEIRO)<\/li>\n<li><a href=\"http:\/\/lattes.cnpq.br\/3823613896630424\"><strong>Maria Lu\u00edsa Bonazzi Palmieri<\/strong><\/a><br \/>\nEspecialista Ambiental (EDUCA\u00c7\u00c3O AMBIENTAL)<\/li>\n<li><strong><a href=\"http:\/\/lattes.cnpq.br\/7441862733635025\">Maria Teresa Zugliani Toniato<\/a><\/strong><br \/>\nPesquisador Cient\u00edfico (ESTRUTURA, DIVERSIDADE, DIN\u00c2MICA E RESTAURA\u00c7\u00c3O DA VEGETA\u00c7\u00c3O DAS FLORESTAS PAULISTAS)<\/li>\n<li><a href=\"http:\/\/lattes.cnpq.br\/0645376207525910\"><strong>Marina Mitsue Kanashiro<\/strong><br \/>\n<\/a>Pesquisador Cient\u00edfico (GEOGRAFIA)<\/li>\n<li><strong><a href=\"http:\/\/lattes.cnpq.br\/6989185073369114\">Marli Maria Cardoso<\/a><\/strong><br \/>\nPesquisador Cient\u00edfico (EDUCA\u00c7\u00c3O AMBIENTAL)<\/li>\n<li><strong><a href=\"http:\/\/lattes.cnpq.br\/3589451653387773\">Massako Nakaoka Sakita<\/a><\/strong><br \/>\nPesquisador Cient\u00edfico (FITOQU\u00cdMICA)<\/li>\n<li><strong><a href=\"http:\/\/lattes.cnpq.br\/6630184412737536\">Maur\u00edcio Ranzini<\/a><\/strong><br \/>\nPesquisador Cient\u00edfico (HIDROLOGIA FLORESTAL)<\/li>\n<li><strong><a href=\"http:\/\/lattes.cnpq.br\/8536113635924828\">Miguel Luiz Menezes Freitas<\/a><\/strong><br \/>\nPesquisador Cient\u00edfico (CONSERVA\u00c7\u00c3O GEN\u00c9TICA E MELHORAMENTO FLORESTAL)<\/li>\n<li><strong><a href=\"http:\/\/lattes.cnpq.br\/2799113089594788\">M\u00f4nica Pav\u00e3o<\/a><\/strong><br \/>\nPesquisador Cient\u00edfico (GEOPROCESSAMENTO E SENSORIAMENTO REMOTO)<\/li>\n<li><a href=\"http:\/\/lattes.cnpq.br\/0925701575430376\"><strong>Nat\u00e1lia Ferreira de Almeida<\/strong><br \/>\n<\/a>Especialista Ambiental<\/li>\n<li><strong><a href=\"http:\/\/lattes.cnpq.br\/5822634990632546\">Natalia Macedo Ivanauskas<\/a><\/strong><br \/>\nPesquisador Cient\u00edfico (BOT\u00c2NICA &#8211; FITOGEOGRAFIA)<\/li>\n<li><strong><a href=\"http:\/\/lattes.cnpq.br\/3642879353392381\">Ocimar Jose Baptista Bim<\/a><\/strong><br \/>\nPesquisador Cient\u00edfico (PLANEJAMENTO TERRITORIAL E MANEJO DE UCs)<\/li>\n<li><a href=\"http:\/\/lattes.cnpq.br\/8837668298413173\"><strong>Osmar Vilas B\u00f4as<\/strong><br \/>\n<\/a>Pesquisador Cient\u00edfico (RECURSOS E ENGENHARIA FLORESTAIS)<\/li>\n<li><strong><a href=\"http:\/\/lattes.cnpq.br\/1705661953744684\">Osny Tadeu de Aguiar<\/a><\/strong><br \/>\nPesquisador Cient\u00edfico (BOT\u00c2NICA E TAXONOMIA VEGETAL)<\/li>\n<li><strong>Ozanir Camilo da Silveira<\/strong><br \/>\nAssistente T\u00e9cnico de Pesquisa Cient\u00edfica e Tecnol\u00f3gica<\/li>\n<li><strong><a href=\"http:\/\/lattes.cnpq.br\/9086527801516583\">Paula G\u00fcnther Haack<\/a><\/strong><br \/>\nEngenheiro (PROJETOS DE PESQUISA)<\/li>\n<li><strong><a href=\"http:\/\/lattes.cnpq.br\/0380075949162006\">Paulo Andreetto de Muzio<\/a><\/strong><br \/>\nEspecialista Ambiental (DIVULGA\u00c7\u00c3O CIENT\u00cdFICA)<\/li>\n<li><strong><a href=\"http:\/\/lattes.cnpq.br\/3092336700512997\">Paulo Henrique Peira Ruffino<\/a><\/strong><br \/>\nPesquisador Cient\u00edfico (EDUCA\u00c7\u00c3O AMBIENTAL)<\/li>\n<li><strong><a href=\"http:\/\/lattes.cnpq.br\/2374356882787321\">Paulo Ricardo Brum Pereira<\/a><\/strong><br \/>\nPesquisador Cientifico (GEOCI\u00caNCIAS)<\/li>\n<li><strong><a href=\"http:\/\/lattes.cnpq.br\/4325186107935026\">Regina Maria Lopes<\/a><\/strong><br \/>\nAssessor Executivo (\u00c1REAS NATURAIS PROTEGIDAS E EDUCA\u00c7\u00c3O AMBIENTAL)<\/li>\n<li><strong><a href=\"http:\/\/lattes.cnpq.br\/6798024123444749\">Rejane Esteves<\/a><\/strong><br \/>\nAssistente T\u00e9cnico de Pesquisa Cient\u00edfica e Tecnol\u00f3gica (BOT\u00c2NICA &#8211; MORFOLOGIA EXTERNA)<\/li>\n<li><strong><a href=\"http:\/\/lattes.cnpq.br\/2123153628468036\">Roberto Starzynski<\/a><\/strong><br \/>\nPesquisador Cient\u00edfico (RECURSOS E ENGENHARIA FLORESTAIS)<\/li>\n<li><strong><a href=\"http:\/\/lattes.cnpq.br\/6692551349590792\">Rodrigo Rodrigues Castanho<\/a><\/strong><br \/>\nExecutivo P\u00fablico<\/li>\n<li><strong><a href=\"http:\/\/lattes.cnpq.br\/4298412646469805\">Roque Cielo Filho<\/a><\/strong><br \/>\nPesquisador Cient\u00edfico (ECOLOGIA E CONSERVA\u00c7\u00c3O DE COMUNIDADES VEGETAIS)<\/li>\n<li><a href=\"http:\/\/lattes.cnpq.br\/8788361621115434\"><strong>Ros\u00e2ngela C\u00e9lia Ribeiro de Oliveira<\/strong><br \/>\n<\/a>Pesquisador Cient\u00edfico (LEGISLA\u00c7\u00c3O AMBIENTAL E ESTUDOS FUNDI\u00c1RIOS)<\/li>\n<li><strong><a href=\"http:\/\/lattes.cnpq.br\/7668762654193169\">Sandra Monteiro Borges Florsheim<\/a><\/strong><br \/>\nPesquisador Cient\u00edfico (ANATOMIA DA MADEIRA)<\/li>\n<li><strong><a href=\"http:\/\/lattes.cnpq.br\/0080558333299241\">Sergio Ricardo Christofoletti<\/a><\/strong><br \/>\nPesquisador Cient\u00edfico (MONUMENTOS GEOL\u00d3GICOS)<\/li>\n<li><a href=\"http:\/\/lattes.cnpq.br\/0404863657135912\"><strong>Sergio Roberto Garcia dos Santos<\/strong><br \/>\n<\/a>Pesquisador Cient\u00edfico (TECNOLOGIA DE SEMENTES FLORESTAIS)<\/li>\n<li><a href=\"http:\/\/lattes.cnpq.br\/1766139528262785\"><strong>Silvana Cristina Pereira Muniz de Souza<\/strong><br \/>\n<\/a>Pesquisador Cient\u00edfico (ECOLOGIA)<\/li>\n<li><a href=\"http:\/\/lattes.cnpq.br\/4224787399909676\"><strong>Silvia Maria Bellato Nogueira<\/strong><br \/>\n<\/a>Pesquisador Cient\u00edfico (GEOCI\u00caNCIAS)<\/li>\n<li><strong><a href=\"http:\/\/lattes.cnpq.br\/7648372171167794\">Sonia Aparecida de Souza<\/a><\/strong><br \/>\nPesquisador Cient\u00edfico (EDUCA\u00c7\u00c3O AMBIENTAL)<\/li>\n<li><a href=\"http:\/\/lattes.cnpq.br\/1684234300248654\"><strong>Vania Aparecida dos Santos<\/strong><\/a><br \/>\nAssistente T\u00e9cnico de Pesquisa Cient\u00edfica e Tecnol\u00f3gica<\/li>\n<li><strong><a href=\"http:\/\/lattes.cnpq.br\/7153980227773621\">Wilson Aparecido Conti\u00e9ri<\/a><\/strong><br \/>\nAssistente T\u00e9cnico de Pesquisa Cient\u00edfica e Tecnol\u00f3gica (AGRONOMIA &#8211; CI\u00caNCIA DO SOLO)<\/li>\n<\/ul>\n","protected":false},"excerpt":{"rendered":"<p>Clique no nome para visualizar o curr\u00edculo na Plataforma Lattes Aida Sanae Sato Assistente T\u00e9cnico de Pesquisa Cient\u00edfica e Tecnol\u00f3gica (SEMENTES) Alcinea Guimar\u00e3es de Castro Doutora em Engenharia Mec\u00e2nica: \u00c1rea de Meio Ambiente e Agr\u00e1ria Alexandre Magno Sebbenn Pesquisador Cient\u00edfico (CONSERVA\u00c7\u00c3O GEN\u00c9TICA E MELHORAMENTO FLORESTAL) Alexsander Zamorano Antunes Pesquisador Cient\u00edfico (ECOLOGIA DE AVES E BIOLOGIA [&hellip;]<\/p>\n","protected":false},"author":1,"featured_media":0,"parent":3427,"menu_order":13,"comment_status":"closed","ping_status":"closed","template":"","meta":[],"_links":{"self":[{"href":"https:\/\/www.infraestruturameioambiente.sp.gov.br\/institutoflorestal\/wp-json\/wp\/v2\/pages\/5"}],"collection":[{"href":"https:\/\/www.infraestruturameioambiente.sp.gov.br\/institutoflorestal\/wp-json\/wp\/v2\/pages"}],"about":[{"href":"https:\/\/www.infraestruturameioambiente.sp.gov.br\/institutoflorestal\/wp-json\/wp\/v2\/types\/page"}],"author":[{"embeddable":true,"href":"https:\/\/www.infraestruturameioambiente.sp.gov.br\/institutoflorestal\/wp-json\/wp\/v2\/users\/1"}],"replies":[{"embeddable":true,"href":"https:\/\/www.infraestruturameioambiente.sp.gov.br\/institutoflorestal\/wp-json\/wp\/v2\/comments?post=5"}],"version-history":[{"count":141,"href":"https:\/\/www.infraestruturameioambiente.sp.gov.br\/institutoflorestal\/wp-json\/wp\/v2\/pages\/5\/revisions"}],"predecessor-version":[{"id":20342,"href":"https:\/\/www.infraestruturameioambiente.sp.gov.br\/institutoflorestal\/wp-json\/wp\/v2\/pages\/5\/revisions\/20342"}],"up":[{"embeddable":true,"href":"https:\/\/www.infraestruturameioambiente.sp.gov.br\/institutoflorestal\/wp-json\/wp\/v2\/pages\/3427"}],"wp:attachment":[{"href":"https:\/\/www.infraestruturameioambiente.sp.gov.br\/institutoflorestal\/wp-json\/wp\/v2\/media?parent=5"}],"curies":[{"name":"wp","href":"https:\/\/api.w.org\/{rel}","templated":true}]}}