{"id":4572,"date":"2013-10-25T09:48:49","date_gmt":"2013-10-25T11:48:49","guid":{"rendered":"https:\/\/www.infraestruturameioambiente.sp.gov.br\/institutoflorestal\/?page_id=4572"},"modified":"2023-08-17T13:04:33","modified_gmt":"2023-08-17T16:04:33","slug":"venda-e-doacao","status":"publish","type":"page","link":"https:\/\/www.infraestruturameioambiente.sp.gov.br\/institutoflorestal\/publicacoes-if\/venda-e-doacao\/","title":{"rendered":"Venda e Doa\u00e7\u00e3o"},"content":{"rendered":"<p>O Instituto Florestal oferece, al\u00e9m das publica\u00e7\u00f5es em formato digital, vers\u00e3o impressa de diversas publica\u00e7\u00f5es. Clique ao lado para acessar os detalhes de nossos produtos: Conte\u00fado, Ano, Pre\u00e7o, Autores, etc.<\/p>\n<p style=\"text-align: justify\">Para acessar a rela\u00e7\u00e3o de publica\u00e7\u00f5es a venda <a href=\"https:\/\/www.infraestruturameioambiente.sp.gov.br\/ipa\/publicacoes\/venda-de-publicacoes\/\" target=\"_blank\" rel=\"noopener noreferrer\">CLIQUE AQUI<\/a><\/p>\n","protected":false},"excerpt":{"rendered":"<p>O Instituto Florestal oferece, al\u00e9m das publica\u00e7\u00f5es em formato digital, vers\u00e3o impressa de diversas publica\u00e7\u00f5es. Clique ao lado para acessar os detalhes de nossos produtos: Conte\u00fado, Ano, Pre\u00e7o, Autores, etc. Para acessar a rela\u00e7\u00e3o de publica\u00e7\u00f5es a venda CLIQUE AQUI<\/p>\n","protected":false},"author":102,"featured_media":0,"parent":2223,"menu_order":0,"comment_status":"closed","ping_status":"open","template":"","meta":[],"_links":{"self":[{"href":"https:\/\/www.infraestruturameioambiente.sp.gov.br\/institutoflorestal\/wp-json\/wp\/v2\/pages\/4572"}],"collection":[{"href":"https:\/\/www.infraestruturameioambiente.sp.gov.br\/institutoflorestal\/wp-json\/wp\/v2\/pages"}],"about":[{"href":"https:\/\/www.infraestruturameioambiente.sp.gov.br\/institutoflorestal\/wp-json\/wp\/v2\/types\/page"}],"author":[{"embeddable":true,"href":"https:\/\/www.infraestruturameioambiente.sp.gov.br\/institutoflorestal\/wp-json\/wp\/v2\/users\/102"}],"replies":[{"embeddable":true,"href":"https:\/\/www.infraestruturameioambiente.sp.gov.br\/institutoflorestal\/wp-json\/wp\/v2\/comments?post=4572"}],"version-history":[{"count":13,"href":"https:\/\/www.infraestruturameioambiente.sp.gov.br\/institutoflorestal\/wp-json\/wp\/v2\/pages\/4572\/revisions"}],"predecessor-version":[{"id":21033,"href":"https:\/\/www.infraestruturameioambiente.sp.gov.br\/institutoflorestal\/wp-json\/wp\/v2\/pages\/4572\/revisions\/21033"}],"up":[{"embeddable":true,"href":"https:\/\/www.infraestruturameioambiente.sp.gov.br\/institutoflorestal\/wp-json\/wp\/v2\/pages\/2223"}],"wp:attachment":[{"href":"https:\/\/www.infraestruturameioambiente.sp.gov.br\/institutoflorestal\/wp-json\/wp\/v2\/media?parent=4572"}],"curies":[{"name":"wp","href":"https:\/\/api.w.org\/{rel}","templated":true}]}}