{"id":4357,"date":"2013-09-17T10:03:39","date_gmt":"2013-09-17T13:03:39","guid":{"rendered":"https:\/\/www.infraestruturameioambiente.sp.gov.br\/institutoflorestal\/?page_id=4357"},"modified":"2013-10-23T15:41:49","modified_gmt":"2013-10-23T17:41:49","slug":"jovens-meio-ambiente-e-integracao-social","status":"publish","type":"page","link":"https:\/\/www.infraestruturameioambiente.sp.gov.br\/institutoflorestal\/o-instituto\/projetos-socioambientais\/jovens-meio-ambiente-e-integracao-social\/","title":{"rendered":"Programa de Jovens &#8211; Meio Ambiente e Integra\u00e7\u00e3o Social"},"content":{"rendered":"<ul>\n<li><strong>Nome:<\/strong> Programa de Jovens &#8211; Meio Ambiente e Integra\u00e7\u00e3o Social- Pj-Mais &#8211; RBCV\/SP<\/li>\n<li><strong>Respons\u00e1vel:\u00a0<\/strong>Lu\u00eds Alberto Bucci<\/li>\n<li><strong>Data de in\u00edcio:\u00a0<\/strong>1996<\/li>\n<li><strong>Objetivos gerais:\u00a0<\/strong>Promover a forma\u00e7\u00e3o ecoprofissional de jovens em situa\u00e7\u00e3o de vulnerabilidade social e inser\u00e7\u00e3o dos mesmos no ecomercado de trabalho.<\/li>\n<li><strong>Objetivos espec\u00edficos:\u00a0<\/strong><\/li>\n<\/ul>\n<ol>\n<li>Construir a cidadania e resgatar valores de jovens, fam\u00edlias e comunidades, ao mesmo tempo promover a mudan\u00e7a de comportamento;<\/li>\n<li>Formar profissionalmente para a \u00e1rea ambiental: pr\u00e1ticas agroflorestais, turismo sustent\u00e1vel, agroind\u00fastria artesanal e consumo, lixo e arte;<\/li>\n<li>Formar m\u00e3o-de-obra qualificada para trabalhar com pr\u00e1ticas agroflorestais, turismo sustent\u00e1vel, agroind\u00fastria artesanal e reciclagem;<\/li>\n<li>Promover a conserva\u00e7\u00e3o, recupera\u00e7\u00e3o e uso sustent\u00e1vel dos recursos naturais, sociais e culturais;<\/li>\n<li>Formar cientificamente estimulando o jovem a observar, continuar seus estudos e desenvolver pesquisa;<\/li>\n<li>Apoiar o desenvolvimento de projetos de interven\u00e7\u00e3o na comunidade;<\/li>\n<li>Apoiar o desenvolvimento de pesquisa e inicia\u00e7\u00e3o cient\u00edfica;<\/li>\n<li>Fomentar pol\u00edticas p\u00fablicas para gera\u00e7\u00e3o de oportunidades de trabalho na \u00e1rea ambiental visando \u00e0 inclus\u00e3o dos jovens;<\/li>\n<li>Estimular o desenvolvimento local e a economia solid\u00e1ria;<\/li>\n<li>Gerar renda e inclus\u00e3o social de jovens e suas fam\u00edlias no mercado local.<\/li>\n<\/ol>\n<p>&nbsp;<\/p>\n<ul>\n<li><strong>P\u00fablico-alvo:\u00a0<\/strong>Adolescente<\/li>\n<li><strong>Secretaria:\u00a0<\/strong>Meio Ambiente<\/li>\n<li><strong>\u00d3rg\u00e3o\/Institui\u00e7\u00e3o respons\u00e1vel:\u00a0<\/strong>Instituto Florestal &#8211; IF \/ Coordena\u00e7\u00e3o da Reserva da Biosfera do Cintur\u00e3o Verde da Cidade de S\u00e3o Paulo &#8211; RBCV\/SP<\/li>\n<li><strong>Parcerias:\u00a0<\/strong>Prefeituras de Cajamar, Cotia, Cubat\u00e3o, Diadema, Embu, Embu Gua\u00e7u, Guarulhos, Itapecerica da Serra, S\u00e3o Bernardo do Campo, Santo Andr\u00e9 &#8211; Vila de Paranapiacaba, S\u00e3o Roque, S\u00e3o Paulo;; Paraibuna &#8211; Instituto H&amp;H Fauser;; Associa\u00e7\u00e3o Hol\u00edstica de Participa\u00e7\u00e3o Comunit\u00e1ria Ecol\u00f3gica &#8211; AHPCE;; Funda\u00e7\u00e3o Florestal;; Minist\u00e9rio do Meio Ambiente;; UNESCO e Banco Mundial.<\/li>\n<li><strong>Equipe:\u00a0<\/strong>Lu\u00eds Alberto Bucci (Coordenador RBCV);; Bely Clemente Camacho Pires (T\u00e9cnica em Gest\u00e3o de Neg\u00f3cios &#8211; prestadora de servi\u00e7os);; K\u00e1tia Mazzei e Silvia Belatto Nogueira (Pesquisadores Cient\u00edficos em Geoprocessamento e Planejamento Territorial);; Ondalva Serrano (Consultora na proposta pedag\u00f3gica do PJ-MAIS &#8211; prestadora de servi\u00e7os);; Fernanda Jacinto (Estagi\u00e1ria);; Caroline Melo Pessoa da Silva;; Patr\u00edcia Ferreira e Lima;; Marilin Pereira (Secret\u00e1ria).<\/li>\n<\/ul>\n<ul>\n<li><strong>Endere\u00e7o:\u00a0<\/strong><a href=\"https:\/\/www.google.com.br\/maps\/preview#!q=Rua+do+Horto%2C+931&amp;data=!2m1!1e3!4m10!1m9!4m8!1m3!1d4254812!2d-48.6355141!3d-22.5460521!3m2!1i1280!2i866!4f13.1&amp;fid=7\" target=\"_blank\">Rua do Horto, 931 &#8211; Trememb\u00e9<\/a><\/li>\n<li><strong>Cidade:\u00a0<\/strong>S\u00e3o Paulo<\/li>\n<li><strong>Estado:\u00a0<\/strong>SP<\/li>\n<li><strong>CEP:\u00a0<\/strong>02377-000<\/li>\n<li><strong>Telefone:\u00a0<\/strong>(11) 2232-3116\/ 2231-8113<\/li>\n<li><strong>Fax:\u00a0<\/strong>(11) 2232-3116<\/li>\n<li><strong>E-mail:\u00a0<\/strong><a href=\"mailto:rbcv_sp@yahoo.com.br\">rbcv_sp@yahoo.com.br<\/a><\/li>\n<li><strong>Site:\u00a0<\/strong><a href=\"https:\/\/www.infraestruturameioambiente.sp.gov.br\/institutoflorestal\/institutoflorestal\/o-instituto\/rbcv\/\" target=\"_blank\">RBCV<\/a><\/li>\n<\/ul>\n<ul>\n<li><strong>Justificativa:\u00a0<\/strong>O Cintur\u00e3o Verde da Cidade de S\u00e3o Paulo, declarado Reserva da Biosfera pela UNESCO em 1994, abriga enorme biodiversidade (Mata Atl\u00e2ntica) e os servi\u00e7os de ecossistemas que garantem o bem-estar de mais de 10 por cento da popula\u00e7\u00e3o brasileira. As zonas periurbanas da regi\u00e3o apresentam as melhores condi\u00e7\u00f5es ambientais e os piores \u00edndices de exclus\u00e3o social. O &#8220;Programa de Jovens &#8211; Meio Ambiente e Integra\u00e7\u00e3o Social&#8221;, proposto em 1996, visa ao treinamento ecoprofissional de comunidades carentes do cintur\u00e3o verde e ao fomento do ecomercado de trabalho e da gera\u00e7\u00e3o de renda a essas popula\u00e7\u00f5es, de modo a estimular a conserva\u00e7\u00e3o ou recupera\u00e7\u00e3o do meio ambiente simultaneamente ao processo de inclus\u00e3o socioecon\u00f4mica.<\/li>\n<\/ul>\n<ul>\n<li><strong>Hist\u00f3rico do projeto:\u00a0<\/strong>Em 1996, a Reserva da Biosfera do Cintur\u00e3o Verde da Cidade de S\u00e3o Paulo procurou a UNESCO com o objetivo de desenvolver um inovador modelo de treinamento de jovens em a\u00e7\u00f5es voltadas ao meio ambiente. A id\u00e9ia era contribuir com a constru\u00e7\u00e3o de um programa que foi iniciado em 1990, pelo Governo do Estado de S\u00e3o Paulo em colabora\u00e7\u00e3o com a FAO (Organiza\u00e7\u00e3o para Agricultura e Alimenta\u00e7\u00e3o) denominado &#8220;Pr\u00e1ticas Agroflorestais e a Participa\u00e7\u00e3o do Jovem em \u00c1reas Periurbanas &#8211; O Caso S\u00e3o Paulo&#8221; destinado a cobrir uma s\u00e9rie de temas, al\u00e9m da agrofloresta, relevantes para a Reserva da Biosfera.Posteriormente, em 1996, um projeto piloto denominado &#8220;Treinamento Ecoprofissional Integral para conserva\u00e7\u00e3o da Biodiversidade e Uso Sustent\u00e1vel&#8221; foi implantado no munic\u00edpio de S\u00e3o Roque, envolvendo v\u00e1rios parceiros. S\u00e3o Roque est\u00e1 situada a 60 km da cidade de S\u00e3o Paulo e faz parte da \u00e1rea abrangida pela RBCV. Abrange uma \u00e1rea de 308 km2 dos quais mais de 50 por cento \u00e9 rural, contando com uma popula\u00e7\u00e3o de mais de 60.000 habitantes, cuja principal fonte de renda vem de produtos agr\u00edcolas, produ\u00e7\u00e3o org\u00e2nica e turismo.Atualmente, a Rede do Programa de Jovens conta com 17 N\u00facleos de Educa\u00e7\u00e3o Ecoprofissional em 15 munic\u00edpios: Cajamar, Cotia (Morro Grande e Caucaia do Alto), Cubat\u00e3o, Diadema, Embu Gua\u00e7u, Embu, Guarulhos, Itapecerica da Serra, Natividade da Serra, Paraibuna, S\u00e3o Bernardo do Campo, Santo Andr\u00e9 &#8211; Vila de Paranapiacaba, S\u00e3o Roque, S\u00e3o Paulo (Horto Florestal, APAS Capivari-Monos e Boror\u00e9-Col\u00f4nia).<\/li>\n<\/ul>\n<ul>\n<li><strong>Unidades de atendimento:<\/strong><\/li>\n<\/ul>\n<ol>\n<li>\u00a0 \u00a0 <strong>Prefeitura Municipal de Cajamar<\/strong> &#8211; Diretoria de Meio Ambiente, Posturas e Urbanismo de Cajamar<\/li>\n<li>\u00a0 \u00a0 <strong>N\u00facleo na Escola Municipal Veneranda<\/strong>\u00a0&#8211;\u00a0Endere\u00e7o: Estrada da Beneduce, 80 CEP: 07750-000 Centro, Cajamar &#8211; SP Fone: 4408-1471;<\/li>\n<li>\u00a0 \u00a0 <strong>Prefeitura Municipal de Cotia<\/strong> &#8211; Secretaria de Educa\u00e7\u00e3o e Turismo de Cotia:\u00a0<a href=\"https:\/\/www.google.com.br\/maps\/preview#!q=Rua+Jorge+Caixe%2C+306&amp;data=!2m1!1e3!4m10!1m9!4m8!1m3!1d4127!2d-46.6334976!3d-23.4590366!3m2!1i1280!2i866!4f13.1&amp;fid=7\" target=\"_blank\">Rua Jorge Caixe, 306<\/a> Bairro Port\u00e3o CEP: 06716-690 Cotia &#8211; SP Endere\u00e7o do n\u00facleo: <a href=\"https:\/\/www.google.com.br\/maps\/preview#!q=Avenida+Prof.+Manoel+Jos%C3%A9+Pedroso%2C+1700&amp;data=!2m1!1e3!4m10!1m9!4m8!1m3!1d4123!2d-46.9079305!3d-23.6023315!3m2!1i1280!2i866!4f13.1&amp;fid=7\" target=\"_blank\">Avenida Prof. Manoel Jos\u00e9 Pedroso, 1700<\/a>; 3.\u00a7 andar &#8211; sl. 24 (coord.) Fone: (11) 4614-2952;<\/li>\n<li>\u00a0 \u00a0 <strong>Prefeitura Municipal de Diadema<\/strong> &#8211; Secretaria do Meio Ambiente e-mail: <a href=\"mailto:meioambiente@diadema.sp.gov.br\" target=\"_blank\">meioambiente@diadema.sp.gov.br<\/a>\u00a0Endere\u00e7o: <a href=\"https:\/\/www.google.com.br\/maps\/preview#!q=Rua+Ipit%C3%A1%2C+193&amp;data=!2m1!1e3!4m10!1m9!4m8!1m3!1d4122!2d-46.9131841!3d-23.6050465!3m2!1i1280!2i866!4f13.1&amp;fid=7\" target=\"_blank\">Rua Ipit\u00e1, 193<\/a> Bairro Inamar CEP: 0997-350 Diadema &#8211; SP Fones: 4059-7600 ou 4059-7614;<\/li>\n<li>\u00a0 \u00a0<strong> Prefeitura Municipal de Embu Gua\u00e7u<\/strong> &#8211; Secretaria Municipal de Meio Ambiente e Turismo e-mail: <a href=\"mailto:eambientalpmeg@ig.com.br\" target=\"_blank\">eambientalpmeg@ig.com.br<\/a>\u00a0Endere\u00e7o: <a href=\"https:\/\/www.google.com.br\/maps\/preview#!q=Rua+Arlete+Aparecida+de+Morais+Lopes%2C+210&amp;data=!2m1!1e3!4m10!1m9!4m8!1m3!1d4119!2d-46.6108584!3d-23.720227!3m2!1i1280!2i866!4f13.1&amp;fid=7\" target=\"_blank\">Rua Arlete Aparecida de Morais Lopes, 210<\/a> &#8211; Centro CEP: 06900-000 Embu Gua\u00e7u SP Fone: 4661-4158;<\/li>\n<li>\u00a0 \u00a0 <strong>Prefeitura Municipal de Guarulhos<\/strong> &#8211; Secretaria de Meio Ambiente\u00a0Endere\u00e7o: <a href=\"https:\/\/www.google.com.br\/maps\/preview#!q=Rua+Antonio+Vita%2C+09&amp;data=!2m1!1e3!4m10!1m9!4m8!1m3!1d4115!2d-46.8173115!3d-23.8272381!3m2!1i1280!2i866!4f13.1&amp;fid=7\" target=\"_blank\">Rua Antonio Vita, 09<\/a> CEP: 07114-010 Guarulhos &#8211; SP Roberto Carlos Castro Marcondes de Campos Coordenador Cel: 8579-2331 \/ 2229-1512 e-mail: <a href=\"mailto:marcondes@consultoria.net\" target=\"_blank\">marcondes@consultoria.net<\/a>;<\/li>\n<li>\u00a0 \u00a0 <strong>Horto Reserva da Biosfera do Cintur\u00e3o Verde &#8211; RBCV<\/strong> Coordenador: Paulo Cel: 9375-5711 e-mail: <a href=\"mailto:paulobiologo@gmail.com\" target=\"_blank\">paulobiologo@gmail.com<\/a><\/li>\n<li>\u00a0 \u00a0<strong> Prefeitura Municipal de Itapecerica da Serra<\/strong> &#8211; Secretaria do Meio Ambiente\u00a0Endere\u00e7o: <a href=\"https:\/\/www.google.com.br\/maps\/preview#!q=Rua+In%C3%A1cio+Pereira+dos+Santos%2C+80+&amp;data=!2m1!1e3!4m10!1m9!4m8!1m3!1d4127!2d-46.5247356!3d-23.4612936!3m2!1i1280!2i866!4f13.1&amp;fid=7\" target=\"_blank\">Rua In\u00e1cio Pereira dos Santos, 80 <\/a>Centro CEP: 06871-020 &#8211; Itapecerica da Serra &#8211; SP Fones: 4668-9289 \/ 9295 \/ 9296 Marisa F. Foa e-mail: <a href=\"mailto:marisaffoa@gmail.com\" target=\"_blank\">marisaffoa@gmail.com<\/a>;<\/li>\n<li>\u00a0 \u00a0 <strong>Prefeitura de Santo Andr\u00e9 &#8211; Subprefeitura de Paranapiacaba<\/strong> &#8211; Gerencia de Recursos Naturais\u00a0Endere\u00e7o do N\u00facleo: <a href=\"https:\/\/www.google.com.br\/maps\/preview#!q=Avenida+Paula+Souza%2C+Santo+Andr%C3%A9+-+S%C3%A3o+Paulo&amp;data=!2m1!1e3!4m10!1m9!4m8!1m3!1d4119!2d-46.8518179!3d-23.7195038!3m2!1i1280!2i866!4f13.1&amp;fid=7\" target=\"_blank\">Avenida Paula Souza<\/a>, s\/n &#8211; Paranapiacaba CEP: 09150-070 Fone: 4439-0567 Leandro Wada, Coordena\u00e7\u00e3o geral e pedag\u00f3gica e-mail: <a href=\"mailto:ecrissilva@santoandre.sp.gov.br\" target=\"_blank\">ecrissilva@santoandre.sp.gov.br<\/a>;<\/li>\n<li>\u00a0 \u00a0 <strong>Paraibuna &#8211; Instituto H&amp;H Fauser Prefeitura Municipal de S\u00e3o Bernardo do Campo<\/strong> &#8211; Secretaria de Habita\u00e7\u00e3o e Meio Ambiente\u00a0Endere\u00e7o: <a href=\"https:\/\/www.google.com.br\/maps\/preview#!q=Avenida+Amazonas%2C+460%2C+Riacho+Grande+-+S%C3%A3o+Paulo&amp;data=!2m1!1e3!4m11!1m10!2i30!4m8!1m3!1d4119!2d-46.5295792!3d-23.7174188!3m2!1i1280!2i866!4f13.1&amp;fid=7\" target=\"_blank\">Avenida Amazonas, 460<\/a> &#8211; Riacho Grande CEP: 09830-140 &#8211; S\u00e3o Bernardo do Campo &#8211; SP Coordenador: Francisco Antonio da Silva Cel: 9977-7521 e-mail: <a href=\"mailto:xiquinhofas@uol.com.br\" target=\"_blank\">xiquinhofas@uol.com.br<\/a>;<\/li>\n<li>\u00a0 \u00a0 <strong>Prefeitura da Est\u00e2ncia Tur\u00edstica de S\u00e3o Roque<\/strong> &#8211; Departamento de Educa\u00e7\u00e3o e Cultura Endere\u00e7o: <a href=\"https:\/\/www.google.com.br\/maps\/preview#!q=Avenida+Ara%C3%A7a%C3%AD%2C+S%C3%A3o+Roque+-+S%C3%A3o+Paulo&amp;data=!2m1!1e3!4m10!1m9!4m8!1m3!1d4125!2d-47.1300906!3d-23.5348498!3m2!1i1280!2i866!4f13.1&amp;fid=7\" target=\"_blank\">Avenida Aracai<\/a>, Centro Cultural Brasital CEP: 18000-130 S\u00e3o Roque &#8211; SP e-mail: <a href=\"mailto:pjnsaroque@yahoo.com.br\" target=\"_blank\">pjnsaroque@yahoo.com.br<\/a> Fone: (11) 4712-4083.<\/li>\n<\/ol>\n<p>&nbsp;<\/p>\n<ul>\n<li><b><strong>Condi\u00e7\u00f5es Cidad\u00e3o:\u00a0<\/strong><\/b>Jovens freq\u00fcentadores do ensino m\u00e9dio p\u00fablico, em comprovada situa\u00e7\u00e3o de vulnerabilidade social, habitantes da RBCV. Cada N\u00facleo de Educa\u00e7\u00e3o Ecoprofissional (respons\u00e1vel localmente pelo Programa de Jovens do munic\u00edpio) realiza um procedimento de sele\u00e7\u00e3o de alunos nas escolas do munic\u00edpio em quest\u00e3o. A equipe local do N\u00facleo define crit\u00e9rios coerentes com a filosofia do Programa para selecionar os alunos participantes<b>.\u00a0<\/b><\/li>\n<li><b><strong>Condi\u00e7\u00f5es Prefeituras:\u00a0<\/strong><\/b>O munic\u00edpio deve pertencer \u00e0 \u00e1rea da RBCV; a prefeitura encaminha of\u00edcio \u00e0 diretoria do Instituto Florestal solicitando a implementa\u00e7\u00e3o de um N\u00facleo de Educa\u00e7\u00e3o Ecoprofissional, justificando a requisi\u00e7\u00e3o.<\/li>\n<li><b><strong>Recursos oferecidos:\u00a0<\/strong><\/b>A coordena\u00e7\u00e3o da RBCV oferece apoio t\u00e9cnico-pedag\u00f3gico na implementa\u00e7\u00e3o do N\u00facleo de Educa\u00e7\u00e3o Ecoprofissional;; Forma\u00e7\u00e3o do quadro t\u00e9cnico local para atuar no Programa;; Orienta\u00e7\u00e3o na implementa\u00e7\u00e3o das oficinas pedag\u00f3gicas (Turismo Sustent\u00e1vel, Produ\u00e7\u00e3o Agroflorestal, Consumo\/Lixo&amp;Arte, Agroind\u00fastria Artesanal e Forma\u00e7\u00e3o Integral;; Orienta\u00e7\u00e3o na cria\u00e7\u00e3o de ecomercado de trabalho;; Orienta\u00e7\u00e3o na inser\u00e7\u00e3o de jovens no ecomercado de trabalho;; Apoio na articula\u00e7\u00e3o institucional;; Monitoria e resolu\u00e7\u00e3o de conflitos dos N\u00facleos de Educa\u00e7\u00e3o Ecoprofissional;; Orienta\u00e7\u00e3o na elabora\u00e7\u00e3o de projetos para capta\u00e7\u00e3o de recursos;; Anima\u00e7\u00e3o da Rede de N\u00facleos e calend\u00e1rio de eventos para mobiliza\u00e7\u00e3o e capacita\u00e7\u00e3o dos N\u00facleos).; No caso de haver projetos com apoio financeiro externo \u00e0 Secretaria de Meio Ambiente tamb\u00e9m podem ser oferecidos aos N\u00facleos equipamentos para as oficinas e bolsas de estudo para alunos.<b>\u00a0<\/b><\/li>\n<li><b><strong>Custos:\u00a0<\/strong><\/b>Gratuito<\/li>\n<li><b><strong>Atualiza\u00e7\u00e3o do cadastro:\u00a0<\/strong><\/b>07\/2010<\/li>\n<\/ul>\n<p>&nbsp;<\/p>\n","protected":false},"excerpt":{"rendered":"<p>Nome: Programa de Jovens &#8211; Meio Ambiente e Integra\u00e7\u00e3o Social- Pj-Mais &#8211; RBCV\/SP Respons\u00e1vel:\u00a0Lu\u00eds Alberto Bucci Data de in\u00edcio:\u00a01996 Objetivos gerais:\u00a0Promover a forma\u00e7\u00e3o ecoprofissional de jovens em situa\u00e7\u00e3o de vulnerabilidade social e inser\u00e7\u00e3o dos mesmos no ecomercado de trabalho. Objetivos espec\u00edficos:\u00a0 Construir a cidadania e resgatar valores de jovens, fam\u00edlias e comunidades, ao mesmo tempo [&hellip;]<\/p>\n","protected":false},"author":49,"featured_media":0,"parent":3310,"menu_order":0,"comment_status":"closed","ping_status":"open","template":"","meta":[],"_links":{"self":[{"href":"https:\/\/www.infraestruturameioambiente.sp.gov.br\/institutoflorestal\/wp-json\/wp\/v2\/pages\/4357"}],"collection":[{"href":"https:\/\/www.infraestruturameioambiente.sp.gov.br\/institutoflorestal\/wp-json\/wp\/v2\/pages"}],"about":[{"href":"https:\/\/www.infraestruturameioambiente.sp.gov.br\/institutoflorestal\/wp-json\/wp\/v2\/types\/page"}],"author":[{"embeddable":true,"href":"https:\/\/www.infraestruturameioambiente.sp.gov.br\/institutoflorestal\/wp-json\/wp\/v2\/users\/49"}],"replies":[{"embeddable":true,"href":"https:\/\/www.infraestruturameioambiente.sp.gov.br\/institutoflorestal\/wp-json\/wp\/v2\/comments?post=4357"}],"version-history":[{"count":6,"href":"https:\/\/www.infraestruturameioambiente.sp.gov.br\/institutoflorestal\/wp-json\/wp\/v2\/pages\/4357\/revisions"}],"predecessor-version":[{"id":4556,"href":"https:\/\/www.infraestruturameioambiente.sp.gov.br\/institutoflorestal\/wp-json\/wp\/v2\/pages\/4357\/revisions\/4556"}],"up":[{"embeddable":true,"href":"https:\/\/www.infraestruturameioambiente.sp.gov.br\/institutoflorestal\/wp-json\/wp\/v2\/pages\/3310"}],"wp:attachment":[{"href":"https:\/\/www.infraestruturameioambiente.sp.gov.br\/institutoflorestal\/wp-json\/wp\/v2\/media?parent=4357"}],"curies":[{"name":"wp","href":"https:\/\/api.w.org\/{rel}","templated":true}]}}