{"id":4351,"date":"2013-09-16T15:20:15","date_gmt":"2013-09-16T18:20:15","guid":{"rendered":"https:\/\/www.infraestruturameioambiente.sp.gov.br\/institutoflorestal\/?page_id=4351"},"modified":"2013-09-18T09:27:35","modified_gmt":"2013-09-18T12:27:35","slug":"mudas-da-cidade","status":"publish","type":"page","link":"https:\/\/www.infraestruturameioambiente.sp.gov.br\/institutoflorestal\/o-instituto\/projetos-socioambientais\/mudas-da-cidade\/","title":{"rendered":"Mudas da Cidade"},"content":{"rendered":"<ul>\n<li><strong>Nome:\u00a0<\/strong>Projeto Mudas da Cidade &#8211; Esta\u00e7\u00e3o Experimental de Itapetininga<\/li>\n<li><strong>Respons\u00e1vel:\u00a0<\/strong>B\u00e1rbara Heliodora Soares do Prado<\/li>\n<li><strong>Data de in\u00edcio:\u00a0<\/strong>1995<\/li>\n<li><strong>Objetivos gerais:\u00a0<\/strong>Projeto socioambiental com a finalidade de oferecer educa\u00e7\u00e3o integral, destacando atividades na \u00e1rea agroflorestal.<\/li>\n<li><strong>P\u00fablico-alvo:\u00a0<\/strong>Crian\u00e7a; Adolescente<\/li>\n<li><strong>Secretaria:\u00a0<\/strong>Meio Ambiente<\/li>\n<li><strong>\u00d3rg\u00e3o\/Institui\u00e7\u00e3o respons\u00e1vel:\u00a0<\/strong>Instituto Florestal &#8211; IF \/ Divis\u00e3o de Florestas e Esta\u00e7\u00f5es Experimentais &#8211; DFEE &#8211; Esta\u00e7\u00e3o Experimental de Itapetininga<\/li>\n<li><strong>Parcerias:\u00a0<\/strong>Prefeitura Municipal de Itapetininga<\/li>\n<li><strong>Equipe:\u00a0<\/strong>1 coordenador;; 3 monitores;; 1 merendeira;; 1 ajudante de servi\u00e7os gerais;; 1 professor do ensino fundamental;; 1 psic\u00f3logo.<\/li>\n<\/ul>\n<ul>\n<li><strong>Endere\u00e7o:\u00a0<\/strong>Rodovia Maestro Benedito Pompeo de Jesus, km. 08<\/li>\n<li><strong>Cidade:\u00a0<\/strong>Itapetininga<\/li>\n<li><strong>Estado:\u00a0<\/strong>SP<\/li>\n<li><strong>CEP:\u00a0<\/strong>18200-000<\/li>\n<li><strong>Telefone:\u00a0<\/strong>(15) 3271-3866<\/li>\n<li><strong>E-mail:\u00a0<\/strong><a href=\"mailto:barbara@if.sp.gov.br\">barbara@if.sp.gov.br<\/a><\/li>\n<\/ul>\n<ul>\n<li><strong>Justificativa:\u00a0<\/strong>O Projeto desenvolve-se por meio das vertentes social e ambiental, tendo por finalidade oferecer aos jovens, que se encontram em distor\u00e7\u00e3o idade-s\u00e9rie, oportunidades de forma\u00e7\u00e3o no sistema educacional de ensino, procurando integrar atividades do ensino formal com as diversas atividades da \u00e1rea agroflorestal. Atuando tamb\u00e9m na forma\u00e7\u00e3o psicossocial e no aspecto nutricional, o projeto oferece condi\u00e7\u00f5es que possibilitem aos mesmos, o resgate de valores essenciais ao ser humano, como; valoriza\u00e7\u00e3o do ser, eleva\u00e7\u00e3o da auto-estima, responsabilidade, est\u00edmulo dos relacionamentos afetivos, confian\u00e7a e dignidade, como tamb\u00e9m contribuir para melhoria das condi\u00e7\u00f5es de sa\u00fade da crian\u00e7a e adolescente.As atividades desenvolvidas s\u00e3o direcionadas a crian\u00e7as e adolescentes de 10 a 12 e 12 a 14 anos, pelo per\u00edodo de 2\u00a6 a 6\u00a6 feira das 08h00 \u00e0s 16h30. Sendo elas: Per\u00edodo escolar regular municipal, refor\u00e7o escolar, Coleta de Sementes, Viveiro e Produ\u00e7\u00e3o de Mudas Florestais, Horticultura, Educa\u00e7\u00e3o F\u00edsica, Artesanato com Elementos da Natureza, Recrea\u00e7\u00e3o Ambiental, Orienta\u00e7\u00e3o moral Crist\u00e3, atendimento psicoterap\u00eautico, atendimento m\u00e9dico e odontol\u00f3gico. \u00c9 importante destacar que todas as atividades s\u00e3o integradas \u00e0s atividades ambientais, atuando na forma\u00e7\u00e3o da crian\u00e7a para o meio ambiente.<\/li>\n<\/ul>\n<ul>\n<li><strong>Hist\u00f3rico do projeto:\u00a0<\/strong>Necessidade atendimento de crian\u00e7as em situa\u00e7\u00e3o de risco social no Munic\u00edpio de Itapetininga.<\/li>\n<\/ul>\n<ul>\n<li><strong>Condi\u00e7\u00f5es Cidad\u00e3o:\u00a0<\/strong>Inscri\u00e7\u00e3o e participa\u00e7\u00e3o do processo de sele\u00e7\u00e3o<\/li>\n<li><strong>Recursos oferecidos:\u00a0<\/strong>Salas de aula, sala de artesanato, viveiro.<\/li>\n<li><strong>Custos:\u00a0<\/strong>Gratuito<\/li>\n<li><strong>Atualiza\u00e7\u00e3o do cadastro:\u00a0<\/strong>07\/2010<\/li>\n<\/ul>\n","protected":false},"excerpt":{"rendered":"<p>Nome:\u00a0Projeto Mudas da Cidade &#8211; Esta\u00e7\u00e3o Experimental de Itapetininga Respons\u00e1vel:\u00a0B\u00e1rbara Heliodora Soares do Prado Data de in\u00edcio:\u00a01995 Objetivos gerais:\u00a0Projeto socioambiental com a finalidade de oferecer educa\u00e7\u00e3o integral, destacando atividades na \u00e1rea agroflorestal. P\u00fablico-alvo:\u00a0Crian\u00e7a; Adolescente Secretaria:\u00a0Meio Ambiente \u00d3rg\u00e3o\/Institui\u00e7\u00e3o respons\u00e1vel:\u00a0Instituto Florestal &#8211; IF \/ Divis\u00e3o de Florestas e Esta\u00e7\u00f5es Experimentais &#8211; DFEE &#8211; Esta\u00e7\u00e3o Experimental de Itapetininga [&hellip;]<\/p>\n","protected":false},"author":49,"featured_media":0,"parent":3310,"menu_order":0,"comment_status":"closed","ping_status":"open","template":"","meta":[],"_links":{"self":[{"href":"https:\/\/www.infraestruturameioambiente.sp.gov.br\/institutoflorestal\/wp-json\/wp\/v2\/pages\/4351"}],"collection":[{"href":"https:\/\/www.infraestruturameioambiente.sp.gov.br\/institutoflorestal\/wp-json\/wp\/v2\/pages"}],"about":[{"href":"https:\/\/www.infraestruturameioambiente.sp.gov.br\/institutoflorestal\/wp-json\/wp\/v2\/types\/page"}],"author":[{"embeddable":true,"href":"https:\/\/www.infraestruturameioambiente.sp.gov.br\/institutoflorestal\/wp-json\/wp\/v2\/users\/49"}],"replies":[{"embeddable":true,"href":"https:\/\/www.infraestruturameioambiente.sp.gov.br\/institutoflorestal\/wp-json\/wp\/v2\/comments?post=4351"}],"version-history":[{"count":2,"href":"https:\/\/www.infraestruturameioambiente.sp.gov.br\/institutoflorestal\/wp-json\/wp\/v2\/pages\/4351\/revisions"}],"predecessor-version":[{"id":4378,"href":"https:\/\/www.infraestruturameioambiente.sp.gov.br\/institutoflorestal\/wp-json\/wp\/v2\/pages\/4351\/revisions\/4378"}],"up":[{"embeddable":true,"href":"https:\/\/www.infraestruturameioambiente.sp.gov.br\/institutoflorestal\/wp-json\/wp\/v2\/pages\/3310"}],"wp:attachment":[{"href":"https:\/\/www.infraestruturameioambiente.sp.gov.br\/institutoflorestal\/wp-json\/wp\/v2\/media?parent=4351"}],"curies":[{"name":"wp","href":"https:\/\/api.w.org\/{rel}","templated":true}]}}