{"id":4328,"date":"2013-09-16T14:57:19","date_gmt":"2013-09-16T17:57:19","guid":{"rendered":"https:\/\/www.infraestruturameioambiente.sp.gov.br\/institutoflorestal\/?page_id=4328"},"modified":"2013-09-18T09:26:31","modified_gmt":"2013-09-18T12:26:31","slug":"jovem-aprendiz","status":"publish","type":"page","link":"https:\/\/www.infraestruturameioambiente.sp.gov.br\/institutoflorestal\/o-instituto\/projetos-socioambientais\/jovem-aprendiz\/","title":{"rendered":"Jovem Aprendiz"},"content":{"rendered":"<ul>\n<li><strong>Nome:<\/strong>\u00a0Projeto Jovem Aprendiz &#8211; Esta\u00e7\u00e3o Experimental de Itapetininga<\/li>\n<li><strong>Respons\u00e1vel:\u00a0<\/strong>B\u00e1rbara Heliodora Soares do Prado<\/li>\n<li><strong>Data de in\u00edcio:\u00a0<\/strong>2004<\/li>\n<li><strong>Objetivos gerais:\u00a0<\/strong>Proporcionar forma\u00e7\u00e3o socioambiental a adolescentes em situa\u00e7\u00e3o de risco social, por meio de cursos de capacita\u00e7\u00e3o profissional associados \u00e0 educa\u00e7\u00e3o ambiental.<\/li>\n<li><strong>P\u00fablico-alvo:\u00a0<\/strong>Adolecente<\/li>\n<li><strong>Secretaria:\u00a0<\/strong>Meio Ambiente<\/li>\n<li><strong>\u00d3rg\u00e3o\/Institui\u00e7\u00e3o respons\u00e1vel:\u00a0<\/strong>Instituto Florestal &#8211; IF \/ Divis\u00e3o de Florestas e Esta\u00e7\u00f5es Experimentais &#8211; DFEE &#8211; Esta\u00e7\u00e3o Experimental de Itapetininga<\/li>\n<li><strong>Parcerias:\u00a0<\/strong>Prefeitura Municipal de Itapetininga e Instituto Gera\u00e7\u00e3o (ONG)<\/li>\n<li><strong>Equipe:\u00a0<\/strong>1 coordenador;; 1 monitor;; 1 merendeira;; 1 ajudante de servi\u00e7os gerais.<\/li>\n<\/ul>\n<ul>\n<li><strong>Endere\u00e7o:\u00a0<\/strong>Rodovia Maestro Benedito Pompeo de Jesus, km. 08<\/li>\n<li><strong>Cidade:\u00a0<\/strong>Itapetininga<\/li>\n<li><strong>Estado:\u00a0<\/strong>SP<\/li>\n<li><strong>CEP:\u00a0<\/strong>18200-000<\/li>\n<li><strong>Telefone:\u00a0<\/strong>(15) 3271-3866<\/li>\n<li><strong>E-mail:\u00a0<\/strong><a href=\"mailto:barbara@if.sp.gov.br\">barbara@if.sp.gov.br<\/a><\/li>\n<\/ul>\n<ul>\n<li><strong>Justificativa:\u00a0<\/strong>Projeto de car\u00e1ter socioambiental, o qual procura desenvolver um perfil de profissionaliza\u00e7\u00e3o e empreendedorismo, buscando contribuir para a sustentabilidade econ\u00f4mica de jovens de baixa renda na faixa et\u00e1ria de 14 a 18 anos. Os adolescentes t\u00eam a oportunidade de adquirir conhecimentos e valores que facilitem o processo de inclus\u00e3o social atrav\u00e9s da inicia\u00e7\u00e3o profissional. Dando continuidade ao Projeto Mudas da Cidade, o projeto desenvolve 4 cursos da \u00e1rea florestal em m\u00f3dulos bimestrais, de 2a. a 6a. feira, com carga hor\u00e1ria de 120 horas durante o per\u00edodo anual. Os cursos s\u00e3o realizados a partir de atividades associadas \u00e0 Educa\u00e7\u00e3o Ambiental, a saber: Artesanato com Elementos da Natureza &#8211; M\u00f3dulos I e II, jardinagem, Viveiro de Produ\u00e7\u00e3o de Mudas Florestais\/Coleta de Sementes e Resinagem.O Projeto busca a partir do trabalho desenvolvido, oferecer aos jovens a oportunidade de inser\u00e7\u00e3o no mercado de trabalho a partir dos conhecimentos adquiridos, promovendo sua autonomia financeira e gera\u00e7\u00e3o de renda familiar, ao mesmo tempo em que, procura integrar a necessidade de sustentabilidade econ\u00f4mica com a preserva\u00e7\u00e3o e consci\u00eancia ambiental.<\/li>\n<\/ul>\n<ul>\n<li><strong>Hist\u00f3rico do projeto:\u00a0<\/strong>Necessidade de inser\u00e7\u00e3o dos jovens de baixa renda no mercado de trabalho.<\/li>\n<\/ul>\n<ul>\n<li><strong>Unidades de atendimento:\u00a0<\/strong>Rodovia Maestro Benedito Pompeo de Jesus, km. 08 &#8211; 18200-000 &#8211; Itapetininga &#8211; SP<\/li>\n<li><strong>Condi\u00e7\u00f5es Cidad\u00e3o:\u00a0<\/strong>Ex-alunos do Projeto Mudas da Cidade e adolescentes moradores da cidade de Itapetininga, na faixa et\u00e1ria entre 14 e 18 anos, ambos os sexos, regularmente matriculados no sistema educacional de ensino.<\/li>\n<li><strong>Recursos oferecidos:\u00a0<\/strong>Salas de aula, sala de artesanato, viveiro.<\/li>\n<li><strong>Custos:\u00a0<\/strong>Gratuito<\/li>\n<li><strong>Atualiza\u00e7\u00e3o do cadastro:\u00a0<\/strong>07\/2010<\/li>\n<\/ul>\n","protected":false},"excerpt":{"rendered":"<p>Nome:\u00a0Projeto Jovem Aprendiz &#8211; Esta\u00e7\u00e3o Experimental de Itapetininga Respons\u00e1vel:\u00a0B\u00e1rbara Heliodora Soares do Prado Data de in\u00edcio:\u00a02004 Objetivos gerais:\u00a0Proporcionar forma\u00e7\u00e3o socioambiental a adolescentes em situa\u00e7\u00e3o de risco social, por meio de cursos de capacita\u00e7\u00e3o profissional associados \u00e0 educa\u00e7\u00e3o ambiental. P\u00fablico-alvo:\u00a0Adolecente Secretaria:\u00a0Meio Ambiente \u00d3rg\u00e3o\/Institui\u00e7\u00e3o respons\u00e1vel:\u00a0Instituto Florestal &#8211; IF \/ Divis\u00e3o de Florestas e Esta\u00e7\u00f5es Experimentais &#8211; DFEE [&hellip;]<\/p>\n","protected":false},"author":49,"featured_media":0,"parent":3310,"menu_order":0,"comment_status":"closed","ping_status":"open","template":"","meta":[],"_links":{"self":[{"href":"https:\/\/www.infraestruturameioambiente.sp.gov.br\/institutoflorestal\/wp-json\/wp\/v2\/pages\/4328"}],"collection":[{"href":"https:\/\/www.infraestruturameioambiente.sp.gov.br\/institutoflorestal\/wp-json\/wp\/v2\/pages"}],"about":[{"href":"https:\/\/www.infraestruturameioambiente.sp.gov.br\/institutoflorestal\/wp-json\/wp\/v2\/types\/page"}],"author":[{"embeddable":true,"href":"https:\/\/www.infraestruturameioambiente.sp.gov.br\/institutoflorestal\/wp-json\/wp\/v2\/users\/49"}],"replies":[{"embeddable":true,"href":"https:\/\/www.infraestruturameioambiente.sp.gov.br\/institutoflorestal\/wp-json\/wp\/v2\/comments?post=4328"}],"version-history":[{"count":6,"href":"https:\/\/www.infraestruturameioambiente.sp.gov.br\/institutoflorestal\/wp-json\/wp\/v2\/pages\/4328\/revisions"}],"predecessor-version":[{"id":4377,"href":"https:\/\/www.infraestruturameioambiente.sp.gov.br\/institutoflorestal\/wp-json\/wp\/v2\/pages\/4328\/revisions\/4377"}],"up":[{"embeddable":true,"href":"https:\/\/www.infraestruturameioambiente.sp.gov.br\/institutoflorestal\/wp-json\/wp\/v2\/pages\/3310"}],"wp:attachment":[{"href":"https:\/\/www.infraestruturameioambiente.sp.gov.br\/institutoflorestal\/wp-json\/wp\/v2\/media?parent=4328"}],"curies":[{"name":"wp","href":"https:\/\/api.w.org\/{rel}","templated":true}]}}