{"id":4320,"date":"2013-09-16T11:25:40","date_gmt":"2013-09-16T14:25:40","guid":{"rendered":"https:\/\/www.infraestruturameioambiente.sp.gov.br\/institutoflorestal\/?page_id=4320"},"modified":"2013-09-18T09:35:49","modified_gmt":"2013-09-18T12:35:49","slug":"educacao-ambiental-jatai","status":"publish","type":"page","link":"https:\/\/www.infraestruturameioambiente.sp.gov.br\/institutoflorestal\/o-instituto\/projetos-socioambientais\/educacao-ambiental-jatai\/","title":{"rendered":"Educa\u00e7\u00e3o Ambiental &#8211; Jata\u00ed"},"content":{"rendered":"<ul>\n<li><strong>Nome:<\/strong>\u00a0Capacita\u00e7\u00e3o em educa\u00e7\u00e3o ambiental para docentes da rede p\u00fablica municipal de educa\u00e7\u00e3o de Luiz Ant\u00f4nio &#8211; Esta\u00e7\u00e3o Ecol\u00f3gica Jata\u00ed<\/li>\n<li><strong>Respons\u00e1vel:<\/strong> Paulo Henrique Pereira Ruffino<\/li>\n<li><strong>Data de in\u00edcio:<\/strong> Mar\u00e7o de 2012 a Dezembro de 2013<\/li>\n<li><strong>Objetivos gerais: <\/strong>Capacitar Docentes da Rede Municipal de Educa\u00e7\u00e3o do Munic\u00edpio de Luiz Ant\u00f4nio para a tem\u00e1tica transversal de Conserva\u00e7\u00e3o da Biodiversidade nas \u00c1reas Protegidas Locais (Esta\u00e7\u00e3o Experimental e Esta\u00e7\u00e3o Ecol\u00f3gica Jata\u00ed) por meio de processos de Educa\u00e7\u00e3o Ambiental;<\/li>\n<li><strong>Objetivos espec\u00edficos:<\/strong> desenvolver ao longo do processo de capacita\u00e7\u00e3o m\u00e9todos pedag\u00f3gico difereciados junto aos docentes para elabora\u00e7\u00e3o de planejamento pedag\u00f3gico anual de 2014 que contemple interpreta\u00e7\u00e3o e a\u00e7\u00f5es de conserva\u00e7\u00e3o junto as \u00c1reas Protegidas\u00a0 de Luiz Antonio.<\/li>\n<li><strong>P\u00fablico-alvo:<\/strong> Docentes do Ensino Fundamental e Educa\u00e7\u00e3o Infantil da Secretaria Municipal de Educa\u00e7\u00e3o de Luiz Antonio<\/li>\n<li><strong>Secretaria:<\/strong> Meio Ambiente<\/li>\n<li><strong>\u00d3rg\u00e3o\/Institui\u00e7\u00e3o respons\u00e1vel:<\/strong> Instituto Florestal e Funda\u00e7\u00e3o para a Conserva\u00e7\u00e3o e a Produ\u00e7\u00e3o Florestal do Estado de S\u00e3o Paulo<\/li>\n<li><strong>Equipe:\u00a0<\/strong><\/li>\n<\/ul>\n<ol>\n<li>\u00a0 \u00a0 Edson Montilha de Oliveira (FF), Secretaria Municipal de Educa\u00e7\u00e3o de Luiz Antonio<\/li>\n<li>\u00a0 \u00a0 Paulo Henrique Peira Ruffino \u2013 <a href=\"mailto:phruffino@if.sp.gov.br\" target=\"_blank\">phruffino@if.sp.gov.br<\/a><\/li>\n<li>\u00a0 \u00a0 Edson Montilha de Oliveira &#8211; <a title=\"edson.montilha@fflorestal.sp.gov.br\" href=\"mailto:edson.montilha@fflorestal.sp.gov.br\">edson.montilha@fflorestal.sp.gov.br<\/a><\/li>\n<li>\u00a0 \u00a0 Secretaria Municipal de Educa\u00e7\u00e3o de Luiz Antonio \u2013 <a href=\"mailto:educa%C3%A7%C3%A3o@luizantonio.sp.gov.br\">educa\u00e7\u00e3o@luizantonio.sp.gov.br<\/a><\/li>\n<\/ol>\n<p>&nbsp;<\/p>\n<ul>\n<li><strong>Endere\u00e7o:<\/strong> Estrada Vicinal Fazenda Jata\u00ed, km 3 \u2013 junto \u00e0 Esta\u00e7\u00e3o Experimental de Luiz Ant\u00f4nio Caixa Postal 26<\/li>\n<li><strong>Cidade:<\/strong> Luiz Ant\u00f4nio<\/li>\n<li><strong>Estado:<\/strong> SP<\/li>\n<li><strong>CEP:<\/strong> 14210-970<\/li>\n<li><strong>Telefone:<\/strong> (11) 95652 2593<\/li>\n<li><strong>E-mail:\u00a0<\/strong><a href=\"mailto:phruffino@if.sp.gov.br\" target=\"_blank\">phruffino@if.sp.gov.br<\/a><\/li>\n<\/ul>\n<ul>\n<li><strong>Justificativa:<\/strong> Atender a comunidade escolar do munic\u00edpio \u00e0s quest\u00f5es das \u00e1reas protegidas estaduais locais e atender ao programa de eduaca\u00e7\u00e3o ambiental do Plano de Manejo da Esta\u00e7\u00e3o Ecol\u00f3gica Jata\u00ed (em fase de aprova\u00e7\u00e3o)<\/li>\n<\/ul>\n<ul>\n<li><strong>Hist\u00f3rico do projeto:<\/strong> o projeto se origina a partir da parceria t\u00e9cnica entre o Instituto Florestal (pesquisa) e a Funda\u00e7\u00e3o Florestal (gest\u00e3o).<\/li>\n<\/ul>\n<ul>\n<li><strong>Endere\u00e7o das unidades de atendimento:<\/strong> \u00e1reas protegidas de Luiz Antonio \u2013 Esta\u00e7\u00e3o Experimental e Esta\u00e7\u00e3o Ecol\u00f3gica, Unidades Escolares de Ensino Fundamental e Infantil e Secretaria Municipal de Educa\u00e7\u00e3o.<\/li>\n<li><strong>Condi\u00e7\u00f5es para participar do programa &#8211; Cidad\u00e3o:<\/strong> ser docente municipal do ensino fundamental e ou infantil<\/li>\n<li><strong>Condi\u00e7\u00f5es para participar do programa &#8211; Prefeituras:<\/strong> disponibiliza\u00e7\u00e3o de hor\u00e1rios de planejamento pedag\u00f3gico, diponibiliza\u00e7\u00e3o de transporte e alimenta\u00e7\u00e3o para atividades de campo, incorpora\u00e7\u00e3o de planejamento elaborado na proposta municipal de ensino.<\/li>\n<li><strong>Recursos oferecidos:<\/strong> log\u00edstica para desenvolvimento das atividades de campo, assessoria t\u00e9cnica e estruturas f\u00edsicas das unidades.<\/li>\n<li><strong>Custos:<\/strong>\u00a0Gratuito<\/li>\n<li><strong>Data de atualiza\u00e7\u00e3o do cadastro:<\/strong>\u00a0Abril de 2013<\/li>\n<\/ul>\n","protected":false},"excerpt":{"rendered":"<p>Nome:\u00a0Capacita\u00e7\u00e3o em educa\u00e7\u00e3o ambiental para docentes da rede p\u00fablica municipal de educa\u00e7\u00e3o de Luiz Ant\u00f4nio &#8211; Esta\u00e7\u00e3o Ecol\u00f3gica Jata\u00ed Respons\u00e1vel: Paulo Henrique Pereira Ruffino Data de in\u00edcio: Mar\u00e7o de 2012 a Dezembro de 2013 Objetivos gerais: Capacitar Docentes da Rede Municipal de Educa\u00e7\u00e3o do Munic\u00edpio de Luiz Ant\u00f4nio para a tem\u00e1tica transversal de Conserva\u00e7\u00e3o da [&hellip;]<\/p>\n","protected":false},"author":49,"featured_media":0,"parent":3310,"menu_order":0,"comment_status":"closed","ping_status":"open","template":"","meta":[],"_links":{"self":[{"href":"https:\/\/www.infraestruturameioambiente.sp.gov.br\/institutoflorestal\/wp-json\/wp\/v2\/pages\/4320"}],"collection":[{"href":"https:\/\/www.infraestruturameioambiente.sp.gov.br\/institutoflorestal\/wp-json\/wp\/v2\/pages"}],"about":[{"href":"https:\/\/www.infraestruturameioambiente.sp.gov.br\/institutoflorestal\/wp-json\/wp\/v2\/types\/page"}],"author":[{"embeddable":true,"href":"https:\/\/www.infraestruturameioambiente.sp.gov.br\/institutoflorestal\/wp-json\/wp\/v2\/users\/49"}],"replies":[{"embeddable":true,"href":"https:\/\/www.infraestruturameioambiente.sp.gov.br\/institutoflorestal\/wp-json\/wp\/v2\/comments?post=4320"}],"version-history":[{"count":8,"href":"https:\/\/www.infraestruturameioambiente.sp.gov.br\/institutoflorestal\/wp-json\/wp\/v2\/pages\/4320\/revisions"}],"predecessor-version":[{"id":4383,"href":"https:\/\/www.infraestruturameioambiente.sp.gov.br\/institutoflorestal\/wp-json\/wp\/v2\/pages\/4320\/revisions\/4383"}],"up":[{"embeddable":true,"href":"https:\/\/www.infraestruturameioambiente.sp.gov.br\/institutoflorestal\/wp-json\/wp\/v2\/pages\/3310"}],"wp:attachment":[{"href":"https:\/\/www.infraestruturameioambiente.sp.gov.br\/institutoflorestal\/wp-json\/wp\/v2\/media?parent=4320"}],"curies":[{"name":"wp","href":"https:\/\/api.w.org\/{rel}","templated":true}]}}