{"id":4294,"date":"2013-09-16T11:09:57","date_gmt":"2013-09-16T14:09:57","guid":{"rendered":"https:\/\/www.infraestruturameioambiente.sp.gov.br\/institutoflorestal\/?page_id=4294"},"modified":"2013-10-23T15:42:30","modified_gmt":"2013-10-23T17:42:30","slug":"recuperacao-florestal-porto-ferreira","status":"publish","type":"page","link":"https:\/\/www.infraestruturameioambiente.sp.gov.br\/institutoflorestal\/o-instituto\/projetos-socioambientais\/recuperacao-florestal-porto-ferreira\/","title":{"rendered":"Recupera\u00e7\u00e3o Florestal &#8211; Porto Ferreira"},"content":{"rendered":"<ul>\n<li><strong>Nome:<\/strong> Estudo nas \u00e1reas de microbacias e elabora\u00e7\u00e3o de projeto t\u00e9cnico de recupera\u00e7\u00e3o florestal, em APP\u2019s localizadas na Zona de Amortecimento do Parque Estadual de Porto Ferreira.<\/li>\n<li><strong>Respons\u00e1vel:\u00a0<\/strong>Andr\u00e9 Lu\u00eds Teixeira De Lucca (Respons\u00e1vel T\u00e9cnico)<\/li>\n<li><strong>Data de in\u00edcio:\u00a0<\/strong>Libera\u00e7\u00e3o da primeira parcela em 21\/10\/2012<\/li>\n<li><strong>Objetivos gerais:\u00a0<\/strong>Diagnosticar as microbacias hidrogr\u00e1ficas do ribeir\u00e3o dos Patos e do c\u00f3rrego da \u00c1gua Parada e elaborar projeto de recupera\u00e7\u00e3o florestal para melhoria da qualidade ambiental da regi\u00e3o onde est\u00e1 inserido o Parque Estadual de Porto Ferreira.<\/li>\n<li><strong>Objetivos espec\u00edficos:<\/strong><\/li>\n<\/ul>\n<ol>\n<li>Implantar estrutura b\u00e1sica de apoio para realiza\u00e7\u00e3o do diagn\u00f3stico.<\/li>\n<li>Identificar as condi\u00e7\u00f5es florestais e o meio biof\u00edsico das microbacias do ribeir\u00e3o dos Patos e do c\u00f3rrego \u00c1gua Parada.<\/li>\n<li>Levantar o uso e ocupa\u00e7\u00e3o do solo na \u00e1rea de influ\u00eancia direta nas APP\u00b4s das duas microbacias.<\/li>\n<li>Identificar a percep\u00e7\u00e3o dos propriet\u00e1rios rurais em rela\u00e7\u00e3o ao Parque, aos recursos h\u00eddricos, \u00e0 quest\u00e3o ambiental da nossa regi\u00e3o e o interesse em participar do projeto de recupera\u00e7\u00e3o florestal.<\/li>\n<li>Desenvolver a\u00e7\u00f5es de educa\u00e7\u00e3o ambiental com os propriet\u00e1rios das microbacias para a sensibiliza\u00e7\u00e3o sobre a conserva\u00e7\u00e3o dos recursos h\u00eddricos e da biodiversidade regional.<\/li>\n<li>Envolver os propriet\u00e1rios no processo de estudo e de elabora\u00e7\u00e3o do projeto para refor\u00e7ar a futura etapa de implanta\u00e7\u00e3o da recupera\u00e7\u00e3o florestal.<\/li>\n<li>Elaborar mapeamento do uso e ocupa\u00e7\u00e3o do solo e relat\u00f3rio t\u00e9cnico do diagn\u00f3stico ambiental\/florestal.<\/li>\n<li>Elaborar projeto de recupera\u00e7\u00e3o florestal visando a conserva\u00e7\u00e3o do Parque Estadual de Porto Ferreira e melhoria condi\u00e7\u00f5es ambientais das microbacias.<\/li>\n<\/ol>\n<p>&nbsp;<\/p>\n<ul>\n<li><strong>P\u00fablico-alvo:<\/strong> Propriet\u00e1rios rurais localizados na Zona de Amortecimento do Parque Estadual de Porto Ferreira<\/li>\n<li><strong>Secretaria:\u00a0<\/strong>Do Meio Ambiente<\/li>\n<li><strong>\u00d3rg\u00e3o\/Institui\u00e7\u00e3o respons\u00e1vel:\u00a0<\/strong>Funda\u00e7\u00e3o Florestal (Proponente)<\/li>\n<li><strong>Parcerias:\u00a0<\/strong>Instituto Florestal e Casa da Agricultura<\/li>\n<li><strong>Equipe:\u00a0<\/strong>Sonia Aparecida de Souza, Marlene Francisca Tabanez, Ernesto Pedro Dickfeldt, Paulo Roberto de Oliveira \u2013 Instituto Florestal e Antonio Carlos C. Antonini &#8211; Casa da Agricultura.<\/li>\n<\/ul>\n<ul>\n<li><strong>Endere\u00e7o:<\/strong> <a href=\"https:\/\/www.google.com.br\/maps\/preview#!q=Parque+Estadual+de+Porto+Ferreira%2C+Porto+Ferreira+-+S%C3%A3o+Paulo&amp;data=!2m1!1e3!4m10!1m9!4m8!1m3!1d4371!2d-47.8260522!3d-22.2506438!3m2!1i1280!2i909!4f13.1&amp;fid=7\" target=\"_blank\">Parque Estadual de Porto Ferreira &#8211;\u00a0Rodovia SP-215, Km 90 \/ Zona Rural<\/a><\/li>\n<li><strong>Cidade:<\/strong> Porto Ferreira<\/li>\n<li><strong>Estado:<\/strong> SP<\/li>\n<li><strong>CEP:<\/strong> 13.660-000<\/li>\n<li><strong>Telefone:<\/strong> 19- 3581-2319<\/li>\n<li><strong>Fax: <\/strong>o mesmo<\/li>\n<li><strong>E-mail:<\/strong> <a href=\"mailto:pe.pferreira@fflorestal.sp.gov.br\">pe.pferreira@fflorestal.sp.gov.br<\/a>; <a href=\"mailto:andrelucca1@yahoo.com.br\">andrelucca1@yahoo.com.br<\/a><\/li>\n<\/ul>\n<ul>\n<li><strong>Justificativa:\u00a0<\/strong>Os estudos t\u00e9cnicos em microbacias tornam-se fundamentais para melhorar a qualidade ambiental, principalmente de \u00e1reas que vem sofrendo com a\u00e7\u00f5es antr\u00f3picas.<br \/>\nAs microbacias a serem estudadas &#8211; ribeir\u00e3o dos Patos e c\u00f3rrego da \u00c1gua Parada, com rela\u00e7\u00e3o \u00e0 cobertura florestal, uso e ocupa\u00e7\u00e3o do solo e outros fatores que afetam a hidrologia local, est\u00e3o diretamente ligadas a conserva\u00e7\u00e3o da natureza, pois as mesmas est\u00e3o localizadas na Zona de Amortecimento do Parque Estadual de Porto Ferreira.<br \/>\nCom a conclus\u00e3o do estudo florestal teremos a base para a realiza\u00e7\u00e3o do projeto de recupera\u00e7\u00e3o florestal, que contribuir\u00e1 com a melhoria das condi\u00e7\u00f5es ambientais das microbacias e consequentemente, o Parque Estadual de Porto Ferreira ter\u00e1 uma maior interliga\u00e7\u00e3o com outras \u00e1reas remanescentes, pela forma\u00e7\u00e3o e defini\u00e7\u00e3o do processo de corredores ecol\u00f3gicos, importantes para os ecossistemas florestais em nossa regi\u00e3o.<br \/>\nO Plano de Manejo do Parque Estadual de Porto Ferreira prev\u00ea a\u00e7\u00f5es priorit\u00e1rias o desenvolvimento de estrat\u00e9gias para participa\u00e7\u00e3o da comunidade da Zona Amortecimento que possui \u00e1rea superior a 5.000 hectares, visando a recupera\u00e7\u00e3o florestal e possibilidades de estabelecimento de corredores ecol\u00f3gicos.<br \/>\nAssim, o presente trabalho ser\u00e1 desenvolvimento adotando-se a metodologia de planejamento participativo e envolvimento comunit\u00e1rio.<br \/>\nO diagn\u00f3stico da situa\u00e7\u00e3o ambiental das microbacias ser\u00e1 o primeiro produto desse trabalho. A partir desse e do conhecimento da ades\u00e3o dos propriet\u00e1rios, ser\u00e1 elaborado o Projeto de Recupera\u00e7\u00e3o Florestal das APP\u00b4s.<\/li>\n<\/ul>\n<ul>\n<li><strong>Hist\u00f3rico do projeto:\u00a0<\/strong>O estudo e projeto de recupera\u00e7\u00e3o florestal est\u00e1 sendo desenvolvido de forma participativa, com a comunidade diretamente envolvida, ou seja, com os propriet\u00e1rios rurais das microbacias. Contar\u00e1 tamb\u00e9m com o envolvimento das organiza\u00e7\u00f5es governamentais parceiras, situadas no munic\u00edpio e de t\u00e9cnicos da<b> <\/b>institui\u00e7\u00e3o proponente, pois, tanto a Funda\u00e7\u00e3o Florestal como o Instituto Florestal e a CATI, t\u00eam realizados importantes trabalhos no diagn\u00f3stico e propostas de recupera\u00e7\u00e3o florestal para o Estado de S\u00e3o Paulo. Outros importantes parceiros s\u00e3o o Conselho Consultivo do Parque Estadual de Porto Ferreira e o Conselho de Desenvolvimento Rural do munic\u00edpio, que se manifestaram interesses em participarem e atuarem nos trabalhos. Esses conselhos t\u00eam como membros v\u00e1rias pessoas que s\u00e3o representantes diretos da comunidade envolvida e outros interlecutores diretamente ligados na quest\u00e3o ambiental da regi\u00e3o. Outro importante contribuinte ao projeto ser\u00e1 a contrata\u00e7\u00e3o de servi\u00e7os t\u00e9cnicos especializados, principalmente para fotointerpreta\u00e7\u00e3o, como tamb\u00e9m de especialistas para elabora\u00e7\u00e3o do projeto de recupera\u00e7\u00e3o florestal, dentro dos par\u00e2metros t\u00e9cnicos e legais que envolvem tal trabalho.<br \/>\nPara a realiza\u00e7\u00e3o do estudo florestal das microbacias e a elabora\u00e7\u00e3o de um projeto para recupera\u00e7\u00e3o foram e est\u00e3o sendo realizados:<\/li>\n<\/ul>\n<ol>\n<li>\u00a0 \u00a0 Implanta\u00e7\u00e3o dos meios para o desenvolvimento dos trabalhos t\u00e9cnicos de escrit\u00f3rio e das atividades de campo.<\/li>\n<li>\u00a0 \u00a0 Diagn\u00f3stico\u00a0 das propriedades<\/li>\n<li>\u00a0 \u00a0 Levantamento das propriedades localizadas nas microbacias<\/li>\n<li>\u00a0 \u00a0 Aplica\u00e7\u00e3o do question\u00e1rio.<\/li>\n<li>\u00a0 \u00a0 Desenvolvimento de A\u00e7\u00f5es de Educa\u00e7\u00e3o Ambiental.<\/li>\n<li>\u00a0 \u00a0 Levantamento do fatores biof\u00edsicos, uso e ocupa\u00e7\u00e3o do solo e influ\u00eancia sobre os recursos h\u00eddricos e florestais.<\/li>\n<li>\u00a0 \u00a0 Elabora\u00e7\u00e3o de projeto de recupera\u00e7\u00e3o florestal das APP das microbacias .<\/li>\n<\/ol>\n<p>&nbsp;<\/p>\n<ul>\n<li><strong>Condi\u00e7\u00f5es para participar &#8211; Cidad\u00e3o:<\/strong> <i>Estar localizado ou atuar nas microbacias Ribeir\u00e3o dos Patos e C\u00f3rrego da \u00c1gua Parada (Zona de Amortecimento do Parque Estadual de Porto Ferreira)<\/i><\/li>\n<li><strong>Condi\u00e7\u00f5es para participar &#8211; Prefeituras: <\/strong>Foram convidados membros do Departamento de Meio Ambiente da\u00a0 Prefeitura Municipal<\/li>\n<li><strong>Recursos oferecidos:<\/strong> Financiamento do Projeto pelo Fehidro<\/li>\n<li><strong>Custos:<\/strong> FEHIDRO (R$ 46.300,00) e CONTRAPARTIDA (R$ 57.680,00 \u2013 Instituto Florestal e Funda\u00e7\u00e3o Florestal)<\/li>\n<li><strong>Data de atualiza\u00e7\u00e3o do cadastro: <\/strong>11.04.2013.<\/li>\n<\/ul>\n","protected":false},"excerpt":{"rendered":"<p>Nome: Estudo nas \u00e1reas de microbacias e elabora\u00e7\u00e3o de projeto t\u00e9cnico de recupera\u00e7\u00e3o florestal, em APP\u2019s localizadas na Zona de Amortecimento do Parque Estadual de Porto Ferreira. Respons\u00e1vel:\u00a0Andr\u00e9 Lu\u00eds Teixeira De Lucca (Respons\u00e1vel T\u00e9cnico) Data de in\u00edcio:\u00a0Libera\u00e7\u00e3o da primeira parcela em 21\/10\/2012 Objetivos gerais:\u00a0Diagnosticar as microbacias hidrogr\u00e1ficas do ribeir\u00e3o dos Patos e do c\u00f3rrego da [&hellip;]<\/p>\n","protected":false},"author":49,"featured_media":0,"parent":3310,"menu_order":0,"comment_status":"closed","ping_status":"open","template":"","meta":[],"_links":{"self":[{"href":"https:\/\/www.infraestruturameioambiente.sp.gov.br\/institutoflorestal\/wp-json\/wp\/v2\/pages\/4294"}],"collection":[{"href":"https:\/\/www.infraestruturameioambiente.sp.gov.br\/institutoflorestal\/wp-json\/wp\/v2\/pages"}],"about":[{"href":"https:\/\/www.infraestruturameioambiente.sp.gov.br\/institutoflorestal\/wp-json\/wp\/v2\/types\/page"}],"author":[{"embeddable":true,"href":"https:\/\/www.infraestruturameioambiente.sp.gov.br\/institutoflorestal\/wp-json\/wp\/v2\/users\/49"}],"replies":[{"embeddable":true,"href":"https:\/\/www.infraestruturameioambiente.sp.gov.br\/institutoflorestal\/wp-json\/wp\/v2\/comments?post=4294"}],"version-history":[{"count":8,"href":"https:\/\/www.infraestruturameioambiente.sp.gov.br\/institutoflorestal\/wp-json\/wp\/v2\/pages\/4294\/revisions"}],"predecessor-version":[{"id":4557,"href":"https:\/\/www.infraestruturameioambiente.sp.gov.br\/institutoflorestal\/wp-json\/wp\/v2\/pages\/4294\/revisions\/4557"}],"up":[{"embeddable":true,"href":"https:\/\/www.infraestruturameioambiente.sp.gov.br\/institutoflorestal\/wp-json\/wp\/v2\/pages\/3310"}],"wp:attachment":[{"href":"https:\/\/www.infraestruturameioambiente.sp.gov.br\/institutoflorestal\/wp-json\/wp\/v2\/media?parent=4294"}],"curies":[{"name":"wp","href":"https:\/\/api.w.org\/{rel}","templated":true}]}}