{"id":4266,"date":"2013-09-16T10:30:58","date_gmt":"2013-09-16T13:30:58","guid":{"rendered":"https:\/\/www.infraestruturameioambiente.sp.gov.br\/institutoflorestal\/?page_id=4266"},"modified":"2013-10-23T15:43:04","modified_gmt":"2013-10-23T17:43:04","slug":"vale-vida","status":"publish","type":"page","link":"https:\/\/www.infraestruturameioambiente.sp.gov.br\/institutoflorestal\/o-instituto\/projetos-socioambientais\/vale-vida\/","title":{"rendered":"Vale Vida"},"content":{"rendered":"<ul>\n<li><strong>Nome: <\/strong>Projeto de educa\u00e7\u00e3o ambiental<strong>\u00a0<\/strong>Vale Vida \u2013 Viveiro Florestal de Taubat\u00e9<\/li>\n<li><strong>Respons\u00e1vel:<\/strong> Ana Stella Medeiros<\/li>\n<li><strong>Data de in\u00edcio:<\/strong> 1999<\/li>\n<li><strong>Objetivos gerais:<\/strong> Despertar nas crian\u00e7as e adolescentes a consci\u00eancia para as quest\u00f5es ambientais, buscando mudan\u00e7as de h\u00e1bitos e atitudes, bem como possibilitar que elas tenham contato direto com a natureza.<\/li>\n<li><strong>P\u00fablico-alvo:<\/strong> Estudantes do ensino fundamental das redes p\u00fablicas estadual e municipal dos munic\u00edpios de Taubat\u00e9, Pindamonhangaba, Trememb\u00e9 e Ca\u00e7apava.<\/li>\n<li><strong>Secretaria:<\/strong> Meio Ambiente<\/li>\n<li><strong>\u00d3rg\u00e3o\/Institui\u00e7\u00e3o respons\u00e1vel:<\/strong> Instituto Florestal<\/li>\n<li><strong>Equipe:\u00a0<\/strong><\/li>\n<\/ul>\n<ol>\n<li>Ana Stella Ribeiro Medeiros Neves Medeiros &#8211; <a href=\"mailto:stellaneves@gmail.com\">stellaneves@gmail.com<\/a><\/li>\n<li>Alcin\u00e9a Guimar\u00e3es de Castro \u2013 <a href=\"mailto:neia.gcastro@ig.com.br\">neia.gcastro@ig.com.br<\/a><\/li>\n<li>Clara Maria de Carvalho<\/li>\n<li>Cb. Marco Aur\u00e9lio Gobbo<\/li>\n<li>Estagi\u00e1rios monitores<\/li>\n<\/ol>\n<p>&nbsp;<\/p>\n<ul>\n<li><strong>Endere\u00e7o:<\/strong> Rodovia Oswaldo Cruz, Km 14, Bairro Registro &#8211; Caixa Postal: 102<\/li>\n<li><strong>Cidade:<\/strong> Taubat\u00e9<\/li>\n<li><strong>Estado:<\/strong> SP<\/li>\n<li><strong>CEP:<\/strong> 12010-970<\/li>\n<li><strong>Telefone:<\/strong> (12) 3626-1396<\/li>\n<li><strong>Fax:<\/strong> (12) 3626-1114<\/li>\n<li><strong>E-mail:<\/strong> viveirotaubate@if.sp.gov.br<\/li>\n<\/ul>\n<ul>\n<li><strong>Justificativa:<\/strong> O Vale do Para\u00edba \u00e9 uma regi\u00e3o que sofreu muito com o processo de degrada\u00e7\u00e3o ambiental, devido aos ciclos econ\u00f4micos. Estas atividades extrativistas e agr\u00edcolas eram realizadas sem a menor preocupa\u00e7\u00e3o com os recursos naturais, e hoje, com o processo de industrializa\u00e7\u00e3o regional vem aumentando a press\u00e3o sobre esses recursos, principalmente sobre os remanescentes de Mata Atl\u00e2ntica t\u00e3o rica em diversidade biol\u00f3gica e recursos h\u00eddricos. Algumas medidas devem ser tomadas na tentativa de amenizar tais impactos e paralelo a estas medidas \u00e9 de fundamental import\u00e2ncia \u00e0 educa\u00e7\u00e3o ambiental, que contribui para a forma\u00e7\u00e3o de cidad\u00e3os consciente, atrav\u00e9s da sensibiliza\u00e7\u00e3o sobre os problemas ambientais. (Anual, de mar\u00e7o a novembro)<\/li>\n<\/ul>\n<ul>\n<li><strong>Hist\u00f3rico do projeto:<\/strong> O Projeto de Educa\u00e7\u00e3o Ambiental \u201dVale Vida\u201d foi criado a partir de uma parceria entre o Viveiro Florestal de Taubat\u00e9 &#8211; Instituto Florestal e a Pol\u00edcia Ambiental. Esta iniciativa foi de fundamental import\u00e2ncia, uma vez que, o Viveiro dispunha de uma trilha interpretativa e de um Centro de Exposi\u00e7\u00e3o, e a Pol\u00edcia Ambiental dispunha de uma equipe que atuava na \u00e1rea de educa\u00e7\u00e3o ambiental, esta parceria veio suprir as car\u00eancias existentes em cada institui\u00e7\u00e3o. Este projeto \u00e9 desenvolvido desde 1998 com estudantes da rede do ensino fundamental dos munic\u00edpios de Taubat\u00e9, Pindamonhangaba, Trememb\u00e9 e Ca\u00e7apava, sendo dividido em tr\u00eas fases, a primeira desenvolvida na escola, por meio de palestras e apresenta\u00e7\u00e3o de v\u00eddeos, abordando diversos temas relacionados ao meio ambiente, como: fauna, flora, \u00e1gua, lixo, ca\u00e7a predat\u00f3ria, \u00e1reas preservadas e degradadas. A segunda fase ocorre no viveiro, onde os estudantes t\u00eam um contato direto com a natureza, percorrem a trilha ribeir\u00e3o das antas, visitam o centro de exposi\u00e7\u00e3o, participam de um minicurso de produ\u00e7\u00e3o de mudas e realizam din\u00e2micas de grupos. A terceira fase est\u00e1 relacionada coma conclus\u00e3o do projeto, onde os estudantes desenvolvem um trabalho, podendo ser teatro, feira ecol\u00f3gica, gincana, reda\u00e7\u00e3o com os temas abordados, entre outros.<\/li>\n<\/ul>\n<ul>\n<li><strong>Endere\u00e7o das unidades de atendimento:<\/strong> Rodovia Oswaldo Cruz, Km 14, Bairro Registro, Taubat\u00e9, SP.<\/li>\n<li><strong>Condi\u00e7\u00f5es para participar do programa &#8211; Cidad\u00e3o:<\/strong> Agendamento.<\/li>\n<li><strong>Condi\u00e7\u00f5es para participar do programa &#8211; Prefeituras:<\/strong> Agendamento.<\/li>\n<li><strong>Recursos oferecidos:<\/strong> Humanos: monitores e Infraestrutura: centro de visitantes, trilha interpretativa, sala audiovisual e \u00e1rea piquenique.<\/li>\n<li><strong>Custos:<\/strong> gratuito<\/li>\n<li><strong>Data de atualiza\u00e7\u00e3o do cadastro:<\/strong> Agosto de 2013<\/li>\n<\/ul>\n","protected":false},"excerpt":{"rendered":"<p>Nome: Projeto de educa\u00e7\u00e3o ambiental\u00a0Vale Vida \u2013 Viveiro Florestal de Taubat\u00e9 Respons\u00e1vel: Ana Stella Medeiros Data de in\u00edcio: 1999 Objetivos gerais: Despertar nas crian\u00e7as e adolescentes a consci\u00eancia para as quest\u00f5es ambientais, buscando mudan\u00e7as de h\u00e1bitos e atitudes, bem como possibilitar que elas tenham contato direto com a natureza. P\u00fablico-alvo: Estudantes do ensino fundamental das [&hellip;]<\/p>\n","protected":false},"author":49,"featured_media":0,"parent":3310,"menu_order":0,"comment_status":"closed","ping_status":"open","template":"","meta":[],"_links":{"self":[{"href":"https:\/\/www.infraestruturameioambiente.sp.gov.br\/institutoflorestal\/wp-json\/wp\/v2\/pages\/4266"}],"collection":[{"href":"https:\/\/www.infraestruturameioambiente.sp.gov.br\/institutoflorestal\/wp-json\/wp\/v2\/pages"}],"about":[{"href":"https:\/\/www.infraestruturameioambiente.sp.gov.br\/institutoflorestal\/wp-json\/wp\/v2\/types\/page"}],"author":[{"embeddable":true,"href":"https:\/\/www.infraestruturameioambiente.sp.gov.br\/institutoflorestal\/wp-json\/wp\/v2\/users\/49"}],"replies":[{"embeddable":true,"href":"https:\/\/www.infraestruturameioambiente.sp.gov.br\/institutoflorestal\/wp-json\/wp\/v2\/comments?post=4266"}],"version-history":[{"count":8,"href":"https:\/\/www.infraestruturameioambiente.sp.gov.br\/institutoflorestal\/wp-json\/wp\/v2\/pages\/4266\/revisions"}],"predecessor-version":[{"id":4558,"href":"https:\/\/www.infraestruturameioambiente.sp.gov.br\/institutoflorestal\/wp-json\/wp\/v2\/pages\/4266\/revisions\/4558"}],"up":[{"embeddable":true,"href":"https:\/\/www.infraestruturameioambiente.sp.gov.br\/institutoflorestal\/wp-json\/wp\/v2\/pages\/3310"}],"wp:attachment":[{"href":"https:\/\/www.infraestruturameioambiente.sp.gov.br\/institutoflorestal\/wp-json\/wp\/v2\/media?parent=4266"}],"curies":[{"name":"wp","href":"https:\/\/api.w.org\/{rel}","templated":true}]}}