{"id":4259,"date":"2013-09-16T10:14:38","date_gmt":"2013-09-16T13:14:38","guid":{"rendered":"https:\/\/www.infraestruturameioambiente.sp.gov.br\/institutoflorestal\/?page_id=4259"},"modified":"2013-09-18T09:21:31","modified_gmt":"2013-09-18T12:21:31","slug":"ecoatitude","status":"publish","type":"page","link":"https:\/\/www.infraestruturameioambiente.sp.gov.br\/institutoflorestal\/o-instituto\/projetos-socioambientais\/ecoatitude\/","title":{"rendered":"ECOatitude"},"content":{"rendered":"<ul>\n<li><strong>Nome:<\/strong>\u00a0Programa Ecoatitude no Instituto Florestal<\/li>\n<li><strong>Respons\u00e1vel:<\/strong> Leni Meire Pereira Ribeiro Lima<\/li>\n<li><strong>Data de in\u00edcio:<\/strong> 01\/2010<\/li>\n<li><strong>Objetivos gerais:<\/strong> Promover a\u00e7\u00f5es voltadas a promover a diminui\u00e7\u00e3o de consumo de \u00e1gua e energia, reutiliza\u00e7\u00e3o de materiais, coleta seletiva, reciclagem de res\u00edduos e iniciativas destinadas a promover o bem estar das pessoas, funcion\u00e1rios e familiares.<\/li>\n<li><strong>P\u00fablico-alvo:<\/strong> Trabalhador<\/li>\n<li><strong>Secretaria:<\/strong> Meio Ambiente<\/li>\n<li><strong>\u00d3rg\u00e3o\/Institui\u00e7\u00e3o respons\u00e1vel:<\/strong> Instituto Florestal<\/li>\n<li><strong>Parcerias:<\/strong> Funda\u00e7\u00e3o Florestal<\/li>\n<li><strong>Equipe:<\/strong> Leni Meire Pereira Ribeiro Lima (leni@if.sp.gov.br), Elaine Aparecida Rodrigues, Inamara Aparecida de S\u00e1 Melo, Lu\u00eds Alberto Bucci, Marlene Francisca Tabanez, Marli Maria Cardoso, Paul Joseph Dale, Priscila Weingartner, Rejane Esteves, Rejane Gomes Genaro, Renata Tavares de Menezes Caldas, Roselaine Barros Machado, Sandra L\u00facia Ribeiro Silva Catarino, Silvana Cristina Pereira Muniz de Souza.<\/li>\n<\/ul>\n<ul>\n<li><strong>Endere\u00e7o:<\/strong> <a href=\"https:\/\/www.google.com.br\/maps\/preview#!q=Rua+do+Horto%2C+931+-+Trememb%C3%A9%EF%BB%BF&amp;data=!2m1!1e3!4m10!1m9!4m8!1m3!1d4466078!2d-48.6355141!3d-22.5460521!3m2!1i1280!2i909!4f13.1&amp;fid=7\" target=\"_blank\">Rua do Horto, 931 &#8211; Trememb\u00e9<\/a><\/li>\n<li><strong>Cidade:<\/strong> S\u00e3o Paulo<\/li>\n<li><strong>Estado:<\/strong> SP<\/li>\n<li><strong>CEP:<\/strong> 02377-000<\/li>\n<li><strong>Telefone:<\/strong> (11) 2231-8555<\/li>\n<li><strong>Fax:<\/strong> (11) 2231-8555<\/li>\n<li><strong>E-mail:<\/strong> leni@iflorestal.sp.gov.br<\/li>\n<li><strong>Site:\u00a0<\/strong><a href=\"https:\/\/www.infraestruturameioambiente.sp.gov.br\/institutoflorestal\/ecoatitude\/\" target=\"_blank\">ECOatitude<\/a><\/li>\n<\/ul>\n<ul>\n<li><strong>Justificativa:<\/strong> A preocupa\u00e7\u00e3o com a necessidade de redu\u00e7\u00e3o de res\u00edduos s\u00f3lidos, consumo de \u00e1gua, energia, transporte e a qualidade ambiental motivou a Secretaria do Meio Ambiente do Estado de S\u00e3o Paulo a propor um programa para sustentabilidade nos \u00f3rg\u00e3os e institui\u00e7\u00f5es que a integram. Desta forma, foi implantado o \u201cPrograma ECOatitude\u201d no Instituto Florestal &#8211; IF, o qual prop\u00f5e a\u00e7\u00f5es para a sensibiliza\u00e7\u00e3o e a realiza\u00e7\u00e3o de boas pr\u00e1ticas ambientais e da import\u00e2ncia de nossas atitudes para o meio ambiente evitando o excesso e o desperd\u00edcio de recursos.<\/li>\n<\/ul>\n<ul>\n<li><strong>Hist\u00f3rico do projeto:<\/strong> O Programa foi institu\u00eddo pela Resolu\u00e7\u00e3o SMA no. 007 de 21 de janeiro de 2010. Para a implanta\u00e7\u00e3o de a\u00e7\u00f5es do Programa constituiu-se o Grupo de Trabalho composto por dois representantes das divis\u00f5es do Instituto Florestal (Diretoria Geral, Assessoria T\u00e9cnica de Programa\u00e7\u00e3o, Servi\u00e7o de Comunica\u00e7\u00f5es T\u00e9cnico- Cient\u00edficas, Divis\u00e3o de Florestas e Esta\u00e7\u00f5es Experimentais, Divis\u00e3o de Reservas e Parques Estaduais, Divis\u00e3o Administrativa e Divis\u00e3o de Dasonomia), com a finalidade de:\u00a0\u00a0 atualizar o diagn\u00f3stico da situa\u00e7\u00e3o da qualidade ambiental para a sede do Instituto Florestal e suas Unidades de Conserva\u00e7\u00e3o;\u00a0\u00a0 definir a\u00e7\u00f5es voltadas \u00e0 implementa\u00e7\u00e3o de crit\u00e9rios de sustentabilidade dentro do Programa ECOatitude da Secretaria do Meio Ambiente, e\u00a0 acompanhar e monitorar a aplica\u00e7\u00e3o das a\u00e7\u00f5es no \u00e2mbito do Instituto Florestal.\u00a0 A estrat\u00e9gia de cria\u00e7\u00e3o de um grupo de trabalho visa a representatividade e participa\u00e7\u00e3o das diversas inst\u00e2ncias do IF, buscando o envolvimento de todos os funcion\u00e1rios, direta e indiretamente, nas boas pr\u00e1ticas ambientais.<\/li>\n<\/ul>\n<ul>\n<li><strong>Condi\u00e7\u00f5es Cidad\u00e3o:<\/strong> Ser funcion\u00e1rio e colaborador do Instituto Florestal<\/li>\n<li><strong>Recursos oferecidos:<\/strong> Cursos; Palestras; Oficinas<\/li>\n<li><strong>Atualiza\u00e7\u00e3o do cadastro:<\/strong> 03\/2013<\/li>\n<\/ul>\n<p>&nbsp;<\/p>\n","protected":false},"excerpt":{"rendered":"<p>Nome:\u00a0Programa Ecoatitude no Instituto Florestal Respons\u00e1vel: Leni Meire Pereira Ribeiro Lima Data de in\u00edcio: 01\/2010 Objetivos gerais: Promover a\u00e7\u00f5es voltadas a promover a diminui\u00e7\u00e3o de consumo de \u00e1gua e energia, reutiliza\u00e7\u00e3o de materiais, coleta seletiva, reciclagem de res\u00edduos e iniciativas destinadas a promover o bem estar das pessoas, funcion\u00e1rios e familiares. P\u00fablico-alvo: Trabalhador Secretaria: Meio [&hellip;]<\/p>\n","protected":false},"author":49,"featured_media":0,"parent":3310,"menu_order":0,"comment_status":"closed","ping_status":"open","template":"","meta":[],"_links":{"self":[{"href":"https:\/\/www.infraestruturameioambiente.sp.gov.br\/institutoflorestal\/wp-json\/wp\/v2\/pages\/4259"}],"collection":[{"href":"https:\/\/www.infraestruturameioambiente.sp.gov.br\/institutoflorestal\/wp-json\/wp\/v2\/pages"}],"about":[{"href":"https:\/\/www.infraestruturameioambiente.sp.gov.br\/institutoflorestal\/wp-json\/wp\/v2\/types\/page"}],"author":[{"embeddable":true,"href":"https:\/\/www.infraestruturameioambiente.sp.gov.br\/institutoflorestal\/wp-json\/wp\/v2\/users\/49"}],"replies":[{"embeddable":true,"href":"https:\/\/www.infraestruturameioambiente.sp.gov.br\/institutoflorestal\/wp-json\/wp\/v2\/comments?post=4259"}],"version-history":[{"count":8,"href":"https:\/\/www.infraestruturameioambiente.sp.gov.br\/institutoflorestal\/wp-json\/wp\/v2\/pages\/4259\/revisions"}],"predecessor-version":[{"id":4372,"href":"https:\/\/www.infraestruturameioambiente.sp.gov.br\/institutoflorestal\/wp-json\/wp\/v2\/pages\/4259\/revisions\/4372"}],"up":[{"embeddable":true,"href":"https:\/\/www.infraestruturameioambiente.sp.gov.br\/institutoflorestal\/wp-json\/wp\/v2\/pages\/3310"}],"wp:attachment":[{"href":"https:\/\/www.infraestruturameioambiente.sp.gov.br\/institutoflorestal\/wp-json\/wp\/v2\/media?parent=4259"}],"curies":[{"name":"wp","href":"https:\/\/api.w.org\/{rel}","templated":true}]}}