{"id":4216,"date":"2013-09-13T11:43:39","date_gmt":"2013-09-13T14:43:39","guid":{"rendered":"https:\/\/www.infraestruturameioambiente.sp.gov.br\/institutoflorestal\/?page_id=4216"},"modified":"2020-04-06T16:07:16","modified_gmt":"2020-04-06T19:07:16","slug":"serra-dagua","status":"publish","type":"page","link":"https:\/\/www.infraestruturameioambiente.sp.gov.br\/institutoflorestal\/areas-protegidas\/florestas-estaduais\/serra-dagua\/","title":{"rendered":"Serra D`\u00c1gua"},"content":{"rendered":"<div class=\"wc-gallery\"><div id='gallery-1' data-gutter-width='5' data-columns='3' class='gallery wc-gallery-captions-onhover gallery-link-file gallery-masonry galleryid-4216 gallery-columns-3 gallery-size-thumbnail wc-gallery-bottomspace-default wc-gallery-clear'><div class='gallery-item gallery-item-position-1 gallery-item-attachment-7098'>\n\t\t\t\t<div class='gallery-icon landscape'>\n\t\t\t\t\t<a href='https:\/\/www.infraestruturameioambiente.sp.gov.br\/institutoflorestal\/wp-content\/uploads\/sites\/234\/2013\/09\/DSC09818-600x750.jpg' title='Foto: Oct\u00e1vio Campos Salles' target='_self'><img width=\"150\" height=\"150\" src=\"https:\/\/www.infraestruturameioambiente.sp.gov.br\/institutoflorestal\/wp-content\/uploads\/sites\/234\/2013\/09\/DSC09818-150x150.jpg\" class=\"attachment-thumbnail size-thumbnail\" alt=\"\" decoding=\"async\" loading=\"lazy\" \/><\/a>\n\t\t\t\t<\/div><\/div><div class='gallery-item gallery-item-position-2 gallery-item-attachment-7096'>\n\t\t\t\t<div class='gallery-icon landscape'>\n\t\t\t\t\t<a href='https:\/\/www.infraestruturameioambiente.sp.gov.br\/institutoflorestal\/wp-content\/uploads\/sites\/234\/2013\/09\/Foto-0037_1-600x750.jpg' title='' target='_self'><img width=\"150\" height=\"150\" src=\"https:\/\/www.infraestruturameioambiente.sp.gov.br\/institutoflorestal\/wp-content\/uploads\/sites\/234\/2013\/09\/Foto-0037_1-150x150.jpg\" class=\"attachment-thumbnail size-thumbnail\" alt=\"\" decoding=\"async\" loading=\"lazy\" \/><\/a>\n\t\t\t\t<\/div><\/div><div class='gallery-item gallery-item-position-3 gallery-item-attachment-7100'>\n\t\t\t\t<div class='gallery-icon portrait'>\n\t\t\t\t\t<a href='https:\/\/www.infraestruturameioambiente.sp.gov.br\/institutoflorestal\/wp-content\/uploads\/sites\/234\/2013\/09\/pica-pau-FESSEDA.jpg' title='Foto: Oct\u00e1vio Campos Salles' target='_self'><img width=\"150\" height=\"150\" src=\"https:\/\/www.infraestruturameioambiente.sp.gov.br\/institutoflorestal\/wp-content\/uploads\/sites\/234\/2013\/09\/pica-pau-FESSEDA-150x150.jpg\" class=\"attachment-thumbnail size-thumbnail\" alt=\"\" decoding=\"async\" loading=\"lazy\" \/><\/a>\n\t\t\t\t<\/div><\/div><\/div>\n<\/div>\n<ul>\n<li><strong>Nome:<\/strong> Floresta Estadual de Serra D`\u00c1gua<\/li>\n<li><strong>Munic\u00edpio:<\/strong>\u00a0Campinas<\/li>\n<li><strong>Divis\u00e3o:<\/strong> DFEE<\/li>\n<li><strong>Diploma Legal:<\/strong>\u00a0Dec. n\u00ba 56.617 de 28\/12\/2010<\/li>\n<li><strong>Se\u00e7\u00e3o:<\/strong>\u00a0Se\u00e7\u00e3o de Mogi-Gua\u00e7u<\/li>\n<li><strong>Respons\u00e1vel:<\/strong> Paulo Ricardo Brum Pereira<\/li>\n<li><strong>Endere\u00e7o:<\/strong>\u00a0Av Washington Luis n\u00ba 4200 ,\u00a0\u00a0 Parque Jambeiro \u2013 Campinas- SP<\/li>\n<li><strong>Bairro:\u00a0<\/strong>Parque Jambeiro<\/li>\n<li><strong>CEP:\u00a0<\/strong><\/li>\n<li><strong>Via de Acesso:<\/strong><\/li>\n<li><strong>Telefone:\u00a0<\/strong>(19) 3841-1056 e\u00a0(19) 3841-1057<\/li>\n<\/ul>\n<ul>\n<li><strong>\u00c1rea (ha):<\/strong>\u00a051,20<\/li>\n<li><strong>Latitude:<\/strong>\u00a022\u00ba 56\u2019 52\u2019\u2019 e 22\u00ba 57\u2019 33\u2019\u2019 Sul<\/li>\n<li><strong>Longitude:<\/strong>\u00a047\u00ba 02\u2019 30\u2019\u2019 e 47\u00ba 02\u2019 57\u2019\u2019 W<\/li>\n<li><strong>Altitude:\u00a0<\/strong>655 m<\/li>\n<li><strong>Per\u00edmetro(km):<\/strong><\/li>\n<li><strong>Clima:\u00a0<\/strong>Clima tropical de altitude, com ver\u00e3o quente e \u00famido e inverno ameno e quase seco.<\/li>\n<li><strong>Temperatura:\u00a0<\/strong>A temperatura m\u00e9dia \u00e9 da ordem de 22\u00b0C no ver\u00e3o e 18\u00b0C no inverno.<\/li>\n<\/ul>\n<ul>\n<li><strong>Topografia:<\/strong>\u00a0Relevo de agrada\u00e7\u00e3o, constitu\u00eddo pelas plan\u00edcies aluviais e um relevo de degrada\u00e7\u00e3o, localizado em planalto dissecado, formado por colinas m\u00e9dias.<\/li>\n<li><strong>Solo:\u00a0<\/strong>Argissolo Vermelho-Amarelo Distr\u00f3fico e Eutr\u00f3fico t\u00edpico e nitoss\u00f3dico a moderado, textura m\u00e9dia\/argilosa e argilosa n\u00e3o cascalhento e cascalhento.<\/li>\n<li><strong>Ecossistema:\u00a0<\/strong>Mata Atl\u00e2ntica &#8211; Floresta Estacional Semidecidual<\/li>\n<li><strong>Fauna:\u00a0<\/strong><\/li>\n<li><strong>Flora:<\/strong>\u00a0Predom\u00ednio de Tipuana (<em>Tipuana tipu<\/em>), esp\u00e9cie arb\u00f3rea nativa da Bol\u00edvia e Argentina, al\u00e9m de gram\u00edneas ex\u00f3ticas como o bambuzinho-de-jardim (<em>Phyllostachys aurea<\/em>), originada da \u00c1sia, capim-elefante (<em>Pennisetum purpureum<\/em>, \u00c1frica), (<em>Brachiaria sp<\/em>, \u00c1frica) e capim anone (<em>Eragrostis plana<\/em>, \u00c1frica).<\/li>\n<li><strong>Plano de Manejo:<\/strong> <a href=\"https:\/\/www.infraestruturameioambiente.sp.gov.br\/institutoflorestal\/planos-manejo-gestao\/plano-de-manejo-f-e-serra-dagua\/\">https:\/\/www.infraestruturameioambiente.sp.gov.br\/institutoflorestal\/planos-manejo-gestao\/plano-de-manejo-f-e-serra-dagua\/<\/a><\/li>\n<\/ul>\n","protected":false},"excerpt":{"rendered":"<p>Nome: Floresta Estadual de Serra D`\u00c1gua Munic\u00edpio:\u00a0Campinas Divis\u00e3o: DFEE Diploma Legal:\u00a0Dec. n\u00ba 56.617 de 28\/12\/2010 Se\u00e7\u00e3o:\u00a0Se\u00e7\u00e3o de Mogi-Gua\u00e7u Respons\u00e1vel: Paulo Ricardo Brum Pereira Endere\u00e7o:\u00a0Av Washington Luis n\u00ba 4200 ,\u00a0\u00a0 Parque Jambeiro \u2013 Campinas- SP Bairro:\u00a0Parque Jambeiro CEP:\u00a0 Via de Acesso: Telefone:\u00a0(19) 3841-1056 e\u00a0(19) 3841-1057 \u00c1rea (ha):\u00a051,20 Latitude:\u00a022\u00ba 56\u2019 52\u2019\u2019 e 22\u00ba 57\u2019 33\u2019\u2019 Sul Longitude:\u00a047\u00ba [&hellip;]<\/p>\n","protected":false},"author":102,"featured_media":0,"parent":3920,"menu_order":0,"comment_status":"closed","ping_status":"open","template":"","meta":[],"_links":{"self":[{"href":"https:\/\/www.infraestruturameioambiente.sp.gov.br\/institutoflorestal\/wp-json\/wp\/v2\/pages\/4216"}],"collection":[{"href":"https:\/\/www.infraestruturameioambiente.sp.gov.br\/institutoflorestal\/wp-json\/wp\/v2\/pages"}],"about":[{"href":"https:\/\/www.infraestruturameioambiente.sp.gov.br\/institutoflorestal\/wp-json\/wp\/v2\/types\/page"}],"author":[{"embeddable":true,"href":"https:\/\/www.infraestruturameioambiente.sp.gov.br\/institutoflorestal\/wp-json\/wp\/v2\/users\/102"}],"replies":[{"embeddable":true,"href":"https:\/\/www.infraestruturameioambiente.sp.gov.br\/institutoflorestal\/wp-json\/wp\/v2\/comments?post=4216"}],"version-history":[{"count":12,"href":"https:\/\/www.infraestruturameioambiente.sp.gov.br\/institutoflorestal\/wp-json\/wp\/v2\/pages\/4216\/revisions"}],"predecessor-version":[{"id":19014,"href":"https:\/\/www.infraestruturameioambiente.sp.gov.br\/institutoflorestal\/wp-json\/wp\/v2\/pages\/4216\/revisions\/19014"}],"up":[{"embeddable":true,"href":"https:\/\/www.infraestruturameioambiente.sp.gov.br\/institutoflorestal\/wp-json\/wp\/v2\/pages\/3920"}],"wp:attachment":[{"href":"https:\/\/www.infraestruturameioambiente.sp.gov.br\/institutoflorestal\/wp-json\/wp\/v2\/media?parent=4216"}],"curies":[{"name":"wp","href":"https:\/\/api.w.org\/{rel}","templated":true}]}}