{"id":4169,"date":"2013-09-09T11:41:31","date_gmt":"2013-09-09T14:41:31","guid":{"rendered":"https:\/\/www.infraestruturameioambiente.sp.gov.br\/institutoflorestal\/?page_id=4169"},"modified":"2019-12-11T12:25:31","modified_gmt":"2019-12-11T14:25:31","slug":"taubate","status":"publish","type":"page","link":"https:\/\/www.infraestruturameioambiente.sp.gov.br\/institutoflorestal\/areas-protegidas\/viveiros-florestais\/taubate\/","title":{"rendered":"Taubat\u00e9"},"content":{"rendered":"<div class=\"wc-gallery\"><div id='gallery-1' data-gutter-width='5' data-columns='3' class='gallery wc-gallery-captions-onhover gallery-link-file gallery-masonry galleryid-4169 gallery-columns-3 gallery-size-thumbnail wc-gallery-bottomspace-default wc-gallery-clear'><div class='gallery-item gallery-item-position-1 gallery-item-attachment-7402'>\n\t\t\t\t<div class='gallery-icon landscape'>\n\t\t\t\t\t<a href='https:\/\/www.infraestruturameioambiente.sp.gov.br\/institutoflorestal\/wp-content\/uploads\/sites\/234\/2013\/09\/DSC_0122_1-600x669.jpg' title='DSC_0122_1' target='_self'><img width=\"150\" height=\"150\" src=\"https:\/\/www.infraestruturameioambiente.sp.gov.br\/institutoflorestal\/wp-content\/uploads\/sites\/234\/2013\/09\/DSC_0122_1-150x150.jpg\" class=\"attachment-thumbnail size-thumbnail\" alt=\"\" decoding=\"async\" loading=\"lazy\" \/><\/a>\n\t\t\t\t<\/div><\/div><div class='gallery-item gallery-item-position-2 gallery-item-attachment-7401'>\n\t\t\t\t<div class='gallery-icon landscape'>\n\t\t\t\t\t<a href='https:\/\/www.infraestruturameioambiente.sp.gov.br\/institutoflorestal\/wp-content\/uploads\/sites\/234\/2013\/09\/DSC_0116_1-600x669.jpg' title='DSC_0116_1' target='_self'><img width=\"150\" height=\"150\" src=\"https:\/\/www.infraestruturameioambiente.sp.gov.br\/institutoflorestal\/wp-content\/uploads\/sites\/234\/2013\/09\/DSC_0116_1-150x150.jpg\" class=\"attachment-thumbnail size-thumbnail\" alt=\"\" decoding=\"async\" loading=\"lazy\" \/><\/a>\n\t\t\t\t<\/div><\/div><div class='gallery-item gallery-item-position-3 gallery-item-attachment-7400'>\n\t\t\t\t<div class='gallery-icon landscape'>\n\t\t\t\t\t<a href='https:\/\/www.infraestruturameioambiente.sp.gov.br\/institutoflorestal\/wp-content\/uploads\/sites\/234\/2013\/09\/DSC_0086_1-600x669.jpg' title='DSC_0086_1' target='_self'><img width=\"150\" height=\"150\" src=\"https:\/\/www.infraestruturameioambiente.sp.gov.br\/institutoflorestal\/wp-content\/uploads\/sites\/234\/2013\/09\/DSC_0086_1-150x150.jpg\" class=\"attachment-thumbnail size-thumbnail\" alt=\"\" decoding=\"async\" loading=\"lazy\" \/><\/a>\n\t\t\t\t<\/div><\/div><\/div>\n<\/div>\n<ul>\n<li><strong>Nome:<\/strong>\u00a0Viveiro Florestal de Taubat\u00e9.<\/li>\n<li><strong>Munic\u00edpio:<\/strong>\u00a0Taubat\u00e9<\/li>\n<li><strong>Divis\u00e3o:<\/strong>\u00a0Divis\u00e3o de Reservas e Parques Estaduais (DRPE)<\/li>\n<li><strong>Diploma Legal:<\/strong>\u00a0Dec. 36.771 de 15\/06\/60<\/li>\n<li><strong>Respons\u00e1vel:<\/strong>\u00a0Alcin\u00e9ia Guimar\u00e3es de Castro<\/li>\n<li><strong>Endere\u00e7o:<\/strong> <span style=\"color: #121212\">Rodovia Oswaldo Cruz, Km, n\u00ba 13.620 &#8211; Caixa Postal 102<\/span><a href=\"https:\/\/www.google.com.br\/maps\/preview#!q=Av.+Prof.+Manoel+C%C3%A9sar+Ribeiro%2C+234%2C+Pindamonhangaba+-+S%C3%A3o+Paulo&amp;data=!2m1!1e3!4m11!1m10!2i35!4m8!1m3!1d4466078!2d-48.6355141!3d-22.5460521!3m2!1i1280!2i909!4f13.1&amp;fid=7\" target=\"_blank\" rel=\"noopener noreferrer\"><br \/>\n<\/a><\/li>\n<li><strong>Bairro:\u00a0<\/strong>Registro<\/li>\n<li><strong>CEP:\u00a0<\/strong>12010-970<\/li>\n<li><strong>Via de Acesso:<\/strong> Rod. Presidente Dutra (BR 116), Rod. Carvalho Pinto e Rod. Oswaldo Cruz (SP 125).<\/li>\n<li><strong>Caixa Postal: <\/strong>102<\/li>\n<li><strong>Telefone:<\/strong>\u00a0(12) 3626-1114\u00a0e\u00a0(12) 3626-1396<\/li>\n<li><strong>Email:<\/strong>\u00a0<a href=\"mailto:viveirotaubate@if.sp.gov.br\">viveirotaubate@if.sp.gov.br<\/a><\/li>\n<li><strong>Visita\u00e7\u00e3o:<\/strong> de segunda a sexta das 8h \u00e0s 12h e das 13h \u00e0s 16h.<\/li>\n<li><strong>\u00c1rea (ha):<\/strong> 9,68<\/li>\n<\/ul>\n<ul>\n<li><strong>Latitude:<\/strong>\u00a023\u00ba 05\u2019 42\u2019\u2019 S<\/li>\n<li><strong>Longitude:<\/strong>\u00a045\u00ba 33\u2019 42\u2019\u2019 W<\/li>\n<li><strong>Altitude:<\/strong>\u00a0560m<\/li>\n<li><strong>Per\u00edmetro(km): <\/strong>1,7<\/li>\n<li><strong>Clima:<\/strong>\u00a0Clima Mesot\u00e9rmico com ver\u00f5es quentes e esta\u00e7\u00e3o chuvosas no ver\u00e3o (Cwa)<\/li>\n<li><strong>Temperatura:<br \/>\n<\/strong>&#8211; Temperatura m\u00e9dia anual 20\u00b0C.<br \/>\n&#8211; Temperatura m\u00e9dia anual m\u00e1xima 32\u00b0C.<br \/>\n&#8211; Temperatura m\u00e9dia anual m\u00ednima 10\u00b0C.<\/li>\n<\/ul>\n<ul>\n<li><strong>Topografia:<\/strong>\u00a0Mar de morros<\/li>\n<li><strong>Solo:\u00a0<\/strong>Solos Podz\u00f3licos e associados, Latossolo Vermellho-amarelo.<\/li>\n<li><strong>Ecossistema:<\/strong> Mata Atl\u00e2ntica (Floresta Ombr\u00f3fila Densa e Estacional Semidecidual)<\/li>\n<li><strong>Fauna:\u00a0<\/strong>A fauna silvestre \u00e9 composta de animais de pequeno porte, como r\u00e9pteis, insetos, of\u00eddios, aves e mam\u00edferos. Das esp\u00e9cies da avifauna, identificadas no Viveiro Florestal de Taubat\u00e9, pode-se constatar que algumas esp\u00e9cies s\u00e3o ex\u00f3ticas, tais como: sagui-de-tufo-branco, pardal e bico-de-lacre e das esp\u00e9cies nativas, 0,5% s\u00e3o consideradas esp\u00e9cies amea\u00e7adas de extin\u00e7\u00e3o.<\/li>\n<li><strong>Flora:<\/strong> A vegeta\u00e7\u00e3o \u00e9 bem diversificada apresentando floresta ombr\u00f3fila remanescente e esp\u00e9cies ex\u00f3ticas. Muitas foram plantadas como matrizes e arboretos. S\u00e3o representadas pelas Fam\u00edlias\u00a0<em>Anacardiaceae, Aponyaceae, Arecaceae, Bombacaceae, Cecropiaceae, Chrysobalanaceae, Cupressaceae, Elaeocarpaceae, Euphorbiaceae, Lauraceae, Lecythidaceae, Leguminosae-Caesalpinioideae, Leguminosae-Mimosoideae, Myrtaceae, Oleaceae, Phytolaccaceae, Pinaceae, Polygonaceae, Rhamnaceae, Rosaceae, Rubiaceae, Rutaceae, Meliaceae, Taxodiaceae, Moraceaeapocynaceae, arecaceae, bombaniaeceae, bignoniaceae, cecropiaceae, xhrysobanaceae, cupressaceae, elaeocarpaceae, euphorbiaceae, lauraceae, lecythidaceae, leguminosae-caesalpinioideae, leguminosae-mimosoideae, leguminosae-papilionoideae, myrtaceae, oleaceae, phytolaccaceae, pinaceae, polygonaceae, rhamnaceae, rosaceae, rubiaceae, rutaceae, meliaceae, taxodiaceae, moraceae<\/em>.<\/li>\n<li><strong>Turismo:<\/strong> Mediante agendamento, de segunda a sexta, das 8h \u00e0s 11h e das 12h \u00e0s 16h.<\/li>\n<li><strong>Visita\u00e7\u00e3o para pesquisa cient\u00edfica:<\/strong> Sim. Mediante agendamento pr\u00e9vio.<\/li>\n<li><strong>Educa\u00e7\u00e3o Ambiental:<\/strong> Sim. Mediante agendamento pr\u00e9vio.<\/li>\n<li><a href=\"https:\/\/smastr16.blob.core.windows.net\/iflorestal\/2018\/09\/VF-Taubate.pdf\"><strong>Ficha com resumo da \u00e1rea protegida<\/strong><\/a><\/li>\n<\/ul>\n","protected":false},"excerpt":{"rendered":"<p>Nome:\u00a0Viveiro Florestal de Taubat\u00e9. Munic\u00edpio:\u00a0Taubat\u00e9 Divis\u00e3o:\u00a0Divis\u00e3o de Reservas e Parques Estaduais (DRPE) Diploma Legal:\u00a0Dec. 36.771 de 15\/06\/60 Respons\u00e1vel:\u00a0Alcin\u00e9ia Guimar\u00e3es de Castro Endere\u00e7o: Rodovia Oswaldo Cruz, Km, n\u00ba 13.620 &#8211; Caixa Postal 102 Bairro:\u00a0Registro CEP:\u00a012010-970 Via de Acesso: Rod. Presidente Dutra (BR 116), Rod. Carvalho Pinto e Rod. Oswaldo Cruz (SP 125). Caixa Postal: 102 Telefone:\u00a0(12) [&hellip;]<\/p>\n","protected":false},"author":102,"featured_media":0,"parent":3924,"menu_order":0,"comment_status":"closed","ping_status":"open","template":"","meta":[],"_links":{"self":[{"href":"https:\/\/www.infraestruturameioambiente.sp.gov.br\/institutoflorestal\/wp-json\/wp\/v2\/pages\/4169"}],"collection":[{"href":"https:\/\/www.infraestruturameioambiente.sp.gov.br\/institutoflorestal\/wp-json\/wp\/v2\/pages"}],"about":[{"href":"https:\/\/www.infraestruturameioambiente.sp.gov.br\/institutoflorestal\/wp-json\/wp\/v2\/types\/page"}],"author":[{"embeddable":true,"href":"https:\/\/www.infraestruturameioambiente.sp.gov.br\/institutoflorestal\/wp-json\/wp\/v2\/users\/102"}],"replies":[{"embeddable":true,"href":"https:\/\/www.infraestruturameioambiente.sp.gov.br\/institutoflorestal\/wp-json\/wp\/v2\/comments?post=4169"}],"version-history":[{"count":13,"href":"https:\/\/www.infraestruturameioambiente.sp.gov.br\/institutoflorestal\/wp-json\/wp\/v2\/pages\/4169\/revisions"}],"predecessor-version":[{"id":18529,"href":"https:\/\/www.infraestruturameioambiente.sp.gov.br\/institutoflorestal\/wp-json\/wp\/v2\/pages\/4169\/revisions\/18529"}],"up":[{"embeddable":true,"href":"https:\/\/www.infraestruturameioambiente.sp.gov.br\/institutoflorestal\/wp-json\/wp\/v2\/pages\/3924"}],"wp:attachment":[{"href":"https:\/\/www.infraestruturameioambiente.sp.gov.br\/institutoflorestal\/wp-json\/wp\/v2\/media?parent=4169"}],"curies":[{"name":"wp","href":"https:\/\/api.w.org\/{rel}","templated":true}]}}