{"id":4167,"date":"2013-09-09T11:41:12","date_gmt":"2013-09-09T14:41:12","guid":{"rendered":"https:\/\/www.infraestruturameioambiente.sp.gov.br\/institutoflorestal\/?page_id=4167"},"modified":"2020-09-21T21:12:55","modified_gmt":"2020-09-22T00:12:55","slug":"pindamonhangaba","status":"publish","type":"page","link":"https:\/\/www.infraestruturameioambiente.sp.gov.br\/institutoflorestal\/areas-protegidas\/viveiros-florestais\/pindamonhangaba\/","title":{"rendered":"Pindamonhangaba"},"content":{"rendered":"<div class=\"wc-gallery\"><div id='gallery-1' data-gutter-width='5' data-columns='3' class='gallery wc-gallery-captions-onhover gallery-link-file gallery-masonry galleryid-4167 gallery-columns-3 gallery-size-thumbnail wc-gallery-bottomspace-default wc-gallery-clear'><div class='gallery-item gallery-item-position-1 gallery-item-attachment-5575'>\n\t\t\t\t<div class='gallery-icon landscape'>\n\t\t\t\t\t<a href='https:\/\/www.infraestruturameioambiente.sp.gov.br\/institutoflorestal\/wp-content\/uploads\/sites\/234\/2013\/09\/FOTO23.jpg' title='' target='_self'><img width=\"150\" height=\"150\" src=\"https:\/\/www.infraestruturameioambiente.sp.gov.br\/institutoflorestal\/wp-content\/uploads\/sites\/234\/2013\/09\/FOTO23-150x150.jpg\" class=\"attachment-thumbnail size-thumbnail\" alt=\"\" decoding=\"async\" loading=\"lazy\" \/><\/a>\n\t\t\t\t<\/div><\/div><div class='gallery-item gallery-item-position-2 gallery-item-attachment-5576'>\n\t\t\t\t<div class='gallery-icon portrait'>\n\t\t\t\t\t<a href='https:\/\/www.infraestruturameioambiente.sp.gov.br\/institutoflorestal\/wp-content\/uploads\/sites\/234\/2013\/09\/FOTO13.jpg' title='' target='_self'><img width=\"150\" height=\"150\" src=\"https:\/\/www.infraestruturameioambiente.sp.gov.br\/institutoflorestal\/wp-content\/uploads\/sites\/234\/2013\/09\/FOTO13-150x150.jpg\" class=\"attachment-thumbnail size-thumbnail\" alt=\"\" decoding=\"async\" loading=\"lazy\" \/><\/a>\n\t\t\t\t<\/div><\/div><\/div>\n<\/div>\n<ul>\n<li><strong>Nome:<\/strong>\u00a0Viveiro Florestal de Pindamonhangaba &#8211;\u00a0Denominado &#8220;Parque Jo\u00e3o Pedro Cardoso&#8221;.<\/li>\n<li><strong>Munic\u00edpio:<\/strong>\u00a0Pindamonhangaba<\/li>\n<li><strong>Divis\u00e3o:<\/strong> DRPE<\/li>\n<li><strong>Diploma Legal:<\/strong>\u00a0Ocupa\u00e7\u00e3o, 1956<\/li>\n<li><strong>Respons\u00e1vel:<\/strong> Jos\u00e9 Luiz de Carvalho<\/li>\n<li><strong>Endere\u00e7o:<\/strong>\u00a0<a href=\"https:\/\/www.google.com.br\/maps\/preview#!q=Av.+Prof.+Manoel+C%C3%A9sar+Ribeiro%2C+234%2C+Pindamonhangaba+-+S%C3%A3o+Paulo&amp;data=!2m1!1e3!4m11!1m10!2i35!4m8!1m3!1d4466078!2d-48.6355141!3d-22.5460521!3m2!1i1280!2i909!4f13.1&amp;fid=7\" target=\"_blank\" rel=\"noopener noreferrer\">Av. Prof. Manoel C\u00e9sar Ribeiro, 234<\/a><\/li>\n<li><strong>Bairro:\u00a0<\/strong>Santa Cec\u00edlia<\/li>\n<li><strong>CEP:\u00a0<\/strong>12411-010<\/li>\n<li><strong>Via de Acesso:<\/strong>\u00a0Rod. Presidente Dutra (Rotat\u00f3ria no Km 99).<\/li>\n<li><strong>Caixa Postal:<\/strong>\u00a094<\/li>\n<li><strong>Telefone:<\/strong>\u00a0(12) 3648-3003 e\u00a0(12) 3642-3910<\/li>\n<li><strong>Email:<\/strong> <u><a href=\"mailto:hortopinda@if.sp.gov.br\">hortopinda@if.sp.gov.br<\/a>, hidrocarvalho@gmail.com<\/u><\/li>\n<\/ul>\n<ul>\n<li><strong>\u00c1rea (ha):<\/strong> 10<\/li>\n<li><strong>Latitude:<\/strong>\u00a022\u00ba 56\u00b4 Lat S<\/li>\n<li><strong>Longitude:<\/strong>\u00a045\u00ba 27\u00b4 Long WG<\/li>\n<li><strong>Altitude:<\/strong>\u00a0552m<\/li>\n<li><strong>Per\u00edmetro(km): <\/strong>10<\/li>\n<li><strong>Clima:<\/strong>\u00a0Clima Cwa, quente de inverno seco.<\/li>\n<li><strong>Temperatura:<br \/>\n<\/strong>&#8211; A temperatura m\u00e9dia anual do m\u00eas mais quente &#8211; Janeiro &#8211; 23,4 \u00ba C.<br \/>\n&#8211; Temperatura m\u00e9dia do m\u00eas mais frio &#8211; Julho &#8211; 15,5\u00ba C.<\/li>\n<\/ul>\n<ul>\n<li><strong>Topografia:<\/strong>\u00a0Plana<\/li>\n<li><strong>Solo:\u00a0<\/strong><\/li>\n<li><strong>Ecossistema:<\/strong>\u00a0Mata Atl\u00e2ntica &#8211; Floresta Estacional Semidecidual<\/li>\n<li><strong>Fauna:<\/strong><\/li>\n<li><strong>Flora:<\/strong>\u00a0Mata no est\u00e1gio inicial de regenera\u00e7\u00e3o.<\/li>\n<li><strong>Turismo:<\/strong> Diariamente, das 7:00 \u00e0s 16:00. Agendamento pr\u00e9vio para grupos.<\/li>\n<li><strong>Ficha com resumo da \u00e1rea protegida:\u00a0<\/strong><a href=\"https:\/\/smastr16.blob.core.windows.net\/iflorestal\/2018\/09\/VF-Pindamonhangaba.pdf\">https:\/\/smastr16.blob.core.windows.net\/iflorestal\/2018\/09\/VF-Pindamonhangaba.pdf.<\/a><\/li>\n<\/ul>\n","protected":false},"excerpt":{"rendered":"<p>Nome:\u00a0Viveiro Florestal de Pindamonhangaba &#8211;\u00a0Denominado &#8220;Parque Jo\u00e3o Pedro Cardoso&#8221;. Munic\u00edpio:\u00a0Pindamonhangaba Divis\u00e3o: DRPE Diploma Legal:\u00a0Ocupa\u00e7\u00e3o, 1956 Respons\u00e1vel: Jos\u00e9 Luiz de Carvalho Endere\u00e7o:\u00a0Av. Prof. Manoel C\u00e9sar Ribeiro, 234 Bairro:\u00a0Santa Cec\u00edlia CEP:\u00a012411-010 Via de Acesso:\u00a0Rod. Presidente Dutra (Rotat\u00f3ria no Km 99). Caixa Postal:\u00a094 Telefone:\u00a0(12) 3648-3003 e\u00a0(12) 3642-3910 Email: hortopinda@if.sp.gov.br, hidrocarvalho@gmail.com \u00c1rea (ha): 10 Latitude:\u00a022\u00ba 56\u00b4 Lat S Longitude:\u00a045\u00ba [&hellip;]<\/p>\n","protected":false},"author":102,"featured_media":0,"parent":3924,"menu_order":0,"comment_status":"closed","ping_status":"open","template":"","meta":[],"_links":{"self":[{"href":"https:\/\/www.infraestruturameioambiente.sp.gov.br\/institutoflorestal\/wp-json\/wp\/v2\/pages\/4167"}],"collection":[{"href":"https:\/\/www.infraestruturameioambiente.sp.gov.br\/institutoflorestal\/wp-json\/wp\/v2\/pages"}],"about":[{"href":"https:\/\/www.infraestruturameioambiente.sp.gov.br\/institutoflorestal\/wp-json\/wp\/v2\/types\/page"}],"author":[{"embeddable":true,"href":"https:\/\/www.infraestruturameioambiente.sp.gov.br\/institutoflorestal\/wp-json\/wp\/v2\/users\/102"}],"replies":[{"embeddable":true,"href":"https:\/\/www.infraestruturameioambiente.sp.gov.br\/institutoflorestal\/wp-json\/wp\/v2\/comments?post=4167"}],"version-history":[{"count":12,"href":"https:\/\/www.infraestruturameioambiente.sp.gov.br\/institutoflorestal\/wp-json\/wp\/v2\/pages\/4167\/revisions"}],"predecessor-version":[{"id":19748,"href":"https:\/\/www.infraestruturameioambiente.sp.gov.br\/institutoflorestal\/wp-json\/wp\/v2\/pages\/4167\/revisions\/19748"}],"up":[{"embeddable":true,"href":"https:\/\/www.infraestruturameioambiente.sp.gov.br\/institutoflorestal\/wp-json\/wp\/v2\/pages\/3924"}],"wp:attachment":[{"href":"https:\/\/www.infraestruturameioambiente.sp.gov.br\/institutoflorestal\/wp-json\/wp\/v2\/media?parent=4167"}],"curies":[{"name":"wp","href":"https:\/\/api.w.org\/{rel}","templated":true}]}}