{"id":4163,"date":"2013-09-09T11:38:50","date_gmt":"2013-09-09T14:38:50","guid":{"rendered":"https:\/\/www.infraestruturameioambiente.sp.gov.br\/institutoflorestal\/?page_id=4163"},"modified":"2020-09-21T21:20:26","modified_gmt":"2020-09-22T00:20:26","slug":"sussui","status":"publish","type":"page","link":"https:\/\/www.infraestruturameioambiente.sp.gov.br\/institutoflorestal\/areas-protegidas\/hortos-florestais\/sussui\/","title":{"rendered":"Sussu\u00ed"},"content":{"rendered":"<ul>\n<li><strong>Nome:<\/strong> Horto Florestal de Sussu\u00ed<\/li>\n<li><strong>Munic\u00edpio:<\/strong> Palmital<\/li>\n<li><strong>Divis\u00e3o:<\/strong> DFEE<\/li>\n<li><strong>Diploma Legal:<\/strong>\u00a0Termo de Guarda 30\/10\/81<\/li>\n<li><strong>Se\u00e7\u00e3o:<\/strong>\u00a0Se\u00e7\u00e3o de Floresta Estadual de Assis<\/li>\n<li><strong>Respons\u00e1vel:<\/strong> Osmar Vilas Boas<\/li>\n<li><strong>Endere\u00e7o:<\/strong>\u00a0Estrada Vicinel Sussi &#8211; Corrego dos Anhumes &#8211; Km 4<\/li>\n<li><strong>Bairro:<\/strong><\/li>\n<li><strong>CEP:<\/strong><\/li>\n<li><strong>Via de Acesso:<\/strong>\u00a0Rod. Castelo Branco &#8211; Rod. Raposo Tavares.\u00a0Margem esquerda do Rio Pari (Pr\u00f3ximo a Represa do Pari)<\/li>\n<li><strong>Caixa Postal:<\/strong>\u00a0104<\/li>\n<li><strong>Telefone:<\/strong>\u00a0(18) 3325-1045 &#8211; Ranal 29 e\u00a0(18) 3325-1066 &#8211; Ramal 20<\/li>\n<li><strong>Email:<\/strong>\u00a0<a href=\"mailto:florestassis@ibest.com.br\">florestassis@gmail.com<\/a><\/li>\n<\/ul>\n<ul>\n<li><strong>\u00c1rea (ha):<\/strong> 9,68<\/li>\n<li><strong>Latitude:<\/strong>\u00a022\u00ba 50\u00b4 Lat S<\/li>\n<li><strong>Longitude:<\/strong>\u00a050\u00ba 18\u00b4 Long W<\/li>\n<li><strong>Altitude:<\/strong><\/li>\n<li><strong>Per\u00edmetro(km):<\/strong><\/li>\n<li><strong>Clima:<\/strong>\u00a0Clima em trasi\u00e7\u00e3o de CWa para Cfa.<\/li>\n<li><strong>Temperatura:<\/strong>\u00a0Temperatura m\u00e9dia anual 21,8\u00b0C.<\/li>\n<\/ul>\n<ul>\n<li><strong>Topografia:<\/strong>\u00a0Relevo levemente ondulado. Altitude m\u00e9dia de 500 m acima do n\u00edvel do Mar.<\/li>\n<li><strong>Solo:\u00a0<\/strong>TE<\/li>\n<li><strong>Ecossistema:<\/strong>\u00a0Mata Atl\u00e2ntica &#8211; Floresta Estacional Semidecidual e Eucalipto<\/li>\n<li><strong>Fauna:<\/strong><\/li>\n<li><strong>Flora:<\/strong><\/li>\n<li><strong>Turismo:<\/strong> \u00c1rea de preserva\u00e7\u00e3o permanente.<\/li>\n<li><strong>Ficha com resumo da \u00e1rea protegida:<\/strong><a href=\"https:\/\/smastr16.blob.core.windows.net\/iflorestal\/sites\/234\/2018\/09\/HF-Sussui.pdf\">\u00a0https:\/\/smastr16.blob.core.windows.net\/iflorestal\/sites\/234\/2018\/09\/HF-Sussui.pdf<\/a><\/li>\n<\/ul>\n","protected":false},"excerpt":{"rendered":"<p>Nome: Horto Florestal de Sussu\u00ed Munic\u00edpio: Palmital Divis\u00e3o: DFEE Diploma Legal:\u00a0Termo de Guarda 30\/10\/81 Se\u00e7\u00e3o:\u00a0Se\u00e7\u00e3o de Floresta Estadual de Assis Respons\u00e1vel: Osmar Vilas Boas Endere\u00e7o:\u00a0Estrada Vicinel Sussi &#8211; Corrego dos Anhumes &#8211; Km 4 Bairro: CEP: Via de Acesso:\u00a0Rod. Castelo Branco &#8211; Rod. Raposo Tavares.\u00a0Margem esquerda do Rio Pari (Pr\u00f3ximo a Represa do Pari) Caixa [&hellip;]<\/p>\n","protected":false},"author":102,"featured_media":0,"parent":3922,"menu_order":0,"comment_status":"closed","ping_status":"open","template":"","meta":[],"_links":{"self":[{"href":"https:\/\/www.infraestruturameioambiente.sp.gov.br\/institutoflorestal\/wp-json\/wp\/v2\/pages\/4163"}],"collection":[{"href":"https:\/\/www.infraestruturameioambiente.sp.gov.br\/institutoflorestal\/wp-json\/wp\/v2\/pages"}],"about":[{"href":"https:\/\/www.infraestruturameioambiente.sp.gov.br\/institutoflorestal\/wp-json\/wp\/v2\/types\/page"}],"author":[{"embeddable":true,"href":"https:\/\/www.infraestruturameioambiente.sp.gov.br\/institutoflorestal\/wp-json\/wp\/v2\/users\/102"}],"replies":[{"embeddable":true,"href":"https:\/\/www.infraestruturameioambiente.sp.gov.br\/institutoflorestal\/wp-json\/wp\/v2\/comments?post=4163"}],"version-history":[{"count":10,"href":"https:\/\/www.infraestruturameioambiente.sp.gov.br\/institutoflorestal\/wp-json\/wp\/v2\/pages\/4163\/revisions"}],"predecessor-version":[{"id":19753,"href":"https:\/\/www.infraestruturameioambiente.sp.gov.br\/institutoflorestal\/wp-json\/wp\/v2\/pages\/4163\/revisions\/19753"}],"up":[{"embeddable":true,"href":"https:\/\/www.infraestruturameioambiente.sp.gov.br\/institutoflorestal\/wp-json\/wp\/v2\/pages\/3922"}],"wp:attachment":[{"href":"https:\/\/www.infraestruturameioambiente.sp.gov.br\/institutoflorestal\/wp-json\/wp\/v2\/media?parent=4163"}],"curies":[{"name":"wp","href":"https:\/\/api.w.org\/{rel}","templated":true}]}}