{"id":4138,"date":"2013-09-09T11:27:50","date_gmt":"2013-09-09T14:27:50","guid":{"rendered":"https:\/\/www.infraestruturameioambiente.sp.gov.br\/institutoflorestal\/?page_id=4138"},"modified":"2018-09-24T11:39:50","modified_gmt":"2018-09-24T14:39:50","slug":"botucatu","status":"publish","type":"page","link":"https:\/\/www.infraestruturameioambiente.sp.gov.br\/institutoflorestal\/areas-protegidas\/florestas-estaduais\/botucatu\/","title":{"rendered":"Botucatu"},"content":{"rendered":"<div class=\"wc-gallery\"><div id='gallery-1' data-gutter-width='5' data-columns='3' class='gallery wc-gallery-captions-onhover gallery-link-file gallery-masonry galleryid-4138 gallery-columns-3 gallery-size-thumbnail wc-gallery-bottomspace-default wc-gallery-clear'><div class='gallery-item gallery-item-position-1 gallery-item-attachment-6964'>\n\t\t\t\t<div class='gallery-icon landscape'>\n\t\t\t\t\t<a href='https:\/\/www.infraestruturameioambiente.sp.gov.br\/institutoflorestal\/wp-content\/uploads\/sites\/234\/2013\/09\/feb002-600x750.jpg' title='' target='_self'><img width=\"150\" height=\"150\" src=\"https:\/\/www.infraestruturameioambiente.sp.gov.br\/institutoflorestal\/wp-content\/uploads\/sites\/234\/2013\/09\/feb002-150x150.jpg\" class=\"attachment-thumbnail size-thumbnail\" alt=\"\" decoding=\"async\" loading=\"lazy\" \/><\/a>\n\t\t\t\t<\/div><\/div><div class='gallery-item gallery-item-position-2 gallery-item-attachment-6965'>\n\t\t\t\t<div class='gallery-icon landscape'>\n\t\t\t\t\t<a href='https:\/\/www.infraestruturameioambiente.sp.gov.br\/institutoflorestal\/wp-content\/uploads\/sites\/234\/2013\/09\/feb004-600x750.jpg' title='' target='_self'><img width=\"150\" height=\"150\" src=\"https:\/\/www.infraestruturameioambiente.sp.gov.br\/institutoflorestal\/wp-content\/uploads\/sites\/234\/2013\/09\/feb004-150x150.jpg\" class=\"attachment-thumbnail size-thumbnail\" alt=\"\" decoding=\"async\" loading=\"lazy\" \/><\/a>\n\t\t\t\t<\/div><\/div><div class='gallery-item gallery-item-position-3 gallery-item-attachment-6966'>\n\t\t\t\t<div class='gallery-icon landscape'>\n\t\t\t\t\t<a href='https:\/\/www.infraestruturameioambiente.sp.gov.br\/institutoflorestal\/wp-content\/uploads\/sites\/234\/2013\/09\/FEB072-600x750.jpg' title='' target='_self'><img width=\"150\" height=\"150\" src=\"https:\/\/www.infraestruturameioambiente.sp.gov.br\/institutoflorestal\/wp-content\/uploads\/sites\/234\/2013\/09\/FEB072-150x150.jpg\" class=\"attachment-thumbnail size-thumbnail\" alt=\"\" decoding=\"async\" loading=\"lazy\" \/><\/a>\n\t\t\t\t<\/div><\/div><\/div>\n<\/div>\n<ul>\n<li><strong>Nome:<\/strong> Floresta Estadual de Botucatu<\/li>\n<li><strong>Diploma Legal<\/strong>: Decreto n\u00ba 46.230, de 04 de maio de 1966.<\/li>\n<li><strong>Munic\u00edpio abrangido<\/strong>: Botucatu<\/li>\n<li><strong>Divis\u00e3o<\/strong>: Divis\u00e3o de Florestas e Esta\u00e7\u00f5es Experimentais (DFEE)<\/li>\n<li><strong>Se\u00e7\u00e3o<\/strong>: Se\u00e7\u00e3o de Floresta de Avar\u00e9<\/li>\n<li><strong>Respons\u00e1vel<\/strong>: Roque Cielo Filho<\/li>\n<li><strong>Telefone<\/strong>: (14) 3732-0290<\/li>\n<li><strong>E-mail<\/strong>: roque@if.sp.gov.br<\/li>\n<li><strong>Endere\u00e7o para correspond\u00eancia<\/strong>: Rua Pernambuco, s\/n, Horto Florestal, CEP 18.701-180, Bairro Braz I, Avar\u00e9 \u2013 SP.<\/li>\n<li><strong>Via de Acesso<\/strong>: Rodovia Prof. Jo\u00e3o Hip\u00f3lito Martins \u2013 Aeroporto \u2013 Estrada Municipal Represa do Rio Pardo (Estrada do Mandacaru).<\/li>\n<\/ul>\n<ul>\n<li><strong>\u00c1rea (ha)<\/strong>: 33,8<\/li>\n<li><strong>Latitude<\/strong>: 22\u00ba55\u201958\u201d a 22\u00ba56\u201941\u201dS<\/li>\n<li><strong>Longitude<\/strong>: 48\u00ba27\u201921\u201d a 48\u00ba27\u203235\u2033O<\/li>\n<li><strong>Altitude<\/strong>: 856 m<\/li>\n<li><strong>Clima<\/strong>: Cwb \u2013 mesot\u00e9rmico de inverno seco<\/li>\n<li><strong>Temperatura<\/strong>: m\u00e9dia anual de 19,4\u00b0 C<\/li>\n<li><strong>Precipita\u00e7\u00e3o<\/strong>: m\u00e9dia anual de 1.314 mm<\/li>\n<li><strong>Relevo<\/strong>: plano a suavemente ondulado<\/li>\n<li><strong>Solo<\/strong>: Latossolo Vermelho, Gleissolo H\u00e1plico.<\/li>\n<li><strong>Hidrografia<\/strong>: C\u00f3rrego Pinheirinho<\/li>\n<li><strong>Biomas<\/strong>: Mata Atl\u00e2ntica (Floresta Estacional Semidecidual) e Cerrado.<\/li>\n<li><strong>Ecossistemas<\/strong>: Floresta, Campo, Banhado, Rio.<\/li>\n<li><strong>Fauna<\/strong>: capivara \u2013 <em>Hidrochoerus hidrochaeris<\/em>, serelepe \u2013 <em>Sciurus ingrami<\/em>, cachorro-do-mato \u2013 <em>Dusicyon thous<\/em>, ouri\u00e7o \u2013 <em>Coendu<\/em> sp., tatu-galinha \u2013 <em>Dasypus novemcinctus<\/em>, quati \u2013 <em>Nasua nasua<\/em>, gato-do-mato \u2013 <em>Felis tigrina<\/em>, jac\u00fa \u2013 <em>Penelope obscura<\/em>, tucano \u2013 <em>Ramphastus toco<\/em>, entre outras esp\u00e9cies.<\/li>\n<li><strong>Flora<\/strong>: pau-jacar\u00e9 \u2013 <em>Piptadenia gonoacantha<\/em>, gua\u00e7atonga \u2013 <em>Casearia sylvestris<\/em>, figueira-mata-pau \u2013 <em>Ficus guaranitica<\/em>, copaiba \u2013 <em>Copaifera langsdorffii<\/em>, cedro-rosa \u2013 <em>Cedrela fissilis<\/em>, canjerana \u2013 <em>Cabralea canjerana<\/em>, pata-de-vaca \u2013 <em>Bauhinia rufa<\/em>, barbatim\u00e3o \u2013 <em>Stryphnodendron adstringens<\/em>, entre outras esp\u00e9cies.<\/li>\n<li><strong>Visita\u00e7\u00e3o p\u00fablica<\/strong>: n\u00e3o h\u00e1 infraestrutura.<\/li>\n<li><strong>Pesquisa cient\u00edfica<\/strong>: consulte normas para registro de projetos em www.iflorestal.sp.gov.br.<\/li>\n<li><strong>Hospedaria<\/strong>: n\u00e3o<\/li>\n<li><strong>Ficha com resumo da \u00e1rea protegida:<\/strong>\u00a0<a href=\"https:\/\/www.infraestruturameioambiente.sp.gov.br\/institutoflorestal\/wp-content\/uploads\/sites\/234\/2018\/09\/F-Botucatu.pdf\">https:\/\/www.infraestruturameioambiente.sp.gov.br\/institutoflorestal\/wp-content\/uploads\/sites\/234\/2018\/09\/F-Botucatu.pdf<\/a><\/li>\n<\/ul>\n","protected":false},"excerpt":{"rendered":"<p>Nome: Floresta Estadual de Botucatu Diploma Legal: Decreto n\u00ba 46.230, de 04 de maio de 1966. Munic\u00edpio abrangido: Botucatu Divis\u00e3o: Divis\u00e3o de Florestas e Esta\u00e7\u00f5es Experimentais (DFEE) Se\u00e7\u00e3o: Se\u00e7\u00e3o de Floresta de Avar\u00e9 Respons\u00e1vel: Roque Cielo Filho Telefone: (14) 3732-0290 E-mail: roque@if.sp.gov.br Endere\u00e7o para correspond\u00eancia: Rua Pernambuco, s\/n, Horto Florestal, CEP 18.701-180, Bairro Braz I, [&hellip;]<\/p>\n","protected":false},"author":49,"featured_media":0,"parent":3920,"menu_order":0,"comment_status":"closed","ping_status":"open","template":"","meta":[],"_links":{"self":[{"href":"https:\/\/www.infraestruturameioambiente.sp.gov.br\/institutoflorestal\/wp-json\/wp\/v2\/pages\/4138"}],"collection":[{"href":"https:\/\/www.infraestruturameioambiente.sp.gov.br\/institutoflorestal\/wp-json\/wp\/v2\/pages"}],"about":[{"href":"https:\/\/www.infraestruturameioambiente.sp.gov.br\/institutoflorestal\/wp-json\/wp\/v2\/types\/page"}],"author":[{"embeddable":true,"href":"https:\/\/www.infraestruturameioambiente.sp.gov.br\/institutoflorestal\/wp-json\/wp\/v2\/users\/49"}],"replies":[{"embeddable":true,"href":"https:\/\/www.infraestruturameioambiente.sp.gov.br\/institutoflorestal\/wp-json\/wp\/v2\/comments?post=4138"}],"version-history":[{"count":13,"href":"https:\/\/www.infraestruturameioambiente.sp.gov.br\/institutoflorestal\/wp-json\/wp\/v2\/pages\/4138\/revisions"}],"predecessor-version":[{"id":15367,"href":"https:\/\/www.infraestruturameioambiente.sp.gov.br\/institutoflorestal\/wp-json\/wp\/v2\/pages\/4138\/revisions\/15367"}],"up":[{"embeddable":true,"href":"https:\/\/www.infraestruturameioambiente.sp.gov.br\/institutoflorestal\/wp-json\/wp\/v2\/pages\/3920"}],"wp:attachment":[{"href":"https:\/\/www.infraestruturameioambiente.sp.gov.br\/institutoflorestal\/wp-json\/wp\/v2\/media?parent=4138"}],"curies":[{"name":"wp","href":"https:\/\/api.w.org\/{rel}","templated":true}]}}