{"id":4136,"date":"2013-09-09T11:27:33","date_gmt":"2013-09-09T14:27:33","guid":{"rendered":"https:\/\/www.infraestruturameioambiente.sp.gov.br\/institutoflorestal\/?page_id=4136"},"modified":"2018-09-24T11:38:42","modified_gmt":"2018-09-24T14:38:42","slug":"bebedouro","status":"publish","type":"page","link":"https:\/\/www.infraestruturameioambiente.sp.gov.br\/institutoflorestal\/areas-protegidas\/florestas-estaduais\/bebedouro\/","title":{"rendered":"Bebedouro"},"content":{"rendered":"<div class=\"wc-gallery\"><div id='gallery-1' data-gutter-width='5' data-columns='3' class='gallery wc-gallery-captions-onhover gallery-link-file gallery-masonry galleryid-4136 gallery-columns-3 gallery-size-thumbnail wc-gallery-bottomspace-default wc-gallery-clear'><div class='gallery-item gallery-item-position-1 gallery-item-attachment-5540'>\n\t\t\t\t<div class='gallery-icon landscape'>\n\t\t\t\t\t<a href='https:\/\/www.infraestruturameioambiente.sp.gov.br\/institutoflorestal\/wp-content\/uploads\/sites\/234\/2013\/09\/FOTO3.jpg' title='' target='_self'><img width=\"150\" height=\"150\" src=\"https:\/\/www.infraestruturameioambiente.sp.gov.br\/institutoflorestal\/wp-content\/uploads\/sites\/234\/2013\/09\/FOTO3-150x150.jpg\" class=\"attachment-thumbnail size-thumbnail\" alt=\"\" decoding=\"async\" loading=\"lazy\" \/><\/a>\n\t\t\t\t<\/div><\/div><div class='gallery-item gallery-item-position-2 gallery-item-attachment-5541'>\n\t\t\t\t<div class='gallery-icon landscape'>\n\t\t\t\t\t<a href='https:\/\/www.infraestruturameioambiente.sp.gov.br\/institutoflorestal\/wp-content\/uploads\/sites\/234\/2013\/09\/FOTO1.jpg' title='' target='_self'><img width=\"150\" height=\"150\" src=\"https:\/\/www.infraestruturameioambiente.sp.gov.br\/institutoflorestal\/wp-content\/uploads\/sites\/234\/2013\/09\/FOTO1-150x150.jpg\" class=\"attachment-thumbnail size-thumbnail\" alt=\"\" decoding=\"async\" loading=\"lazy\" \/><\/a>\n\t\t\t\t<\/div><\/div><div class='gallery-item gallery-item-position-3 gallery-item-attachment-5542'>\n\t\t\t\t<div class='gallery-icon landscape'>\n\t\t\t\t\t<a href='https:\/\/www.infraestruturameioambiente.sp.gov.br\/institutoflorestal\/wp-content\/uploads\/sites\/234\/2013\/09\/FOTO2.jpg' title='' target='_self'><img width=\"150\" height=\"150\" src=\"https:\/\/www.infraestruturameioambiente.sp.gov.br\/institutoflorestal\/wp-content\/uploads\/sites\/234\/2013\/09\/FOTO2-150x150.jpg\" class=\"attachment-thumbnail size-thumbnail\" alt=\"\" decoding=\"async\" loading=\"lazy\" \/><\/a>\n\t\t\t\t<\/div><\/div><\/div>\n<\/div>\n<ul>\n<li><strong>Nome:<\/strong> Floresta Estadual de Bebedouro<\/li>\n<li><strong>Munic\u00edpio:<\/strong>\u00a0Bebedouro<\/li>\n<li><strong>Divis\u00e3o:<\/strong>\u00a0Divis\u00e3o de Florestas e Esta\u00e7\u00f5es Experimentais (DFEE)<\/li>\n<li><strong>Diploma Legal:<\/strong>\u00a0Escritura de 10\/11\/27<\/li>\n<li><strong>Se\u00e7\u00e3o:<\/strong>\u00a0Se\u00e7\u00e3o de Florestas de Bebedouro<\/li>\n<li><strong>Respons\u00e1vel:<\/strong>\u00a0Marcelo Zanata<\/li>\n<li><strong>Endere\u00e7o:<\/strong>\u00a0Estradas de Areias s\/n\u00b0<a href=\"https:\/\/www.google.com.br\/maps\/preview#!q=R.+Vereador+Mario+Ananias+s%2Fn%C2%B0&amp;data=!2m1!1e3!4m10!1m9!4m8!1m3!1d140322!2d-48.1584606!3d-21.7856273!3m2!1i1280!2i909!4f13.1&amp;fid=7\" target=\"_blank\" rel=\"noopener\"><br \/>\n<\/a><\/li>\n<li><strong>Bairro:\u00a0<\/strong>Horto Florestal<\/li>\n<li><strong>CEP:\u00a0<\/strong>14700-000<\/li>\n<li><strong>Via de Acesso:<\/strong>\u00a0Rod. Bandeirantes at\u00e9 Rio Claro \/ Rod. Washington Luiz \/ Rod. Brig. Faria Lima, entrada no Km 376.<\/li>\n<li><strong>Caixa Postal:<\/strong>\u00a068<\/li>\n<li><strong>Telefone:\u00a0<\/strong>(17) 3342-2890 e\u00a0(17) 3343-5900<\/li>\n<li><strong>E-mail:<\/strong> <a href=\"florestabebedouro@gmail.com\">florestabebedouro@gmail.com<\/a><\/li>\n<li><strong>Visita\u00e7\u00e3o:<\/strong>\u00a0mediante agendamento pr\u00e9vio por e-mail ou telefone.<\/li>\n<\/ul>\n<ul>\n<li><strong>\u00c1rea (ha):<\/strong>\u00a099,41<\/li>\n<li><strong>Latitude:<\/strong>\u00a020\u00b057\u00b4a 20\u00ba58\u00b4 &#8211; Lat. S<\/li>\n<li><strong>Longitude:<\/strong>\u00a048\u00b027\u00b447.35&#8243;O<\/li>\n<li><strong>Altitude: <\/strong>570m<\/li>\n<li><strong>Clima:<\/strong>\u00a0Clima quente (AW)<\/li>\n<li><strong>Temperatura:\u00a0<\/strong>Temperatura m\u00e9dia anual de 22,7\u00b0C no ver\u00e3o e 17,2\u00b0C no inverno.<\/li>\n<\/ul>\n<ul>\n<li><strong>Topografia:<\/strong>\u00a0Relevo de colinas m\u00e9dias, com altitude m\u00e9dia de 570m.<\/li>\n<li><strong>Solo:\u00a0<\/strong>Latossolo (LEa)<\/li>\n<li><strong>Ecossistema:\u00a0<\/strong>Reflorestamento Eucaliptus e pinnus ; Mata Ciliar;<\/li>\n<li><strong>Fauna:\u00a0<\/strong><\/li>\n<li><strong>Flora:<\/strong>\u00a0Arboreto com esp\u00e9cies nativas e ex\u00f3ticas comp\u00f5em a undiade, al\u00e9m de \u00e1reas com plantio de pinus e eucalipto. Cole\u00e7\u00e3o de palmeiras do Jd. Bot\u00e2nico do RJ.<\/li>\n<li><strong>Ficha com resumo da \u00e1rea protegida:<\/strong><a href=\"https:\/\/www.infraestruturameioambiente.sp.gov.br\/institutoflorestal\/wp-content\/uploads\/sites\/234\/2018\/09\/F-Bebedouro.pdf\">\u00a0https:\/\/www.infraestruturameioambiente.sp.gov.br\/institutoflorestal\/wp-content\/uploads\/sites\/234\/2018\/09\/F-Bebedouro.pdf<\/a><\/li>\n<\/ul>\n<p><b>O Minist\u00e9rio da Sa\u00fade recomenda a vacina da febre amarela aos visitantes que forem para a regi\u00e3o<\/b><\/p>\n","protected":false},"excerpt":{"rendered":"<p>Nome: Floresta Estadual de Bebedouro Munic\u00edpio:\u00a0Bebedouro Divis\u00e3o:\u00a0Divis\u00e3o de Florestas e Esta\u00e7\u00f5es Experimentais (DFEE) Diploma Legal:\u00a0Escritura de 10\/11\/27 Se\u00e7\u00e3o:\u00a0Se\u00e7\u00e3o de Florestas de Bebedouro Respons\u00e1vel:\u00a0Marcelo Zanata Endere\u00e7o:\u00a0Estradas de Areias s\/n\u00b0 Bairro:\u00a0Horto Florestal CEP:\u00a014700-000 Via de Acesso:\u00a0Rod. Bandeirantes at\u00e9 Rio Claro \/ Rod. Washington Luiz \/ Rod. Brig. Faria Lima, entrada no Km 376. Caixa Postal:\u00a068 Telefone:\u00a0(17) 3342-2890 [&hellip;]<\/p>\n","protected":false},"author":49,"featured_media":0,"parent":3920,"menu_order":0,"comment_status":"closed","ping_status":"open","template":"","meta":[],"_links":{"self":[{"href":"https:\/\/www.infraestruturameioambiente.sp.gov.br\/institutoflorestal\/wp-json\/wp\/v2\/pages\/4136"}],"collection":[{"href":"https:\/\/www.infraestruturameioambiente.sp.gov.br\/institutoflorestal\/wp-json\/wp\/v2\/pages"}],"about":[{"href":"https:\/\/www.infraestruturameioambiente.sp.gov.br\/institutoflorestal\/wp-json\/wp\/v2\/types\/page"}],"author":[{"embeddable":true,"href":"https:\/\/www.infraestruturameioambiente.sp.gov.br\/institutoflorestal\/wp-json\/wp\/v2\/users\/49"}],"replies":[{"embeddable":true,"href":"https:\/\/www.infraestruturameioambiente.sp.gov.br\/institutoflorestal\/wp-json\/wp\/v2\/comments?post=4136"}],"version-history":[{"count":15,"href":"https:\/\/www.infraestruturameioambiente.sp.gov.br\/institutoflorestal\/wp-json\/wp\/v2\/pages\/4136\/revisions"}],"predecessor-version":[{"id":15365,"href":"https:\/\/www.infraestruturameioambiente.sp.gov.br\/institutoflorestal\/wp-json\/wp\/v2\/pages\/4136\/revisions\/15365"}],"up":[{"embeddable":true,"href":"https:\/\/www.infraestruturameioambiente.sp.gov.br\/institutoflorestal\/wp-json\/wp\/v2\/pages\/3920"}],"wp:attachment":[{"href":"https:\/\/www.infraestruturameioambiente.sp.gov.br\/institutoflorestal\/wp-json\/wp\/v2\/media?parent=4136"}],"curies":[{"name":"wp","href":"https:\/\/api.w.org\/{rel}","templated":true}]}}