{"id":4132,"date":"2013-09-09T11:26:51","date_gmt":"2013-09-09T14:26:51","guid":{"rendered":"https:\/\/www.infraestruturameioambiente.sp.gov.br\/institutoflorestal\/?page_id=4132"},"modified":"2018-09-19T09:00:34","modified_gmt":"2018-09-19T12:00:34","slug":"avare","status":"publish","type":"page","link":"https:\/\/www.infraestruturameioambiente.sp.gov.br\/institutoflorestal\/areas-protegidas\/florestas-estaduais\/avare\/","title":{"rendered":"Avar\u00e9 I"},"content":{"rendered":"<div class=\"wc-gallery\"><div id='gallery-1' data-gutter-width='5' data-columns='3' class='gallery wc-gallery-captions-onhover gallery-link-file gallery-masonry galleryid-4132 gallery-columns-3 gallery-size-thumbnail wc-gallery-bottomspace-default wc-gallery-clear'><div class='gallery-item gallery-item-position-1 gallery-item-attachment-6960'>\n\t\t\t\t<div class='gallery-icon landscape'>\n\t\t\t\t\t<a href='https:\/\/www.infraestruturameioambiente.sp.gov.br\/institutoflorestal\/wp-content\/uploads\/sites\/234\/2013\/09\/foto_news300_12-600x720.jpg' title='' target='_self'><img width=\"150\" height=\"150\" src=\"https:\/\/www.infraestruturameioambiente.sp.gov.br\/institutoflorestal\/wp-content\/uploads\/sites\/234\/2013\/09\/foto_news300_12-150x150.jpg\" class=\"attachment-thumbnail size-thumbnail\" alt=\"\" decoding=\"async\" loading=\"lazy\" \/><\/a>\n\t\t\t\t<\/div><\/div><div class='gallery-item gallery-item-position-2 gallery-item-attachment-6961'>\n\t\t\t\t<div class='gallery-icon landscape'>\n\t\t\t\t\t<a href='https:\/\/www.infraestruturameioambiente.sp.gov.br\/institutoflorestal\/wp-content\/uploads\/sites\/234\/2013\/09\/MG_6300_1-600x667.jpg' title='' target='_self'><img width=\"150\" height=\"150\" src=\"https:\/\/www.infraestruturameioambiente.sp.gov.br\/institutoflorestal\/wp-content\/uploads\/sites\/234\/2013\/09\/MG_6300_1-150x150.jpg\" class=\"attachment-thumbnail size-thumbnail\" alt=\"\" decoding=\"async\" loading=\"lazy\" \/><\/a>\n\t\t\t\t<\/div><\/div><div class='gallery-item gallery-item-position-3 gallery-item-attachment-6962'>\n\t\t\t\t<div class='gallery-icon landscape'>\n\t\t\t\t\t<a href='https:\/\/www.infraestruturameioambiente.sp.gov.br\/institutoflorestal\/wp-content\/uploads\/sites\/234\/2013\/09\/MG_6310_1-600x667.jpg' title='' target='_self'><img width=\"150\" height=\"150\" src=\"https:\/\/www.infraestruturameioambiente.sp.gov.br\/institutoflorestal\/wp-content\/uploads\/sites\/234\/2013\/09\/MG_6310_1-150x150.jpg\" class=\"attachment-thumbnail size-thumbnail\" alt=\"\" decoding=\"async\" loading=\"lazy\" \/><\/a>\n\t\t\t\t<\/div><\/div><\/div>\n<\/div>\n<ul>\n<li><strong>Nome:<\/strong> Floresta Estadual de Avar\u00e9 I<\/li>\n<li><strong>Munic\u00edpio abrangido:<\/strong> Avar\u00e9<\/li>\n<li><strong>Divis\u00e3o:<\/strong>\u00a0Divis\u00e3o de Florestas e Esta\u00e7\u00f5es Experimentais (DFEE)<\/li>\n<li><strong>Diploma Legal:<\/strong> Decreto n\u00ba 14.908, de 01 de agosto de 1945, Decreto n\u00ba 44.390, de 05 de janeiro de 1965<\/li>\n<li><strong>Se\u00e7\u00e3o:<\/strong>\u00a0Se\u00e7\u00e3o de Floresta de Avar\u00e9<\/li>\n<li><strong>Respons\u00e1vel:<\/strong>\u00a0Roque Cielo Filho<\/li>\n<li><strong>Endere\u00e7o para correspond\u00eancia:<\/strong>\u00a0Rua Pernambuco, s\/n, Horto Florestal, CEP 18.701-180, Bairro Braz I, Avar\u00e9 \u2013 SP<a href=\"https:\/\/www.google.com.br\/maps\/preview#!q=R.+Vereador+Mario+Ananias+s%2Fn%C2%B0&amp;data=!2m1!1e3!4m10!1m9!4m8!1m3!1d140322!2d-48.1584606!3d-21.7856273!3m2!1i1280!2i909!4f13.1&amp;fid=7\" target=\"_blank\" rel=\"noopener\"><br \/>\n<\/a><\/li>\n<li><strong>Via de Acesso:<\/strong>\u00a0Rodovias Castelo Branco ou Raposo Tavares \u2013 Rodovia Jo\u00e3o Mel\u00e3o \u2013 Zona Urbana de Avar\u00e9<\/li>\n<li><strong>Telefone:\u00a0<\/strong>(14) 3732-0290<\/li>\n<li><strong>E-mail:<\/strong>\u00a0roque@if.sp.gov.br<a href=\"mailto:florestassis@gmail.com\"><br \/>\n<\/a><\/li>\n<\/ul>\n<ul>\n<li><strong>\u00c1rea (ha):<\/strong>\u00a095,30<\/li>\n<li><strong>Latitude:<\/strong>\u00a023\u00ba05\u201940\u2019\u2019 a 23\u00ba06\u201914\u2019\u2019S<\/li>\n<li><strong>Longitude:<\/strong>\u00a048\u00ba53\u201937\u2019\u2019 a 48\u00ba54\u201948\u2019\u2019O<\/li>\n<li><strong>Altitude: <\/strong>799m<\/li>\n<\/ul>\n<ul>\n<li><strong>Clima:<\/strong>\u00a0Cwa \u2013 mesot\u00e9rmico com inverno seco e ver\u00e3o quente<\/li>\n<li><strong>Temperatura:<\/strong> m\u00e9dia anual de 20,3\u00b0 C<\/li>\n<li><strong>Precipita\u00e7\u00e3o:<\/strong> m\u00e9dia anual de 1.274 mm<\/li>\n<li><strong>Relevo:<\/strong> colinas amplas<\/li>\n<li><strong>Solo:<\/strong> Latossolo Vermelhos<\/li>\n<li><strong>Uso do Solo:<\/strong> reflorestamentos com esp\u00e9cies ex\u00f3ticas e vegeta\u00e7\u00e3o nativa<\/li>\n<li><strong>Hidrografia:<\/strong> Ribeir\u00e3o Lajeado, C\u00f3rregos do Cortume e do Bretas<\/li>\n<li><strong>Bioma:<\/strong>\u00a0Mata Atl\u00e2ntica (Floresta Estacional Semidecidual)<\/li>\n<li><strong>Ecossistema:<\/strong> Floresta, Banhado, Rio, Lago<\/li>\n<li><strong>Fauna:\u00a0<\/strong>capivara \u2013 <em>Hidrochoerus hidrochaeris<\/em>, serelepe \u2013 <em>Sciurus ingrami<\/em>, cachorro-do-mato \u2013 <em>Dusicyon thous<\/em>, ouri\u00e7o \u2013 <em>Coendu<\/em> sp., tatu-galinha \u2013 <em>Dasypus novemcinctus<\/em>, quati \u2013 <em>Nasua nasua<\/em>, gato-do-mato \u2013 <em>Felis tigrina<\/em>, jac\u00fa \u2013 <em>Penelope obscura<\/em>, tucano \u2013 <em>Ramphastus toco<\/em>, tra\u00edra \u2013 <em>Hoplias malabaricus<\/em>, guar\u00fa \u2013 <em>Phalloceros harpagus<\/em>, lambari \u2013 <em>Astianax<\/em> sp., acar\u00e1 \u2013 <em>Geophagus brasiliensis<\/em>, entre outras esp\u00e9cies<\/li>\n<li><strong>Flora:<\/strong> pau-jacar\u00e9 \u2013 <em>Piptadenia gonoacantha<\/em>, gorocaia \u2013 <em>Parapiptadenia rigida<\/em>, gua\u00e7atonga \u2013 <em>Casearia sylvestris<\/em>, figueira-mata-pau \u2013 <em>Ficus guaranitica<\/em>, copaiba \u2013 <em>Copaifera langsdorffii<\/em>, angico \u2013 <em>Anadenanthera colubrina<\/em>, pau-p\u00f3lvora \u2013 <em>Trema micrantha<\/em>, ju\u00e7ara \u2013 <em>Euterpe edulis<\/em>, guarant\u00e3 \u2013 <em>Esenbeckia leiocarpa<\/em>, cedro-rosa \u2013 <em>Cedrela fissilis<\/em>, canjerana \u2013 <em>Cabralea canjerana<\/em>, entre outras esp\u00e9cies<\/li>\n<li><strong>Visita\u00e7\u00e3o p\u00fablica:<\/strong> todos os dias,\u00a0das 6h00 \u00e0s 19h30<\/li>\n<li><strong>Pesquisa cient\u00edfica:<\/strong>\u00a0consulte normas para registro de projetos em www.iflorestal.sp.gov.br<\/li>\n<li><strong>Hospedaria:<\/strong> n\u00e3o<\/li>\n<li><strong>Ficha com resumo da \u00e1rea protegida:<\/strong>\u00a0<a href=\"https:\/\/www.infraestruturameioambiente.sp.gov.br\/institutoflorestal\/wp-content\/uploads\/sites\/234\/2018\/09\/F-Avare-I.pdf\">https:\/\/www.infraestruturameioambiente.sp.gov.br\/institutoflorestal\/wp-content\/uploads\/sites\/234\/2018\/09\/F-Avare-I.pdf<\/a><\/li>\n<\/ul>\n<p><b>O Minist\u00e9rio da Sa\u00fade recomenda a vacina da febre amarela aos visitantes que forem para a regi\u00e3o<\/b><\/p>\n","protected":false},"excerpt":{"rendered":"<p>Nome: Floresta Estadual de Avar\u00e9 I Munic\u00edpio abrangido: Avar\u00e9 Divis\u00e3o:\u00a0Divis\u00e3o de Florestas e Esta\u00e7\u00f5es Experimentais (DFEE) Diploma Legal: Decreto n\u00ba 14.908, de 01 de agosto de 1945, Decreto n\u00ba 44.390, de 05 de janeiro de 1965 Se\u00e7\u00e3o:\u00a0Se\u00e7\u00e3o de Floresta de Avar\u00e9 Respons\u00e1vel:\u00a0Roque Cielo Filho Endere\u00e7o para correspond\u00eancia:\u00a0Rua Pernambuco, s\/n, Horto Florestal, CEP 18.701-180, Bairro Braz [&hellip;]<\/p>\n","protected":false},"author":49,"featured_media":0,"parent":3920,"menu_order":0,"comment_status":"closed","ping_status":"open","template":"","meta":[],"_links":{"self":[{"href":"https:\/\/www.infraestruturameioambiente.sp.gov.br\/institutoflorestal\/wp-json\/wp\/v2\/pages\/4132"}],"collection":[{"href":"https:\/\/www.infraestruturameioambiente.sp.gov.br\/institutoflorestal\/wp-json\/wp\/v2\/pages"}],"about":[{"href":"https:\/\/www.infraestruturameioambiente.sp.gov.br\/institutoflorestal\/wp-json\/wp\/v2\/types\/page"}],"author":[{"embeddable":true,"href":"https:\/\/www.infraestruturameioambiente.sp.gov.br\/institutoflorestal\/wp-json\/wp\/v2\/users\/49"}],"replies":[{"embeddable":true,"href":"https:\/\/www.infraestruturameioambiente.sp.gov.br\/institutoflorestal\/wp-json\/wp\/v2\/comments?post=4132"}],"version-history":[{"count":16,"href":"https:\/\/www.infraestruturameioambiente.sp.gov.br\/institutoflorestal\/wp-json\/wp\/v2\/pages\/4132\/revisions"}],"predecessor-version":[{"id":15298,"href":"https:\/\/www.infraestruturameioambiente.sp.gov.br\/institutoflorestal\/wp-json\/wp\/v2\/pages\/4132\/revisions\/15298"}],"up":[{"embeddable":true,"href":"https:\/\/www.infraestruturameioambiente.sp.gov.br\/institutoflorestal\/wp-json\/wp\/v2\/pages\/3920"}],"wp:attachment":[{"href":"https:\/\/www.infraestruturameioambiente.sp.gov.br\/institutoflorestal\/wp-json\/wp\/v2\/media?parent=4132"}],"curies":[{"name":"wp","href":"https:\/\/api.w.org\/{rel}","templated":true}]}}