{"id":4128,"date":"2013-09-09T11:25:52","date_gmt":"2013-09-09T14:25:52","guid":{"rendered":"https:\/\/www.infraestruturameioambiente.sp.gov.br\/institutoflorestal\/?page_id=4128"},"modified":"2018-09-24T11:48:52","modified_gmt":"2018-09-24T14:48:52","slug":"angatuba","status":"publish","type":"page","link":"https:\/\/www.infraestruturameioambiente.sp.gov.br\/institutoflorestal\/areas-protegidas\/florestas-estaduais\/angatuba\/","title":{"rendered":"Angatuba"},"content":{"rendered":"<ul>\n<li><strong>Nome:<\/strong> Floresta Estadual de Angatuba<\/li>\n<li><strong>Munic\u00edpio:<\/strong> Angatuba<\/li>\n<li><strong>Divis\u00e3o:<\/strong> DFEE<\/li>\n<li><strong>Diploma Legal:<\/strong>\u00a0Dec. 44.389 de 05\/01\/65<\/li>\n<li><strong>Se\u00e7\u00e3o:<\/strong>\u00a0Se\u00e7\u00e3o de Esta\u00e7\u00e3o Experimental de Itapetininga<\/li>\n<li><strong>Respons\u00e1vel:<\/strong>\u00a0Jo\u00e3o Henrique Lara<\/li>\n<li><strong>Endere\u00e7o:<\/strong>\u00a0Estrada Vicinal Jo\u00e3o Ciriaco Ramos &#8211; Km 6<a href=\"https:\/\/www.google.com.br\/maps\/preview#!q=R.+Vereador+Mario+Ananias+s%2Fn%C2%B0&amp;data=!2m1!1e3!4m10!1m9!4m8!1m3!1d140322!2d-48.1584606!3d-21.7856273!3m2!1i1280!2i909!4f13.1&amp;fid=7\" target=\"_blank\" rel=\"noopener\"><br \/>\n<\/a><\/li>\n<li><strong>Bairro:<\/strong> Conquista<\/li>\n<li><strong>CEP:<\/strong> 18200-000<\/li>\n<li><strong>Via de Acesso:<\/strong>\u00a0Raposo Tavares<\/li>\n<li><strong>Caixa Postal:<\/strong>\u00a0143<\/li>\n<li><strong>Telefone:<\/strong>\u00a0(15) 3271-3866<\/li>\n<\/ul>\n<ul>\n<li><strong>\u00c1rea (ha):<\/strong>\u00a01,196.21<\/li>\n<li><strong>Latitude:<\/strong>\u00a023\u00ba22\u00b4 a 23\u00ba27\u00b4- Lat S<\/li>\n<li><strong>Longitude:<\/strong>\u00a048\u00ba18\u00b4a 48\u00ba24\u00b4 Long W<\/li>\n<li><strong>Altitude:<\/strong><\/li>\n<li><strong>Per\u00edmetro(km):<\/strong><\/li>\n<li><strong>Clima:<\/strong>\u00a0Clima Cfa quente de inverno seco.<\/li>\n<li><strong>Temperatura:<\/strong><br \/>\n&#8211; Temperatura m\u00e9dia anual entre 19\u00b0C e 20\u00b0C.<br \/>\n&#8211; Temperatura m\u00e9dia anual do m\u00eas mais quente &#8211; Janeiro &#8211; 23\u00b0C.<br \/>\n&#8211; Temperatura m\u00e9dia anual do m\u00eas mais frio &#8211; Junho &#8211; 15\u00b0C.<\/li>\n<\/ul>\n<ul>\n<li><strong>Topografia:<\/strong>\u00a0Relevo de colinas m\u00e9dias.<\/li>\n<li><strong>Solo:\u00a0<\/strong>Latossolo Vermelho-amarelo hidrom\u00f3rfico e litossolo.<\/li>\n<li><strong>Ecossistema:<\/strong><\/li>\n<li><strong>Fauna:<\/strong><\/li>\n<li><strong>Flora:<\/strong>\u00a0Vegeta\u00e7\u00e3o com fragmentos de floresta estacional semidecidual, sendo que 80% da \u00e1rea destinam-se ao plantio experimental de esp\u00e9cies ex\u00f3tica e nativas.<\/li>\n<li><strong>Turismo:<\/strong> Lagos, lagoas e rios; Mirante; Observa\u00e7\u00e3o da fauna e flora.<\/li>\n<li><strong>Ficha com resumo da \u00e1rea protegida:\u00a0<\/strong><a href=\"https:\/\/www.infraestruturameioambiente.sp.gov.br\/institutoflorestal\/wp-content\/uploads\/sites\/234\/2018\/09\/Floresta-Angatuba.pdf\">https:\/\/www.infraestruturameioambiente.sp.gov.br\/institutoflorestal\/wp-content\/uploads\/sites\/234\/2018\/09\/Floresta-Angatuba.pdf<\/a><\/li>\n<\/ul>\n<p><b>O Minist\u00e9rio da Sa\u00fade recomenda a vacina da febre amarela aos visitantes que forem para a regi\u00e3o<\/b><\/p>\n","protected":false},"excerpt":{"rendered":"<p>Nome: Floresta Estadual de Angatuba Munic\u00edpio: Angatuba Divis\u00e3o: DFEE Diploma Legal:\u00a0Dec. 44.389 de 05\/01\/65 Se\u00e7\u00e3o:\u00a0Se\u00e7\u00e3o de Esta\u00e7\u00e3o Experimental de Itapetininga Respons\u00e1vel:\u00a0Jo\u00e3o Henrique Lara Endere\u00e7o:\u00a0Estrada Vicinal Jo\u00e3o Ciriaco Ramos &#8211; Km 6 Bairro: Conquista CEP: 18200-000 Via de Acesso:\u00a0Raposo Tavares Caixa Postal:\u00a0143 Telefone:\u00a0(15) 3271-3866 \u00c1rea (ha):\u00a01,196.21 Latitude:\u00a023\u00ba22\u00b4 a 23\u00ba27\u00b4- Lat S Longitude:\u00a048\u00ba18\u00b4a 48\u00ba24\u00b4 Long W Altitude: [&hellip;]<\/p>\n","protected":false},"author":49,"featured_media":0,"parent":3920,"menu_order":0,"comment_status":"closed","ping_status":"open","template":"","meta":[],"_links":{"self":[{"href":"https:\/\/www.infraestruturameioambiente.sp.gov.br\/institutoflorestal\/wp-json\/wp\/v2\/pages\/4128"}],"collection":[{"href":"https:\/\/www.infraestruturameioambiente.sp.gov.br\/institutoflorestal\/wp-json\/wp\/v2\/pages"}],"about":[{"href":"https:\/\/www.infraestruturameioambiente.sp.gov.br\/institutoflorestal\/wp-json\/wp\/v2\/types\/page"}],"author":[{"embeddable":true,"href":"https:\/\/www.infraestruturameioambiente.sp.gov.br\/institutoflorestal\/wp-json\/wp\/v2\/users\/49"}],"replies":[{"embeddable":true,"href":"https:\/\/www.infraestruturameioambiente.sp.gov.br\/institutoflorestal\/wp-json\/wp\/v2\/comments?post=4128"}],"version-history":[{"count":17,"href":"https:\/\/www.infraestruturameioambiente.sp.gov.br\/institutoflorestal\/wp-json\/wp\/v2\/pages\/4128\/revisions"}],"predecessor-version":[{"id":15378,"href":"https:\/\/www.infraestruturameioambiente.sp.gov.br\/institutoflorestal\/wp-json\/wp\/v2\/pages\/4128\/revisions\/15378"}],"up":[{"embeddable":true,"href":"https:\/\/www.infraestruturameioambiente.sp.gov.br\/institutoflorestal\/wp-json\/wp\/v2\/pages\/3920"}],"wp:attachment":[{"href":"https:\/\/www.infraestruturameioambiente.sp.gov.br\/institutoflorestal\/wp-json\/wp\/v2\/media?parent=4128"}],"curies":[{"name":"wp","href":"https:\/\/api.w.org\/{rel}","templated":true}]}}