{"id":4038,"date":"2013-08-28T10:52:32","date_gmt":"2013-08-28T13:52:32","guid":{"rendered":"https:\/\/www.infraestruturameioambiente.sp.gov.br\/institutoflorestal\/?page_id=4038"},"modified":"2021-02-01T15:01:00","modified_gmt":"2021-02-01T17:01:00","slug":"tupi","status":"publish","type":"page","link":"https:\/\/www.infraestruturameioambiente.sp.gov.br\/institutoflorestal\/areas-protegidas\/estacoes-experimentais\/tupi\/","title":{"rendered":"Tupi"},"content":{"rendered":"<div class=\"wc-gallery\"><div id='gallery-1' data-gutter-width='5' data-columns='3' class='gallery wc-gallery-captions-onhover gallery-link-file gallery-masonry galleryid-4038 gallery-columns-3 gallery-size-thumbnail wc-gallery-bottomspace-default wc-gallery-clear'><div class='gallery-item gallery-item-position-1 gallery-item-attachment-9425'>\n\t\t\t\t<div class='gallery-icon landscape'>\n\t\t\t\t\t<a href='https:\/\/www.infraestruturameioambiente.sp.gov.br\/institutoflorestal\/wp-content\/uploads\/sites\/234\/2015\/04\/Untitled-1-600x667.jpg' title='' target='_self'><img width=\"150\" height=\"150\" src=\"https:\/\/www.infraestruturameioambiente.sp.gov.br\/institutoflorestal\/wp-content\/uploads\/sites\/234\/2015\/04\/Untitled-1-150x150.jpg\" class=\"attachment-thumbnail size-thumbnail\" alt=\"\" decoding=\"async\" loading=\"lazy\" \/><\/a>\n\t\t\t\t<\/div>\n\t\t\t\t\t<div class='wp-caption-text gallery-caption'>\n\t\t\t\t\t\t<p>\n\t\t\t\t\t\tCentro de visitantes da Esta\u00e7\u00e3o Experimental de Tupi\n\t\t\t\t\t\t<\/p>\n\t\t\t\t\t<\/div><\/div><div class='gallery-item gallery-item-position-2 gallery-item-attachment-9424'>\n\t\t\t\t<div class='gallery-icon landscape'>\n\t\t\t\t\t<a href='https:\/\/www.infraestruturameioambiente.sp.gov.br\/institutoflorestal\/wp-content\/uploads\/sites\/234\/2015\/04\/Untitled-3-600x667.jpg' title='' target='_self'><img width=\"150\" height=\"150\" src=\"https:\/\/www.infraestruturameioambiente.sp.gov.br\/institutoflorestal\/wp-content\/uploads\/sites\/234\/2015\/04\/Untitled-3-150x150.jpg\" class=\"attachment-thumbnail size-thumbnail\" alt=\"\" decoding=\"async\" loading=\"lazy\" \/><\/a>\n\t\t\t\t<\/div>\n\t\t\t\t\t<div class='wp-caption-text gallery-caption'>\n\t\t\t\t\t\t<p>\n\t\t\t\t\t\tEsta\u00e7\u00e3o Experimental de Tupi\n\t\t\t\t\t\t<\/p>\n\t\t\t\t\t<\/div><\/div><div class='gallery-item gallery-item-position-3 gallery-item-attachment-9423'>\n\t\t\t\t<div class='gallery-icon landscape'>\n\t\t\t\t\t<a href='https:\/\/www.infraestruturameioambiente.sp.gov.br\/institutoflorestal\/wp-content\/uploads\/sites\/234\/2015\/04\/Untitled-2-600x667.jpg' title='' target='_self'><img width=\"150\" height=\"150\" src=\"https:\/\/www.infraestruturameioambiente.sp.gov.br\/institutoflorestal\/wp-content\/uploads\/sites\/234\/2015\/04\/Untitled-2-150x150.jpg\" class=\"attachment-thumbnail size-thumbnail\" alt=\"\" decoding=\"async\" loading=\"lazy\" \/><\/a>\n\t\t\t\t<\/div>\n\t\t\t\t\t<div class='wp-caption-text gallery-caption'>\n\t\t\t\t\t\t<p>\n\t\t\t\t\t\tBosque dos Eucaliptos da Esta\u00e7\u00e3o Experimental de Tupi\n\t\t\t\t\t\t<\/p>\n\t\t\t\t\t<\/div><\/div><\/div>\n<\/div>\n<ul>\n<li><strong>Nome:<\/strong>\u00a0Esta\u00e7\u00e3o Experimental de Tupi<\/li>\n<li><strong>Munic\u00edpio:<\/strong>\u00a0Piracicaba<\/li>\n<li><strong>Divis\u00e3o:<\/strong>\u00a0Divis\u00e3o de Florestas e Esta\u00e7\u00f5es Experimentais (DFEE)<\/li>\n<li><strong>Diploma Legal:<\/strong>\u00a0Dec.19.032C de 23\/12\/49<\/li>\n<li><strong>Se\u00e7\u00e3o:<\/strong>\u00a0Se\u00e7\u00e3o de Esta\u00e7\u00e3o Experimental de Tupi<\/li>\n<li><strong>Respons\u00e1vel:<\/strong>\u00a0Rosa Maria Galera Gon\u00e7alves<\/li>\n<li><strong>Endere\u00e7o:<\/strong> <span style=\"color: #121212;\">Rodovia Luiz de Queiroz, km 149 mais 500m<\/span><\/li>\n<li><strong>Bairro:<\/strong> <span style=\"color: #121212;\">Distrito de Tupi<\/span><\/li>\n<li><strong>CEP:<\/strong> 13400-970<\/li>\n<li><strong>Caixa Postal:<\/strong>\u00a0339<\/li>\n<li><strong>Via de Acesso:<\/strong>\u00a0Rod. Luiz de Queiroz com pista dupla que interliga o sistema Anhanguera (SP 330) ou Bandeirantes (SP 348).<\/li>\n<li><strong>Telefone:\u00a0<\/strong>(19) 3438-7116 e\u00a0(19) 3438-7200<\/li>\n<li><strong>E-mail:<\/strong> <a href=\"mailto:eetupi.if@gmail.com\" target=\"_blank\" rel=\"noopener noreferrer\" data-auth=\"NotApplicable\">eetupi.if@gmail.com<\/a><\/li>\n<li><strong>Visita\u00e7\u00e3o:<\/strong> Todos os dias das 7h \u00e0s 17h. Agendamento necess\u00e1rio para visitas monitoradas.<\/li>\n<\/ul>\n<ul>\n<li><strong>\u00c1rea (ha):<\/strong>\u00a0198,00<\/li>\n<li><strong>Latitude:<\/strong>\u00a022\u00ba43\u00b4 Lat S<\/li>\n<li><strong>Longitude:<\/strong>\u00a047\u00ba31\u00b4 Long W<\/li>\n<li><strong>Amplitude Altitudinal (m):<\/strong>\u00a0de 505 \u00e0 570m<\/li>\n<li><strong>Observa\u00e7\u00f5es sobre a Esta\u00e7\u00e3o Experimental:<\/strong>\u00a0ordenamento do espa\u00e7o contempla 5 zonas: de uso extensivo (42,4%); de experimenta\u00e7\u00e3o (33,9%); de uso especial (10,2%); de uso intensivo (8,4%); e de recupera\u00e7\u00e3o (5,1%)<\/li>\n<li><strong>Clima:\u00a0<\/strong>Clima de inverno seco.<\/li>\n<li><strong>Temperatura:<br \/>\n<\/strong>&#8211; Temperatura m\u00e9dia anual 22,1\u00baC.<br \/>\n&#8211; Temperatura m\u00e9dia anual do m\u00eas mais quente &#8211; Janeiro &#8211; 25\u00baC.<br \/>\n&#8211; Temperatura m\u00e9dia anual do m\u00eas mais frio &#8211; Julho -17,5 \u00baC .<\/li>\n<\/ul>\n<ul>\n<li><strong>Topografia:<\/strong>\u00a0Relevo de morrotes alongados e espig\u00f5es, com altitudes entre 505 e 570 metros.<\/li>\n<li><strong>Solo:\u00a0<\/strong>Podz\u00f3lico vermelho escuro \u00e1lico; podz\u00f3lico vermelho-amarelo \u00e1lico ou distr\u00f3fico; associa\u00e7\u00e3o podz\u00f3lico vermelho-amarelo-\u00e1lico ou distr\u00f3fico; associa\u00e7\u00e3o de solos litossolos e cambissolo; cambissolo eutr\u00f3fico ou oligotr\u00f3fico e gleissolos eutr\u00f3ficos ou oligotr\u00f3fico.<\/li>\n<li><strong>Ecossistema:<\/strong>\u00a0Mata Atl\u00e2ntica &#8211; Floresta Estacional Semidecidual.\u00a0Mata: Compreende uma \u00e1rea de aproximadamente 10 ha em bom estado de conserva\u00e7\u00e3o, guardando ainda significativas caracter\u00edsticas da mata mes\u00f3fica semidec\u00eddua. Represa: constru\u00eddas na d\u00e9c. De 70 visando \u00e0 amplia\u00e7\u00e3o do suprimento de \u00e1gua, embora se trate de ambiente artificial, encontram-se devidamente integradas \u00e1 natureza. \u00c1reas abertas: s\u00e3o \u00e1reas que sofreram influ\u00eancia antr\u00f3pica, originando campos com vegeta\u00e7\u00e3o herb\u00e1cea e gram\u00edneas ocorrendo, vez ou outra, algumas esp\u00e9cies arb\u00f3reas.<\/li>\n<li><strong>Observa\u00e7\u00f5es sobre Ecosistema:\u00a0<\/strong>Reflorestamento com sub-bosque: as \u00e1reas reflorestadas com pinaceas e eucalipto, posteriormente desbastadas, apresentam sub bosque rico em esp\u00e9cies florestais nativas e ex\u00f3ticas, originando um ambiente floristicamente diverso. Matas ciliares: situam-se ao longo dos ribeir\u00f5es Tijuco Preto e Batistada e as margens das represas. Mata Secund\u00e1ria: foram identificadas 2 locais de matas com esta forma\u00e7\u00e3o vegetal.<\/li>\n<li><strong>Fauna:<\/strong><\/li>\n<li><strong>Flora:\u00a0<\/strong>Matas Ciliares: situam ao longo dos ribeir\u00f5es Tijuco Preto e Batistada e \u00e0s margens das represas. Mata Secund\u00e1ria: foram identificados 2 locais de matas com essa forma\u00e7\u00e3o vegetal.<\/li>\n<li><strong>Turismo:\u00a0<\/strong>Diariamente, das 7:00 \u00e0s 16:00h.<\/li>\n<li><strong>Visita\u00e7\u00e3o para pesquisa cient\u00edfica:<\/strong> \u00a0Sim. Agendamento necess\u00e1rio.<\/li>\n<li><strong>Hospedaria:<\/strong> Sim<\/li>\n<li><strong>Ficha com resumo da \u00e1rea protegida:\u00a0<\/strong><a href=\"https:\/\/smastr16.blob.core.windows.net\/iflorestal\/2018\/09\/EEx-Tupi.pdf\">https:\/\/smastr16.blob.core.windows.net\/iflorestal\/2018\/09\/EEx-Tupi.pdf<\/a><\/li>\n<\/ul>\n<p><b>O Minist\u00e9rio da Sa\u00fade recomenda a vacina da febre amarela aos visitantes que forem para a regi\u00e3o<\/b><\/p>\n<p>&nbsp;<\/p>\n<ul>\n<li><strong>Pesquisas:<\/strong>\n<ul>\n<li><a href=\"https:\/\/smastr16.blob.core.windows.net\/iflorestal\/2013\/08\/Quadro-com-projetos-de-pesquisa.pdf\">Quadro com projetos de pesquisa na unidade (2007-2016)<\/a><\/li>\n<li><a href=\"https:\/\/smastr16.blob.core.windows.net\/iflorestal\/2013\/08\/Gr\u00e1ficos.pdf\">Gr\u00e1ficos<\/a><\/li>\n<\/ul>\n<\/li>\n<\/ul>\n","protected":false},"excerpt":{"rendered":"<p>Nome:\u00a0Esta\u00e7\u00e3o Experimental de Tupi Munic\u00edpio:\u00a0Piracicaba Divis\u00e3o:\u00a0Divis\u00e3o de Florestas e Esta\u00e7\u00f5es Experimentais (DFEE) Diploma Legal:\u00a0Dec.19.032C de 23\/12\/49 Se\u00e7\u00e3o:\u00a0Se\u00e7\u00e3o de Esta\u00e7\u00e3o Experimental de Tupi Respons\u00e1vel:\u00a0Rosa Maria Galera Gon\u00e7alves Endere\u00e7o: Rodovia Luiz de Queiroz, km 149 mais 500m Bairro: Distrito de Tupi CEP: 13400-970 Caixa Postal:\u00a0339 Via de Acesso:\u00a0Rod. Luiz de Queiroz com pista dupla que interliga o [&hellip;]<\/p>\n","protected":false},"author":102,"featured_media":0,"parent":3916,"menu_order":0,"comment_status":"closed","ping_status":"open","template":"","meta":[],"_links":{"self":[{"href":"https:\/\/www.infraestruturameioambiente.sp.gov.br\/institutoflorestal\/wp-json\/wp\/v2\/pages\/4038"}],"collection":[{"href":"https:\/\/www.infraestruturameioambiente.sp.gov.br\/institutoflorestal\/wp-json\/wp\/v2\/pages"}],"about":[{"href":"https:\/\/www.infraestruturameioambiente.sp.gov.br\/institutoflorestal\/wp-json\/wp\/v2\/types\/page"}],"author":[{"embeddable":true,"href":"https:\/\/www.infraestruturameioambiente.sp.gov.br\/institutoflorestal\/wp-json\/wp\/v2\/users\/102"}],"replies":[{"embeddable":true,"href":"https:\/\/www.infraestruturameioambiente.sp.gov.br\/institutoflorestal\/wp-json\/wp\/v2\/comments?post=4038"}],"version-history":[{"count":21,"href":"https:\/\/www.infraestruturameioambiente.sp.gov.br\/institutoflorestal\/wp-json\/wp\/v2\/pages\/4038\/revisions"}],"predecessor-version":[{"id":20165,"href":"https:\/\/www.infraestruturameioambiente.sp.gov.br\/institutoflorestal\/wp-json\/wp\/v2\/pages\/4038\/revisions\/20165"}],"up":[{"embeddable":true,"href":"https:\/\/www.infraestruturameioambiente.sp.gov.br\/institutoflorestal\/wp-json\/wp\/v2\/pages\/3916"}],"wp:attachment":[{"href":"https:\/\/www.infraestruturameioambiente.sp.gov.br\/institutoflorestal\/wp-json\/wp\/v2\/media?parent=4038"}],"curies":[{"name":"wp","href":"https:\/\/api.w.org\/{rel}","templated":true}]}}