{"id":4036,"date":"2013-08-28T10:52:16","date_gmt":"2013-08-28T13:52:16","guid":{"rendered":"https:\/\/www.infraestruturameioambiente.sp.gov.br\/institutoflorestal\/?page_id=4036"},"modified":"2019-12-11T12:21:14","modified_gmt":"2019-12-11T14:21:14","slug":"sao-simao","status":"publish","type":"page","link":"https:\/\/www.infraestruturameioambiente.sp.gov.br\/institutoflorestal\/areas-protegidas\/estacoes-experimentais\/sao-simao\/","title":{"rendered":"S\u00e3o Sim\u00e3o"},"content":{"rendered":"<ul>\n<li><strong>Nome:<\/strong>\u00a0Esta\u00e7\u00e3o Experimental de S\u00e3o Sim\u00e3o<\/li>\n<li><strong>Munic\u00edpio:<\/strong>\u00a0S\u00e3o Sim\u00e3o<\/li>\n<li><strong>Divis\u00e3o:<\/strong>\u00a0DFEE<\/li>\n<li><strong>Diploma Legal:<\/strong>\u00a0Dec. 35.982 de 17\/12\/59<\/li>\n<li><strong>Se\u00e7\u00e3o:<\/strong>\u00a0Se\u00e7\u00e3o de Esta\u00e7\u00e3o Experimental de Bento Quirino<\/li>\n<li><strong>Respons\u00e1vel:<\/strong>\u00a0Paulo HP Ruffino<\/li>\n<li><strong>Endere\u00e7o: <\/strong><span style=\"color: #121212\">Rodovia Vicinal Capit\u00e3o Jos\u00e9 Luiz de Oliveira, Km 11,5<\/span><\/li>\n<li><strong>Bairro:<\/strong><\/li>\n<li><strong>CEP: <\/strong>14200-000<\/li>\n<li><strong>Via de Acesso:<\/strong>\u00a0Rod. Anhanguera Km 274.<\/li>\n<li><strong>Telefone:\u00a0<\/strong>(16) 3984-1352<\/li>\n<li><strong>E-mail:<\/strong><a href=\"mailto:stbentoquirino@if.sp.gov.br\">\u00a0stbentoquirino@if.sp.gov.br<\/a><\/li>\n<\/ul>\n<ul>\n<li><strong>\u00c1rea (ha):<\/strong>\u00a0927,08<\/li>\n<li><strong>Latitude:<\/strong>\u00a021\u00ba29\u00b4 Lat S<\/li>\n<li><strong>Longitude:<\/strong>\u00a047\u00ba33\u00b4 Long W<\/li>\n<li><strong>Altitude:<\/strong>\u00a0640m<\/li>\n<li><strong>Clima:<\/strong>\u00a0Clima de inverno seco.<\/li>\n<li><strong>Temperatura:\u00a0<\/strong>Temperatura m\u00e9dia anual 21\u00b0C.<\/li>\n<\/ul>\n<ul>\n<li><strong>Topografia:<\/strong>\u00a0Relevo de mesas bas\u00e1lticas, com altitude m\u00e9dia de 640 metros.<\/li>\n<li><strong>Solo:\u00a0<\/strong>Latossolo roxo, latossolo vermelho escuro, areia quartzoso.<\/li>\n<li><strong>Ecossistema:<\/strong>\u00a0Mata Atl\u00e2ntica &#8211; Floresta Estacional Semidecidual, Cerrado.<\/li>\n<li><strong>Fauna:<\/strong><\/li>\n<li><strong>Flora: <\/strong>Vegeta\u00e7\u00e3o representada por plantio de pinus e eucalipto e \u00e1rea remanescente de cerrado e floresta estacional semidecidual, onde se destacam esp\u00e9cies como peroba-rosa (<em>Aspidosperma polyneuron<\/em>), jequitib\u00e1 (<em>Cariniana estrellensis<\/em>), pau-pereira (<em>Platycyamus regnelli<\/em>), louro pardo (<em>Cordia trichotoma<\/em>), paineira (<em>Chorisia speciosa<\/em>), ip\u00ea (<em>Tabebuia ssp<\/em>), aroeira (<em>Schinus terebinthifolius<\/em>), faveiro (<em>Platypodium elegans<\/em>), jatob\u00e1 (<em>Hymenaea courbaril)<\/em> e pau-ferro (<em>Caesalpinia ferrea<\/em>).<\/li>\n<li><strong>Turismo:<\/strong> Diariamente, das 07:00 \u00e0s 11:00 e das 12:00 \u00e0s 18:00 com agendamento pr\u00e9vio. Atividades: Lagos, lagoas e rios; Caminhadas, trekking; Observa\u00e7\u00e3o da fauna e flora; Programa para terceira idade.<\/li>\n<li><strong>Ficha com resumo da unidade:<\/strong>\u00a0<a href=\"https:\/\/smastr16.blob.core.windows.net\/iflorestal\/2018\/09\/EEx-Sao-Simao.pdf\">https:\/\/smastr16.blob.core.windows.net\/iflorestal\/2018\/09\/EEx-Sao-Simao.pdf<\/a><\/li>\n<\/ul>\n","protected":false},"excerpt":{"rendered":"<p>Nome:\u00a0Esta\u00e7\u00e3o Experimental de S\u00e3o Sim\u00e3o Munic\u00edpio:\u00a0S\u00e3o Sim\u00e3o Divis\u00e3o:\u00a0DFEE Diploma Legal:\u00a0Dec. 35.982 de 17\/12\/59 Se\u00e7\u00e3o:\u00a0Se\u00e7\u00e3o de Esta\u00e7\u00e3o Experimental de Bento Quirino Respons\u00e1vel:\u00a0Paulo HP Ruffino Endere\u00e7o: Rodovia Vicinal Capit\u00e3o Jos\u00e9 Luiz de Oliveira, Km 11,5 Bairro: CEP: 14200-000 Via de Acesso:\u00a0Rod. Anhanguera Km 274. Telefone:\u00a0(16) 3984-1352 E-mail:\u00a0stbentoquirino@if.sp.gov.br \u00c1rea (ha):\u00a0927,08 Latitude:\u00a021\u00ba29\u00b4 Lat S Longitude:\u00a047\u00ba33\u00b4 Long W Altitude:\u00a0640m Clima:\u00a0Clima [&hellip;]<\/p>\n","protected":false},"author":102,"featured_media":0,"parent":3916,"menu_order":0,"comment_status":"closed","ping_status":"open","template":"","meta":[],"_links":{"self":[{"href":"https:\/\/www.infraestruturameioambiente.sp.gov.br\/institutoflorestal\/wp-json\/wp\/v2\/pages\/4036"}],"collection":[{"href":"https:\/\/www.infraestruturameioambiente.sp.gov.br\/institutoflorestal\/wp-json\/wp\/v2\/pages"}],"about":[{"href":"https:\/\/www.infraestruturameioambiente.sp.gov.br\/institutoflorestal\/wp-json\/wp\/v2\/types\/page"}],"author":[{"embeddable":true,"href":"https:\/\/www.infraestruturameioambiente.sp.gov.br\/institutoflorestal\/wp-json\/wp\/v2\/users\/102"}],"replies":[{"embeddable":true,"href":"https:\/\/www.infraestruturameioambiente.sp.gov.br\/institutoflorestal\/wp-json\/wp\/v2\/comments?post=4036"}],"version-history":[{"count":12,"href":"https:\/\/www.infraestruturameioambiente.sp.gov.br\/institutoflorestal\/wp-json\/wp\/v2\/pages\/4036\/revisions"}],"predecessor-version":[{"id":18525,"href":"https:\/\/www.infraestruturameioambiente.sp.gov.br\/institutoflorestal\/wp-json\/wp\/v2\/pages\/4036\/revisions\/18525"}],"up":[{"embeddable":true,"href":"https:\/\/www.infraestruturameioambiente.sp.gov.br\/institutoflorestal\/wp-json\/wp\/v2\/pages\/3916"}],"wp:attachment":[{"href":"https:\/\/www.infraestruturameioambiente.sp.gov.br\/institutoflorestal\/wp-json\/wp\/v2\/media?parent=4036"}],"curies":[{"name":"wp","href":"https:\/\/api.w.org\/{rel}","templated":true}]}}