{"id":4034,"date":"2013-08-28T10:51:55","date_gmt":"2013-08-28T13:51:55","guid":{"rendered":"https:\/\/www.infraestruturameioambiente.sp.gov.br\/institutoflorestal\/?page_id=4034"},"modified":"2021-02-01T15:00:54","modified_gmt":"2021-02-01T17:00:54","slug":"sao-jose-do-rio-preto","status":"publish","type":"page","link":"https:\/\/www.infraestruturameioambiente.sp.gov.br\/institutoflorestal\/areas-protegidas\/estacoes-experimentais\/sao-jose-do-rio-preto\/","title":{"rendered":"S\u00e3o Jos\u00e9 do Rio Preto"},"content":{"rendered":"<div class=\"wc-gallery\"><div id='gallery-1' data-gutter-width='5' data-columns='3' class='gallery wc-gallery-captions-onhover gallery-link-file gallery-masonry galleryid-4034 gallery-columns-3 gallery-size-thumbnail wc-gallery-bottomspace-default wc-gallery-clear'><div class='gallery-item gallery-item-position-1 gallery-item-attachment-7009'>\n\t\t\t\t<div class='gallery-icon landscape'>\n\t\t\t\t\t<a href='https:\/\/www.infraestruturameioambiente.sp.gov.br\/institutoflorestal\/wp-content\/uploads\/sites\/234\/2013\/08\/SaoJosedoRioPreto3-600x750.jpg' title='' target='_self'><img width=\"150\" height=\"150\" src=\"https:\/\/www.infraestruturameioambiente.sp.gov.br\/institutoflorestal\/wp-content\/uploads\/sites\/234\/2013\/08\/SaoJosedoRioPreto3-150x150.jpg\" class=\"attachment-thumbnail size-thumbnail\" alt=\"\" decoding=\"async\" loading=\"lazy\" \/><\/a>\n\t\t\t\t<\/div><\/div><div class='gallery-item gallery-item-position-2 gallery-item-attachment-7008'>\n\t\t\t\t<div class='gallery-icon landscape'>\n\t\t\t\t\t<a href='https:\/\/www.infraestruturameioambiente.sp.gov.br\/institutoflorestal\/wp-content\/uploads\/sites\/234\/2013\/08\/SaoJosedoRioPreto2-600x750.jpg' title='' target='_self'><img width=\"150\" height=\"150\" src=\"https:\/\/www.infraestruturameioambiente.sp.gov.br\/institutoflorestal\/wp-content\/uploads\/sites\/234\/2013\/08\/SaoJosedoRioPreto2-150x150.jpg\" class=\"attachment-thumbnail size-thumbnail\" alt=\"\" decoding=\"async\" loading=\"lazy\" \/><\/a>\n\t\t\t\t<\/div><\/div><div class='gallery-item gallery-item-position-3 gallery-item-attachment-7007'>\n\t\t\t\t<div class='gallery-icon landscape'>\n\t\t\t\t\t<a href='https:\/\/www.infraestruturameioambiente.sp.gov.br\/institutoflorestal\/wp-content\/uploads\/sites\/234\/2013\/08\/SaoJosedoRioPreto1-600x750.jpg' title='' target='_self'><img width=\"150\" height=\"150\" src=\"https:\/\/www.infraestruturameioambiente.sp.gov.br\/institutoflorestal\/wp-content\/uploads\/sites\/234\/2013\/08\/SaoJosedoRioPreto1-150x150.jpg\" class=\"attachment-thumbnail size-thumbnail\" alt=\"\" decoding=\"async\" loading=\"lazy\" \/><\/a>\n\t\t\t\t<\/div><\/div><\/div>\n<\/div>\n<ul>\n<li><strong>Nome:<\/strong> Esta\u00e7\u00e3o Experimental de S\u00e3o Jos\u00e9 do Rio Preto<\/li>\n<li><strong>Munic\u00edpio:<\/strong>\u00a0S\u00e3o Jos\u00e9 do Rio Preto<\/li>\n<li><strong>Divis\u00e3o:<\/strong>\u00a0DFEE<\/li>\n<li><strong>Diploma Legal:<\/strong>\u00a0Dec. 37.539 de 23\/11\/60<\/li>\n<li><strong>Se\u00e7\u00e3o:<\/strong>\u00a0Se\u00e7\u00e3o de Tupi<\/li>\n<li><strong>Respons\u00e1vel:<\/strong>\u00a0Narciso Santos Costa<\/li>\n<li><strong>Endere\u00e7o:<\/strong>\u00a0<a href=\"https:\/\/www.google.com.br\/maps\/preview#!q=Av.+Fernando+Bonvino%2C+1605%2C+S%C3%A3o+Jos%C3%A9+do+Rio+Preto+-+S%C3%A3o+Paulo&amp;data=!1m4!1m3!1d4205!2d-49.431147!3d-20.818538!2m1!1e3!4m11!1m10!2i26!4m8!1m3!1d133655!2d-47.4781248!3d-21.8163576!3m2!1i1280!2i866!4f13.1&amp;fid=7\" target=\"_blank\" rel=\"noopener noreferrer\">Av. Fernando Bonvino, 1605<\/a><\/li>\n<li><strong>Bairro:<\/strong>\u00a0Distrito Industrial Waldemar Verdi<\/li>\n<li><strong>CEP:<\/strong>\u00a015035-460<\/li>\n<li><strong>Via de Acesso:<\/strong>\u00a0Rod. SP 310 km 449 e Av. Fernando Bonvino.<\/li>\n<li><strong>Telefone:<\/strong>\u00a0(17) 3233-6404<\/li>\n<\/ul>\n<ul>\n<li><strong>\u00c1rea (ha):<\/strong>\u00a0221,10 (devido ao processo de cria\u00e7\u00e3o da Floresta Estadual &#8211; decreto 60.522 e a permuta, Lei n\u00ba 15.423\/2014, a \u00e1rea foi reduzid para 16,04 ha)<\/li>\n<li><strong>Latitude:<\/strong>\u00a020\u00ba49\u00b4 Lat S<\/li>\n<li><strong>Longitude:<\/strong>\u00a047\u00ba23\u00b4 Long W<\/li>\n<li><strong>Altitude:<\/strong>\u00a0488m<\/li>\n<li><strong>Observa\u00e7\u00f5es sobre a Esta\u00e7\u00e3o Experimental:<\/strong> S\u00e3o duas \u00e1reas. Uma com comprimento de 3,25Km e outra, onde est\u00e3o osexperimentos, com 4,25Km.<\/li>\n<li><strong>Clima:<\/strong>\u00a0Clima AW &#8211; Tropical de inverno seco.<\/li>\n<li><strong>Temperatura:\u00a0<\/strong>Temperatura m\u00e9dia anual 25,4\u00ba C, com inverno seco.<\/li>\n<\/ul>\n<ul>\n<li><strong>Topografia:<\/strong>\u00a0Relevo de colinas amplas, com altitude m\u00e9dia de 488m.<\/li>\n<li><strong>Solo:\u00a0<\/strong>Podzolizados de Lins e Mar\u00edlia, Var. Lins.<\/li>\n<li><strong>Ecossistema:<\/strong>\u00a0Mata Atl\u00e2ntica &#8211; Floresta Estacional Semidecidual<\/li>\n<li><strong>Fauna:<\/strong> udu-de-coroa-azul, urutau, sagui, melro, sanha\u00e7o, curuira, sabi\u00e1, tatu-galinha, lagarto-teiu<\/li>\n<li><strong>Flora:\u00a0<\/strong>Vegeta\u00e7\u00e3o representada por reflorestamento com esp\u00e9cies nativas e plantiu de esp\u00e9cies ex\u00f3ticas, al\u00e9m de pequena \u00e1rea remanescente de cerrado.<\/li>\n<li><strong>Turismo:<\/strong> Caminhadas, trekking.<\/li>\n<li><strong>Ficha com resumo da \u00e1rea protegida:<\/strong> <a href=\"https:\/\/smastr16.blob.core.windows.net\/iflorestal\/sites\/234\/2018\/09\/EEx-S\u00e3o-Jos\u00e9-do-Rio-Preto.pdf\">https:\/\/smastr16.blob.core.windows.net\/iflorestal\/sites\/234\/2018\/09\/EEx-S\u00e3o-Jos\u00e9-do-Rio-Preto.pdf\u00a0<\/a><\/li>\n<\/ul>\n","protected":false},"excerpt":{"rendered":"<p>Nome: Esta\u00e7\u00e3o Experimental de S\u00e3o Jos\u00e9 do Rio Preto Munic\u00edpio:\u00a0S\u00e3o Jos\u00e9 do Rio Preto Divis\u00e3o:\u00a0DFEE Diploma Legal:\u00a0Dec. 37.539 de 23\/11\/60 Se\u00e7\u00e3o:\u00a0Se\u00e7\u00e3o de Tupi Respons\u00e1vel:\u00a0Narciso Santos Costa Endere\u00e7o:\u00a0Av. Fernando Bonvino, 1605 Bairro:\u00a0Distrito Industrial Waldemar Verdi CEP:\u00a015035-460 Via de Acesso:\u00a0Rod. SP 310 km 449 e Av. Fernando Bonvino. Telefone:\u00a0(17) 3233-6404 \u00c1rea (ha):\u00a0221,10 (devido ao processo de cria\u00e7\u00e3o [&hellip;]<\/p>\n","protected":false},"author":102,"featured_media":0,"parent":3916,"menu_order":0,"comment_status":"closed","ping_status":"open","template":"","meta":[],"_links":{"self":[{"href":"https:\/\/www.infraestruturameioambiente.sp.gov.br\/institutoflorestal\/wp-json\/wp\/v2\/pages\/4034"}],"collection":[{"href":"https:\/\/www.infraestruturameioambiente.sp.gov.br\/institutoflorestal\/wp-json\/wp\/v2\/pages"}],"about":[{"href":"https:\/\/www.infraestruturameioambiente.sp.gov.br\/institutoflorestal\/wp-json\/wp\/v2\/types\/page"}],"author":[{"embeddable":true,"href":"https:\/\/www.infraestruturameioambiente.sp.gov.br\/institutoflorestal\/wp-json\/wp\/v2\/users\/102"}],"replies":[{"embeddable":true,"href":"https:\/\/www.infraestruturameioambiente.sp.gov.br\/institutoflorestal\/wp-json\/wp\/v2\/comments?post=4034"}],"version-history":[{"count":12,"href":"https:\/\/www.infraestruturameioambiente.sp.gov.br\/institutoflorestal\/wp-json\/wp\/v2\/pages\/4034\/revisions"}],"predecessor-version":[{"id":20164,"href":"https:\/\/www.infraestruturameioambiente.sp.gov.br\/institutoflorestal\/wp-json\/wp\/v2\/pages\/4034\/revisions\/20164"}],"up":[{"embeddable":true,"href":"https:\/\/www.infraestruturameioambiente.sp.gov.br\/institutoflorestal\/wp-json\/wp\/v2\/pages\/3916"}],"wp:attachment":[{"href":"https:\/\/www.infraestruturameioambiente.sp.gov.br\/institutoflorestal\/wp-json\/wp\/v2\/media?parent=4034"}],"curies":[{"name":"wp","href":"https:\/\/api.w.org\/{rel}","templated":true}]}}