{"id":4032,"date":"2013-08-28T10:51:30","date_gmt":"2013-08-28T13:51:30","guid":{"rendered":"https:\/\/www.infraestruturameioambiente.sp.gov.br\/institutoflorestal\/?page_id=4032"},"modified":"2020-09-21T21:19:50","modified_gmt":"2020-09-22T00:19:50","slug":"santa-rita-do-passa-quatro","status":"publish","type":"page","link":"https:\/\/www.infraestruturameioambiente.sp.gov.br\/institutoflorestal\/areas-protegidas\/estacoes-experimentais\/santa-rita-do-passa-quatro\/","title":{"rendered":"Santa Rita do Passa Quatro"},"content":{"rendered":"<div class=\"wc-gallery\"><div id='gallery-1' data-gutter-width='5' data-columns='3' class='gallery wc-gallery-captions-onhover gallery-link-file gallery-masonry galleryid-4032 gallery-columns-3 gallery-size-thumbnail wc-gallery-bottomspace-default wc-gallery-clear'><div class='gallery-item gallery-item-position-1 gallery-item-attachment-5587'>\n\t\t\t\t<div class='gallery-icon landscape'>\n\t\t\t\t\t<a href='https:\/\/www.infraestruturameioambiente.sp.gov.br\/institutoflorestal\/wp-content\/uploads\/sites\/234\/2013\/08\/FOTO37.jpg' title='' target='_self'><img width=\"150\" height=\"150\" src=\"https:\/\/www.infraestruturameioambiente.sp.gov.br\/institutoflorestal\/wp-content\/uploads\/sites\/234\/2013\/08\/FOTO37-150x150.jpg\" class=\"attachment-thumbnail size-thumbnail\" alt=\"\" decoding=\"async\" loading=\"lazy\" \/><\/a>\n\t\t\t\t<\/div><\/div><div class='gallery-item gallery-item-position-2 gallery-item-attachment-5588'>\n\t\t\t\t<div class='gallery-icon landscape'>\n\t\t\t\t\t<a href='https:\/\/www.infraestruturameioambiente.sp.gov.br\/institutoflorestal\/wp-content\/uploads\/sites\/234\/2013\/08\/FOTO18.jpg' title='' target='_self'><img width=\"150\" height=\"150\" src=\"https:\/\/www.infraestruturameioambiente.sp.gov.br\/institutoflorestal\/wp-content\/uploads\/sites\/234\/2013\/08\/FOTO18-150x150.jpg\" class=\"attachment-thumbnail size-thumbnail\" alt=\"\" decoding=\"async\" loading=\"lazy\" \/><\/a>\n\t\t\t\t<\/div><\/div><div class='gallery-item gallery-item-position-3 gallery-item-attachment-5589'>\n\t\t\t\t<div class='gallery-icon landscape'>\n\t\t\t\t\t<a href='https:\/\/www.infraestruturameioambiente.sp.gov.br\/institutoflorestal\/wp-content\/uploads\/sites\/234\/2013\/08\/FOTO28.jpg' title='' target='_self'><img width=\"150\" height=\"150\" src=\"https:\/\/www.infraestruturameioambiente.sp.gov.br\/institutoflorestal\/wp-content\/uploads\/sites\/234\/2013\/08\/FOTO28-150x150.jpg\" class=\"attachment-thumbnail size-thumbnail\" alt=\"\" decoding=\"async\" loading=\"lazy\" \/><\/a>\n\t\t\t\t<\/div><\/div><\/div>\n<\/div>\n<ul>\n<li><strong>Nome:<\/strong>\u00a0Esta\u00e7\u00e3o Experimental de Santa Rita do Passa Quatro<\/li>\n<li><strong>Munic\u00edpio:<\/strong>\u00a0Santa Rita do Passa Quatro<\/li>\n<li><strong>Divis\u00e3o:<\/strong>\u00a0DFEE<\/li>\n<li><strong>Diploma Legal:<\/strong>\u00a0Dec.19.032C de 23\/12\/49<\/li>\n<li><strong>Se\u00e7\u00e3o:<\/strong>\u00a0Se\u00e7\u00e3o de Reservas de Porto Ferreira<\/li>\n<li><strong>Respons\u00e1vel:<\/strong> Andr\u00e9 Luiz Teixeira de Lucca<\/li>\n<li><strong>Endere\u00e7o:<\/strong>\u00a0<a href=\"https:\/\/www.google.com.br\/maps\/preview#!q=Via+Zequinha+de+Abreu%2C+Santa+Rita+do+Passa+Quatro+-+S%C3%A3o+Paulo&amp;data=!1m4!1m3!1d133655!2d-47.4781248!3d-21.8163576!4m10!1m9!4m8!1m3!1d2061!2d-46.4796425!3d-23.6302937!3m2!1i1280!2i866!4f13.1\" target=\"_blank\" rel=\"noopener noreferrer\">Av Zequinha de Abreu, KM8,5<\/a><\/li>\n<li><strong>Bairro:<\/strong>\u00a0Zona Rural<\/li>\n<li><strong>CEP: <\/strong>13.670-000<\/li>\n<li><strong>Via de Acesso:<\/strong>\u00a0Rod. Anhanguera (SP 330 ) km 241 e Rod. Zequinha de Abreu km 8,5.<\/li>\n<li><strong>Telefone:<\/strong>\u00a0(19) 3582-1807<\/li>\n<\/ul>\n<ul>\n<li><strong>\u00c1rea (ha):<\/strong>\u00a096,26<\/li>\n<li><strong>Latitude:<\/strong>\u00a021\u00ba44\u00b406\u00b4 Lat S<\/li>\n<li><strong>Longitude:<\/strong>\u00a047\u00ba29\u00b423\u00b4\u00b4 Long W<\/li>\n<li><strong>Altitude:<\/strong>\u00a0725m<\/li>\n<li><strong>Clima:<\/strong>\u00a0Clima da regi\u00e3o se classifica como temperado macrot\u00e9rmico, tipo CWaG (koppen) clima quente de inverno seco n\u00e3o rigoroso.<\/li>\n<li><strong>Temperatura: <\/strong><br \/>\n&#8211; Temperatura m\u00e9dia anual 20,8\u00ba C.<br \/>\n&#8211; Temperatura m\u00e9dia m\u00eas mais frio &#8211; 17,5\u00ba C<\/li>\n<\/ul>\n<ul>\n<li><strong>Topografia:<\/strong>\u00a0Altitude m\u00e9dia da unidade de 725 m, relevo regular de superf\u00edcie plana, embora com alguma declividade e um pequeno vale nas nascentes de \u00e1gua, segundo classifica\u00e7\u00e3o geomorfologica do Est. SP a divis\u00e3o de transi\u00e7\u00e3o entre depress\u00e3o Perif\u00e9rica e o Planalto. Ocidental Paulista, denominada de Cuestas Bas\u00e1lticas.<\/li>\n<li><strong>Solo:\u00a0<\/strong>Latossolo Vermelho-escuro e grada\u00e7\u00f5es para o Vermelho-amarelo, inclusive fase arenosa e regassol<\/li>\n<li><strong>Ecossistema:<\/strong>\u00a0Mata Atl\u00e2ntica &#8211; Floresta Estacional Semidecidual.\u00a0Reflorestamento com esp\u00e9cies nativas e ex\u00f3ticas e mata ciliar.<\/li>\n<li><strong>Fauna:<\/strong><\/li>\n<li><strong>Flora:\u00a0<\/strong>A vegeta\u00e7\u00e3o natural da regi\u00e3o, conforme observa\u00e7\u00e3o nos remanescentes florestais inclusive na esta\u00e7\u00e3o experimental e pela reconstitui\u00e7\u00e3o apresentada pleo projeto Radam Brasil, h\u00e1 predomin\u00e2ncia da Floresta Estacional Semidecidual. Outra forma\u00e7\u00e3o observada \u00e9 o cerrado e o cerrad\u00e3o. Na esta\u00e7\u00e3o foram implantados v\u00e1rios experimentos com esp\u00e9cies nativas e ex\u00f3ticas de v\u00e1rias proced\u00eancias. Esp\u00e9cies em extin\u00e7\u00e3o:\u00a0Peroba-rosa (<em>aspidoperma polyneuron<\/em>), jacarand\u00e1 &#8211; paulista (<em>machaerium villosum<\/em>).<\/li>\n<li><strong>Turismo e Educa\u00e7\u00e3o Ambiental:<\/strong>\u00a0Atualmente, a Esta\u00e7\u00e3o Experimental de Santa Rita do Passa Quatro destaca-se pela exist\u00eancia de patrim\u00f4nio florestal de grande valor hist\u00f3rico, cient\u00edfico e educacional, podendo ser considerada um \u201cMuseu Vivo\u201d.\u00a0Esta unidade se destaca ainda pelas caracter\u00edsticas de belezas c\u00eanicas, clima apraz\u00edvel e saud\u00e1vel e proximidade \u00e0 sede do munic\u00edpio, aspectos estes que aliados aos conhecimentos hist\u00f3rico, cultural e cient\u00edfico desenvolvido ao longo de sua exist\u00eancia, intr\u00ednsecos aos seus objetivos de manejo, credenciam-na naturalmente ao desenvolvimento de atividades de educa\u00e7\u00e3o ambiental, lazer contemplativo e ecoturismo.\u00a0Como visita\u00e7\u00e3o informal, a Unidade fica aberta ao p\u00fablico diariamente, em locais pr\u00e9-estabelecidos para caminhadas, contempla\u00e7\u00e3o da natureza e lazer em geral.\u00a0Como visitas formais, t\u00e9cnicas e educativas, em locais destinados \u00e0 visita\u00e7\u00e3o monitorada, requer agendamento pr\u00e9vio, com acompanhamento da equipe da Esta\u00e7\u00e3o, normalmente em dias \u00fateis, durante o hor\u00e1rio das 7:00 hs \u00e0s 16:00 hs.\u00a0Neste sentido, a Esta\u00e7\u00e3o pode ser considerada como \u201cespa\u00e7o educacional\u201d do munic\u00edpio de Santa Rita do Passa Quatro, abordando temas ambientais diversos, com destaque \u00e0 biodiversidade local.\u00a0Chegando em Santa Rita do Passa Quatro pela Rodovia Zequinha de Abreu, no 1\u00ba\u00a0 trevo de acesso, na altura do km 8,5, pode-se avistar as florestas da Esta\u00e7\u00e3o Experimental, dando um destaque especial \u00e0 paisagem. Contemplem essa beleza!<\/li>\n<li><strong>Ficha com resumo da \u00e1rea protegida:<\/strong>\u00a0<a href=\"https:\/\/smastr16.blob.core.windows.net\/iflorestal\/sites\/234\/2018\/09\/EEx-StaRita.pdf\">https:\/\/smastr16.blob.core.windows.net\/iflorestal\/sites\/234\/2018\/09\/EEx-StaRita.pdf<\/a><\/li>\n<\/ul>\n<p><b>O Minist\u00e9rio da Sa\u00fade recomenda a vacina da febre amarela aos visitantes que forem para a regi\u00e3o<\/b><\/p>\n","protected":false},"excerpt":{"rendered":"<p>Nome:\u00a0Esta\u00e7\u00e3o Experimental de Santa Rita do Passa Quatro Munic\u00edpio:\u00a0Santa Rita do Passa Quatro Divis\u00e3o:\u00a0DFEE Diploma Legal:\u00a0Dec.19.032C de 23\/12\/49 Se\u00e7\u00e3o:\u00a0Se\u00e7\u00e3o de Reservas de Porto Ferreira Respons\u00e1vel: Andr\u00e9 Luiz Teixeira de Lucca Endere\u00e7o:\u00a0Av Zequinha de Abreu, KM8,5 Bairro:\u00a0Zona Rural CEP: 13.670-000 Via de Acesso:\u00a0Rod. Anhanguera (SP 330 ) km 241 e Rod. Zequinha de Abreu km 8,5. [&hellip;]<\/p>\n","protected":false},"author":102,"featured_media":0,"parent":3916,"menu_order":0,"comment_status":"closed","ping_status":"open","template":"","meta":[],"_links":{"self":[{"href":"https:\/\/www.infraestruturameioambiente.sp.gov.br\/institutoflorestal\/wp-json\/wp\/v2\/pages\/4032"}],"collection":[{"href":"https:\/\/www.infraestruturameioambiente.sp.gov.br\/institutoflorestal\/wp-json\/wp\/v2\/pages"}],"about":[{"href":"https:\/\/www.infraestruturameioambiente.sp.gov.br\/institutoflorestal\/wp-json\/wp\/v2\/types\/page"}],"author":[{"embeddable":true,"href":"https:\/\/www.infraestruturameioambiente.sp.gov.br\/institutoflorestal\/wp-json\/wp\/v2\/users\/102"}],"replies":[{"embeddable":true,"href":"https:\/\/www.infraestruturameioambiente.sp.gov.br\/institutoflorestal\/wp-json\/wp\/v2\/comments?post=4032"}],"version-history":[{"count":17,"href":"https:\/\/www.infraestruturameioambiente.sp.gov.br\/institutoflorestal\/wp-json\/wp\/v2\/pages\/4032\/revisions"}],"predecessor-version":[{"id":19752,"href":"https:\/\/www.infraestruturameioambiente.sp.gov.br\/institutoflorestal\/wp-json\/wp\/v2\/pages\/4032\/revisions\/19752"}],"up":[{"embeddable":true,"href":"https:\/\/www.infraestruturameioambiente.sp.gov.br\/institutoflorestal\/wp-json\/wp\/v2\/pages\/3916"}],"wp:attachment":[{"href":"https:\/\/www.infraestruturameioambiente.sp.gov.br\/institutoflorestal\/wp-json\/wp\/v2\/media?parent=4032"}],"curies":[{"name":"wp","href":"https:\/\/api.w.org\/{rel}","templated":true}]}}