{"id":4030,"date":"2013-08-28T10:51:08","date_gmt":"2013-08-28T13:51:08","guid":{"rendered":"https:\/\/www.infraestruturameioambiente.sp.gov.br\/institutoflorestal\/?page_id=4030"},"modified":"2020-09-21T21:16:27","modified_gmt":"2020-09-22T00:16:27","slug":"paraguacu-paulista","status":"publish","type":"page","link":"https:\/\/www.infraestruturameioambiente.sp.gov.br\/institutoflorestal\/areas-protegidas\/estacoes-experimentais\/paraguacu-paulista\/","title":{"rendered":"Paragua\u00e7u Paulista"},"content":{"rendered":"<ul>\n<li><strong>Nome:<\/strong>\u00a0Esta\u00e7\u00e3o Experimental de Paragua\u00e7u Paulista<\/li>\n<li><strong>Munic\u00edpio:<\/strong>\u00a0Paragua\u00e7u Paulista<\/li>\n<li><strong>Divis\u00e3o:<\/strong>\u00a0DFEE<\/li>\n<li><strong>Diploma Legal:<\/strong>\u00a0Dec. 13.812 de 13\/01\/44<\/li>\n<li><strong>Se\u00e7\u00e3o:<\/strong>\u00a0Se\u00e7\u00e3o de Floresta Estadual de Assis<\/li>\n<li><strong>Respons\u00e1vel:<\/strong> Wilson Contieri<\/li>\n<li><strong>Endere\u00e7o:<\/strong>\u00a0Rodovia SP 421 &#8211; KM 49<\/li>\n<li><strong>CEP:<\/strong>19700-000<\/li>\n<li><strong>Caixa Postal:038<\/strong><\/li>\n<li><strong>Via de Acesso:<\/strong>\u00a0Rod. Castelo Branco sentido Ourinhos, depois Rodovia Raposo Tavares at\u00e9 Assis, Rodovia SP-284 at\u00e9 Paragua\u00e7u Paulista e por fim Rodovia SP-421 sentido Mar\u00edlia at\u00e9 o km 49.<\/li>\n<li><strong>Telefone:<\/strong>\u00a0(18) 3361-1909<\/li>\n<li><strong>E-mail:<\/strong> <a href=\"hortoppta@if.sp.gov.br\" target=\"_blank\" rel=\"noopener noreferrer\">hortoppta@if.sp.gov.br<\/a><\/li>\n<\/ul>\n<ul>\n<li><strong>\u00c1rea (ha):<\/strong>\u00a0442,09<\/li>\n<li><strong>Latitude:<\/strong>\u00a022\u00b022\u201914.83\u201d S<\/li>\n<li><strong>Longitude:<\/strong>\u00a050\u00b034\u201923.07\u201d O<\/li>\n<li><strong>Altitude:<\/strong>\u00a0490m<\/li>\n<li><strong>Clima:<\/strong>\u00a0Clima tipo CWa.<\/li>\n<li><strong>Temperatura:\u00a0<\/strong>Temperatura m\u00e9dia anual dos meses mais quentes 30\u00b0C. Temperatura m\u00e9dia anual dos meses mais frios 10\u00b0C.<\/li>\n<\/ul>\n<ul>\n<li><strong>Topografia:<\/strong>\u00a0Apresenta relevo suave ondulado, com altitude m\u00e9dia de 490 m acima do n\u00edvel do mar.<\/li>\n<li><strong>Solo:\u00a0<\/strong>Latossolo Vermelho Distr\u00f3fico.<\/li>\n<li><strong>Uso do Solo: <\/strong>Ess\u00eancias nativas e ess\u00eancias ex\u00f3ticas principalmente Pinus e Eucalyptus.<\/li>\n<li><strong>Hidrografia:<\/strong> Cortada pelos ribeir\u00f5es \u00c1gua da Cachoeira e Alegre<\/li>\n<li><strong>Ecossistema:<\/strong>\u00a0Reflorestamento com ess\u00eancias ex\u00f3ticas &#8211; <em>Pinus<\/em> e <em>Eucalyptus<\/em><\/li>\n<li><strong>Fauna:<\/strong><\/li>\n<li><strong>Flora:<\/strong> N\u00e3o existe levantamento detalhado do n\u00famero de esp\u00e9cies, mas existe uma variedade de esp\u00e9cies t\u00edpicas do cerrado.<\/li>\n<li><strong>Hospedaria:<\/strong> Sim<\/li>\n<li><strong>Ficha com resumo da \u00e1rea protegida:<\/strong>\u00a0<a href=\"https:\/\/smastr16.blob.core.windows.net\/iflorestal\/sites\/234\/2018\/09\/EEx-Paraguacu.pdf\">https:\/\/smastr16.blob.core.windows.net\/iflorestal\/sites\/234\/2018\/09\/EEx-Paraguacu.pdf<\/a><\/li>\n<\/ul>\n","protected":false},"excerpt":{"rendered":"<p>Nome:\u00a0Esta\u00e7\u00e3o Experimental de Paragua\u00e7u Paulista Munic\u00edpio:\u00a0Paragua\u00e7u Paulista Divis\u00e3o:\u00a0DFEE Diploma Legal:\u00a0Dec. 13.812 de 13\/01\/44 Se\u00e7\u00e3o:\u00a0Se\u00e7\u00e3o de Floresta Estadual de Assis Respons\u00e1vel: Wilson Contieri Endere\u00e7o:\u00a0Rodovia SP 421 &#8211; KM 49 CEP:19700-000 Caixa Postal:038 Via de Acesso:\u00a0Rod. Castelo Branco sentido Ourinhos, depois Rodovia Raposo Tavares at\u00e9 Assis, Rodovia SP-284 at\u00e9 Paragua\u00e7u Paulista e por fim Rodovia SP-421 sentido [&hellip;]<\/p>\n","protected":false},"author":102,"featured_media":0,"parent":3916,"menu_order":0,"comment_status":"closed","ping_status":"open","template":"","meta":[],"_links":{"self":[{"href":"https:\/\/www.infraestruturameioambiente.sp.gov.br\/institutoflorestal\/wp-json\/wp\/v2\/pages\/4030"}],"collection":[{"href":"https:\/\/www.infraestruturameioambiente.sp.gov.br\/institutoflorestal\/wp-json\/wp\/v2\/pages"}],"about":[{"href":"https:\/\/www.infraestruturameioambiente.sp.gov.br\/institutoflorestal\/wp-json\/wp\/v2\/types\/page"}],"author":[{"embeddable":true,"href":"https:\/\/www.infraestruturameioambiente.sp.gov.br\/institutoflorestal\/wp-json\/wp\/v2\/users\/102"}],"replies":[{"embeddable":true,"href":"https:\/\/www.infraestruturameioambiente.sp.gov.br\/institutoflorestal\/wp-json\/wp\/v2\/comments?post=4030"}],"version-history":[{"count":10,"href":"https:\/\/www.infraestruturameioambiente.sp.gov.br\/institutoflorestal\/wp-json\/wp\/v2\/pages\/4030\/revisions"}],"predecessor-version":[{"id":19750,"href":"https:\/\/www.infraestruturameioambiente.sp.gov.br\/institutoflorestal\/wp-json\/wp\/v2\/pages\/4030\/revisions\/19750"}],"up":[{"embeddable":true,"href":"https:\/\/www.infraestruturameioambiente.sp.gov.br\/institutoflorestal\/wp-json\/wp\/v2\/pages\/3916"}],"wp:attachment":[{"href":"https:\/\/www.infraestruturameioambiente.sp.gov.br\/institutoflorestal\/wp-json\/wp\/v2\/media?parent=4030"}],"curies":[{"name":"wp","href":"https:\/\/api.w.org\/{rel}","templated":true}]}}