{"id":4016,"date":"2013-08-28T10:48:33","date_gmt":"2013-08-28T13:48:33","guid":{"rendered":"https:\/\/www.infraestruturameioambiente.sp.gov.br\/institutoflorestal\/?page_id=4016"},"modified":"2021-02-01T14:58:24","modified_gmt":"2021-02-01T16:58:24","slug":"itapeva","status":"publish","type":"page","link":"https:\/\/www.infraestruturameioambiente.sp.gov.br\/institutoflorestal\/areas-protegidas\/estacoes-experimentais\/itapeva\/","title":{"rendered":"Itapeva"},"content":{"rendered":"<ul>\n<li><strong>Nome:<\/strong> Esta\u00e7\u00e3o Experimental de Itapeva<\/li>\n<li><strong>Munic\u00edpio:<\/strong>\u00a0Itapeva, Itaber\u00e1<\/li>\n<li><strong>Divis\u00e3o:<\/strong> DFEE<\/li>\n<li><strong>Diploma Legal:<\/strong>\u00a0Dec. 7.692 de 17\/03\/76<\/li>\n<li><strong>Se\u00e7\u00e3o:<\/strong>\u00a0Se\u00e7\u00e3o de Esta\u00e7\u00e3o Experimental de Itapeva<\/li>\n<li><strong>Respons\u00e1vel:<\/strong>\u00a0Ananias de Almeida<\/li>\n<li><strong>Endere\u00e7o:<\/strong>\u00a0Rod. SP 258<\/li>\n<li><strong>Bairro:<\/strong> Engenheiro Maia<\/li>\n<li><strong>CEP:<\/strong> 18440-000<\/li>\n<li><strong>Via de Acesso:<\/strong>\u00a0SP 258<\/li>\n<li><strong>Telefone:<\/strong><\/li>\n<\/ul>\n<ul>\n<li><strong>\u00c1rea (ha):<\/strong>\u00a01,827.61<\/li>\n<li><strong>Latitude:<\/strong>\u00a024\u00ba02\u00b4 Lat S<\/li>\n<li><strong>Longitude:<\/strong>\u00a049\u00ba06\u00b4 Long W<\/li>\n<li><strong>Altitude:<\/strong>\u00a0740m<\/li>\n<li><strong>Per\u00edmetro (km)<\/strong>: 19,10<\/li>\n<li><strong>Observa\u00e7\u00f5es sobre a Esta\u00e7\u00e3o Experimental:<\/strong>\u00a0Leste divide com Fazenda Pouso Alto, Oeste\/Norte\/Sul com assentamentos do &#8220;MST&#8221;.<\/li>\n<li><strong>Clima:<\/strong>\u00a0Clima Cfb<\/li>\n<li><strong>Temperatura:\u00a0<\/strong>Temperatura m\u00e9dia anual 18,5\u00b0C.<\/li>\n<\/ul>\n<ul>\n<li><strong>Topografia:<\/strong>\u00a0Levemente ondulada.<\/li>\n<li><strong>Solo:\u00a0<\/strong>LE, LV.<\/li>\n<li><strong>Ecossistema:<\/strong>\u00a0Mata Atl\u00e2ntica &#8211; Floresta Estacional Semidecidual, cavernas.<\/li>\n<li><strong>Fauna:<\/strong><\/li>\n<li><strong>Flora:<\/strong>\u00a0Pau-jacar\u00e9, angico, goroucaia, ip\u00eas, canelas, massaranduba e arauc\u00e1ria<\/li>\n<li><strong>Turismo:<\/strong> Cavernas; Corredeiras; Lagos, lagoas e rios; Observa\u00e7\u00e3o da fauna e flora.<\/li>\n<li><strong>Hospedaria:<\/strong> Sim<\/li>\n<li><strong>Ficha com resumo da \u00e1rea protegida:<\/strong>\u00a0<a href=\"https:\/\/smastr16.blob.core.windows.net\/iflorestal\/sites\/234\/2018\/09\/EEx-Itapeva.pdf\">https:\/\/smastr16.blob.core.windows.net\/iflorestal\/sites\/234\/2018\/09\/EEx-Itapeva.pdf<\/a><\/li>\n<\/ul>\n<p><b>O Minist\u00e9rio da Sa\u00fade recomenda a vacina da febre amarela aos visitantes que forem para a regi\u00e3o<\/b><\/p>\n","protected":false},"excerpt":{"rendered":"<p>Nome: Esta\u00e7\u00e3o Experimental de Itapeva Munic\u00edpio:\u00a0Itapeva, Itaber\u00e1 Divis\u00e3o: DFEE Diploma Legal:\u00a0Dec. 7.692 de 17\/03\/76 Se\u00e7\u00e3o:\u00a0Se\u00e7\u00e3o de Esta\u00e7\u00e3o Experimental de Itapeva Respons\u00e1vel:\u00a0Ananias de Almeida Endere\u00e7o:\u00a0Rod. SP 258 Bairro: Engenheiro Maia CEP: 18440-000 Via de Acesso:\u00a0SP 258 Telefone: \u00c1rea (ha):\u00a01,827.61 Latitude:\u00a024\u00ba02\u00b4 Lat S Longitude:\u00a049\u00ba06\u00b4 Long W Altitude:\u00a0740m Per\u00edmetro (km): 19,10 Observa\u00e7\u00f5es sobre a Esta\u00e7\u00e3o Experimental:\u00a0Leste divide com [&hellip;]<\/p>\n","protected":false},"author":102,"featured_media":0,"parent":3916,"menu_order":0,"comment_status":"closed","ping_status":"open","template":"","meta":[],"_links":{"self":[{"href":"https:\/\/www.infraestruturameioambiente.sp.gov.br\/institutoflorestal\/wp-json\/wp\/v2\/pages\/4016"}],"collection":[{"href":"https:\/\/www.infraestruturameioambiente.sp.gov.br\/institutoflorestal\/wp-json\/wp\/v2\/pages"}],"about":[{"href":"https:\/\/www.infraestruturameioambiente.sp.gov.br\/institutoflorestal\/wp-json\/wp\/v2\/types\/page"}],"author":[{"embeddable":true,"href":"https:\/\/www.infraestruturameioambiente.sp.gov.br\/institutoflorestal\/wp-json\/wp\/v2\/users\/102"}],"replies":[{"embeddable":true,"href":"https:\/\/www.infraestruturameioambiente.sp.gov.br\/institutoflorestal\/wp-json\/wp\/v2\/comments?post=4016"}],"version-history":[{"count":15,"href":"https:\/\/www.infraestruturameioambiente.sp.gov.br\/institutoflorestal\/wp-json\/wp\/v2\/pages\/4016\/revisions"}],"predecessor-version":[{"id":20162,"href":"https:\/\/www.infraestruturameioambiente.sp.gov.br\/institutoflorestal\/wp-json\/wp\/v2\/pages\/4016\/revisions\/20162"}],"up":[{"embeddable":true,"href":"https:\/\/www.infraestruturameioambiente.sp.gov.br\/institutoflorestal\/wp-json\/wp\/v2\/pages\/3916"}],"wp:attachment":[{"href":"https:\/\/www.infraestruturameioambiente.sp.gov.br\/institutoflorestal\/wp-json\/wp\/v2\/media?parent=4016"}],"curies":[{"name":"wp","href":"https:\/\/api.w.org\/{rel}","templated":true}]}}