{"id":4014,"date":"2013-08-28T10:48:14","date_gmt":"2013-08-28T13:48:14","guid":{"rendered":"https:\/\/www.infraestruturameioambiente.sp.gov.br\/institutoflorestal\/?page_id=4014"},"modified":"2018-09-24T11:14:58","modified_gmt":"2018-09-24T14:14:58","slug":"itapetininga","status":"publish","type":"page","link":"https:\/\/www.infraestruturameioambiente.sp.gov.br\/institutoflorestal\/areas-protegidas\/estacoes-experimentais\/itapetininga\/","title":{"rendered":"Itapetininga"},"content":{"rendered":"<div class=\"wc-gallery\"><div id='gallery-1' data-gutter-width='5' data-columns='3' class='gallery wc-gallery-captions-onhover gallery-link-file gallery-masonry galleryid-4014 gallery-columns-3 gallery-size-thumbnail wc-gallery-bottomspace-default wc-gallery-clear'><div class='gallery-item gallery-item-position-1 gallery-item-attachment-5548'>\n\t\t\t\t<div class='gallery-icon landscape'>\n\t\t\t\t\t<a href='https:\/\/www.infraestruturameioambiente.sp.gov.br\/institutoflorestal\/wp-content\/uploads\/sites\/234\/2013\/08\/FOTO24.jpg' title='' target='_self'><img width=\"150\" height=\"123\" src=\"https:\/\/www.infraestruturameioambiente.sp.gov.br\/institutoflorestal\/wp-content\/uploads\/sites\/234\/2013\/08\/FOTO24-150x123.jpg\" class=\"attachment-thumbnail size-thumbnail\" alt=\"\" decoding=\"async\" loading=\"lazy\" \/><\/a>\n\t\t\t\t<\/div><\/div><div class='gallery-item gallery-item-position-2 gallery-item-attachment-5551'>\n\t\t\t\t<div class='gallery-icon landscape'>\n\t\t\t\t\t<a href='https:\/\/www.infraestruturameioambiente.sp.gov.br\/institutoflorestal\/wp-content\/uploads\/sites\/234\/2013\/08\/FOTO14.jpg' title='' target='_self'><img width=\"150\" height=\"126\" src=\"https:\/\/www.infraestruturameioambiente.sp.gov.br\/institutoflorestal\/wp-content\/uploads\/sites\/234\/2013\/08\/FOTO14-150x126.jpg\" class=\"attachment-thumbnail size-thumbnail\" alt=\"\" decoding=\"async\" loading=\"lazy\" \/><\/a>\n\t\t\t\t<\/div><\/div><div class='gallery-item gallery-item-position-3 gallery-item-attachment-5549'>\n\t\t\t\t<div class='gallery-icon landscape'>\n\t\t\t\t\t<a href='https:\/\/www.infraestruturameioambiente.sp.gov.br\/institutoflorestal\/wp-content\/uploads\/sites\/234\/2013\/08\/FOTO34.jpg' title='' target='_self'><img width=\"150\" height=\"150\" src=\"https:\/\/www.infraestruturameioambiente.sp.gov.br\/institutoflorestal\/wp-content\/uploads\/sites\/234\/2013\/08\/FOTO34-150x150.jpg\" class=\"attachment-thumbnail size-thumbnail\" alt=\"\" decoding=\"async\" loading=\"lazy\" \/><\/a>\n\t\t\t\t<\/div><\/div><\/div>\n<\/div>\n<ul>\n<li><strong>Nome:<\/strong> Esta\u00e7\u00e3o Experimental de Itapetininga<\/li>\n<li><strong>Munic\u00edpio:<\/strong>\u00a0Itapetininga<\/li>\n<li><strong>Divis\u00e3o:<\/strong>\u00a0Divis\u00e3o de Florestas e Esta\u00e7\u00f5es Experimentais (DFEE)<\/li>\n<li><strong>Diploma Legal:<\/strong>\u00a0Dec. 34.082 de 28\/11\/58<\/li>\n<li><strong>Se\u00e7\u00e3o:<\/strong>\u00a0Se\u00e7\u00e3o de Esta\u00e7\u00e3o Experimental de Itapetininga<\/li>\n<li><strong>Respons\u00e1vel:<\/strong>\u00a0Antonio Orlando L. F. Neto<\/li>\n<li><strong>Endere\u00e7o:<\/strong>\u00a0Estrada Municipal Maestro Benedito Pompeu de Jesus &#8211; Km 9<\/li>\n<li><strong>Bairro:<\/strong> Jardim Tupi<\/li>\n<li><strong>CEP:<\/strong> 18200-000<\/li>\n<li><strong>Via de Acesso:<\/strong>\u00a0Rod. Raposo Tavares.<\/li>\n<li><strong>Telefone:<\/strong>\u00a0(15)\u00a03271-3866<\/li>\n<li><strong>E-mail:<\/strong> <a href=\"mailto:eeitapetininga@if.sp.gov.br\">eeitapetininga@if.sp.gov.br<\/a><\/li>\n<li><strong>Visita\u00e7\u00e3o:<\/strong> N\u00e3o possui uso p\u00fablico.<\/li>\n<\/ul>\n<ul>\n<li><strong>\u00c1rea (ha):<\/strong>\u00a06,706<\/li>\n<li><strong>Latitude:<\/strong>\u00a023\u00ba42\u00b4 Lat S<\/li>\n<li><strong>Longitude:<\/strong>\u00a047\u00ba57\u00b4 Long W<\/li>\n<li><strong>Altitude:<\/strong>\u00a0500m<\/li>\n<li><strong>Clima:<\/strong>\u00a0Clima Cfa quente de inverno seco.<\/li>\n<li><strong>Temperatura:<br \/>\n<\/strong>&#8211; Temperatura m\u00e9dia anual entre 0,2\u00b0C e 37,5\u00b0C.<br \/>\n&#8211; Temperatura m\u00e9dia do m\u00eas mais quente &#8211; Janeiro &#8211; 23,3\u00b0C.<br \/>\n&#8211; Temperatura m\u00e9dia do m\u00eas mais frio &#8211; Junho &#8211; 15,3\u00b0C.<\/li>\n<\/ul>\n<ul>\n<li><strong>Topografia:<\/strong>\u00a0Relevo suave ondulado e extensas v\u00e1rzeas.<\/li>\n<li><strong>Solo:\u00a0<\/strong>Podz\u00f3lico Vermelho-amarelo e solos hidrom\u00f3rficos. Solos \u00e1cidos com elevada concentra\u00e7\u00e3o de alum\u00ednio.<\/li>\n<li><strong>Ecossistema:<\/strong>\u00a0Mata ciliar.<\/li>\n<li><strong>Fauna:<\/strong><\/li>\n<li><strong>Flora:<\/strong>\u00a0Vegeta\u00e7\u00e3o representanda por ecossitemas naturais, como cerrado e matas ciliares e plantio de pinus e eucalipto.<\/li>\n<li><strong>Ficha com resumo da \u00e1rea protegida:<\/strong>\u00a0<a href=\"https:\/\/www.infraestruturameioambiente.sp.gov.br\/institutoflorestal\/wp-content\/uploads\/sites\/234\/2018\/09\/EEx-Itapetininga.pdf\">https:\/\/www.infraestruturameioambiente.sp.gov.br\/institutoflorestal\/wp-content\/uploads\/sites\/234\/2018\/09\/EEx-Itapetininga.pdf<\/a><\/li>\n<\/ul>\n","protected":false},"excerpt":{"rendered":"<p>Nome: Esta\u00e7\u00e3o Experimental de Itapetininga Munic\u00edpio:\u00a0Itapetininga Divis\u00e3o:\u00a0Divis\u00e3o de Florestas e Esta\u00e7\u00f5es Experimentais (DFEE) Diploma Legal:\u00a0Dec. 34.082 de 28\/11\/58 Se\u00e7\u00e3o:\u00a0Se\u00e7\u00e3o de Esta\u00e7\u00e3o Experimental de Itapetininga Respons\u00e1vel:\u00a0Antonio Orlando L. F. Neto Endere\u00e7o:\u00a0Estrada Municipal Maestro Benedito Pompeu de Jesus &#8211; Km 9 Bairro: Jardim Tupi CEP: 18200-000 Via de Acesso:\u00a0Rod. Raposo Tavares. Telefone:\u00a0(15)\u00a03271-3866 E-mail: eeitapetininga@if.sp.gov.br Visita\u00e7\u00e3o: N\u00e3o possui [&hellip;]<\/p>\n","protected":false},"author":49,"featured_media":0,"parent":3916,"menu_order":0,"comment_status":"closed","ping_status":"open","template":"","meta":[],"_links":{"self":[{"href":"https:\/\/www.infraestruturameioambiente.sp.gov.br\/institutoflorestal\/wp-json\/wp\/v2\/pages\/4014"}],"collection":[{"href":"https:\/\/www.infraestruturameioambiente.sp.gov.br\/institutoflorestal\/wp-json\/wp\/v2\/pages"}],"about":[{"href":"https:\/\/www.infraestruturameioambiente.sp.gov.br\/institutoflorestal\/wp-json\/wp\/v2\/types\/page"}],"author":[{"embeddable":true,"href":"https:\/\/www.infraestruturameioambiente.sp.gov.br\/institutoflorestal\/wp-json\/wp\/v2\/users\/49"}],"replies":[{"embeddable":true,"href":"https:\/\/www.infraestruturameioambiente.sp.gov.br\/institutoflorestal\/wp-json\/wp\/v2\/comments?post=4014"}],"version-history":[{"count":15,"href":"https:\/\/www.infraestruturameioambiente.sp.gov.br\/institutoflorestal\/wp-json\/wp\/v2\/pages\/4014\/revisions"}],"predecessor-version":[{"id":15337,"href":"https:\/\/www.infraestruturameioambiente.sp.gov.br\/institutoflorestal\/wp-json\/wp\/v2\/pages\/4014\/revisions\/15337"}],"up":[{"embeddable":true,"href":"https:\/\/www.infraestruturameioambiente.sp.gov.br\/institutoflorestal\/wp-json\/wp\/v2\/pages\/3916"}],"wp:attachment":[{"href":"https:\/\/www.infraestruturameioambiente.sp.gov.br\/institutoflorestal\/wp-json\/wp\/v2\/media?parent=4014"}],"curies":[{"name":"wp","href":"https:\/\/api.w.org\/{rel}","templated":true}]}}