{"id":4012,"date":"2013-08-28T10:47:36","date_gmt":"2013-08-28T13:47:36","guid":{"rendered":"https:\/\/www.infraestruturameioambiente.sp.gov.br\/institutoflorestal\/?page_id=4012"},"modified":"2019-03-16T14:18:15","modified_gmt":"2019-03-16T17:18:15","slug":"casa-branca","status":"publish","type":"page","link":"https:\/\/www.infraestruturameioambiente.sp.gov.br\/institutoflorestal\/areas-protegidas\/estacoes-experimentais\/casa-branca\/","title":{"rendered":"Casa Branca"},"content":{"rendered":"<ul>\n<li><strong>Nome:<\/strong> Esta\u00e7\u00e3o Experimental de Casa Branca<\/li>\n<li><strong>Munic\u00edpio:<\/strong>\u00a0Casa Branca<\/li>\n<li><strong>Divis\u00e3o:<\/strong> DFEE<\/li>\n<li><strong>Diploma Legal:<\/strong>\u00a0Dec. 14.180 de 11\/09\/44<\/li>\n<li><strong>Se\u00e7\u00e3o:<\/strong>\u00a0Se\u00e7\u00e3o da Esta\u00e7\u00e3o Experimental de Mogi Gua\u00e7u<\/li>\n<li><strong>Respons\u00e1vel:<\/strong>\u00a0M\u00e1rcio Fernando Buzato<\/li>\n<li><strong>Endere\u00e7o:<\/strong>\u00a0<a href=\"https:\/\/www.google.com.br\/maps\/preview#!q=Rua+Coronel+Castro%2C+Casa+Branca+-+S%C3%A3o+Paulo&amp;data=!1m4!1m3!1d4385!2d-47.0772589!3d-21.7743321!2m1!1e3!4m10!1m9!4m8!1m3!1d4466078!2d-48.6355141!3d-22.5460521!3m2!1i1280!2i909!4f13.1&amp;fid=7\" target=\"_blank\" rel=\"noopener\">Rua Coronel Castro s\/n\u00b0<\/a><\/li>\n<li><strong>Bairro:<\/strong> Jardim Tupi<\/li>\n<li><strong>CEP:<\/strong> 13700-000<\/li>\n<li><strong>Via de Acesso:<\/strong>\u00a0Sistema Anhanguera \/ Bandeirantes (SP 340) &#8211; Campins \u00e0 Casa Branca.<\/li>\n<li><strong>Telefone:<\/strong>\u00a0(19)\u00a03671-1046<\/li>\n<li><strong>\u00c1rea (ha):<\/strong>\u00a0409,18<\/li>\n<li><strong>Latitude:<\/strong>\u00a021\u00ba34\u00b4 e 22\u00ba00\u00b4 Lat S<\/li>\n<li><strong>Longitude:<\/strong>\u00a046\u00ba57\u00b4 e 47\u00ba14\u00b4 &#8211; Long W<\/li>\n<li><strong>Altitude:<\/strong>\u00a0680m<\/li>\n<li><strong>Per\u00edmetro (km)<\/strong>: 16,48<\/li>\n<li><strong>Clima:<\/strong>\u00a0Clima CWa quente de inverno seco.<\/li>\n<li><strong>Temperatura:\u00a0<\/strong>Temperatura m\u00e9dia anual entre 19,8\u00b0C e 21\u00b0C.<\/li>\n<li><strong>Topografia:<\/strong>\u00a0Relevo de colinas amplas, com altitude m\u00e9dia de 680m. Colinas de topos achatados e vertentes convexas. Vales em V aberto, calhas pouco profundas, dotadas, em muitos setores de plan\u00edcies de inunda\u00e7\u00e3o. Superf\u00edcies de aplainamento.<\/li>\n<li><strong>Solo:\u00a0<\/strong>Latossolo Vermelho-amarelo &#8211; fase arenosa profundo e bem drenado com ph \u00e1cido a fortemente \u00e1cido e de baixa fertilidade.<\/li>\n<li><strong>Ecossistema:<\/strong>\u00a0Mata ciliar, floresta implantada com pinus e eucaliptus<\/li>\n<li><strong>Fauna:<\/strong><\/li>\n<li><strong>Flora:<\/strong>\u00a0Vegeta\u00e7\u00e3o representanda por plantio de Pinus e Eucalipto, al\u00e9m de produzir mudas de esp\u00e9cies ex\u00f3ticas e nativas. Esp\u00e9cies em extin\u00e7\u00e3o:\u00a0Gabiroba, cajuzinho do campo, maroco e mangabeira<\/li>\n<li><strong>Turismo:<\/strong> Diariamente, das 8:00 \u00e0s 17:00.<\/li>\n<li><strong>Ficha com resumo da \u00e1rea protegida:\u00a0<\/strong><a href=\"https:\/\/www.infraestruturameioambiente.sp.gov.br\/institutoflorestal\/wp-content\/uploads\/sites\/234\/2018\/09\/EEx-Casa-Branca.pdf\">https:\/\/www.infraestruturameioambiente.sp.gov.br\/institutoflorestal\/wp-content\/uploads\/sites\/234\/2018\/09\/EEx-Casa-Branca.pdf<\/a><\/li>\n<\/ul>\n","protected":false},"excerpt":{"rendered":"<p>Nome: Esta\u00e7\u00e3o Experimental de Casa Branca Munic\u00edpio:\u00a0Casa Branca Divis\u00e3o: DFEE Diploma Legal:\u00a0Dec. 14.180 de 11\/09\/44 Se\u00e7\u00e3o:\u00a0Se\u00e7\u00e3o da Esta\u00e7\u00e3o Experimental de Mogi Gua\u00e7u Respons\u00e1vel:\u00a0M\u00e1rcio Fernando Buzato Endere\u00e7o:\u00a0Rua Coronel Castro s\/n\u00b0 Bairro: Jardim Tupi CEP: 13700-000 Via de Acesso:\u00a0Sistema Anhanguera \/ Bandeirantes (SP 340) &#8211; Campins \u00e0 Casa Branca. Telefone:\u00a0(19)\u00a03671-1046 \u00c1rea (ha):\u00a0409,18 Latitude:\u00a021\u00ba34\u00b4 e 22\u00ba00\u00b4 Lat S [&hellip;]<\/p>\n","protected":false},"author":49,"featured_media":0,"parent":3916,"menu_order":0,"comment_status":"closed","ping_status":"open","template":"","meta":[],"_links":{"self":[{"href":"https:\/\/www.infraestruturameioambiente.sp.gov.br\/institutoflorestal\/wp-json\/wp\/v2\/pages\/4012"}],"collection":[{"href":"https:\/\/www.infraestruturameioambiente.sp.gov.br\/institutoflorestal\/wp-json\/wp\/v2\/pages"}],"about":[{"href":"https:\/\/www.infraestruturameioambiente.sp.gov.br\/institutoflorestal\/wp-json\/wp\/v2\/types\/page"}],"author":[{"embeddable":true,"href":"https:\/\/www.infraestruturameioambiente.sp.gov.br\/institutoflorestal\/wp-json\/wp\/v2\/users\/49"}],"replies":[{"embeddable":true,"href":"https:\/\/www.infraestruturameioambiente.sp.gov.br\/institutoflorestal\/wp-json\/wp\/v2\/comments?post=4012"}],"version-history":[{"count":10,"href":"https:\/\/www.infraestruturameioambiente.sp.gov.br\/institutoflorestal\/wp-json\/wp\/v2\/pages\/4012\/revisions"}],"predecessor-version":[{"id":16285,"href":"https:\/\/www.infraestruturameioambiente.sp.gov.br\/institutoflorestal\/wp-json\/wp\/v2\/pages\/4012\/revisions\/16285"}],"up":[{"embeddable":true,"href":"https:\/\/www.infraestruturameioambiente.sp.gov.br\/institutoflorestal\/wp-json\/wp\/v2\/pages\/3916"}],"wp:attachment":[{"href":"https:\/\/www.infraestruturameioambiente.sp.gov.br\/institutoflorestal\/wp-json\/wp\/v2\/media?parent=4012"}],"curies":[{"name":"wp","href":"https:\/\/api.w.org\/{rel}","templated":true}]}}