{"id":4010,"date":"2013-08-28T10:47:13","date_gmt":"2013-08-28T13:47:13","guid":{"rendered":"https:\/\/www.infraestruturameioambiente.sp.gov.br\/institutoflorestal\/?page_id=4010"},"modified":"2018-09-24T11:12:12","modified_gmt":"2018-09-24T14:12:12","slug":"buri","status":"publish","type":"page","link":"https:\/\/www.infraestruturameioambiente.sp.gov.br\/institutoflorestal\/areas-protegidas\/estacoes-experimentais\/buri\/","title":{"rendered":"Buri"},"content":{"rendered":"<ul>\n<li><strong>Nome:<\/strong> Esta\u00e7\u00e3o Experimental de Buri<\/li>\n<li><strong>Munic\u00edpio:<\/strong> Buri<\/li>\n<li><strong>Divis\u00e3o:<\/strong> DFEE<\/li>\n<li><strong>Diploma Legal:<\/strong>\u00a0Dec. 37.824 de 24\/12\/60<\/li>\n<li><strong>Se\u00e7\u00e3o:<\/strong>\u00a0Se\u00e7\u00e3o de Esta\u00e7\u00e3o Experimental de Itapetininga<\/li>\n<li><strong>Respons\u00e1vel:<\/strong>\u00a0Ant\u00f4nio Orlando da Luz F. Neto<\/li>\n<li><strong>Endere\u00e7o:<\/strong>\u00a0Estrada Vicinal Maestro Benedito Pompeu de Jesus &#8211; Km 9<\/li>\n<li><strong>Bairro:<\/strong> Barro Branco<\/li>\n<li><strong>CEP:<\/strong> 18200-000<\/li>\n<li><strong>Via de Acesso:<\/strong>\u00a0Rod. Raposo Tavares.<\/li>\n<li><strong>Telefone:<\/strong>\u00a0(15) 3271-3866<\/li>\n<\/ul>\n<ul>\n<li><strong>\u00c1rea (ha):<\/strong>\u00a01080,68<\/li>\n<li><strong>Latitude:<\/strong>\u00a023\u00ba43\u00b4 Lat S<\/li>\n<li><strong>Longitude:<\/strong>\u00a048\u00ba28\u00b4 Long W<\/li>\n<li><strong>Altitude:<\/strong>\u00a0600m<\/li>\n<li><strong>Clima:<\/strong>\u00a0Clima quente de inverno seco.<\/li>\n<li><strong>Temperatura:<br \/>\n<\/strong>&#8211;\u00a0Temperatura m\u00e9dia do m\u00eas mais quente &#8211; Janeiro &#8211; 23\u00b0C.<br \/>\n&#8211; Temperatura m\u00e9dia do m\u00eas mais frio &#8211; Julho &#8211; 17\u00b0C.<\/li>\n<\/ul>\n<ul>\n<li><strong>Topografia:<\/strong>\u00a0Relevo de colinas amplas, com altitude m\u00e9dia de 600m.<\/li>\n<li><strong>Solo:\u00a0<\/strong>Podz\u00f3lico Vermelho-amarelo e Regossol.<\/li>\n<li><strong>Ecossistema:<\/strong>\u00a0Floresta Estacional Semidecidual<\/li>\n<li><strong>Fauna:<\/strong><\/li>\n<li><strong>Flora:<\/strong>\u00a0Vegeta\u00e7\u00e3o remanescente de floresta estacional semidecidual e cerca de 60% da \u00e1rea recoberta com plantio de pinus e eucalipto.<\/li>\n<li><strong>Ficha com resumo da \u00e1rea protegida:<\/strong>\u00a0https:\/\/www.infraestruturameioambiente.sp.gov.br\/institutoflorestal\/wp-content\/uploads\/sites\/234\/2018\/09\/EEx-Buri.pdf<\/li>\n<\/ul>\n<p><b>O Minist\u00e9rio da Sa\u00fade recomenda a vacina da febre amarela aos visitantes que forem para a regi\u00e3o<\/b><\/p>\n","protected":false},"excerpt":{"rendered":"<p>Nome: Esta\u00e7\u00e3o Experimental de Buri Munic\u00edpio: Buri Divis\u00e3o: DFEE Diploma Legal:\u00a0Dec. 37.824 de 24\/12\/60 Se\u00e7\u00e3o:\u00a0Se\u00e7\u00e3o de Esta\u00e7\u00e3o Experimental de Itapetininga Respons\u00e1vel:\u00a0Ant\u00f4nio Orlando da Luz F. Neto Endere\u00e7o:\u00a0Estrada Vicinal Maestro Benedito Pompeu de Jesus &#8211; Km 9 Bairro: Barro Branco CEP: 18200-000 Via de Acesso:\u00a0Rod. Raposo Tavares. Telefone:\u00a0(15) 3271-3866 \u00c1rea (ha):\u00a01080,68 Latitude:\u00a023\u00ba43\u00b4 Lat S Longitude:\u00a048\u00ba28\u00b4 Long [&hellip;]<\/p>\n","protected":false},"author":49,"featured_media":0,"parent":3916,"menu_order":0,"comment_status":"closed","ping_status":"open","template":"","meta":[],"_links":{"self":[{"href":"https:\/\/www.infraestruturameioambiente.sp.gov.br\/institutoflorestal\/wp-json\/wp\/v2\/pages\/4010"}],"collection":[{"href":"https:\/\/www.infraestruturameioambiente.sp.gov.br\/institutoflorestal\/wp-json\/wp\/v2\/pages"}],"about":[{"href":"https:\/\/www.infraestruturameioambiente.sp.gov.br\/institutoflorestal\/wp-json\/wp\/v2\/types\/page"}],"author":[{"embeddable":true,"href":"https:\/\/www.infraestruturameioambiente.sp.gov.br\/institutoflorestal\/wp-json\/wp\/v2\/users\/49"}],"replies":[{"embeddable":true,"href":"https:\/\/www.infraestruturameioambiente.sp.gov.br\/institutoflorestal\/wp-json\/wp\/v2\/comments?post=4010"}],"version-history":[{"count":11,"href":"https:\/\/www.infraestruturameioambiente.sp.gov.br\/institutoflorestal\/wp-json\/wp\/v2\/pages\/4010\/revisions"}],"predecessor-version":[{"id":15333,"href":"https:\/\/www.infraestruturameioambiente.sp.gov.br\/institutoflorestal\/wp-json\/wp\/v2\/pages\/4010\/revisions\/15333"}],"up":[{"embeddable":true,"href":"https:\/\/www.infraestruturameioambiente.sp.gov.br\/institutoflorestal\/wp-json\/wp\/v2\/pages\/3916"}],"wp:attachment":[{"href":"https:\/\/www.infraestruturameioambiente.sp.gov.br\/institutoflorestal\/wp-json\/wp\/v2\/media?parent=4010"}],"curies":[{"name":"wp","href":"https:\/\/api.w.org\/{rel}","templated":true}]}}