{"id":4008,"date":"2013-08-28T10:46:51","date_gmt":"2013-08-28T13:46:51","guid":{"rendered":"https:\/\/www.infraestruturameioambiente.sp.gov.br\/institutoflorestal\/?page_id=4008"},"modified":"2019-01-10T09:39:23","modified_gmt":"2019-01-10T11:39:23","slug":"bento-quirino","status":"publish","type":"page","link":"https:\/\/www.infraestruturameioambiente.sp.gov.br\/institutoflorestal\/areas-protegidas\/estacoes-experimentais\/bento-quirino\/","title":{"rendered":"Bento Quirino"},"content":{"rendered":"<ul>\n<li><strong>Nome:<\/strong> Esta\u00e7\u00e3o Experimental de Bento Quirino<\/li>\n<li><strong>Munic\u00edpio:<\/strong> S\u00e3o Sim\u00e3o<\/li>\n<li><strong>Divis\u00e3o:<\/strong>\u00a0Divis\u00e3o de Florestas e Esta\u00e7\u00f5es Experimentais (DFEE)<\/li>\n<li><strong>Diploma Legal:<\/strong>\u00a0Dec. 14.691 de 26\/04\/45<\/li>\n<li><strong>Se\u00e7\u00e3o:<\/strong>\u00a0Se\u00e7\u00e3o de Esta\u00e7\u00e3o Experimental de Bento Quirino<\/li>\n<li><strong>Respons\u00e1vel:<\/strong> Paulo HP Ruffino<\/li>\n<li><strong>Endere\u00e7o:<\/strong>\u00a0<a href=\"https:\/\/www.google.com.br\/maps\/preview#!q=R.+Nutti%2C+S%C3%A3o+Sim%C3%A3o+-+S%C3%A3o+Paulo&amp;data=!2m1!1e3!4m10!1m9!4m8!1m3!1d2198!2d-47.5842241!3d-21.4542691!3m2!1i1280!2i909!4f13.1&amp;fid=7\" target=\"_blank\" rel=\"noopener\">R. Nutti, s\/n\u00b0<\/a><\/li>\n<li><strong>Bairro:<\/strong> Bento Quirino<\/li>\n<li><strong>CEP:<\/strong> 14200-000<\/li>\n<li><strong>Via de Acesso:<\/strong>\u00a0Rod. Anhanguera (SP 330).<\/li>\n<li><strong>Contato:<\/strong> (16)\u00a03984-1352<\/li>\n<li><strong>Email:<\/strong><a href=\"mailto:stbentoquirino@if.sp.gov.br\">\u00a0stbentoquirino@if.sp.gov.br<\/a><\/li>\n<li><strong>Visita\u00e7\u00e3o:<\/strong> de segunda a sexta das 7h \u00e0s 11h e das 12 \u00e0s 16h.<\/li>\n<\/ul>\n<ul>\n<li><strong>\u00c1rea (ha):<\/strong>\u00a0416,36<\/li>\n<li><strong>Latitude:<\/strong>\u00a021\u00ba29\u00b4 Lat S<\/li>\n<li><strong>Longitude:<\/strong>\u00a047\u00ba37\u00b4 Long W<\/li>\n<li><strong>Altitude:<\/strong>\u00a0640m<\/li>\n<li><strong>Clima:<\/strong>\u00a0Clima de inverno seco.<\/li>\n<li><strong>Temperatura:\u00a0<\/strong>Temperatura m\u00e9dia anual entre 18\u00b0C e 24\u00b0C.<\/li>\n<\/ul>\n<ul>\n<li><strong>Topografia:<\/strong>\u00a0Relevo de mesas bals\u00e1ticas, com altitude m\u00e9dia de 640m.<\/li>\n<li><strong>Solo:\u00a0<\/strong>Areia quartzosa e Latossolo Vermelho &#8211; fase arenosa.<\/li>\n<li><strong>Ecossistema:<\/strong>\u00a0Cerrado<\/li>\n<li><strong>Produtos:<\/strong> Madeira de florestas plantadas, mudas e resinas.<\/li>\n<li><strong>Fauna:<\/strong><\/li>\n<li><strong>Flora:<\/strong>\u00a0Vegeta\u00e7\u00e3o representada por remanescentes de cerrado, onde se destacam esp\u00e9cies como angicos (<em>Anadenanthera macrocarpa<\/em>), faveiros (<em>Playtpodium elegans<\/em>), amarelinhos (<em>Plathymenia reticulata<\/em>), ip\u00eas (<em>Tabebuia spp<\/em>) e jatob\u00e1s (<em>Hymenaea courbaril<\/em>). H\u00e1 tamb\u00e9m um arboreto para fins de educa\u00e7\u00e3o ambiental com esp\u00e9cies como o amendoim, (Plerogyne nitens), o cedro-rosa (<em>Cedrela fissilis<\/em>), a paineira (<em>Chorisia speciosa<\/em>) o pau-ferro (<em>Caesalpinia fotea<\/em>) e o guapuruvu (<em>Schizolobium parahyla<\/em>). Parte da \u00e1rea tamb\u00e9m \u00e9 utilizada para o plantio de pinus e eucalipto.<\/li>\n<li><strong>Principais Amea\u00e7as:<\/strong> Movimento dos &#8220;Sem-terra&#8221;<\/li>\n<li><strong>Turismo:<\/strong> Diariamente das 07:00 \u00e0s 11:00 e 12:00 \u00e0s 16:00. Necess\u00e1rio agendamento pr\u00e9vio para grupos.<\/li>\n<li><strong>Visita\u00e7\u00e3o para pesquisa cient\u00edfica:<\/strong> Sim.<\/li>\n<li><strong>Educa\u00e7\u00e3o Ambiental:<\/strong> Sim<\/li>\n<li><strong>Ficha com resumo da \u00e1rea protegida:<\/strong>\u00a0<a href=\"https:\/\/www.infraestruturameioambiente.sp.gov.br\/institutoflorestal\/wp-content\/uploads\/sites\/234\/2018\/09\/EEx-Bento-Quirino.pdf\">https:\/\/www.infraestruturameioambiente.sp.gov.br\/institutoflorestal\/wp-content\/uploads\/sites\/234\/2018\/09\/EEx-Bento-Quirino.pdf<\/a><\/li>\n<\/ul>\n<p><b>O Minist\u00e9rio da Sa\u00fade recomenda a vacina da febre amarela aos visitantes que forem para a regi\u00e3o<\/b><\/p>\n","protected":false},"excerpt":{"rendered":"<p>Nome: Esta\u00e7\u00e3o Experimental de Bento Quirino Munic\u00edpio: S\u00e3o Sim\u00e3o Divis\u00e3o:\u00a0Divis\u00e3o de Florestas e Esta\u00e7\u00f5es Experimentais (DFEE) Diploma Legal:\u00a0Dec. 14.691 de 26\/04\/45 Se\u00e7\u00e3o:\u00a0Se\u00e7\u00e3o de Esta\u00e7\u00e3o Experimental de Bento Quirino Respons\u00e1vel: Paulo HP Ruffino Endere\u00e7o:\u00a0R. Nutti, s\/n\u00b0 Bairro: Bento Quirino CEP: 14200-000 Via de Acesso:\u00a0Rod. Anhanguera (SP 330). Contato: (16)\u00a03984-1352 Email:\u00a0stbentoquirino@if.sp.gov.br Visita\u00e7\u00e3o: de segunda a sexta das [&hellip;]<\/p>\n","protected":false},"author":49,"featured_media":0,"parent":3916,"menu_order":0,"comment_status":"closed","ping_status":"open","template":"","meta":[],"_links":{"self":[{"href":"https:\/\/www.infraestruturameioambiente.sp.gov.br\/institutoflorestal\/wp-json\/wp\/v2\/pages\/4008"}],"collection":[{"href":"https:\/\/www.infraestruturameioambiente.sp.gov.br\/institutoflorestal\/wp-json\/wp\/v2\/pages"}],"about":[{"href":"https:\/\/www.infraestruturameioambiente.sp.gov.br\/institutoflorestal\/wp-json\/wp\/v2\/types\/page"}],"author":[{"embeddable":true,"href":"https:\/\/www.infraestruturameioambiente.sp.gov.br\/institutoflorestal\/wp-json\/wp\/v2\/users\/49"}],"replies":[{"embeddable":true,"href":"https:\/\/www.infraestruturameioambiente.sp.gov.br\/institutoflorestal\/wp-json\/wp\/v2\/comments?post=4008"}],"version-history":[{"count":16,"href":"https:\/\/www.infraestruturameioambiente.sp.gov.br\/institutoflorestal\/wp-json\/wp\/v2\/pages\/4008\/revisions"}],"predecessor-version":[{"id":16019,"href":"https:\/\/www.infraestruturameioambiente.sp.gov.br\/institutoflorestal\/wp-json\/wp\/v2\/pages\/4008\/revisions\/16019"}],"up":[{"embeddable":true,"href":"https:\/\/www.infraestruturameioambiente.sp.gov.br\/institutoflorestal\/wp-json\/wp\/v2\/pages\/3916"}],"wp:attachment":[{"href":"https:\/\/www.infraestruturameioambiente.sp.gov.br\/institutoflorestal\/wp-json\/wp\/v2\/media?parent=4008"}],"curies":[{"name":"wp","href":"https:\/\/api.w.org\/{rel}","templated":true}]}}