{"id":3952,"date":"2013-08-26T11:07:11","date_gmt":"2013-08-26T14:07:11","guid":{"rendered":"https:\/\/www.infraestruturameioambiente.sp.gov.br\/institutoflorestal\/?page_id=3952"},"modified":"2021-02-01T15:08:41","modified_gmt":"2021-02-01T17:08:41","slug":"santa-maria","status":"publish","type":"page","link":"https:\/\/www.infraestruturameioambiente.sp.gov.br\/institutoflorestal\/areas-protegidas\/estacoes-ecologicas\/santa-maria\/","title":{"rendered":"Santa Maria"},"content":{"rendered":"<ul>\n<li><strong>Nome:<\/strong> Esta\u00e7\u00e3o Ecol\u00f3gica de Santa Maria<\/li>\n<li><strong>Munic\u00edpio:<\/strong> S\u00e3o Sim\u00e3o<\/li>\n<li><strong>Divis\u00e3o:<\/strong> DFEE<\/li>\n<li><strong>Diploma Legal:<\/strong>\u00a0Dec. 55.346 de 13\/01\/2010<\/li>\n<li><strong>Se\u00e7\u00e3o:<\/strong>\u00a0Se\u00e7\u00e3o de Esta\u00e7\u00e3o Experimental de Bento Quirino<\/li>\n<li><strong>Respons\u00e1vel:<\/strong>\u00a0Paulo HP Ruffino<\/li>\n<li><strong>Endere\u00e7o:<\/strong> <span style=\"color: #121212;\">Rodovia Capit\u00e3o Jos\u00e9 Luiz de Oliveira e Silva, Km 11,5<\/span><\/li>\n<li><strong>Bairro:<\/strong><\/li>\n<li><strong>CEP: <\/strong>14200-000<\/li>\n<li><strong>Via de Acesso:<\/strong>\u00a0Rod. Anhanguera Km 274<\/li>\n<li><strong>Caixa Postal:<\/strong><\/li>\n<li><strong>Telefone:<\/strong> (16)\u00a03984-1352<\/li>\n<li><strong>E-mail:<\/strong>\u00a0<a href=\"mailto:stbentoquirino@if.sp.gov.br\">stbentoquirino@if.sp.gov.br<\/a><\/li>\n<\/ul>\n<ul>\n<li><strong>\u00c1rea (ha):<\/strong> 1301,35<\/li>\n<li><strong>Latitude:\u00a0<\/strong>21\u00ba23\u00b4 Lat S<\/li>\n<li><strong>Longitude:\u00a0<\/strong>47\u00ba36\u00b4 Long W<\/li>\n<li><strong>Amplitude Altitudinal:<\/strong><\/li>\n<li><strong>Observa\u00e7\u00e3o:<\/strong><\/li>\n<li><strong>Clima:\u00a0<\/strong>Clima tropical de inverno seco<\/li>\n<li><strong>Temperatura:\u00a0<\/strong>Temperatura m\u00e9dia anual entre 18\u00baC e 24\u00baC<\/li>\n<\/ul>\n<ul>\n<li><strong>Topografia:\u00a0<\/strong>Ondulada e de encosta de morro<\/li>\n<li><strong>Solo:\u00a0<\/strong>Areia quartzosa, latossolo vermelho e lit\u00f3lico<\/li>\n<li><strong>Ecossistema:<\/strong> Floresta Estacional Semidecidual Submontana, Floresta Estacional Semidecidual Aluvial (Floresta Ribeirinha), Cerrad\u00e3o e Vegeta\u00e7\u00e3o com Influ\u00eancia Fluvial, campos \u00famidos.<\/li>\n<li><strong>Fauna: <\/strong><\/li>\n<li><strong>Popula\u00e7\u00f5es animais ou vegetais chave para conserva\u00e7\u00e3o<\/strong>: Foram encontradas na \u00e1rea protegida 120 esp\u00e9cies de aves, se destacam a saracura san\u00e3-de-cara-ruiva <em>Laterallus xenopterus<\/em> e o pula-pula-de-sobrancelha <em>Myiothlypis leucophrys<\/em>.<\/li>\n<li><strong>Flora:<\/strong><\/li>\n<li><strong>Visita\u00e7\u00e3o:<\/strong> Das 07:00 as 11:00 e das 12:00 as 18:00. Agendamento pr\u00e9vio.<\/li>\n<li><strong>Plano de Manejo:<\/strong><br \/>\n<a href=\"http:\/\/www.sigam.ambiente.sp.gov.br\/sigam3\/Default.aspx?idPagina=15792\">http:\/\/www.sigam.ambiente.sp.gov.br\/sigam3\/Default.aspx?idPagina=15792<\/a><\/li>\n<li><strong>Ficha com resumo da \u00e1rea protegida:\u00a0<\/strong><a href=\"https:\/\/smastr16.blob.core.windows.net\/iflorestal\/2018\/09\/EEc-Santa-Maria.pdf\">https:\/\/smastr16.blob.core.windows.net\/iflorestal\/2018\/09\/EEc-Santa-Maria.pdf<\/a><\/li>\n<\/ul>\n<p><b>O Minist\u00e9rio da Sa\u00fade recomenda a vacina da febre amarela aos visitantes que forem para a regi\u00e3o<\/b><\/p>\n","protected":false},"excerpt":{"rendered":"<p>Nome: Esta\u00e7\u00e3o Ecol\u00f3gica de Santa Maria Munic\u00edpio: S\u00e3o Sim\u00e3o Divis\u00e3o: DFEE Diploma Legal:\u00a0Dec. 55.346 de 13\/01\/2010 Se\u00e7\u00e3o:\u00a0Se\u00e7\u00e3o de Esta\u00e7\u00e3o Experimental de Bento Quirino Respons\u00e1vel:\u00a0Paulo HP Ruffino Endere\u00e7o: Rodovia Capit\u00e3o Jos\u00e9 Luiz de Oliveira e Silva, Km 11,5 Bairro: CEP: 14200-000 Via de Acesso:\u00a0Rod. Anhanguera Km 274 Caixa Postal: Telefone: (16)\u00a03984-1352 E-mail:\u00a0stbentoquirino@if.sp.gov.br \u00c1rea (ha): 1301,35 Latitude:\u00a021\u00ba23\u00b4 [&hellip;]<\/p>\n","protected":false},"author":102,"featured_media":0,"parent":3914,"menu_order":0,"comment_status":"closed","ping_status":"open","template":"","meta":[],"_links":{"self":[{"href":"https:\/\/www.infraestruturameioambiente.sp.gov.br\/institutoflorestal\/wp-json\/wp\/v2\/pages\/3952"}],"collection":[{"href":"https:\/\/www.infraestruturameioambiente.sp.gov.br\/institutoflorestal\/wp-json\/wp\/v2\/pages"}],"about":[{"href":"https:\/\/www.infraestruturameioambiente.sp.gov.br\/institutoflorestal\/wp-json\/wp\/v2\/types\/page"}],"author":[{"embeddable":true,"href":"https:\/\/www.infraestruturameioambiente.sp.gov.br\/institutoflorestal\/wp-json\/wp\/v2\/users\/102"}],"replies":[{"embeddable":true,"href":"https:\/\/www.infraestruturameioambiente.sp.gov.br\/institutoflorestal\/wp-json\/wp\/v2\/comments?post=3952"}],"version-history":[{"count":17,"href":"https:\/\/www.infraestruturameioambiente.sp.gov.br\/institutoflorestal\/wp-json\/wp\/v2\/pages\/3952\/revisions"}],"predecessor-version":[{"id":20172,"href":"https:\/\/www.infraestruturameioambiente.sp.gov.br\/institutoflorestal\/wp-json\/wp\/v2\/pages\/3952\/revisions\/20172"}],"up":[{"embeddable":true,"href":"https:\/\/www.infraestruturameioambiente.sp.gov.br\/institutoflorestal\/wp-json\/wp\/v2\/pages\/3914"}],"wp:attachment":[{"href":"https:\/\/www.infraestruturameioambiente.sp.gov.br\/institutoflorestal\/wp-json\/wp\/v2\/media?parent=3952"}],"curies":[{"name":"wp","href":"https:\/\/api.w.org\/{rel}","templated":true}]}}