{"id":3948,"date":"2013-08-26T11:06:28","date_gmt":"2013-08-26T14:06:28","guid":{"rendered":"https:\/\/www.infraestruturameioambiente.sp.gov.br\/institutoflorestal\/?page_id=3948"},"modified":"2020-04-06T16:02:34","modified_gmt":"2020-04-06T19:02:34","slug":"paranapanema","status":"publish","type":"page","link":"https:\/\/www.infraestruturameioambiente.sp.gov.br\/institutoflorestal\/areas-protegidas\/estacoes-ecologicas\/paranapanema\/","title":{"rendered":"Paranapanema"},"content":{"rendered":"<div class=\"wc-gallery\"><div id='gallery-1' data-gutter-width='5' data-columns='3' class='gallery wc-gallery-captions-onhover gallery-link-file gallery-masonry galleryid-3948 gallery-columns-3 gallery-size-thumbnail wc-gallery-bottomspace-default wc-gallery-clear'><div class='gallery-item gallery-item-position-1 gallery-item-attachment-5565'>\n\t\t\t\t<div class='gallery-icon portrait'>\n\t\t\t\t\t<a href='https:\/\/www.infraestruturameioambiente.sp.gov.br\/institutoflorestal\/wp-content\/uploads\/sites\/234\/2013\/08\/FOTO17.jpg' title='' target='_self'><img width=\"150\" height=\"150\" src=\"https:\/\/www.infraestruturameioambiente.sp.gov.br\/institutoflorestal\/wp-content\/uploads\/sites\/234\/2013\/08\/FOTO17-150x150.jpg\" class=\"attachment-thumbnail size-thumbnail\" alt=\"\" decoding=\"async\" loading=\"lazy\" \/><\/a>\n\t\t\t\t<\/div><\/div><div class='gallery-item gallery-item-position-2 gallery-item-attachment-5566'>\n\t\t\t\t<div class='gallery-icon landscape'>\n\t\t\t\t\t<a href='https:\/\/www.infraestruturameioambiente.sp.gov.br\/institutoflorestal\/wp-content\/uploads\/sites\/234\/2013\/08\/FOTO27.jpg' title='' target='_self'><img width=\"150\" height=\"150\" src=\"https:\/\/www.infraestruturameioambiente.sp.gov.br\/institutoflorestal\/wp-content\/uploads\/sites\/234\/2013\/08\/FOTO27-150x150.jpg\" class=\"attachment-thumbnail size-thumbnail\" alt=\"\" decoding=\"async\" loading=\"lazy\" \/><\/a>\n\t\t\t\t<\/div><\/div><\/div>\n<\/div>\n<ul>\n<li><strong>Nome:<\/strong> Esta\u00e7\u00e3o Ecol\u00f3gica de Paranapanema<\/li>\n<li><strong>Diploma Lega<\/strong>l: Decreto n\u00ba 37.538, de 27 de setembro de 1993.<\/li>\n<li><strong>Munic\u00edpio abrangido<\/strong>: Paranapanema<\/li>\n<li><strong>Divis\u00e3o<\/strong>: Divis\u00e3o de Florestas e Esta\u00e7\u00f5es Experimentais (DFEE)<\/li>\n<li><strong>Se\u00e7\u00e3o<\/strong>: Se\u00e7\u00e3o de Floresta de Avar\u00e9<\/li>\n<li><strong>Respons\u00e1vel<\/strong>: Edgar Fernando de Lucas<\/li>\n<li><strong>Endere\u00e7o:<\/strong> <span style=\"color: #121212\">Rodovia Raposo Tavares, km 244 &#8211; Estrada Municipal &#8211; Rural Destino Buri 8 km<\/span><\/li>\n<li><strong>CEP: <\/strong>18720-000<\/li>\n<li><strong>Telefone<\/strong>: (14) 3713-1822, 3732-0290<\/li>\n<li><strong>E-mai<\/strong>l: <a href=\"mailto:pupfeavare@gmail.com\" target=\"_blank\" rel=\"noopener noreferrer\" data-auth=\"NotApplicable\">pupfeavare@gmail.com<\/a><\/li>\n<li><strong>Endere\u00e7o para correspond\u00eancia<\/strong>: Rua Pernambuco, s\/n, Horto Florestal, CEP 18.701-180, Bairro Braz I, Avar\u00e9 \u2013 SP.<\/li>\n<\/ul>\n<ul>\n<li><strong>\u00c1rea (ha)<\/strong>: 635,2<\/li>\n<li><strong>Latitude<\/strong>: 23\u00ba30\u201910\u2019\u2019 a 23\u00ba31\u201929\u2019\u2019S<\/li>\n<li><strong>Longitude<\/strong>: 48\u00ba44\u201911\u2019\u2019 a 48\u00ba46\u201928\u2019\u2019O<\/li>\n<li><strong>Altitude<\/strong>: 627 m<\/li>\n<li><strong>Clima<\/strong>: Cfa \u2013 quente de inverno seco<\/li>\n<li><strong>Temperatura<\/strong>: m\u00e9dia do m\u00eas mais quente maior do que 22\u00b0 C, m\u00e9dia do m\u00eas mais frio menor do que 18\u00b0 C.<\/li>\n<li><strong>Precipita\u00e7\u00e3o<\/strong>: m\u00e9dia anual de 1.237 mm<\/li>\n<li><strong>Relevo<\/strong>: colinas amplas<\/li>\n<li><strong>Solo<\/strong>: Latossolo Vermelho, Latossolo Vermelho-Amarelo, Nitossolo Vermelho, Gleissolo.<\/li>\n<li><strong>Hidrografia<\/strong>: Ribeir\u00f5es Faxinal e do Valinho, C\u00f3rrego das Pedras.<\/li>\n<li><strong>Bioma<\/strong>: Mata Atl\u00e2ntica (Floresta Estacional Semidecidual)<\/li>\n<li><strong>Ecossistemas<\/strong>: Floresta, Banhado, Rio.<\/li>\n<li><strong>Fauna<\/strong>: tamandu\u00e1-bandeira \u2013 <em>Mymercophaga tridactyla<\/em>, capivara \u2013 <em>Hidrochoerus hidrochaeris<\/em>, cateto \u2013 <em>Tayassu tajacu<\/em>, paca \u2013 <em>Cuniculus paca<\/em>, serelepe \u2013 <em>Sciurus ingrami<\/em>, cachorro-do-mato \u2013 <em>Dusicyon thous<\/em>, gato-do-mato \u2013 <em>Felis tigrina<\/em>, jaguatirica \u2013 <em>Felis pardalis<\/em>, on\u00e7a-parda \u2013 <em>Puma concolor<\/em>, quati \u2013 <em>Nasua nasua<\/em>, lontra \u2013 <em>Lutra longicaudis<\/em>, tatu-peba \u2013 <em>Euphactus sexcintus<\/em>, gavi\u00e3o-carij\u00f3 \u2013 <em>Rupornis magnirostris<\/em>, juriti \u2013 <em>Leptotila verreauxi<\/em>, curiango \u2013 <em>Nyctidromus albicollis<\/em>, choquinha-lisa \u2013 <em>Dysithamnus mentalis<\/em>, viuvinha \u2013 <em>Colonia colonus<\/em>, tra\u00edra \u2013 <em>Hoplias malabaricus<\/em>, <em>lambari<\/em> \u2013 <em>Astianax<\/em> sp., acar\u00e1 \u2013 <em>Geophagus brasiliensis<\/em>, entre outras esp\u00e9cies.<\/li>\n<li><strong>Flora<\/strong>: carrapateira \u2013 <em>Metrodorea nigra<\/em>, peroba-rosa \u2013 <em>Aspidosperma polyneuron<\/em>, ararib\u00e1 \u2013 <em>Centrolobium tomentosum<\/em>, pinda\u00edba \u2013 <em>Rollinea emaginata<\/em>, falsa-congonheira \u2013 <em>Citronella paniculata<\/em>, unha-de-vaca \u2013 <em>Bauhinia forfifaca<\/em>, embirinha \u2013 <em>Muellera<\/em> <em>campestris<\/em>, mutambo \u2013 <em>Guazuma ulmifolia<\/em>, pau-marfim \u2013 <em>Balfourodendron riedelianum<\/em>, ju\u00e7ara \u2013 <em>Euterpes edulis<\/em>, cabre\u00fava-vermelha \u2013 <em>Myroxylon peruiferum<\/em>, peperomia \u2013 <em>Peperomia serpens<\/em>, jacarand\u00e1-paulista \u2013 <em>Machaerium villosum<\/em>, cedro-rosa \u2013 <em>Cedrela fissilis<\/em>, canjerana \u2013 <em>Cabralea canjerana<\/em>, figueira \u2013 <em>Ficus pulchella<\/em>, guabij\u00fa \u2013 <em>Myrcianthes pungens<\/em>, entre outras esp\u00e9cies.<\/li>\n<li><strong>Visita\u00e7\u00e3o p\u00fablica<\/strong>: apenas com objetivo educacional, de segunda-feira a sexta-feira (exceto feriados), das 08h00min \u00e0s 16h00min, mediante agendamento pr\u00e9vio.<\/li>\n<li><strong>Pesquisa cient\u00edfica<\/strong>: consulte normas para registro de projetos em www.iflorestal.sp.gov.br.<\/li>\n<li><strong>Hospedaria<\/strong>: Sim, capacidade para 8 pesoas.<\/li>\n<li><strong>Plano de Manejo:<\/strong> <a href=\"http:\/\/www.sigam.ambiente.sp.gov.br\/sigam3\/Default.aspx?idPagina=14971\">http:\/\/www.sigam.ambiente.sp.gov.br\/sigam3\/Default.aspx?idPagina=14971<\/a><\/li>\n<li><strong>Ficha com resumo da \u00e1rea protegida:\u00a0<\/strong><a href=\"https:\/\/smastr16.blob.core.windows.net\/iflorestal\/2018\/09\/EEc-Paranapanema.pdf\">https:\/\/smastr16.blob.core.windows.net\/iflorestal\/2018\/09\/EEc-Paranapanema.pdf<\/a><\/li>\n<\/ul>\n","protected":false},"excerpt":{"rendered":"<p>Nome: Esta\u00e7\u00e3o Ecol\u00f3gica de Paranapanema Diploma Legal: Decreto n\u00ba 37.538, de 27 de setembro de 1993. Munic\u00edpio abrangido: Paranapanema Divis\u00e3o: Divis\u00e3o de Florestas e Esta\u00e7\u00f5es Experimentais (DFEE) Se\u00e7\u00e3o: Se\u00e7\u00e3o de Floresta de Avar\u00e9 Respons\u00e1vel: Edgar Fernando de Lucas Endere\u00e7o: Rodovia Raposo Tavares, km 244 &#8211; Estrada Municipal &#8211; Rural Destino Buri 8 km CEP: 18720-000 [&hellip;]<\/p>\n","protected":false},"author":102,"featured_media":0,"parent":3914,"menu_order":0,"comment_status":"closed","ping_status":"open","template":"","meta":[],"_links":{"self":[{"href":"https:\/\/www.infraestruturameioambiente.sp.gov.br\/institutoflorestal\/wp-json\/wp\/v2\/pages\/3948"}],"collection":[{"href":"https:\/\/www.infraestruturameioambiente.sp.gov.br\/institutoflorestal\/wp-json\/wp\/v2\/pages"}],"about":[{"href":"https:\/\/www.infraestruturameioambiente.sp.gov.br\/institutoflorestal\/wp-json\/wp\/v2\/types\/page"}],"author":[{"embeddable":true,"href":"https:\/\/www.infraestruturameioambiente.sp.gov.br\/institutoflorestal\/wp-json\/wp\/v2\/users\/102"}],"replies":[{"embeddable":true,"href":"https:\/\/www.infraestruturameioambiente.sp.gov.br\/institutoflorestal\/wp-json\/wp\/v2\/comments?post=3948"}],"version-history":[{"count":20,"href":"https:\/\/www.infraestruturameioambiente.sp.gov.br\/institutoflorestal\/wp-json\/wp\/v2\/pages\/3948\/revisions"}],"predecessor-version":[{"id":19010,"href":"https:\/\/www.infraestruturameioambiente.sp.gov.br\/institutoflorestal\/wp-json\/wp\/v2\/pages\/3948\/revisions\/19010"}],"up":[{"embeddable":true,"href":"https:\/\/www.infraestruturameioambiente.sp.gov.br\/institutoflorestal\/wp-json\/wp\/v2\/pages\/3914"}],"wp:attachment":[{"href":"https:\/\/www.infraestruturameioambiente.sp.gov.br\/institutoflorestal\/wp-json\/wp\/v2\/media?parent=3948"}],"curies":[{"name":"wp","href":"https:\/\/api.w.org\/{rel}","templated":true}]}}