{"id":3946,"date":"2013-08-26T11:06:02","date_gmt":"2013-08-26T14:06:02","guid":{"rendered":"https:\/\/www.infraestruturameioambiente.sp.gov.br\/institutoflorestal\/?page_id=3946"},"modified":"2021-02-01T15:07:45","modified_gmt":"2021-02-01T17:07:45","slug":"mogi-guacu","status":"publish","type":"page","link":"https:\/\/www.infraestruturameioambiente.sp.gov.br\/institutoflorestal\/areas-protegidas\/estacoes-ecologicas\/mogi-guacu\/","title":{"rendered":"Mogi Gua\u00e7u"},"content":{"rendered":"<div class=\"wc-gallery\"><div id='gallery-1' data-gutter-width='5' data-columns='3' class='gallery wc-gallery-captions-onhover gallery-link-file gallery-masonry galleryid-3946 gallery-columns-3 gallery-size-thumbnail wc-gallery-bottomspace-default wc-gallery-clear'><div class='gallery-item gallery-item-position-1 gallery-item-attachment-5561'>\n\t\t\t\t<div class='gallery-icon landscape'>\n\t\t\t\t\t<a href='https:\/\/www.infraestruturameioambiente.sp.gov.br\/institutoflorestal\/wp-content\/uploads\/sites\/234\/2013\/08\/FOTO36.jpg' title='' target='_self'><img width=\"150\" height=\"150\" src=\"https:\/\/www.infraestruturameioambiente.sp.gov.br\/institutoflorestal\/wp-content\/uploads\/sites\/234\/2013\/08\/FOTO36-150x150.jpg\" class=\"attachment-thumbnail size-thumbnail\" alt=\"\" decoding=\"async\" loading=\"lazy\" \/><\/a>\n\t\t\t\t<\/div><\/div><div class='gallery-item gallery-item-position-2 gallery-item-attachment-7394'>\n\t\t\t\t<div class='gallery-icon landscape'>\n\t\t\t\t\t<a href='https:\/\/www.infraestruturameioambiente.sp.gov.br\/institutoflorestal\/wp-content\/uploads\/sites\/234\/2013\/08\/377-600x480.jpg' title='377' target='_self'><img width=\"150\" height=\"150\" src=\"https:\/\/www.infraestruturameioambiente.sp.gov.br\/institutoflorestal\/wp-content\/uploads\/sites\/234\/2013\/08\/377-150x150.jpg\" class=\"attachment-thumbnail size-thumbnail\" alt=\"\" decoding=\"async\" loading=\"lazy\" \/><\/a>\n\t\t\t\t<\/div><\/div><div class='gallery-item gallery-item-position-3 gallery-item-attachment-7393'>\n\t\t\t\t<div class='gallery-icon landscape'>\n\t\t\t\t\t<a href='https:\/\/www.infraestruturameioambiente.sp.gov.br\/institutoflorestal\/wp-content\/uploads\/sites\/234\/2013\/08\/310-600x480.jpg' title='310' target='_self'><img width=\"150\" height=\"150\" src=\"https:\/\/www.infraestruturameioambiente.sp.gov.br\/institutoflorestal\/wp-content\/uploads\/sites\/234\/2013\/08\/310-150x150.jpg\" class=\"attachment-thumbnail size-thumbnail\" alt=\"\" decoding=\"async\" loading=\"lazy\" \/><\/a>\n\t\t\t\t<\/div><\/div><\/div>\n<\/div>\n<ul>\n<li><strong>Nome:<\/strong> Esta\u00e7\u00e3o Ecol\u00f3gica de Mogi Gua\u00e7u<\/li>\n<li><strong>Munic\u00edpio:<\/strong> Mogi Gua\u00e7u<\/li>\n<li><strong>Divis\u00e3o:<\/strong> DFEE<\/li>\n<li><strong>Diploma Legal:<\/strong>\u00a0Dec. 22.336 de 07\/06\/84<\/li>\n<li><strong>Se\u00e7\u00e3o:<\/strong>\u00a0Se\u00e7\u00e3o de Esta\u00e7\u00e3o Experimental de Mogi-Gua\u00e7u<\/li>\n<li><strong>Respons\u00e1vel:<\/strong>\u00a0Helena Dutra Lutgens<\/li>\n<li><strong>Endere\u00e7o:<\/strong> <span style=\"color: #121212;\">Rua Joaquim Cipriano de Cravalho, s\/n\u00ba &#8211; fazenda Capininha<\/span><\/li>\n<li><strong>Bairro:<\/strong>\u00a0Martinho Prado J\u00fanior<\/li>\n<li><strong>CEP:<\/strong>\u00a013855-000<\/li>\n<li><strong>Via de Acesso:<\/strong>\u00a0Sistema Anhanguera, Bandeirantes, SP 350, Rod. Almino Afonso ou Rod. Campinas &#8211; Paul\u00ednia at\u00e9 Conchal.<\/li>\n<li><strong>Telefone:<\/strong> (19) 3841-1055\u00a0e (19)\u00a03841-1056 e (19)\u00a03841-1055<\/li>\n<li><strong>Email:<\/strong>\u00a0<a href=\"mailto:ifmogi@ig.com.br\">ifmogi@ig.com.br<\/a><\/li>\n<\/ul>\n<ul>\n<li><strong>\u00c1rea (ha):<\/strong> 980,71<\/li>\n<li><strong>Latitude:<\/strong>\u00a022\u00ba15\u00b4 e 22\u00ba30\u00b4 Lat S<\/li>\n<li><strong>Longitude:<\/strong>\u00a047\u00ba00\u00b4e 47\u00ba15\u00b4 Long W<\/li>\n<li><strong>Amplitude Altitudinal:<\/strong>\u00a0de 560 a 700 m<\/li>\n<li><strong>Per\u00edmetro (km): <\/strong>27,34<\/li>\n<li><strong>Observa\u00e7\u00e3o:<\/strong>\u00a0Constitu\u00edda por vegeta\u00e7\u00e3o com esp\u00e9cies nativas e esp\u00e9cies de mata ciliar &#8211; situa-se pr\u00f3xima \u00e0 Est. Exp. Mogi Gua\u00e7u<\/li>\n<li><strong>Clima:<\/strong>\u00a0Tipo clim\u00e1tico cwa &#8211; \u00famido mesot\u00e9rmico com pouco ou nenhum deficit h\u00eddrico e com grande excesso no ver\u00e3o (thormthwaite, 1948)<\/li>\n<li><strong>Temperatura:<\/strong>\u00a0Temperaturas dos meses mais frios inferiores a 18\u00baC e com temperaturas dos meses mais quentes superiores a 22\u00baC<\/li>\n<\/ul>\n<ul>\n<li><strong>Topografia:<\/strong>\u00a0Relevo de colinas amplas e plan\u00edcies aluviais, com altitudes entre 560 e 700 m<\/li>\n<li><strong>Solo:\u00a0<\/strong>Solos hidrom\u00f3rficos &#8211; de plan\u00edcie de inunda\u00e7\u00e3o<\/li>\n<li><strong>Ecossistema:<\/strong> Floresta Estacional Semidecidual Submontana, Floresta Estacional Semidecidual Aluvial (Floresta Ribeirinha), Cerrad\u00e3o e Vegeta\u00e7\u00e3o com Influ\u00eancia Fluvial, as v\u00e1rzeas e campos \u00famidos. As lagoas marginais ao longo do rio Mogi-Gua\u00e7u constituem importantes locais para o desenvolvimento de alevinos de v\u00e1rias esp\u00e9cies.<\/li>\n<li><strong>Fauna:<\/strong><\/li>\n<li><strong>Observa\u00e7\u00f5es sobre a Fauna:<\/strong>\u00a0Originalmente a fauna era mais rica e diversificada na regi\u00e3o. Muitas esp\u00e9cies desapareceram por migra\u00e7\u00e3o a outras \u00e1reas e foram designadas por predadores e\/ou ca\u00e7adores.<\/li>\n<li><strong>Popula\u00e7\u00f5es animais ou vegetais chave para conserva\u00e7\u00e3o<\/strong>: S\u00e3o conhecidas para a \u00e1rea protegida 104 esp\u00e9cies vegetais. Destacam-se a peroba-rosa <em>Aspidosperma polyneuron<\/em>, a ju\u00e7ara <em>Euterpe edulis<\/em>, a favinha <em>Camptosema isopetalum<\/em>, o jacarand\u00e1-paulista <em>Machaerium villosum<\/em>, a cabre\u00fava <em>Myroxylon peruiferum<\/em>, a canela-sassafr\u00e1s <em>Ocotea odorifera<\/em>, o jequitib\u00e1-rosa <em>Cariniana legalis<\/em>, a <em>Lafoensia vandelliana<\/em>, o cedro-rosa <em>Cedrela fissilis<\/em>, a mamica-de-cadela <em>Brosimum glaziovii<\/em> e o marup\u00e1-do-cerrado <em>Simaba glabra<\/em>. Para a fauna de vertebrados foram registradas 29 esp\u00e9cies de peixes, 24 de anf\u00edbios, 43 de mam\u00edferos, 22 de r\u00e9pteis e 253 de aves. Podem ser citados o curimbat\u00e1-de-lagoa <em>Prochilodus vimboides<\/em>, o tamandu\u00e1-bandeira <em>Myrmecophaga tridactyla<\/em>, o sagui-da-serra-escuro <em>Callithrix aurita<\/em>, a on\u00e7a-parda <em>Puma concolor<\/em>, a jaguatirica <em>Leopardus pardalis<\/em>, o gato-do-mato <em>Leopardus guttulus<\/em>, o lobo-guar\u00e1 <em>Chrysocyon brachyurus<\/em>, o veado-mateiro <em>Mazama americana<\/em> e o caboclinho-branco <em>Sporophila pileata<\/em>.<\/li>\n<li><strong>Flora:<\/strong>\u00a0A vegeta\u00e7\u00e3o \u00e9 o cerrado e a mata ciliar, ocorrendo a louveira (<em>Cyclolobium vecchii<\/em>), pau-espinho (<em>Mimosa lacticifera<\/em>), o jenipapo (<em>Genipa americana<\/em>), o ing\u00e1 (<em>Inga sessilis<\/em>) e a copa\u00edba (<em>Copaifera langsdorffii<\/em>) j\u00e1 no cerrado s\u00e3o comuns o angico (<em>Anadenanthera falcata<\/em>), o leiteiro (<em>Aspidosperma tomentosum<\/em>), o pau-santo-da-serra (<em>Kielmeyera lathophytum<\/em>) e a perobinha (<em>Acosmium dasycarpum<\/em>), entre outras esp\u00e9cies arb\u00f3reo-arbustivas. Esp\u00e9cies em extin\u00e7\u00e3o:\u00a0Mamgabeira, vinh\u00e1tico, barbatim\u00e3o.<\/li>\n<li><strong>Observa\u00e7\u00f5es sobre a Flora:<\/strong>\u00a0A vegeta\u00e7\u00e3o \u00e9 composta basicamente dos ecossistemas: cerrado, mata latifoliada semidecidua e mata ciliar. Esta acompanha o curso do Rio Mogi Gua\u00e7u ao longo de 19 km de extens\u00e3o dentro da Unidade.<\/li>\n<li><strong>Principais Amea\u00e7as:<\/strong>\u00a0Ca\u00e7a e pesca<\/li>\n<li><strong>Turismo:<\/strong> De Segunda \u00e0 Sexta-Feira das 07:00 \u00e0s 16:00<\/li>\n<li><strong>Plano de Manejo:<\/strong>\u00a0<a href=\"https:\/\/smastr16.blob.core.windows.net\/iflorestal\/2016\/02\/Plano_de_manejo_UC_MogiGuacu.pdf\">https:\/\/smastr16.blob.core.windows.net\/iflorestal\/2016\/02\/Plano_de_manejo_UC_MogiGuacu.pdf<\/a><\/li>\n<\/ul>\n","protected":false},"excerpt":{"rendered":"<p>Nome: Esta\u00e7\u00e3o Ecol\u00f3gica de Mogi Gua\u00e7u Munic\u00edpio: Mogi Gua\u00e7u Divis\u00e3o: DFEE Diploma Legal:\u00a0Dec. 22.336 de 07\/06\/84 Se\u00e7\u00e3o:\u00a0Se\u00e7\u00e3o de Esta\u00e7\u00e3o Experimental de Mogi-Gua\u00e7u Respons\u00e1vel:\u00a0Helena Dutra Lutgens Endere\u00e7o: Rua Joaquim Cipriano de Cravalho, s\/n\u00ba &#8211; fazenda Capininha Bairro:\u00a0Martinho Prado J\u00fanior CEP:\u00a013855-000 Via de Acesso:\u00a0Sistema Anhanguera, Bandeirantes, SP 350, Rod. Almino Afonso ou Rod. Campinas &#8211; Paul\u00ednia at\u00e9 [&hellip;]<\/p>\n","protected":false},"author":102,"featured_media":0,"parent":3914,"menu_order":0,"comment_status":"closed","ping_status":"open","template":"","meta":[],"_links":{"self":[{"href":"https:\/\/www.infraestruturameioambiente.sp.gov.br\/institutoflorestal\/wp-json\/wp\/v2\/pages\/3946"}],"collection":[{"href":"https:\/\/www.infraestruturameioambiente.sp.gov.br\/institutoflorestal\/wp-json\/wp\/v2\/pages"}],"about":[{"href":"https:\/\/www.infraestruturameioambiente.sp.gov.br\/institutoflorestal\/wp-json\/wp\/v2\/types\/page"}],"author":[{"embeddable":true,"href":"https:\/\/www.infraestruturameioambiente.sp.gov.br\/institutoflorestal\/wp-json\/wp\/v2\/users\/102"}],"replies":[{"embeddable":true,"href":"https:\/\/www.infraestruturameioambiente.sp.gov.br\/institutoflorestal\/wp-json\/wp\/v2\/comments?post=3946"}],"version-history":[{"count":23,"href":"https:\/\/www.infraestruturameioambiente.sp.gov.br\/institutoflorestal\/wp-json\/wp\/v2\/pages\/3946\/revisions"}],"predecessor-version":[{"id":20170,"href":"https:\/\/www.infraestruturameioambiente.sp.gov.br\/institutoflorestal\/wp-json\/wp\/v2\/pages\/3946\/revisions\/20170"}],"up":[{"embeddable":true,"href":"https:\/\/www.infraestruturameioambiente.sp.gov.br\/institutoflorestal\/wp-json\/wp\/v2\/pages\/3914"}],"wp:attachment":[{"href":"https:\/\/www.infraestruturameioambiente.sp.gov.br\/institutoflorestal\/wp-json\/wp\/v2\/media?parent=3946"}],"curies":[{"name":"wp","href":"https:\/\/api.w.org\/{rel}","templated":true}]}}