{"id":3938,"date":"2013-08-26T11:03:31","date_gmt":"2013-08-26T14:03:31","guid":{"rendered":"https:\/\/www.infraestruturameioambiente.sp.gov.br\/institutoflorestal\/?page_id=3938"},"modified":"2020-04-06T15:56:42","modified_gmt":"2020-04-06T18:56:42","slug":"avare","status":"publish","type":"page","link":"https:\/\/www.infraestruturameioambiente.sp.gov.br\/institutoflorestal\/areas-protegidas\/estacoes-ecologicas\/avare\/","title":{"rendered":"Avar\u00e9"},"content":{"rendered":"<div class=\"wc-gallery\"><div id='gallery-1' data-gutter-width='5' data-columns='3' class='gallery wc-gallery-captions-onhover gallery-link-file gallery-masonry galleryid-3938 gallery-columns-3 gallery-size-thumbnail wc-gallery-bottomspace-default wc-gallery-clear'><div class='gallery-item gallery-item-position-1 gallery-item-attachment-6969'>\n\t\t\t\t<div class='gallery-icon landscape'>\n\t\t\t\t\t<a href='https:\/\/www.infraestruturameioambiente.sp.gov.br\/institutoflorestal\/wp-content\/uploads\/sites\/234\/2013\/08\/avare21-600x669.jpg' title='' target='_self'><img width=\"150\" height=\"150\" src=\"https:\/\/www.infraestruturameioambiente.sp.gov.br\/institutoflorestal\/wp-content\/uploads\/sites\/234\/2013\/08\/avare21-150x150.jpg\" class=\"attachment-thumbnail size-thumbnail\" alt=\"\" decoding=\"async\" loading=\"lazy\" \/><\/a>\n\t\t\t\t<\/div><\/div><div class='gallery-item gallery-item-position-2 gallery-item-attachment-6970'>\n\t\t\t\t<div class='gallery-icon landscape'>\n\t\t\t\t\t<a href='https:\/\/www.infraestruturameioambiente.sp.gov.br\/institutoflorestal\/wp-content\/uploads\/sites\/234\/2013\/08\/eea067-600x750.jpg' title='' target='_self'><img width=\"150\" height=\"150\" src=\"https:\/\/www.infraestruturameioambiente.sp.gov.br\/institutoflorestal\/wp-content\/uploads\/sites\/234\/2013\/08\/eea067-150x150.jpg\" class=\"attachment-thumbnail size-thumbnail\" alt=\"\" decoding=\"async\" loading=\"lazy\" \/><\/a>\n\t\t\t\t<\/div><\/div><div class='gallery-item gallery-item-position-3 gallery-item-attachment-6971'>\n\t\t\t\t<div class='gallery-icon landscape'>\n\t\t\t\t\t<a href='https:\/\/www.infraestruturameioambiente.sp.gov.br\/institutoflorestal\/wp-content\/uploads\/sites\/234\/2013\/08\/eea090-600x750.jpg' title='' target='_self'><img width=\"150\" height=\"150\" src=\"https:\/\/www.infraestruturameioambiente.sp.gov.br\/institutoflorestal\/wp-content\/uploads\/sites\/234\/2013\/08\/eea090-150x150.jpg\" class=\"attachment-thumbnail size-thumbnail\" alt=\"\" decoding=\"async\" loading=\"lazy\" \/><\/a>\n\t\t\t\t<\/div><\/div><\/div>\n<\/div>\n<ul>\n<li><strong>Nome:<\/strong> Esta\u00e7\u00e3o Ecol\u00f3gica de Avar\u00e9<\/li>\n<li><strong>Munic\u00edpio abrangido:<\/strong> Avar\u00e9<\/li>\n<li><strong>Divis\u00e3o:<\/strong>\u00a0Divis\u00e3o de Florestas e Esta\u00e7\u00f5es Experimentais<\/li>\n<li><strong>Diploma Legal:<\/strong> Dec. 56.616 de 28\/12\/10<\/li>\n<li><strong>Se\u00e7\u00e3o: \u00a0<\/strong>Se\u00e7\u00e3o de Florestas de Avar\u00e9<\/li>\n<li><strong>Respons\u00e1vel:<\/strong> Edgar Fernando de Luca<\/li>\n<li><strong>Endere\u00e7o para correspond\u00eancia:\u00a0<\/strong>Rua Pernambuco, s\/n\u00ba &#8211; Horto Florestal<\/li>\n<li><strong>Bairro:\u00a0<\/strong>Br\u00e1z I<\/li>\n<li><strong>CEP:\u00a0<\/strong>18.701-180<\/li>\n<li><strong>Via de Acesso:\u00a0<\/strong>Rodovias Castelo Branco ou Raposo Tavares \u2013 Rodovia Jo\u00e3o Mel\u00e3o, km 240 + 400 m, acesso por estrada municipal rural<\/li>\n<li><strong>Caixa Postal: <\/strong>278<\/li>\n<li><strong>Telefone:\u00a0<\/strong>(14)3732.0290<\/li>\n<li><strong>Email:\u00a0<\/strong>roque@if.sp.gov.br<\/li>\n<\/ul>\n<ul>\n<li><strong>\u00c1rea (ha):<\/strong> 720,4<\/li>\n<li><strong>Latitude: <\/strong>22\u00ba59\u201942\u2019\u2019 a 23\u00ba01\u201927\u2019\u2019S<\/li>\n<li><strong>Longitude: <\/strong>48\u00ba48\u201904\u2019\u2019 a 48\u00ba50\u201923\u2019\u2019O<\/li>\n<li><strong>Altitude: <\/strong>752m<\/li>\n<\/ul>\n<ul>\n<li><strong>Clima:\u00a0<\/strong>Cwa \u2013 mesot\u00e9rmico de inverno seco e ver\u00e3o quente<\/li>\n<li><strong>Temperatura: <\/strong>M\u00e9dia anual de\u00a020,3\u00b0 C<\/li>\n<li><strong>Precipita\u00e7\u00e3o: <\/strong>M\u00e9dia anual de 1.274 mm<\/li>\n<\/ul>\n<ul>\n<li><strong>Relevo:\u00a0<\/strong>Colinas amplas<\/li>\n<li><strong>Solo:\u00a0<\/strong>Latossolo Vermelho, Latossolo Vermelho-Amarelo<\/li>\n<li><strong>Biomas:\u00a0<\/strong>Mata Atl\u00e2ntica (Floresta Estacional Semidecidual) e Cerrado<\/li>\n<li><strong>Hidrografia:\u00a0<\/strong>Rio Novo, C\u00f3rrego da \u00c1gua da Canela<\/li>\n<li><strong>Ecossistema:\u00a0<\/strong>Floresta, Campo, Banhado, Rio<\/li>\n<li><strong>Fauna:\u00a0<\/strong>Tatu-galinha \u2013 <em>Dasypus novemcinctus<\/em>, cachorro-do-mato \u2013 <em>Cerdocyon thous<\/em>, jaguatirica \u2013 <em>Leopardus pardalis<\/em>, on\u00e7a-parda \u2013 <em>Puma concolor<\/em>, quati \u2013 <em>Nasua nasua<\/em>, m\u00e3o-pelada \u2013 <em>Procyon cancrivorus<\/em>, veado-catingueiro \u2013 <em>Mazama gouazoubira<\/em>, serelepe \u2013 <em>Guerlinguetus ingrami<\/em>, capivara \u2013 <em>Hydrochoerus hydrochaeris<\/em>, cutia \u2013 <em>Dasyprocta azarae<\/em>, inhambu-choror\u00f3 \u2013 <em>Crypturellus parvirostris<\/em>, jacupeba \u2013 <em>Penelope superciliaris<\/em>, socozinho \u2013 <em>Butorides striata<\/em>, maria-faceira \u2013 <em>Syrigma sibilatrix<\/em>, urubu-de-cabeca-vermelha \u2013 <em>Cathartes aura<\/em>, gavi\u00e3o-carij\u00f3 \u2013 <em>Rupornis magnirostris<\/em>, caracar\u00e1 \u2013 <em>Caracara plancus<\/em>, seriema \u2013 <em>Cariama cristata<\/em>, entre outras esp\u00e9cies<\/li>\n<li><strong>Flora: \u00a0<\/strong>Gorocaia \u2013 <em>Parapiptadenia rigida<\/em>, gua\u00e7atonga \u2013 <em>Casearia sylvestris<\/em>, figueira-mata-pau \u2013 <em>Ficus guaranitica<\/em>, copaiba \u2013 <em>Copaifera langsdorffii<\/em>, angico \u2013 <em>Anadenanthera colubrina<\/em>, pau-p\u00f3lvora \u2013 <em>Trema micrantha<\/em>, ju\u00e7ara \u2013 <em>Euterpe edulis<\/em>, guarant\u00e3 \u2013 <em>Esenbeckia leiocarpa<\/em>, cedro-rosa \u2013 <em>Cedrela fissilis<\/em>, canjerana \u2013 <em>Cabralea canjerana<\/em>, araticum-do-campo \u2013 <em>Annona coriacea<\/em>, mandioqueiro \u2013 <em>Schefflera vinosa<\/em>, ip\u00ea-amarelo \u2013 <em>Handroanthus ochraceus<\/em>, pequi \u2013 <em>Caryocar brasiliense<\/em>, para-tudo \u2013 <em>Kielmeyera coriacea<\/em>, galinha-choca \u2013 <em>Erythroxylum suberosum<\/em>, pata-de-vaca \u2013 <em>Bauhinia rufa<\/em>, barbatim\u00e3o \u2013 <em>Stryphnodendron adstringens<\/em>, entre outras esp\u00e9cies.<\/li>\n<li><strong>Visita\u00e7\u00e3o p\u00fablica:\u00a0<\/strong>Apenas com objetivo educacional, de segunda-feira a sexta-feira (exceto feriados), das 08h00min \u00e0s 16h00min, mediante agendamento pr\u00e9vio<strong>\u00a0<\/strong><\/li>\n<li><strong>Pesquisa cient\u00edfica:\u00a0<\/strong>consulte normas para registro de projetos em www.iflorestal.sp.gov.br<strong>\u00a0<\/strong><\/li>\n<li><strong>Hospedaria:\u00a0<\/strong>n\u00e3o<\/li>\n<li><strong>Plano de Manejo:<br \/>\n<\/strong><a href=\"http:\/\/www.sigam.ambiente.sp.gov.br\/sigam3\/Default.aspx?idPagina=14905\">http:\/\/www.sigam.ambiente.sp.gov.br\/sigam3\/Default.aspx?idPagina=14905<\/a><\/li>\n<li><strong>Ficha com resumo da \u00e1rea protegida:<\/strong>\u00a0<a href=\"https:\/\/smastr16.blob.core.windows.net\/iflorestal\/2018\/09\/EEc-Avare.pdf\">https:\/\/smastr16.blob.core.windows.net\/iflorestal\/2018\/09\/EEc-Avare.pdf<\/a><\/li>\n<\/ul>\n<p><b>O Minist\u00e9rio da Sa\u00fade recomenda a vacina da febre amarela aos visitantes que forem para a regi\u00e3o<\/b><\/p>\n","protected":false},"excerpt":{"rendered":"<p>Nome: Esta\u00e7\u00e3o Ecol\u00f3gica de Avar\u00e9 Munic\u00edpio abrangido: Avar\u00e9 Divis\u00e3o:\u00a0Divis\u00e3o de Florestas e Esta\u00e7\u00f5es Experimentais Diploma Legal: Dec. 56.616 de 28\/12\/10 Se\u00e7\u00e3o: \u00a0Se\u00e7\u00e3o de Florestas de Avar\u00e9 Respons\u00e1vel: Edgar Fernando de Luca Endere\u00e7o para correspond\u00eancia:\u00a0Rua Pernambuco, s\/n\u00ba &#8211; Horto Florestal Bairro:\u00a0Br\u00e1z I CEP:\u00a018.701-180 Via de Acesso:\u00a0Rodovias Castelo Branco ou Raposo Tavares \u2013 Rodovia Jo\u00e3o Mel\u00e3o, km [&hellip;]<\/p>\n","protected":false},"author":102,"featured_media":0,"parent":3914,"menu_order":0,"comment_status":"closed","ping_status":"open","template":"","meta":[],"_links":{"self":[{"href":"https:\/\/www.infraestruturameioambiente.sp.gov.br\/institutoflorestal\/wp-json\/wp\/v2\/pages\/3938"}],"collection":[{"href":"https:\/\/www.infraestruturameioambiente.sp.gov.br\/institutoflorestal\/wp-json\/wp\/v2\/pages"}],"about":[{"href":"https:\/\/www.infraestruturameioambiente.sp.gov.br\/institutoflorestal\/wp-json\/wp\/v2\/types\/page"}],"author":[{"embeddable":true,"href":"https:\/\/www.infraestruturameioambiente.sp.gov.br\/institutoflorestal\/wp-json\/wp\/v2\/users\/102"}],"replies":[{"embeddable":true,"href":"https:\/\/www.infraestruturameioambiente.sp.gov.br\/institutoflorestal\/wp-json\/wp\/v2\/comments?post=3938"}],"version-history":[{"count":20,"href":"https:\/\/www.infraestruturameioambiente.sp.gov.br\/institutoflorestal\/wp-json\/wp\/v2\/pages\/3938\/revisions"}],"predecessor-version":[{"id":19006,"href":"https:\/\/www.infraestruturameioambiente.sp.gov.br\/institutoflorestal\/wp-json\/wp\/v2\/pages\/3938\/revisions\/19006"}],"up":[{"embeddable":true,"href":"https:\/\/www.infraestruturameioambiente.sp.gov.br\/institutoflorestal\/wp-json\/wp\/v2\/pages\/3914"}],"wp:attachment":[{"href":"https:\/\/www.infraestruturameioambiente.sp.gov.br\/institutoflorestal\/wp-json\/wp\/v2\/media?parent=3938"}],"curies":[{"name":"wp","href":"https:\/\/api.w.org\/{rel}","templated":true}]}}