{"id":3936,"date":"2013-08-26T11:03:06","date_gmt":"2013-08-26T14:03:06","guid":{"rendered":"https:\/\/www.infraestruturameioambiente.sp.gov.br\/institutoflorestal\/?page_id=3936"},"modified":"2021-02-01T15:07:32","modified_gmt":"2021-02-01T17:07:32","slug":"assis","status":"publish","type":"page","link":"https:\/\/www.infraestruturameioambiente.sp.gov.br\/institutoflorestal\/areas-protegidas\/estacoes-ecologicas\/assis\/","title":{"rendered":"Assis"},"content":{"rendered":"<div class=\"wc-gallery\"><div id='gallery-1' data-gutter-width='5' data-columns='3' class='gallery wc-gallery-captions-onhover gallery-link-file gallery-masonry galleryid-3936 gallery-columns-3 gallery-size-thumbnail wc-gallery-bottomspace-default wc-gallery-clear'><div class='gallery-item gallery-item-position-1 gallery-item-attachment-7389'>\n\t\t\t\t<div class='gallery-icon portrait'>\n\t\t\t\t\t<a href='https:\/\/www.infraestruturameioambiente.sp.gov.br\/institutoflorestal\/wp-content\/uploads\/sites\/234\/2013\/08\/Pag3_EstEcolAssis_\u00e1gua-campestreVivianeSoaresRamos_1-600x1000.jpg' title='Pag3_EstEcolAssis_\u00e1gua campestre(VivianeSoaresRamos)_1' target='_self'><img width=\"150\" height=\"150\" src=\"https:\/\/www.infraestruturameioambiente.sp.gov.br\/institutoflorestal\/wp-content\/uploads\/sites\/234\/2013\/08\/Pag3_EstEcolAssis_\u00e1gua-campestreVivianeSoaresRamos_1-150x150.jpg\" class=\"attachment-thumbnail size-thumbnail\" alt=\"\" decoding=\"async\" loading=\"lazy\" \/><\/a>\n\t\t\t\t<\/div><\/div><div class='gallery-item gallery-item-position-2 gallery-item-attachment-7388'>\n\t\t\t\t<div class='gallery-icon landscape'>\n\t\t\t\t\t<a href='https:\/\/www.infraestruturameioambiente.sp.gov.br\/institutoflorestal\/wp-content\/uploads\/sites\/234\/2013\/08\/Pag3_EstEcolAssis_\u00e1gua-campestre-2VivianeSoaresRamos-600x707.jpg' title='Pag3_EstEcolAssis_\u00e1gua campestre 2(VivianeSoaresRamos)' target='_self'><img width=\"150\" height=\"150\" src=\"https:\/\/www.infraestruturameioambiente.sp.gov.br\/institutoflorestal\/wp-content\/uploads\/sites\/234\/2013\/08\/Pag3_EstEcolAssis_\u00e1gua-campestre-2VivianeSoaresRamos-150x150.jpg\" class=\"attachment-thumbnail size-thumbnail\" alt=\"\" decoding=\"async\" loading=\"lazy\" \/><\/a>\n\t\t\t\t<\/div><\/div><\/div>\n<\/div>\n<ul>\n<li><strong>Nome:<\/strong> Esta\u00e7\u00e3o Ecol\u00f3gica de Assis<\/li>\n<li><strong>Munic\u00edpio:<\/strong> Assis<\/li>\n<li><strong>Divis\u00e3o:<\/strong>\u00a0Divis\u00e3o de Florestas e Esta\u00e7\u00f5es Experimentais (DFEE)<\/li>\n<li><strong>Diploma Legal:<\/strong> Dec. 35.697 de 21\/09\/92 e Dec. 47.097 de 18\/09\/2002<\/li>\n<li><strong>Se\u00e7\u00e3o:<\/strong> Se\u00e7\u00e3o de Floresta Estadual de Assis<\/li>\n<li><strong>Respons\u00e1vel:<\/strong> Giselda Durigan<\/li>\n<li><strong>Endere\u00e7o:<\/strong> <a href=\"https:\/\/www.google.com.br\/maps\/preview#!q=Lut%C3%A9cia+km+9+-+Assis+-+SP&amp;data=!1m4!1m3!1d17435!2d-50.4034521!3d-22.6312869!2m1!1e3!4m10!1m9!4m8!1m3!1d553552!2d-46.5955456!3d-23.6828036!3m2!1i1280!2i909!4f13.1&amp;fid=7\" target=\"_blank\" rel=\"noopener noreferrer\">Estrada Assis &#8211; Lut\u00e9cia km 09 Assis-SP<\/a><\/li>\n<li><strong>Bairro:<\/strong> Zona Rural<\/li>\n<li><strong>CEP:<\/strong> 19800-970<\/li>\n<li><strong>Via de Acesso:<\/strong> Rodovia Raposo Tavares \/ Rodovia Castelo Branco e SP-333<\/li>\n<li><strong>Caixa Postal:<\/strong> 104<\/li>\n<li><strong>Telefone:<\/strong> (18) 3325-1066, (18) 3325-1045 e (18) 3321 7363<\/li>\n<li><strong>Email:<\/strong> <a title=\"florestassis@gmail.com\" href=\"florestassis@gmail.com\" target=\"_blank\" rel=\"noopener noreferrer\">florestassis@gmail.com<\/a><\/li>\n<li><strong>Visita\u00e7\u00e3o:<\/strong> Segunda a sexta das 8h \u00e0s 17h<\/li>\n<\/ul>\n<ul>\n<li><strong>\u00c1rea (ha):<\/strong> 1760,64<\/li>\n<li><strong>Latitude:<\/strong> 22\u00ba33\u00b4 a 22\u00ba36\u00b4 S<\/li>\n<li><strong>Longitude:<\/strong> 50\u00ba22\u00b4 50\u00ba23\u00b4 W<\/li>\n<li><strong>Amplitude Altitudinal:<\/strong> de 500 a 590 m<\/li>\n<li><strong>Observa\u00e7\u00e3o:<\/strong> Protege o manancial de abastecimento p\u00fablico da cidade de Assis, abriga esp\u00e9cies da fauna e flora amea\u00e7adas de extin\u00e7\u00e3o.<\/li>\n<li><strong>Clima:<\/strong> Zona de transi\u00e7\u00e3o entre os tipos cwa e cfa de K\u00f6ppen<\/li>\n<li><strong>Temperatura:<\/strong> Temperatua m\u00e9dia anual de 21\u00b0C.<\/li>\n<\/ul>\n<ul>\n<li><strong>Topografia:<\/strong> Relevo suave ondulado. Altitude variando de 500 a 590 m acima do n\u00edvel do mar.<\/li>\n<li><strong>Solo:<br \/>\n<\/strong>1 &#8211; LE1 &#8211; Latossolo vermelho-escuro \u00e1lico, a moderado, textura m\u00e9dia.<br \/>\n2 &#8211; PV2 &#8211; Podz\u00f3lico vermelho-amarelo eutr\u00f3fico, tb, abr\u00faptico, a moderado, textura arenosa m\u00e9dia.<br \/>\n3 &#8211; AQa &#8211; Areia quartzosa \u00e1lica, a moderado.<\/li>\n<li><strong>Uso do Solo:<\/strong> Cobertura vegetal natural em 100% da \u00e1rea<\/li>\n<li><strong>Hidrografia:<\/strong> Nascentes dos c\u00f3rregos Piratininga, Campestre e Palmitalzinho(manacial de abastecimento da cidade de Assis) afluentes de 1\u00aa ordem do Rio Paranapanema, inseridos na Bacia Hidrogr\u00e1fica do M\u00e9dio Paranapanema (VGRI &#8211; 17) &#8211; unidades Hidrogr\u00e1ficas Pari e Capivara.<\/li>\n<li><strong>Ecossistema:<\/strong> Cerrad\u00e3o, Cerrado Denso, Cerrado T\u00edpico, Campo \u00damido e Mata de Galeria. A vegeta\u00e7\u00e3o da Esta\u00e7\u00e3o Ecol\u00f3gica vem passando por um processo de adensamento, com tend\u00eancia ao desaparecimento das fisionomias mais abertas do cerrado e aumento da densidade de esp\u00e9cies florestais na zona de transi\u00e7\u00e3o. Na Esta\u00e7\u00e3o Ecol\u00f3gica predomina a fisionomia Cerrad\u00e3o, mas apresenta tamb\u00e9m cerrado Stricto Sensu e tipos florestais rip\u00e1rios (Mata de Brejo e Mata Ciliar).<\/li>\n<li><strong>Fauna:<\/strong><\/li>\n<li><strong>Popula\u00e7\u00f5es animais ou vegetais chave para conserva\u00e7\u00e3o<\/strong>: S\u00e3o conhecidas para a \u00e1rea protegida 524 esp\u00e9cies vegetais. Destacam-se a <em>Aiouea trinervis<\/em>, a sucupira-preta <em>Bowdichia virgilioides<\/em>, <em>Eugenia klotzschiana<\/em>, <em>Gyptis vernoniopsis<\/em>, <em>Merostachys skvortzovii<\/em>, <em>Pavonia guerkeana<\/em>, <em>Zygopetalum maxillare<\/em> e o ip\u00ea-felpudo <em>Zeyheria tuberculosa<\/em>. Para a fauna de vertebrados foram registradas 11 esp\u00e9cies de peixes, 23 de anf\u00edbios, 22 de mam\u00edferos, 23 de r\u00e9pteis e 170 de aves. Destacam-se a on\u00e7a-parda <em>Puma concolor<\/em>, a jaguatirica <em>Leopardus pardalis<\/em>, o lagarto-papa-vento <em>Norops brasiliensis<\/em>, o lagarto-de-rabo-azul <em>Micrablepharus \u00a0\u00a0\u00a0\u00a0\u00a0\u00a0\u00a0\u00a0\u00a0\u00a0\u00a0 atticolus<\/em>, o calango-do-campo <em>Ameivula ocellifera<\/em>, a cobra-fura-terra <em>Phalotris lativittatus<\/em> e a pomba-trocal <em>Patagioenas speciosa<\/em>.<\/li>\n<li><strong>Flora:<\/strong> 486 esp\u00e9cies registradas de plantas vasculares. 15 esp\u00e9cies em extin\u00e7\u00e3o. A alta riqueza de esp\u00e9cies \u00e9 consequ\u00eancia da diversidade de fisionomias e da condi\u00e7\u00e3o ecotonal.<\/li>\n<li><strong>Comunidades humanas:<\/strong> N\u00e3o h\u00e1<\/li>\n<li><strong>Principais amea\u00e7as:<\/strong>\u00a0Ca\u00e7as, inc\u00eandios, extrativismo<\/li>\n<li><strong>Educa\u00e7\u00e3o Ambiental:<\/strong> Sim<\/li>\n<li><strong>Plano de Manejo:<\/strong>\u00a0<a href=\"https:\/\/smastr16.blob.core.windows.net\/iflorestal\/2013\/03\/Plano_de_Manejo_EEc_Assis.pdf\">https:\/\/smastr16.blob.core.windows.net\/iflorestal\/2013\/03\/Plano_de_Manejo_EEc_Assis.pdf<\/a><\/li>\n<li><strong>Ficha com resumo da \u00e1rea protegida:<\/strong><a href=\"https:\/\/smastr16.blob.core.windows.net\/iflorestal\/2018\/09\/EEc-ASSIS.pdf\">\u00a0https:\/\/smastr16.blob.core.windows.net\/iflorestal\/2018\/09\/EEc-ASSIS.pdf<\/a><\/li>\n<\/ul>\n<p><b>O Minist\u00e9rio da Sa\u00fade recomenda a vacina da febre amarela aos visitantes que forem para a regi\u00e3o<\/b><\/p>\n","protected":false},"excerpt":{"rendered":"<p>Nome: Esta\u00e7\u00e3o Ecol\u00f3gica de Assis Munic\u00edpio: Assis Divis\u00e3o:\u00a0Divis\u00e3o de Florestas e Esta\u00e7\u00f5es Experimentais (DFEE) Diploma Legal: Dec. 35.697 de 21\/09\/92 e Dec. 47.097 de 18\/09\/2002 Se\u00e7\u00e3o: Se\u00e7\u00e3o de Floresta Estadual de Assis Respons\u00e1vel: Giselda Durigan Endere\u00e7o: Estrada Assis &#8211; Lut\u00e9cia km 09 Assis-SP Bairro: Zona Rural CEP: 19800-970 Via de Acesso: Rodovia Raposo Tavares \/ [&hellip;]<\/p>\n","protected":false},"author":102,"featured_media":0,"parent":3914,"menu_order":0,"comment_status":"closed","ping_status":"open","template":"","meta":[],"_links":{"self":[{"href":"https:\/\/www.infraestruturameioambiente.sp.gov.br\/institutoflorestal\/wp-json\/wp\/v2\/pages\/3936"}],"collection":[{"href":"https:\/\/www.infraestruturameioambiente.sp.gov.br\/institutoflorestal\/wp-json\/wp\/v2\/pages"}],"about":[{"href":"https:\/\/www.infraestruturameioambiente.sp.gov.br\/institutoflorestal\/wp-json\/wp\/v2\/types\/page"}],"author":[{"embeddable":true,"href":"https:\/\/www.infraestruturameioambiente.sp.gov.br\/institutoflorestal\/wp-json\/wp\/v2\/users\/102"}],"replies":[{"embeddable":true,"href":"https:\/\/www.infraestruturameioambiente.sp.gov.br\/institutoflorestal\/wp-json\/wp\/v2\/comments?post=3936"}],"version-history":[{"count":20,"href":"https:\/\/www.infraestruturameioambiente.sp.gov.br\/institutoflorestal\/wp-json\/wp\/v2\/pages\/3936\/revisions"}],"predecessor-version":[{"id":20168,"href":"https:\/\/www.infraestruturameioambiente.sp.gov.br\/institutoflorestal\/wp-json\/wp\/v2\/pages\/3936\/revisions\/20168"}],"up":[{"embeddable":true,"href":"https:\/\/www.infraestruturameioambiente.sp.gov.br\/institutoflorestal\/wp-json\/wp\/v2\/pages\/3914"}],"wp:attachment":[{"href":"https:\/\/www.infraestruturameioambiente.sp.gov.br\/institutoflorestal\/wp-json\/wp\/v2\/media?parent=3936"}],"curies":[{"name":"wp","href":"https:\/\/api.w.org\/{rel}","templated":true}]}}