{"id":3922,"date":"2013-08-26T09:57:00","date_gmt":"2013-08-26T12:57:00","guid":{"rendered":"https:\/\/www.infraestruturameioambiente.sp.gov.br\/institutoflorestal\/?page_id=3922"},"modified":"2013-09-13T10:20:00","modified_gmt":"2013-09-13T13:20:00","slug":"hortos-florestais","status":"publish","type":"page","link":"https:\/\/www.infraestruturameioambiente.sp.gov.br\/institutoflorestal\/areas-protegidas\/hortos-florestais\/","title":{"rendered":"Hortos Florestais"},"content":{"rendered":"<p>Foram denominados Hortos Florestais as \u00e1reas onde se levavam a cabo trabalhos de experimenta\u00e7\u00e3o mais ou menos intensivas. Alguns j\u00e1 com suas \u00e1reas quase totalmente tomadas por esse tipo de planta\u00e7\u00e3o.<\/p>\n<p><strong>Fonte:<\/strong> Instituto Florestal, 1973. Origem e Evolu\u00e7\u00e3o &#8211; Publica\u00e7\u00e3o IF n\u00ba3<\/p>\n","protected":false},"excerpt":{"rendered":"<p>Foram denominados Hortos Florestais as \u00e1reas onde se levavam a cabo trabalhos de experimenta\u00e7\u00e3o mais ou menos intensivas. Alguns j\u00e1 com suas \u00e1reas quase totalmente tomadas por esse tipo de planta\u00e7\u00e3o. Fonte: Instituto Florestal, 1973. Origem e Evolu\u00e7\u00e3o &#8211; Publica\u00e7\u00e3o IF n\u00ba3<\/p>\n","protected":false},"author":49,"featured_media":0,"parent":1787,"menu_order":0,"comment_status":"closed","ping_status":"open","template":"","meta":[],"_links":{"self":[{"href":"https:\/\/www.infraestruturameioambiente.sp.gov.br\/institutoflorestal\/wp-json\/wp\/v2\/pages\/3922"}],"collection":[{"href":"https:\/\/www.infraestruturameioambiente.sp.gov.br\/institutoflorestal\/wp-json\/wp\/v2\/pages"}],"about":[{"href":"https:\/\/www.infraestruturameioambiente.sp.gov.br\/institutoflorestal\/wp-json\/wp\/v2\/types\/page"}],"author":[{"embeddable":true,"href":"https:\/\/www.infraestruturameioambiente.sp.gov.br\/institutoflorestal\/wp-json\/wp\/v2\/users\/49"}],"replies":[{"embeddable":true,"href":"https:\/\/www.infraestruturameioambiente.sp.gov.br\/institutoflorestal\/wp-json\/wp\/v2\/comments?post=3922"}],"version-history":[{"count":4,"href":"https:\/\/www.infraestruturameioambiente.sp.gov.br\/institutoflorestal\/wp-json\/wp\/v2\/pages\/3922\/revisions"}],"predecessor-version":[{"id":4201,"href":"https:\/\/www.infraestruturameioambiente.sp.gov.br\/institutoflorestal\/wp-json\/wp\/v2\/pages\/3922\/revisions\/4201"}],"up":[{"embeddable":true,"href":"https:\/\/www.infraestruturameioambiente.sp.gov.br\/institutoflorestal\/wp-json\/wp\/v2\/pages\/1787"}],"wp:attachment":[{"href":"https:\/\/www.infraestruturameioambiente.sp.gov.br\/institutoflorestal\/wp-json\/wp\/v2\/media?parent=3922"}],"curies":[{"name":"wp","href":"https:\/\/api.w.org\/{rel}","templated":true}]}}