{"id":3916,"date":"2013-08-26T09:55:44","date_gmt":"2013-08-26T12:55:44","guid":{"rendered":"https:\/\/www.infraestruturameioambiente.sp.gov.br\/institutoflorestal\/?page_id=3916"},"modified":"2015-05-05T17:00:42","modified_gmt":"2015-05-05T20:00:42","slug":"estacoes-experimentais","status":"publish","type":"page","link":"https:\/\/www.infraestruturameioambiente.sp.gov.br\/institutoflorestal\/areas-protegidas\/estacoes-experimentais\/","title":{"rendered":"Esta\u00e7\u00f5es Experimentais"},"content":{"rendered":"<p>\u00c1reas destinadas \u00e0 realiza\u00e7\u00e3o de programas e atividades de pesquisas cient\u00edficas. Disp\u00f5e muitas vezes de importantes cole\u00e7\u00f5es de esp\u00e9cies florestais nativas e viveiro de mudas.<\/p>\n","protected":false},"excerpt":{"rendered":"<p>\u00c1reas destinadas \u00e0 realiza\u00e7\u00e3o de programas e atividades de pesquisas cient\u00edficas. Disp\u00f5e muitas vezes de importantes cole\u00e7\u00f5es de esp\u00e9cies florestais nativas e viveiro de mudas.<\/p>\n","protected":false},"author":49,"featured_media":0,"parent":1787,"menu_order":0,"comment_status":"closed","ping_status":"open","template":"","meta":[],"_links":{"self":[{"href":"https:\/\/www.infraestruturameioambiente.sp.gov.br\/institutoflorestal\/wp-json\/wp\/v2\/pages\/3916"}],"collection":[{"href":"https:\/\/www.infraestruturameioambiente.sp.gov.br\/institutoflorestal\/wp-json\/wp\/v2\/pages"}],"about":[{"href":"https:\/\/www.infraestruturameioambiente.sp.gov.br\/institutoflorestal\/wp-json\/wp\/v2\/types\/page"}],"author":[{"embeddable":true,"href":"https:\/\/www.infraestruturameioambiente.sp.gov.br\/institutoflorestal\/wp-json\/wp\/v2\/users\/49"}],"replies":[{"embeddable":true,"href":"https:\/\/www.infraestruturameioambiente.sp.gov.br\/institutoflorestal\/wp-json\/wp\/v2\/comments?post=3916"}],"version-history":[{"count":5,"href":"https:\/\/www.infraestruturameioambiente.sp.gov.br\/institutoflorestal\/wp-json\/wp\/v2\/pages\/3916\/revisions"}],"predecessor-version":[{"id":9505,"href":"https:\/\/www.infraestruturameioambiente.sp.gov.br\/institutoflorestal\/wp-json\/wp\/v2\/pages\/3916\/revisions\/9505"}],"up":[{"embeddable":true,"href":"https:\/\/www.infraestruturameioambiente.sp.gov.br\/institutoflorestal\/wp-json\/wp\/v2\/pages\/1787"}],"wp:attachment":[{"href":"https:\/\/www.infraestruturameioambiente.sp.gov.br\/institutoflorestal\/wp-json\/wp\/v2\/media?parent=3916"}],"curies":[{"name":"wp","href":"https:\/\/api.w.org\/{rel}","templated":true}]}}