{"id":3914,"date":"2013-08-26T09:55:17","date_gmt":"2013-08-26T12:55:17","guid":{"rendered":"https:\/\/www.infraestruturameioambiente.sp.gov.br\/institutoflorestal\/?page_id=3914"},"modified":"2013-08-28T17:29:57","modified_gmt":"2013-08-28T20:29:57","slug":"estacoes-ecologicas","status":"publish","type":"page","link":"https:\/\/www.infraestruturameioambiente.sp.gov.br\/institutoflorestal\/areas-protegidas\/estacoes-ecologicas\/","title":{"rendered":"Esta\u00e7\u00f5es Ecol\u00f3gicas"},"content":{"rendered":"<p>A Esta\u00e7\u00e3o Ecol\u00f3gica tem como objetivo a preserva\u00e7\u00e3o da natureza e a realiza\u00e7\u00e3o de pesquisas cient\u00edficas.<\/p>\n<p>A Esta\u00e7\u00e3o Ecol\u00f3gica \u00e9 de posse e dom\u00ednio p\u00fablicos, sendo que as \u00e1reas particulares inclu\u00eddas em seus limites ser\u00e3o desapropriadas, de acordo com o que disp\u00f5e a lei.<\/p>\n<p>\u00c9 proibida a visita\u00e7\u00e3o p\u00fablica, exceto quando com objetivo educacional, de acordo com o que dispuser o Plano de Manejo da unidade ou regulamento espec\u00edfico.<\/p>\n<p>A pesquisa cient\u00edfica depende de autoriza\u00e7\u00e3o pr\u00e9via do \u00f3rg\u00e3o respons\u00e1vel pela administra\u00e7\u00e3o da unidade e est\u00e1 sujeita \u00e0s condi\u00e7\u00f5es e restri\u00e7\u00f5es por este estabelecidas, bem como \u00e0quelas previstas em regulamento.<\/p>\n<p>Na Esta\u00e7\u00e3o Ecol\u00f3gica s\u00f3 podem ser permitidas altera\u00e7\u00f5es dos ecossistemas no caso de:<\/p>\n<p>I &#8211; medidas que visem a restaura\u00e7\u00e3o de ecossistemas modificados;<\/p>\n<p>II &#8211; manejo de esp\u00e9cies com o fim de preservar a diversidade biol\u00f3gica;<\/p>\n<p>III &#8211; coleta de componentes dos ecossistemas com finalidades cient\u00edficas;<\/p>\n<p>IV &#8211; pesquisas cient\u00edficas cujo impacto sobre o ambiente seja maior do que aquele causado pela simples observa\u00e7\u00e3o ou pela coleta controlada de componentes dos ecossistemas, em uma \u00e1rea correspondente a no m\u00e1ximo tr\u00eas por cento da extens\u00e3o total da unidade e at\u00e9 o limite de um mil e quinhentos hectares.<\/p>\n<p>(Fonte: Sistema Nacional de Unidades de Conserva\u00e7\u00e3o \u2013 Lei 9.985 de 18 de julho de 2000, Art.9\u00ba)<\/p>\n","protected":false},"excerpt":{"rendered":"<p>A Esta\u00e7\u00e3o Ecol\u00f3gica tem como objetivo a preserva\u00e7\u00e3o da natureza e a realiza\u00e7\u00e3o de pesquisas cient\u00edficas. A Esta\u00e7\u00e3o Ecol\u00f3gica \u00e9 de posse e dom\u00ednio p\u00fablicos, sendo que as \u00e1reas particulares inclu\u00eddas em seus limites ser\u00e3o desapropriadas, de acordo com o que disp\u00f5e a lei. \u00c9 proibida a visita\u00e7\u00e3o p\u00fablica, exceto quando com objetivo educacional, de [&hellip;]<\/p>\n","protected":false},"author":49,"featured_media":0,"parent":1787,"menu_order":0,"comment_status":"closed","ping_status":"open","template":"","meta":[],"_links":{"self":[{"href":"https:\/\/www.infraestruturameioambiente.sp.gov.br\/institutoflorestal\/wp-json\/wp\/v2\/pages\/3914"}],"collection":[{"href":"https:\/\/www.infraestruturameioambiente.sp.gov.br\/institutoflorestal\/wp-json\/wp\/v2\/pages"}],"about":[{"href":"https:\/\/www.infraestruturameioambiente.sp.gov.br\/institutoflorestal\/wp-json\/wp\/v2\/types\/page"}],"author":[{"embeddable":true,"href":"https:\/\/www.infraestruturameioambiente.sp.gov.br\/institutoflorestal\/wp-json\/wp\/v2\/users\/49"}],"replies":[{"embeddable":true,"href":"https:\/\/www.infraestruturameioambiente.sp.gov.br\/institutoflorestal\/wp-json\/wp\/v2\/comments?post=3914"}],"version-history":[{"count":4,"href":"https:\/\/www.infraestruturameioambiente.sp.gov.br\/institutoflorestal\/wp-json\/wp\/v2\/pages\/3914\/revisions"}],"predecessor-version":[{"id":3932,"href":"https:\/\/www.infraestruturameioambiente.sp.gov.br\/institutoflorestal\/wp-json\/wp\/v2\/pages\/3914\/revisions\/3932"}],"up":[{"embeddable":true,"href":"https:\/\/www.infraestruturameioambiente.sp.gov.br\/institutoflorestal\/wp-json\/wp\/v2\/pages\/1787"}],"wp:attachment":[{"href":"https:\/\/www.infraestruturameioambiente.sp.gov.br\/institutoflorestal\/wp-json\/wp\/v2\/media?parent=3914"}],"curies":[{"name":"wp","href":"https:\/\/api.w.org\/{rel}","templated":true}]}}