{"id":3671,"date":"2013-08-09T11:59:58","date_gmt":"2013-08-09T14:59:58","guid":{"rendered":"https:\/\/www.infraestruturameioambiente.sp.gov.br\/institutoflorestal\/?page_id=3671"},"modified":"2013-12-18T10:07:36","modified_gmt":"2013-12-18T12:07:36","slug":"sumario_n33","status":"publish","type":"page","link":"https:\/\/www.infraestruturameioambiente.sp.gov.br\/institutoflorestal\/publicacoes-if\/if-serie-registros\/sumario_n33\/","title":{"rendered":"IF S\u00e9rie Registros n\u00ba 33"},"content":{"rendered":"<p><strong>S\u00c9RIE REGISTROS N. 33, Mai. 2008: <a href=\"http:\/\/www.iflorestal.sp.gov.br\/RIF\/SerieRegistros\/IFSR33\/IFSR33.pdf\">Revista Completa<\/a><\/strong><\/p>\n<p><strong>CONTE\u00daDO<\/strong><\/p>\n<ul>\n<li>Caracteriza\u00e7\u00e3o do perfil do visitante da praia de Itaquitanduva, Parque Estadual Xixov\u00e1-Japu\u00ed, Baixada Santista, SP. Claudio de MOURA; Cl\u00e1udia Marques ROSA; Arnaldo SANTANA; Cristiane Alves dos Santos MOURA<\/li>\n<\/ul>\n<p style=\"text-align: right\"><strong><\/strong><strong><\/strong><strong><a href=\"http:\/\/www.iflorestal.sp.gov.br\/RIF\/SerieRegistros\/IFSR33\/IFSR33_1-11.pdf\" target=\"_blank\">1-11<\/a><\/strong><\/p>\n<ul>\n<li>Levantamento quantitativo da avifauna em uma mata de Araucaria e Podocarpus, no Parque Estadual de Campos do Jord\u00e3o, SP. Ant\u00f4nio Fl\u00e1vio BARBOSA; \u00c1lvaroFernando de ALMEIDA<\/li>\n<\/ul>\n<p style=\"text-align: right\"><strong><\/strong><strong><a href=\"http:\/\/www.iflorestal.sp.gov.br\/RIF\/SerieRegistros\/IFSR33\/IFSR33_13-37.pdf\">13-37<\/a><\/strong><\/p>\n<ul>\n<li>Gest\u00e3o participativa da visita\u00e7\u00e3o p\u00fablica na comunidade do Maruj\u00e1 \u2013 Parque Estadual da Ilha do Cardoso. Marcos B\u00fcrher CAMPOLIM; Isadora Le Senechal PARADA; Juliana Greco YAMAOKA<\/li>\n<\/ul>\n<p style=\"text-align: right\"><strong><\/strong><strong><a href=\"http:\/\/www.iflorestal.sp.gov.br\/RIF\/SerieRegistros\/IFSR33\/IFSR33_39-49.pdf\">39-49<\/a><\/strong><\/p>\n","protected":false},"excerpt":{"rendered":"<p>S\u00c9RIE REGISTROS N. 33, Mai. 2008: Revista Completa CONTE\u00daDO Caracteriza\u00e7\u00e3o do perfil do visitante da praia de Itaquitanduva, Parque Estadual Xixov\u00e1-Japu\u00ed, Baixada Santista, SP. Claudio de MOURA; Cl\u00e1udia Marques ROSA; Arnaldo SANTANA; Cristiane Alves dos Santos MOURA 1-11 Levantamento quantitativo da avifauna em uma mata de Araucaria e Podocarpus, no Parque Estadual de Campos do [&hellip;]<\/p>\n","protected":false},"author":49,"featured_media":0,"parent":2992,"menu_order":0,"comment_status":"closed","ping_status":"open","template":"","meta":[],"_links":{"self":[{"href":"https:\/\/www.infraestruturameioambiente.sp.gov.br\/institutoflorestal\/wp-json\/wp\/v2\/pages\/3671"}],"collection":[{"href":"https:\/\/www.infraestruturameioambiente.sp.gov.br\/institutoflorestal\/wp-json\/wp\/v2\/pages"}],"about":[{"href":"https:\/\/www.infraestruturameioambiente.sp.gov.br\/institutoflorestal\/wp-json\/wp\/v2\/types\/page"}],"author":[{"embeddable":true,"href":"https:\/\/www.infraestruturameioambiente.sp.gov.br\/institutoflorestal\/wp-json\/wp\/v2\/users\/49"}],"replies":[{"embeddable":true,"href":"https:\/\/www.infraestruturameioambiente.sp.gov.br\/institutoflorestal\/wp-json\/wp\/v2\/comments?post=3671"}],"version-history":[{"count":9,"href":"https:\/\/www.infraestruturameioambiente.sp.gov.br\/institutoflorestal\/wp-json\/wp\/v2\/pages\/3671\/revisions"}],"predecessor-version":[{"id":6004,"href":"https:\/\/www.infraestruturameioambiente.sp.gov.br\/institutoflorestal\/wp-json\/wp\/v2\/pages\/3671\/revisions\/6004"}],"up":[{"embeddable":true,"href":"https:\/\/www.infraestruturameioambiente.sp.gov.br\/institutoflorestal\/wp-json\/wp\/v2\/pages\/2992"}],"wp:attachment":[{"href":"https:\/\/www.infraestruturameioambiente.sp.gov.br\/institutoflorestal\/wp-json\/wp\/v2\/media?parent=3671"}],"curies":[{"name":"wp","href":"https:\/\/api.w.org\/{rel}","templated":true}]}}