{"id":3666,"date":"2013-08-09T11:54:17","date_gmt":"2013-08-09T14:54:17","guid":{"rendered":"https:\/\/www.infraestruturameioambiente.sp.gov.br\/institutoflorestal\/?page_id=3666"},"modified":"2013-12-18T10:51:57","modified_gmt":"2013-12-18T12:51:57","slug":"sumario_n41","status":"publish","type":"page","link":"https:\/\/www.infraestruturameioambiente.sp.gov.br\/institutoflorestal\/publicacoes-if\/if-serie-registros\/sumario_n41\/","title":{"rendered":"IF S\u00e9rie Registros n\u00ba 41"},"content":{"rendered":"<p><strong>S\u00c9RIE REGISTROS N. 41, Mai. 2010: <a href=\"http:\/\/www.iflorestal.sp.gov.br\/RIF\/SerieRegistros\/IFSR41\/IFSR41.pdf\" target=\"_blank\">Revista Completa<\/a><\/strong><\/p>\n<p><strong>CONTE\u00daDO<\/strong><\/p>\n<ul>\n<li>An\u00e1lise das atividades de educa\u00e7\u00e3o ambiental realizadas no Parque Estadual do Jurupar\u00e1. Analysis of environmental education activities carried out in the Jurupara State Park. Sueli HERCULIANI; Marilda Rapp de ESTON; Elaine Alves RAIMUNDO; Gabriela Mascarenhas da SILVA<strong><\/strong><\/li>\n<\/ul>\n<p style=\"text-align: right\"><strong><\/strong><strong><\/strong><strong><a href=\"http:\/\/www.iflorestal.sp.gov.br\/RIF\/SerieRegistros\/IFSR41\/IFSR41_1-17.pdf\" target=\"_blank\">1-17<\/a><\/strong><\/p>\n<ul>\n<li>Aspectos bot\u00e2nicos como subs\u00eddios para a interpreta\u00e7\u00e3o ambiental na Trilha do Jeriv\u00e1: Esta\u00e7\u00e3o Ecol\u00f3gica de Paranapanema, Estado de S\u00e3o Paulo, Brasil. Botanical features as subsidies for environmental interpretation in the Jeriv\u00e1\u2019s Trail: Paranapanema Ecological Station, S\u00e3o Paulo State SE Brazil. Roque CIELO-FILHO; Silvana Cristina Pereira Muniz de SOUZA; Concei\u00e7\u00e3o Rodrigues de Lima; Jo\u00e3o Batista BAITELLO; Osny Tadeu de Aguiar; Jo\u00e3o Aur\u00e9lio PASTORE<\/li>\n<\/ul>\n<p style=\"text-align: right\"><strong><\/strong><strong><a href=\"http:\/\/www.iflorestal.sp.gov.br\/RIF\/SerieRegistros\/IFSR41\/IFSR41_19-34.pdf\">19-34<\/a><\/strong><\/p>\n","protected":false},"excerpt":{"rendered":"<p>S\u00c9RIE REGISTROS N. 41, Mai. 2010: Revista Completa CONTE\u00daDO An\u00e1lise das atividades de educa\u00e7\u00e3o ambiental realizadas no Parque Estadual do Jurupar\u00e1. Analysis of environmental education activities carried out in the Jurupara State Park. Sueli HERCULIANI; Marilda Rapp de ESTON; Elaine Alves RAIMUNDO; Gabriela Mascarenhas da SILVA 1-17 Aspectos bot\u00e2nicos como subs\u00eddios para a interpreta\u00e7\u00e3o ambiental [&hellip;]<\/p>\n","protected":false},"author":49,"featured_media":0,"parent":2992,"menu_order":0,"comment_status":"closed","ping_status":"open","template":"","meta":[],"_links":{"self":[{"href":"https:\/\/www.infraestruturameioambiente.sp.gov.br\/institutoflorestal\/wp-json\/wp\/v2\/pages\/3666"}],"collection":[{"href":"https:\/\/www.infraestruturameioambiente.sp.gov.br\/institutoflorestal\/wp-json\/wp\/v2\/pages"}],"about":[{"href":"https:\/\/www.infraestruturameioambiente.sp.gov.br\/institutoflorestal\/wp-json\/wp\/v2\/types\/page"}],"author":[{"embeddable":true,"href":"https:\/\/www.infraestruturameioambiente.sp.gov.br\/institutoflorestal\/wp-json\/wp\/v2\/users\/49"}],"replies":[{"embeddable":true,"href":"https:\/\/www.infraestruturameioambiente.sp.gov.br\/institutoflorestal\/wp-json\/wp\/v2\/comments?post=3666"}],"version-history":[{"count":4,"href":"https:\/\/www.infraestruturameioambiente.sp.gov.br\/institutoflorestal\/wp-json\/wp\/v2\/pages\/3666\/revisions"}],"predecessor-version":[{"id":6014,"href":"https:\/\/www.infraestruturameioambiente.sp.gov.br\/institutoflorestal\/wp-json\/wp\/v2\/pages\/3666\/revisions\/6014"}],"up":[{"embeddable":true,"href":"https:\/\/www.infraestruturameioambiente.sp.gov.br\/institutoflorestal\/wp-json\/wp\/v2\/pages\/2992"}],"wp:attachment":[{"href":"https:\/\/www.infraestruturameioambiente.sp.gov.br\/institutoflorestal\/wp-json\/wp\/v2\/media?parent=3666"}],"curies":[{"name":"wp","href":"https:\/\/api.w.org\/{rel}","templated":true}]}}