{"id":3642,"date":"2013-08-09T10:49:09","date_gmt":"2013-08-09T13:49:09","guid":{"rendered":"https:\/\/www.infraestruturameioambiente.sp.gov.br\/institutoflorestal\/?page_id=3642"},"modified":"2013-12-16T10:15:42","modified_gmt":"2013-12-16T12:15:42","slug":"sumario_v21_1","status":"publish","type":"page","link":"https:\/\/www.infraestruturameioambiente.sp.gov.br\/institutoflorestal\/publicacoes-if\/revista-do-if\/sumario_v21_1\/","title":{"rendered":"Revista v.21, n\u00ba1"},"content":{"rendered":"<p><strong>REVISTA V. 21, N. 1- Jun. 2009: <a href=\"https:\/\/smastr16.blob.core.windows.net\/iflorestal\/ifref\/RIF21-1\/RIF21-1.pdf\">Completa<\/a><\/strong><\/p>\n<p><strong>ARTIGOS CIENT\u00cdFICOS\/SCIENTIFIC ARTICLES<\/strong><\/p>\n<ul>\n<li>Flor\u00edstica e estrutura da comunidade arb\u00f3rea de um remanescente florestal rip\u00e1rio no munic\u00edpio de Guariba, Estado de S\u00e3o Paulo, Brasil. Floristic and structure of the arboreal community of riparian forest remain at Guariba municipality, S\u00e3o Paulo State, Brazil. Nicole Maria Marson DONADIO; Rinaldo C\u00e9sar de PAULA; Jo\u00e3o<br \/>\nAntonio GALBIATTI<br \/>\n<strong><\/strong><\/li>\n<\/ul>\n<p style=\"text-align: right\"><strong><\/strong><strong><\/strong><strong><a href=\"https:\/\/smastr16.blob.core.windows.net\/iflorestal\/ifref\/RIF21-1\/RIF21-1_1-17.pdf\" target=\"_blank\">1-17<\/a><\/strong><\/p>\n<ul>\n<li>Redistribui\u00e7\u00e3o das chuvas pelas copas de um povoamento de seringueira, Jos\u00e9 Bonif\u00e1cio, SP. Rainwater redistribution under a rubber tree stand in the Jos\u00e9 Bonifacio county, SP. Valdemir Antonio RODRIGUES<\/li>\n<\/ul>\n<p style=\"text-align: right\"><strong><\/strong><strong><a href=\"https:\/\/smastr16.blob.core.windows.net\/iflorestal\/ifref\/RIF21-1\/RIF21-1_19-26.pdf\">19-26<\/a><\/strong><\/p>\n<ul>\n<li>Sele\u00e7\u00e3o dentro de prog\u00eanies de polinizar aberta de Cariniana legalis Mart. O. Ktze (Lecythidaceae), visando \u00e0 produ\u00e7\u00e3o de sementes para a recupera\u00e7\u00e3o ambiental. Selection within open-pollinated progenies of Cariniana legalis Mart. O. Ktze (Lecythidaceae) aiming seed production for environmental restoration. Alexandre Magno SEBBENN; Miguel Luiz Menezes FREITAS; Antonio Carlos Scatena ZANATTO; Eur\u00edpedes MORAES<\/li>\n<\/ul>\n<p style=\"text-align: right\"><strong><\/strong><strong><a href=\"https:\/\/smastr16.blob.core.windows.net\/iflorestal\/ifref\/RIF21-1\/RIF21-1_27-37.pdf\">27-37<\/a><\/strong><\/p>\n<ul>\n<li>Protocolo de avalia\u00e7\u00e3o de \u00e1reas priorit\u00e1rias para a conserva\u00e7\u00e3o da Mata Atl\u00e2ntica na regi\u00e3o da Serra do\u00a0 Mar\/Paranapiacaba. Protocol for priority conservation areas of the Atlantic Rain Forest at Serra do Mar\/Paranapiacaba region. Giselda DURIGAN; Nat\u00e1lia Macedo IVANAUSKAS; Marco Aur\u00e9lio NALON; Milton Cezar RIBEIRO; Marina Mistsue KANASHIRO; Hubert Bayer COSTA; Cristina de Marco SANTIAGO<\/li>\n<\/ul>\n<p style=\"text-align: right\"><strong><\/strong><strong><a href=\"https:\/\/smastr16.blob.core.windows.net\/iflorestal\/ifref\/RIF21-1\/RIF21-1_39-54.pdf\">39-54<\/a><\/strong><\/p>\n<ul>\n<li>Levantamento de g\u00eanero Oncidium Sw. sensu lato (Orchidaceae) no N\u00facleo Curucutu, Parque Estadual da Serra do Mar, S\u00e3o Paulo. A survey of the genus Oncidium Sw. sensu lato (Orchidaceae) in \u201cN\u00facleo Curucutu\u201d, Serra do Mar State Park, S\u00e3o Paulo. Dalton Alex ROSA; Paulo AFFONSO<\/li>\n<\/ul>\n<p style=\"text-align: right\"><strong><\/strong><strong><a href=\"https:\/\/smastr16.blob.core.windows.net\/iflorestal\/ifref\/RIF21-1\/RIF21-1_55-62.pdf\">55-62<\/a><\/strong><\/p>\n<ul>\n<li>Crescimento comparativo de esp\u00e9cies de Eucalyptus e Corymbia no munic\u00edpio de Mar\u00edlia, SP. Comparative growth of Eucalyptus and Corymbia species at Mar\u00edlia municipality, S\u00e3o Paulo State. Osmar VILAS B\u00d4AS; Jos\u00e9 Carlos Molina MAX; Antonio Carlos Galv\u00e3o de MELO<\/li>\n<\/ul>\n<p style=\"text-align: right\"><strong><a href=\"https:\/\/smastr16.blob.core.windows.net\/iflorestal\/ifref\/RIF21-1\/RIF21-1_63-72.pdf\"><strong>63-72<\/strong><\/a><\/strong><\/p>\n<ul>\n<li>Biomassa, fixa\u00e7\u00e3o de carbono e estrutura da vegeta\u00e7\u00e3o de cerrado em restaura\u00e7\u00e3o aos seis anos, Assis \u2013 SP. Biomass, carbon fixation and structure of Cerrado vegetation in restoration at six years-old, Assis, SP. Ant\u00f4nio Carlos Galv\u00e3o de MELO; Helaine de SOUSA; Wilson Aparecido CONTIERI; Luiz Carlos MALICIA<\/li>\n<\/ul>\n<p style=\"text-align: right\"><strong><a href=\"https:\/\/smastr16.blob.core.windows.net\/iflorestal\/ifref\/RIF21-1\/RIF21-1_73-78.pdf\"><strong>73-78<\/strong><\/a><\/strong><\/p>\n<ul>\n<li>Varia\u00e7\u00e3o nas dimens\u00f5es dos elementos anat\u00f4micos da madeira de Eucalyptus dunnii dos sete anos de idade. Variation of anatomical elements of wood of Eucalyptus dunnii at seven years of age. Sandra Monteiro Borges FLORSHEIM; Hilton Thadeu Zarate do COUTO; Israel Luiz de LIMA; Eduardo Luiz LONGUI<\/li>\n<\/ul>\n<p style=\"text-align: right\"><strong><a href=\"https:\/\/smastr16.blob.core.windows.net\/iflorestal\/ifref\/RIF21-1\/RIF21-1_79-91.pdf\"><strong>79-91<\/strong><\/a><\/strong><\/p>\n<ul>\n<li>Composi\u00e7\u00e3o das comunidades de aves em duas florestas secund\u00e1rias cont\u00edguas no Sudeste do Brasil. Birds communities composition of two secondary forests in the Southeast Brazil. Alexsander Zamorano ANTUNES; Bruna WYRGUN; Marilda Rapp de ESTON<\/li>\n<\/ul>\n<p style=\"text-align: right\"><strong><a href=\"https:\/\/smastr16.blob.core.windows.net\/iflorestal\/ifref\/RIF21-1\/RIF21-1_93-106.pdf\"><strong>93-106<\/strong><\/a><\/strong><\/p>\n<ul>\n<li>Germina\u00e7\u00e3o de sementes de tr\u00eas esp\u00e9cies arb\u00f3reas brasileiras. Seeds germination of three arboreal Brazilian species. M\u00e1rcia Balistiero FIGLIOLIA; Ivor Bergemann de AGUIAR; Ant\u00f4nio da SILVA<\/li>\n<\/ul>\n<p style=\"text-align: right\"><strong><a href=\"https:\/\/smastr16.blob.core.windows.net\/iflorestal\/ifref\/RIF21-1\/RIF21-1_107-115.pdf\"><strong>107-115<\/strong><\/a><\/strong><\/p>\n","protected":false},"excerpt":{"rendered":"<p>REVISTA V. 21, N. 1- Jun. 2009: Completa ARTIGOS CIENT\u00cdFICOS\/SCIENTIFIC ARTICLES Flor\u00edstica e estrutura da comunidade arb\u00f3rea de um remanescente florestal rip\u00e1rio no munic\u00edpio de Guariba, Estado de S\u00e3o Paulo, Brasil. Floristic and structure of the arboreal community of riparian forest remain at Guariba municipality, S\u00e3o Paulo State, Brazil. Nicole Maria Marson DONADIO; Rinaldo C\u00e9sar [&hellip;]<\/p>\n","protected":false},"author":49,"featured_media":0,"parent":2998,"menu_order":0,"comment_status":"closed","ping_status":"open","template":"","meta":[],"_links":{"self":[{"href":"https:\/\/www.infraestruturameioambiente.sp.gov.br\/institutoflorestal\/wp-json\/wp\/v2\/pages\/3642"}],"collection":[{"href":"https:\/\/www.infraestruturameioambiente.sp.gov.br\/institutoflorestal\/wp-json\/wp\/v2\/pages"}],"about":[{"href":"https:\/\/www.infraestruturameioambiente.sp.gov.br\/institutoflorestal\/wp-json\/wp\/v2\/types\/page"}],"author":[{"embeddable":true,"href":"https:\/\/www.infraestruturameioambiente.sp.gov.br\/institutoflorestal\/wp-json\/wp\/v2\/users\/49"}],"replies":[{"embeddable":true,"href":"https:\/\/www.infraestruturameioambiente.sp.gov.br\/institutoflorestal\/wp-json\/wp\/v2\/comments?post=3642"}],"version-history":[{"count":5,"href":"https:\/\/www.infraestruturameioambiente.sp.gov.br\/institutoflorestal\/wp-json\/wp\/v2\/pages\/3642\/revisions"}],"predecessor-version":[{"id":5817,"href":"https:\/\/www.infraestruturameioambiente.sp.gov.br\/institutoflorestal\/wp-json\/wp\/v2\/pages\/3642\/revisions\/5817"}],"up":[{"embeddable":true,"href":"https:\/\/www.infraestruturameioambiente.sp.gov.br\/institutoflorestal\/wp-json\/wp\/v2\/pages\/2998"}],"wp:attachment":[{"href":"https:\/\/www.infraestruturameioambiente.sp.gov.br\/institutoflorestal\/wp-json\/wp\/v2\/media?parent=3642"}],"curies":[{"name":"wp","href":"https:\/\/api.w.org\/{rel}","templated":true}]}}