{"id":3427,"date":"2013-08-02T11:19:41","date_gmt":"2013-08-02T14:19:41","guid":{"rendered":"https:\/\/www.infraestruturameioambiente.sp.gov.br\/institutoflorestal\/?page_id=3427"},"modified":"2013-08-02T11:19:41","modified_gmt":"2013-08-02T14:19:41","slug":"o-instituto","status":"publish","type":"page","link":"https:\/\/www.infraestruturameioambiente.sp.gov.br\/institutoflorestal\/o-instituto\/","title":{"rendered":"O Instituto"},"content":{"rendered":"<ul class=\"sub-menu\">\n<li class=\"menu-item menu-item-type-post_type menu-item-object-page menu-item-1644\"><a href=\"https:\/\/www.infraestruturameioambiente.sp.gov.br\/institutoflorestal\/institutoflorestal\/quem-somos\/\">Quem Somos<\/a><\/li>\n<li class=\"menu-item menu-item-type-post_type menu-item-object-page menu-item-1647\"><a href=\"https:\/\/www.infraestruturameioambiente.sp.gov.br\/institutoflorestal\/institutoflorestal\/administrativo\/\">Administrativo<\/a><\/li>\n<li class=\"menu-item menu-item-type-custom menu-item-object-custom menu-item-3252\"><a href=\"https:\/\/www.infraestruturameioambiente.sp.gov.br\/institutoflorestal\/wp-content\/uploads\/sites\/234\/2012\/01\/organograma.pdf\">Organograma<\/a><\/li>\n<li class=\"menu-item menu-item-type-post_type menu-item-object-page current-page-ancestor current-menu-ancestor current-menu-parent current-page-parent current_page_parent current_page_ancestor menu-item-2193\"><a href=\"https:\/\/www.infraestruturameioambiente.sp.gov.br\/institutoflorestal\/institutoflorestal\/comunicacao\/\">Comunica\u00e7\u00e3o<\/a>\n<ul class=\"sub-menu\">\n<li class=\"menu-item menu-item-type-post_type menu-item-object-page current-menu-item page_item page-item-1689 current_page_item menu-item-1692\"><a href=\"https:\/\/www.infraestruturameioambiente.sp.gov.br\/institutoflorestal\/institutoflorestal\/comunicacao\/filmagens-e-fotografia\/\">Filmagens e Fotografia<\/a><\/li>\n<li class=\"menu-item menu-item-type-post_type menu-item-object-page menu-item-1696\"><a href=\"https:\/\/www.infraestruturameioambiente.sp.gov.br\/institutoflorestal\/institutoflorestal\/eventos\/\">Eventos<\/a><\/li>\n<li class=\"menu-item menu-item-type-post_type menu-item-object-page menu-item-1716\"><a href=\"https:\/\/www.infraestruturameioambiente.sp.gov.br\/institutoflorestal\/institutoflorestal\/comunicacao\/midiateca\/\">Midiateca<\/a><\/li>\n<li class=\"menu-item menu-item-type-post_type menu-item-object-page menu-item-1717\"><a href=\"https:\/\/www.infraestruturameioambiente.sp.gov.br\/institutoflorestal\/institutoflorestal\/comunicacao\/acervo\/\">Acervo<\/a><\/li>\n<\/ul>\n<\/li>\n<li class=\"menu-item menu-item-type-post_type menu-item-object-page menu-item-1666\"><a href=\"https:\/\/www.infraestruturameioambiente.sp.gov.br\/institutoflorestal\/institutoflorestal\/tcca\/\">TCCA<\/a><\/li>\n<li class=\"menu-item menu-item-type-post_type menu-item-object-page menu-item-1677\"><a href=\"https:\/\/www.infraestruturameioambiente.sp.gov.br\/institutoflorestal\/institutoflorestal\/rbcv\/\">RBCV<\/a>\n<ul class=\"sub-menu\">\n<li class=\"menu-item menu-item-type-post_type menu-item-object-page menu-item-1792\"><a href=\"https:\/\/www.infraestruturameioambiente.sp.gov.br\/institutoflorestal\/institutoflorestal\/rbcv\/1770-2\/\">O Programa MaB<\/a><\/li>\n<li class=\"menu-item menu-item-type-post_type menu-item-object-page menu-item-1800\"><a href=\"https:\/\/www.infraestruturameioambiente.sp.gov.br\/institutoflorestal\/institutoflorestal\/rbcv\/o-cinturao-verde\/\">O Cintur\u00e3o Verde<\/a><\/li>\n<li class=\"menu-item menu-item-type-post_type menu-item-object-page menu-item-1957\"><a href=\"https:\/\/www.infraestruturameioambiente.sp.gov.br\/institutoflorestal\/institutoflorestal\/rbcv\/projetos-e-atividades\/\">Projetos e Atividades<\/a><\/li>\n<li class=\"menu-item menu-item-type-post_type menu-item-object-page menu-item-1958\"><a href=\"https:\/\/www.infraestruturameioambiente.sp.gov.br\/institutoflorestal\/institutoflorestal\/rbcv\/a-gestao-da-rbcv\/\">A Gest\u00e3o da RBCV<\/a><\/li>\n<li class=\"menu-item menu-item-type-post_type menu-item-object-page menu-item-2221\"><a href=\"https:\/\/www.infraestruturameioambiente.sp.gov.br\/institutoflorestal\/institutoflorestal\/areas-protegidas\/\">\u00c1reas Protegidas<\/a><\/li>\n<li class=\"menu-item menu-item-type-post_type menu-item-object-page menu-item-1985\"><a href=\"https:\/\/www.infraestruturameioambiente.sp.gov.br\/institutoflorestal\/institutoflorestal\/rbcv\/artigos-de-referencia\/\">Artigos de Refer\u00eancia<\/a><\/li>\n<li class=\"menu-item menu-item-type-post_type menu-item-object-page menu-item-1995\"><a href=\"https:\/\/www.infraestruturameioambiente.sp.gov.br\/institutoflorestal\/institutoflorestal\/rbcv\/estatisticas-municipios\/\">Estat\u00edsticas Munic\u00edpios<\/a><\/li>\n<li class=\"menu-item menu-item-type-post_type menu-item-object-page menu-item-2004\"><a href=\"https:\/\/www.infraestruturameioambiente.sp.gov.br\/institutoflorestal\/institutoflorestal\/rbcv\/fale-com-a-biosfera\/\">Fale com a Biosfera<\/a><\/li>\n<\/ul>\n<\/li>\n<li class=\"menu-item menu-item-type-post_type menu-item-object-page menu-item-2207\"><a href=\"https:\/\/www.infraestruturameioambiente.sp.gov.br\/institutoflorestal\/institutoflorestal\/como-chegar\/\">Como chegar<\/a><\/li>\n<li class=\"menu-item menu-item-type-custom menu-item-object-custom menu-item-1761\"><a href=\"http:\/\/www.iflorestal.sp.gov.br\/sifesp\/\">Sifesp<\/a><\/li>\n<li class=\"menu-item menu-item-type-custom menu-item-object-custom menu-item-1764\"><a href=\"http:\/\/intranet.govtech.com.br\/sac\/\">SAC<\/a><\/li>\n<li class=\"menu-item menu-item-type-custom menu-item-object-custom menu-item-1732\"><a href=\"https:\/\/www.infraestruturameioambiente.sp.gov.br\/institutoflorestal\/institutoflorestal\/o-instituto\/formacao-rh\/\">Forma\u00e7\u00e3o RH<\/a>\n<ul class=\"sub-menu\">\n<li class=\"menu-item menu-item-type-post_type menu-item-object-page menu-item-1736\"><a href=\"https:\/\/www.infraestruturameioambiente.sp.gov.br\/institutoflorestal\/institutoflorestal\/formacao-rh\/estagios\/\">Est\u00e1gios<\/a><\/li>\n<li class=\"menu-item menu-item-type-post_type menu-item-object-page menu-item-1740\"><a href=\"https:\/\/www.infraestruturameioambiente.sp.gov.br\/institutoflorestal\/institutoflorestal\/formacao-rh\/ic-pibic\/\">IC \u2013 PIBIC<\/a><\/li>\n<li class=\"menu-item menu-item-type-post_type menu-item-object-page menu-item-1743\"><a href=\"https:\/\/www.infraestruturameioambiente.sp.gov.br\/institutoflorestal\/institutoflorestal\/formacao-rh\/cursos-e-treinamentos\/\">Cursos e Treinamentos<\/a><\/li>\n<li class=\"menu-item menu-item-type-post_type menu-item-object-page menu-item-1746\"><a href=\"https:\/\/www.infraestruturameioambiente.sp.gov.br\/institutoflorestal\/institutoflorestal\/formacao-rh\/profissionais-visitantes-e-associados\/\">Profissionais visitantes e associados<\/a><\/li>\n<li class=\"menu-item menu-item-type-post_type menu-item-object-page menu-item-1749\"><a href=\"https:\/\/www.infraestruturameioambiente.sp.gov.br\/institutoflorestal\/institutoflorestal\/formacao-rh\/palestras\/\">Palestras<\/a><\/li>\n<\/ul>\n<\/li>\n<li class=\"menu-item menu-item-type-post_type menu-item-object-page menu-item-2736\"><a href=\"https:\/\/www.infraestruturameioambiente.sp.gov.br\/institutoflorestal\/institutoflorestal\/corpo-tecnico\/\">Corpo T\u00e9cnico<\/a><\/li>\n<li class=\"menu-item menu-item-type-post_type menu-item-object-page menu-item-3315\"><a href=\"https:\/\/www.infraestruturameioambiente.sp.gov.br\/institutoflorestal\/institutoflorestal\/projetos-socioambientais\/\">Projetos Socioambientais<\/a>\n<ul class=\"sub-menu\">\n<li class=\"menu-item menu-item-type-custom menu-item-object-custom menu-item-1760\"><a href=\"https:\/\/www.infraestruturameioambiente.sp.gov.br\/institutoflorestal\/ecoatitude\/\">ECOatitude<\/a><\/li>\n<\/ul>\n<\/li>\n<li class=\"menu-item menu-item-type-post_type menu-item-object-page menu-item-1667\"><a href=\"https:\/\/www.infraestruturameioambiente.sp.gov.br\/institutoflorestal\/institutoflorestal\/contato\/\">Contato<\/a><\/li>\n<\/ul>\n","protected":false},"excerpt":{"rendered":"<p>Quem Somos Administrativo Organograma Comunica\u00e7\u00e3o Filmagens e Fotografia Eventos Midiateca Acervo TCCA RBCV O Programa MaB O Cintur\u00e3o Verde Projetos e Atividades A Gest\u00e3o da RBCV \u00c1reas Protegidas Artigos de Refer\u00eancia Estat\u00edsticas Munic\u00edpios Fale com a Biosfera Como chegar Sifesp SAC Forma\u00e7\u00e3o RH Est\u00e1gios IC \u2013 PIBIC Cursos e Treinamentos Profissionais visitantes e associados Palestras [&hellip;]<\/p>\n","protected":false},"author":49,"featured_media":0,"parent":0,"menu_order":1,"comment_status":"closed","ping_status":"open","template":"","meta":[],"_links":{"self":[{"href":"https:\/\/www.infraestruturameioambiente.sp.gov.br\/institutoflorestal\/wp-json\/wp\/v2\/pages\/3427"}],"collection":[{"href":"https:\/\/www.infraestruturameioambiente.sp.gov.br\/institutoflorestal\/wp-json\/wp\/v2\/pages"}],"about":[{"href":"https:\/\/www.infraestruturameioambiente.sp.gov.br\/institutoflorestal\/wp-json\/wp\/v2\/types\/page"}],"author":[{"embeddable":true,"href":"https:\/\/www.infraestruturameioambiente.sp.gov.br\/institutoflorestal\/wp-json\/wp\/v2\/users\/49"}],"replies":[{"embeddable":true,"href":"https:\/\/www.infraestruturameioambiente.sp.gov.br\/institutoflorestal\/wp-json\/wp\/v2\/comments?post=3427"}],"version-history":[{"count":1,"href":"https:\/\/www.infraestruturameioambiente.sp.gov.br\/institutoflorestal\/wp-json\/wp\/v2\/pages\/3427\/revisions"}],"predecessor-version":[{"id":3428,"href":"https:\/\/www.infraestruturameioambiente.sp.gov.br\/institutoflorestal\/wp-json\/wp\/v2\/pages\/3427\/revisions\/3428"}],"wp:attachment":[{"href":"https:\/\/www.infraestruturameioambiente.sp.gov.br\/institutoflorestal\/wp-json\/wp\/v2\/media?parent=3427"}],"curies":[{"name":"wp","href":"https:\/\/api.w.org\/{rel}","templated":true}]}}