{"id":3310,"date":"2013-07-26T10:45:00","date_gmt":"2013-07-26T13:45:00","guid":{"rendered":"https:\/\/www.infraestruturameioambiente.sp.gov.br\/institutoflorestal\/?page_id=3310"},"modified":"2013-12-06T11:15:21","modified_gmt":"2013-12-06T13:15:21","slug":"projetos-socioambientais","status":"publish","type":"page","link":"https:\/\/www.infraestruturameioambiente.sp.gov.br\/institutoflorestal\/o-instituto\/projetos-socioambientais\/","title":{"rendered":"Projetos Socioambientais"},"content":{"rendered":"<p>O Instituto Florestal possui em algumas de suas \u00e1reas protegidas distribu\u00eddas pelo Estado de S\u00e3o Paulo, atividades voltadas ao desenvolvimento social da popula\u00e7\u00e3o. Veja ao lado as informa\u00e7\u00f5es e contatos de cada um dos Programas e Projetos Socioambientais em desenvolvimento.<\/p>\n<div class=\"wc-gallery\"><div id='gallery-1' data-gutter-width='5' data-columns='3' class='gallery wc-gallery-captions-onhover gallery-link-post gallery-masonry galleryid-3310 gallery-columns-3 gallery-size-thumbnail wc-gallery-bottomspace-default wc-gallery-clear'><div class='gallery-item gallery-item-position-1 gallery-item-attachment-5625'>\n\t\t\t\t<div class='gallery-icon landscape'>\n\t\t\t\t\t<a href='https:\/\/www.infraestruturameioambiente.sp.gov.br\/institutoflorestal\/o-instituto\/projetos-socioambientais\/projetoeducacaoambiental-jatai-visita-de-professores-a-eexpluizantonio\/' title='Visita de professores para interpreta\u00e7\u00e3o da \u00e1rea de pesquisa florestal no projeto Educa\u00e7\u00e3o Ambiental - Jata\u00ed' target='_self'><img width=\"150\" height=\"150\" src=\"https:\/\/www.infraestruturameioambiente.sp.gov.br\/institutoflorestal\/wp-content\/uploads\/sites\/234\/2013\/07\/ProjetoEducacaoAmbiental-Jatai-Visita-de-professores-\u00e0-EExpLuizAntonio-150x150.jpg\" class=\"attachment-thumbnail size-thumbnail\" alt=\"\" decoding=\"async\" loading=\"lazy\" \/><\/a>\n\t\t\t\t<\/div>\n\t\t\t\t\t<div class='wp-caption-text gallery-caption'>\n\t\t\t\t\t\t<p>\n\t\t\t\t\t\tVisita de professores para interpreta\u00e7\u00e3o da \u00e1rea de pesquisa florestal no projeto Educa\u00e7\u00e3o Ambiental &#8211; Jata\u00ed\n\t\t\t\t\t\t<\/p>\n\t\t\t\t\t<\/div><\/div><div class='gallery-item gallery-item-position-2 gallery-item-attachment-5624'>\n\t\t\t\t<div class='gallery-icon landscape'>\n\t\t\t\t\t<a href='https:\/\/www.infraestruturameioambiente.sp.gov.br\/institutoflorestal\/o-instituto\/projetos-socioambientais\/jovens-do-projeto-sara\/' title='Jovens do Projeto SARA no viveiro de mudas florestais na EEBento Quirino' target='_self'><img width=\"150\" height=\"150\" src=\"https:\/\/www.infraestruturameioambiente.sp.gov.br\/institutoflorestal\/wp-content\/uploads\/sites\/234\/2013\/07\/Jovens-do-Projeto-SARA-150x150.jpg\" class=\"attachment-thumbnail size-thumbnail\" alt=\"\" decoding=\"async\" loading=\"lazy\" \/><\/a>\n\t\t\t\t<\/div>\n\t\t\t\t\t<div class='wp-caption-text gallery-caption'>\n\t\t\t\t\t\t<p>\n\t\t\t\t\t\tJovens do Projeto SARA no viveiro de mudas florestais na EEBento Quirino\n\t\t\t\t\t\t<\/p>\n\t\t\t\t\t<\/div><\/div><div class='gallery-item gallery-item-position-3 gallery-item-attachment-5623'>\n\t\t\t\t<div class='gallery-icon landscape'>\n\t\t\t\t\t<a href='https:\/\/www.infraestruturameioambiente.sp.gov.br\/institutoflorestal\/o-instituto\/projetos-socioambientais\/projeto-flor-da-idade-flor-da-cidade\/' title='Jovens do Projeto Flor da Idade, Flor da Cidade no viveiro de mudas - produ\u00e7\u00e3o de crisantemos' target='_self'><img width=\"150\" height=\"150\" src=\"https:\/\/www.infraestruturameioambiente.sp.gov.br\/institutoflorestal\/wp-content\/uploads\/sites\/234\/2013\/07\/Projeto-Flor-da-Idade-Flor-da-Cidade-150x150.jpg\" class=\"attachment-thumbnail size-thumbnail\" alt=\"\" decoding=\"async\" loading=\"lazy\" \/><\/a>\n\t\t\t\t<\/div>\n\t\t\t\t\t<div class='wp-caption-text gallery-caption'>\n\t\t\t\t\t\t<p>\n\t\t\t\t\t\tJovens do Projeto Flor da Idade, Flor da Cidade no viveiro de mudas &#8211; produ\u00e7\u00e3o de crisantemos\n\t\t\t\t\t\t<\/p>\n\t\t\t\t\t<\/div><\/div><div class='gallery-item gallery-item-position-4 gallery-item-attachment-5622'>\n\t\t\t\t<div class='gallery-icon landscape'>\n\t\t\t\t\t<a href='https:\/\/www.infraestruturameioambiente.sp.gov.br\/institutoflorestal\/o-instituto\/projetos-socioambientais\/programa-de-jovens\/' title='Estudantes do Programa de Jovens realizam atividade de Recomposi\u00e7\u00e3o Florestal' target='_self'><img width=\"150\" height=\"150\" src=\"https:\/\/www.infraestruturameioambiente.sp.gov.br\/institutoflorestal\/wp-content\/uploads\/sites\/234\/2013\/07\/Programa-de-Jovens-150x150.jpg\" class=\"attachment-thumbnail size-thumbnail\" alt=\"\" decoding=\"async\" loading=\"lazy\" \/><\/a>\n\t\t\t\t<\/div>\n\t\t\t\t\t<div class='wp-caption-text gallery-caption'>\n\t\t\t\t\t\t<p>\n\t\t\t\t\t\tEstudantes do Programa de Jovens realizam atividade de Recomposi\u00e7\u00e3o Florestal\n\t\t\t\t\t\t<\/p>\n\t\t\t\t\t<\/div><\/div><div class='gallery-item gallery-item-position-5 gallery-item-attachment-5621'>\n\t\t\t\t<div class='gallery-icon landscape'>\n\t\t\t\t\t<a href='https:\/\/www.infraestruturameioambiente.sp.gov.br\/institutoflorestal\/o-instituto\/projetos-socioambientais\/projeto-valevida\/' title='Apresenta\u00e7\u00e3o teatral na terceira fase do Projeto ValeVida no Viveiro Florestal de Taubat\u00e9' target='_self'><img width=\"150\" height=\"150\" src=\"https:\/\/www.infraestruturameioambiente.sp.gov.br\/institutoflorestal\/wp-content\/uploads\/sites\/234\/2013\/07\/Projeto-ValeVida-150x150.jpg\" class=\"attachment-thumbnail size-thumbnail\" alt=\"\" decoding=\"async\" loading=\"lazy\" \/><\/a>\n\t\t\t\t<\/div>\n\t\t\t\t\t<div class='wp-caption-text gallery-caption'>\n\t\t\t\t\t\t<p>\n\t\t\t\t\t\tApresenta\u00e7\u00e3o teatral na terceira fase do Projeto ValeVida no Viveiro Florestal de Taubat\u00e9\n\t\t\t\t\t\t<\/p>\n\t\t\t\t\t<\/div><\/div><\/div>\n<\/div>\n","protected":false},"excerpt":{"rendered":"<p>O Instituto Florestal possui em algumas de suas \u00e1reas protegidas distribu\u00eddas pelo Estado de S\u00e3o Paulo, atividades voltadas ao desenvolvimento social da popula\u00e7\u00e3o. Veja ao lado as informa\u00e7\u00f5es e contatos de cada um dos Programas e Projetos Socioambientais em desenvolvimento.<\/p>\n","protected":false},"author":49,"featured_media":0,"parent":3427,"menu_order":0,"comment_status":"closed","ping_status":"closed","template":"","meta":[],"_links":{"self":[{"href":"https:\/\/www.infraestruturameioambiente.sp.gov.br\/institutoflorestal\/wp-json\/wp\/v2\/pages\/3310"}],"collection":[{"href":"https:\/\/www.infraestruturameioambiente.sp.gov.br\/institutoflorestal\/wp-json\/wp\/v2\/pages"}],"about":[{"href":"https:\/\/www.infraestruturameioambiente.sp.gov.br\/institutoflorestal\/wp-json\/wp\/v2\/types\/page"}],"author":[{"embeddable":true,"href":"https:\/\/www.infraestruturameioambiente.sp.gov.br\/institutoflorestal\/wp-json\/wp\/v2\/users\/49"}],"replies":[{"embeddable":true,"href":"https:\/\/www.infraestruturameioambiente.sp.gov.br\/institutoflorestal\/wp-json\/wp\/v2\/comments?post=3310"}],"version-history":[{"count":17,"href":"https:\/\/www.infraestruturameioambiente.sp.gov.br\/institutoflorestal\/wp-json\/wp\/v2\/pages\/3310\/revisions"}],"predecessor-version":[{"id":5656,"href":"https:\/\/www.infraestruturameioambiente.sp.gov.br\/institutoflorestal\/wp-json\/wp\/v2\/pages\/3310\/revisions\/5656"}],"up":[{"embeddable":true,"href":"https:\/\/www.infraestruturameioambiente.sp.gov.br\/institutoflorestal\/wp-json\/wp\/v2\/pages\/3427"}],"wp:attachment":[{"href":"https:\/\/www.infraestruturameioambiente.sp.gov.br\/institutoflorestal\/wp-json\/wp\/v2\/media?parent=3310"}],"curies":[{"name":"wp","href":"https:\/\/api.w.org\/{rel}","templated":true}]}}